{"id":940,"date":"2016-05-09T10:22:29","date_gmt":"2016-05-09T13:22:29","guid":{"rendered":"https:\/\/wp.ufpel.edu.br\/ib\/?page_id=940"},"modified":"2025-10-10T11:53:49","modified_gmt":"2025-10-10T14:53:49","slug":"lista-de-telefones","status":"publish","type":"page","link":"https:\/\/wp.ufpel.edu.br\/ib\/lista-de-telefones\/","title":{"rendered":"Lista de telefones"},"content":{"rendered":"<p>Lista em revis\u00e3o, em breve ser\u00e1 apresentada a lista com novos dados e altera\u00e7\u00f5es de n\u00fameros.<\/p>\n","protected":false},"excerpt":{"rendered":"<p>Lista em revis\u00e3o, em breve ser\u00e1 apresentada a lista com novos dados e altera\u00e7\u00f5es de n\u00fameros.<\/p>\n","protected":false},"author":488,"featured_media":0,"parent":0,"menu_order":0,"comment_status":"closed","ping_status":"closed","template":"","meta":{"jetpack_post_was_ever_published":false,"footnotes":""},"class_list":["post-940","page","type-page","status-publish","hentry"],"jetpack_sharing_enabled":true,"jetpack_shortlink":"https:\/\/wp.me\/P6S2gY-fa","_links":{"self":[{"href":"https:\/\/wp.ufpel.edu.br\/ib\/wp-json\/wp\/v2\/pages\/940","targetHints":{"allow":["GET"]}}],"collection":[{"href":"https:\/\/wp.ufpel.edu.br\/ib\/wp-json\/wp\/v2\/pages"}],"about":[{"href":"https:\/\/wp.ufpel.edu.br\/ib\/wp-json\/wp\/v2\/types\/page"}],"author":[{"embeddable":true,"href":"https:\/\/wp.ufpel.edu.br\/ib\/wp-json\/wp\/v2\/users\/488"}],"replies":[{"embeddable":true,"href":"https:\/\/wp.ufpel.edu.br\/ib\/wp-json\/wp\/v2\/comments?post=940"}],"version-history":[{"count":3,"href":"https:\/\/wp.ufpel.edu.br\/ib\/wp-json\/wp\/v2\/pages\/940\/revisions"}],"predecessor-version":[{"id":1646,"href":"https:\/\/wp.ufpel.edu.br\/ib\/wp-json\/wp\/v2\/pages\/940\/revisions\/1646"}],"wp:attachment":[{"href":"https:\/\/wp.ufpel.edu.br\/ib\/wp-json\/wp\/v2\/media?parent=940"}],"curies":[{"name":"wp","href":"https:\/\/api.w.org\/{rel}","templated":true}]}}