{"id":83,"date":"2015-05-20T23:44:22","date_gmt":"2015-05-21T02:44:22","guid":{"rendered":"https:\/\/wp.ufpel.edu.br\/ib\/?page_id=83"},"modified":"2023-10-20T11:18:37","modified_gmt":"2023-10-20T14:18:37","slug":"nurfs","status":"publish","type":"page","link":"https:\/\/wp.ufpel.edu.br\/ib\/nurfs\/","title":{"rendered":"N\u00facleo de Reabilita\u00e7\u00e3o da Fauna Silvestre"},"content":{"rendered":"<p>Regimento &#8211;<\/p>\n<p><a href=\"https:\/\/drive.google.com\/file\/d\/1x3DJ9huUuq7GEQk5-OUWxPJZT_EJyjzC\/view?usp=sharing\" target=\"_blank\" rel=\"noopener\">Plano de destina\u00e7\u00e3o de res\u00edduos<\/a> &#8211;<\/p>\n","protected":false},"excerpt":{"rendered":"<p>Regimento &#8211; Plano de destina\u00e7\u00e3o de res\u00edduos &#8211;<\/p>\n","protected":false},"author":488,"featured_media":0,"parent":0,"menu_order":0,"comment_status":"closed","ping_status":"closed","template":"","meta":{"jetpack_post_was_ever_published":false,"footnotes":""},"class_list":["post-83","page","type-page","status-publish","hentry"],"jetpack_sharing_enabled":true,"jetpack_shortlink":"https:\/\/wp.me\/P6S2gY-1l","_links":{"self":[{"href":"https:\/\/wp.ufpel.edu.br\/ib\/wp-json\/wp\/v2\/pages\/83","targetHints":{"allow":["GET"]}}],"collection":[{"href":"https:\/\/wp.ufpel.edu.br\/ib\/wp-json\/wp\/v2\/pages"}],"about":[{"href":"https:\/\/wp.ufpel.edu.br\/ib\/wp-json\/wp\/v2\/types\/page"}],"author":[{"embeddable":true,"href":"https:\/\/wp.ufpel.edu.br\/ib\/wp-json\/wp\/v2\/users\/488"}],"replies":[{"embeddable":true,"href":"https:\/\/wp.ufpel.edu.br\/ib\/wp-json\/wp\/v2\/comments?post=83"}],"version-history":[{"count":3,"href":"https:\/\/wp.ufpel.edu.br\/ib\/wp-json\/wp\/v2\/pages\/83\/revisions"}],"predecessor-version":[{"id":4735,"href":"https:\/\/wp.ufpel.edu.br\/ib\/wp-json\/wp\/v2\/pages\/83\/revisions\/4735"}],"wp:attachment":[{"href":"https:\/\/wp.ufpel.edu.br\/ib\/wp-json\/wp\/v2\/media?parent=83"}],"curies":[{"name":"wp","href":"https:\/\/api.w.org\/{rel}","templated":true}]}}