{"id":80,"date":"2015-05-20T23:43:37","date_gmt":"2015-05-21T02:43:37","guid":{"rendered":"https:\/\/wp.ufpel.edu.br\/ib\/?page_id=80"},"modified":"2026-04-02T15:52:34","modified_gmt":"2026-04-02T18:52:34","slug":"herbario-pel","status":"publish","type":"page","link":"https:\/\/wp.ufpel.edu.br\/ib\/herbario-pel\/","title":{"rendered":"Herb\u00e1rio PEL"},"content":{"rendered":"<p style=\"text-align: justify;\">\u00a0\u00a0\u00a0\u00a0\u00a0\u00a0\u00a0\u00a0\u00a0\u00a0\u00a0 O Herb\u00e1rio da Universidade Federal de Pelotas (UFPel), atualmente com acr\u00f4nimo PEL, foi criado em 1946 pelo <a href=\"https:\/\/drive.google.com\/open?id=1f-upI1lAYCrJSZv1IA49df1VXOLJkHaO\">bot\u00e2nico Irm\u00e3o Teodoro Luis<\/a>, o qual iniciou uma cole\u00e7\u00e3o de plantas junto \u00e0 <a href=\"https:\/\/drive.google.com\/open?id=17rC_hyoDCTEyYxqHLrEgwGTqz1dN30Mg\">Se\u00e7\u00e3o de Bot\u00e2nica do antigo Instituto Agron\u00f4mico do Sul (IAS)<\/a>. As primeiras exsicatas incorporadas foram de coletas realizadas no <a href=\"https:\/\/drive.google.com\/open?id=18tN4B1gJKZ6OVTIVw2CKUqN5ALJogCsw\">Horto Bot\u00e2nico e arredores<\/a>. Como <a href=\"http:\/\/sweetgum.nybg.org\/science\/ih\/herbarium-details\/?irn=124911\">diretor do Instituto<\/a> <a href=\"https:\/\/books.google.com.br\/books\/about\/Contribui%C3%A7o%CC%93es_do_Instituto_Geobiol%C3%B3g.html?id=r9PMpwAACAAJ&amp;redir_esc=y\">Geobiol\u00f3gico La Salle<\/a>, o Ir. Teodoro Luis contribuiu com numerosas amostras de <em>Baccharis<\/em> (Asteraceae) e de outras fam\u00edlias bot\u00e2nicas. A partir de 1954, a atua\u00e7\u00e3o do <a href=\"https:\/\/drive.google.com\/open?id=1ojT6onvrFnYz08oxuRXYnZN13BpT_rex\">Eng. Agr. Dr. Jos\u00e9<\/a> <a href=\"https:\/\/drive.google.com\/open?id=16v-v7XaIDPr4vLOC9zpjq8VdP_RfID_t\">da Costa<\/a> <a href=\"https:\/\/drive.google.com\/open?id=1reBThQkyMe5qZW8my01C4iAhzP3p-5FS\">Sacco<\/a> \u00e0 frente do Herb\u00e1rio PEL, com numerosas coletas na regi\u00e3o e com in\u00edcio de um intenso programa de permutas, proporcionou um grande incremento \u00e0 cole\u00e7\u00e3o, ficando essa sempre vinculada a \u00f3rg\u00e3os de pesquisa do Minist\u00e9rio da Agricultura (IAS, IPEAS e EMBRAPA). Em 1975, o Herb\u00e1rio atrav\u00e9s de um conv\u00eanio, passou da Empresa Brasileira de Pesquisas Agropecu\u00e1rias (EMBRAPA) \u00e0 Universidade Federal de Pelotas, permanecendo desde ent\u00e3o sob a responsabilidade do <a href=\"https:\/\/institucional.ufpel.edu.br\/unidades\/id\/366\">Departamento de Bot\u00e2nica<\/a>, <a href=\"https:\/\/wp.ufpel.edu.br\/ib\/\">Instituto de Biologia<\/a>.<\/p>\n<p>\u00a0\u00a0\u00a0\u00a0\u00a0\u00a0\u00a0\u00a0\u00a0\u00a0\u00a0 O Herb\u00e1rio PEL encontra-se cadastrado no <em>Index Herbariorum<\/em>, participa da Rede de Brasileira de Herb\u00e1rios, da Rede de Herb\u00e1rios do Rio Grande do Sul e da Rede de Museus da UFPel. Al\u00e9m disso, a partir de 2015 come\u00e7ou a fazer parte do Programa REFLORA &#8211; Plantas do Brasil: Resgate Hist\u00f3rico e Herb\u00e1rio Virtual para o Conhecimento e Conserva\u00e7\u00e3o da Flora Brasileira, nesta plataforma parte do acervo do Herb\u00e1rio PEL encontra-se dispon\u00edvel (<a href=\"http:\/\/floradobrasil.jbrj.gov.br\/reflora\/herbarioVirtual\/ConsultaPublicoHVUC\/ConsultaPublicoHVUC.do\">clique aqui para acessar<\/a>) e desde 2021, faz parte da plataforma online <a href=\"https:\/\/specieslink.net\/\" target=\"_blank\" rel=\"noopener\">INCT\/HVFF<\/a> (https:\/\/specieslink.net\/), que re\u00fane e disponibiliza dados sobre cole\u00e7\u00f5es biol\u00f3gicas de diversas institui\u00e7\u00f5es de ensino e pesquisa do Brasil e do exterior.<\/p>\n<p style=\"text-align: justify;\">\u00a0 \u00a0 \u00a0 \u00a0 \u00a0 \u00a0 \u00a0 A miss\u00e3o do Herb\u00e1rio PEL \u00e9 a de manter amostras de plantas e fungos, conservadas adequadamente atrav\u00e9s de t\u00e9cnicas apropriadas, configurando uma Cole\u00e7\u00e3o Biol\u00f3gica Permanente em constante expans\u00e3o, estando tamb\u00e9m dispon\u00edvel para consulta pela comunidade cient\u00edfica e demais interessados, viabilizando o exerc\u00edcio das atividades de ensino, pesquisa e extens\u00e3o. Atualmente, o acervo\u00a0conta com mais de 28.000 amostras tombadas de Fungos, Algas, Bri\u00f3fitas, Pterid\u00f3fitas, Gimnospermas e Angiospermas.<\/p>\n<p>Contato:<\/p>\n<p>Herb\u00e1rio PEL<\/p>\n<p>Pr\u00e9dio 22, Departamento de Bot\u00e2nica, Instituto de Biologia<\/p>\n<p>Campus Cap\u00e3o do Le\u00e3o\/UFPel<\/p>\n<p>Caixa Postal 354, Pelotas\/RS<\/p>\n<p>CEP: 96010-900<\/p>\n<p>e-mail: herbario@ufpel.edu.br<\/p>\n<p>Telefone: (53) 981215855<\/p>\n<p>&nbsp;<\/p>\n<p><a href=\"http:\/\/lattes.cnpq.br\/6114634968495543\" target=\"_blank\" rel=\"noopener\">Prof. Dra. Caroline Scherer<\/a><\/p>\n<p>Curadoria<\/p>\n<p>&nbsp;<\/p>\n<p>Bi\u00f3loga <a href=\"http:\/\/lattes.cnpq.br\/2514992683497678\" target=\"_blank\" rel=\"noopener\">Patr\u00edcia de Oliveira Neves<\/a><\/p>\n<p>Corpo T\u00e9cnico<\/p>\n<p>&nbsp;<\/p>\n<p><span style=\"font-size: 10pt;\">Imagens <a href=\"http:\/\/www.jornalja.com.br\/patrimonio\/jardim-botanico-ja-perdeu-mais-da-metade-da-area-original\/\">Irm\u00e3o Teodoro Luis<\/a>, <a href=\"https:\/\/www.researchgate.net\/figure\/Figura-1-Imagem-de-satelite-do-Horto-Botanico-Irmao-Teodoro-Luis-Fonte-GOOGLE-EARTH_fig1_281348245\">Horto Bot\u00e2nico e arredores\u00a0<\/a> <a href=\"https:\/\/drive.google.com\/file\/d\/16v-v7XaIDPr4vLOC9zpjq8VdP_RfID_t\/view\">noticia jornal<\/a>.<\/span><\/p>\n<p><a href=\"https:\/\/docs.ufpel.edu.br\/index.php\/s\/iCVfp61Gv4DrnkW\" target=\"_blank\" rel=\"noopener\">Rewgimento atual Herbario `Pel<\/a> (A partir de 30\/03\/2026)<\/p>\n<p><a href=\"https:\/\/drive.google.com\/file\/d\/1qVFXml72uTqu1-HPcmmzQk2xj8nSeXrC\/view?usp=sharing\" target=\"_blank\" rel=\"noopener\">Regimento at\u00e9 29\/03\/2026<\/a> &#8211;<\/p>\n<p><a href=\"https:\/\/drive.google.com\/file\/d\/19Rkjxo-eY611UHB6re5O4OUUb6XgZZ-w\/view?usp=sharing\" target=\"_blank\" rel=\"noopener\">Plano de gerenciamento de res\u00edduos<\/a> &#8211;<\/p>\n<p>&nbsp;<\/p>\n","protected":false},"excerpt":{"rendered":"<p>\u00a0\u00a0\u00a0\u00a0\u00a0\u00a0\u00a0\u00a0\u00a0\u00a0\u00a0 O Herb\u00e1rio da Universidade Federal de Pelotas (UFPel), atualmente com acr\u00f4nimo PEL, foi criado em 1946 pelo bot\u00e2nico Irm\u00e3o Teodoro Luis, o qual iniciou uma cole\u00e7\u00e3o de plantas junto \u00e0 Se\u00e7\u00e3o de Bot\u00e2nica do antigo Instituto Agron\u00f4mico do Sul (IAS). As primeiras exsicatas incorporadas foram de coletas realizadas no Horto Bot\u00e2nico e arredores. Como [&hellip;]<\/p>\n","protected":false},"author":488,"featured_media":0,"parent":0,"menu_order":0,"comment_status":"closed","ping_status":"closed","template":"","meta":{"jetpack_post_was_ever_published":false,"footnotes":""},"class_list":["post-80","page","type-page","status-publish","hentry"],"jetpack_sharing_enabled":true,"jetpack_shortlink":"https:\/\/wp.me\/P6S2gY-1i","_links":{"self":[{"href":"https:\/\/wp.ufpel.edu.br\/ib\/wp-json\/wp\/v2\/pages\/80","targetHints":{"allow":["GET"]}}],"collection":[{"href":"https:\/\/wp.ufpel.edu.br\/ib\/wp-json\/wp\/v2\/pages"}],"about":[{"href":"https:\/\/wp.ufpel.edu.br\/ib\/wp-json\/wp\/v2\/types\/page"}],"author":[{"embeddable":true,"href":"https:\/\/wp.ufpel.edu.br\/ib\/wp-json\/wp\/v2\/users\/488"}],"replies":[{"embeddable":true,"href":"https:\/\/wp.ufpel.edu.br\/ib\/wp-json\/wp\/v2\/comments?post=80"}],"version-history":[{"count":4,"href":"https:\/\/wp.ufpel.edu.br\/ib\/wp-json\/wp\/v2\/pages\/80\/revisions"}],"predecessor-version":[{"id":6057,"href":"https:\/\/wp.ufpel.edu.br\/ib\/wp-json\/wp\/v2\/pages\/80\/revisions\/6057"}],"wp:attachment":[{"href":"https:\/\/wp.ufpel.edu.br\/ib\/wp-json\/wp\/v2\/media?parent=80"}],"curies":[{"name":"wp","href":"https:\/\/api.w.org\/{rel}","templated":true}]}}