{"id":753,"date":"2020-02-04T20:56:00","date_gmt":"2020-02-04T23:56:00","guid":{"rendered":"https:\/\/wp.ufpel.edu.br\/ib\/?page_id=753"},"modified":"2025-10-09T19:30:47","modified_gmt":"2025-10-09T22:30:47","slug":"localizacao","status":"publish","type":"page","link":"https:\/\/wp.ufpel.edu.br\/ib\/localizacao\/","title":{"rendered":"Localiza\u00e7\u00e3o"},"content":{"rendered":"<p>O Instituto de Biologia localiza-se nos pr\u00e9dios 14, 17, 18, 20, 21, 22, 23, 24, 25 e 26, Travessa Andre Dreyfuss, s\/n,\u00a0<em>Campus <\/em>Universit\u00e1rio do Cap\u00e3o do Le\u00e3o (munic\u00edpio do Cap\u00e3o do Le\u00e3o, RS) e a secretaria do Departamento de Morfologia no <em>Campus<\/em> da Faculdade de Medicina (Av. Duque de Caxias, 250, Fragata, Pelotas, RS).<\/p>\n<p><span style=\"background-color: #ffff00;\"><a style=\"background-color: #ffff00;\" href=\"https:\/\/drive.google.com\/file\/d\/1ApwYkPkuWpLtS6jPwMA-hltLPoZnt7r_\/view\" target=\"_blank\" rel=\"noopener\">Vis\u00e3o a\u00e9rea do Instituto de Biologia e do Horto Bot\u00e2nico no Campus do Cap\u00e3o do Le\u00e3o\/RS<\/a><\/span> (Cr\u00e9ditos:\u00a0 Prof. Dr. <a href=\"http:\/\/lattes.cnpq.br\/8773478118683609\">Sebastian Felipe Sendoya Echeverry<\/a>)<\/p>\n<p>&nbsp;<\/p>\n<p>Instituto de Biologia &#8211;\u00a0<em>Campus\u00a0<\/em>Cap\u00e3o do Le\u00e3o<\/p>\n<div class=\"googlemaps\">\n\t\t\t\t<iframe width=\"640\" height=\"480\" frameborder=\"0\" scrolling=\"no\" marginheight=\"0\" marginwidth=\"0\"  src=\"https:\/\/www.google.com\/maps\/d\/u\/1\/embed?mid=zZGvvjrXUbTE.kJQuDFEykGbU\"><\/iframe>\n\t\t\t<\/div>\n<p>Departamento de Morfologia &#8211;\u00a0<em>Campus\u00a0<\/em>da Faculdade de Medicina<\/p>\n<div class=\"googlemaps\">\n\t\t\t\t<iframe width=\"640\" height=\"480\" frameborder=\"0\" scrolling=\"no\" marginheight=\"0\" marginwidth=\"0\"  src=\"https:\/\/www.google.com\/maps\/d\/u\/1\/embed?mid=zZGvvjrXUbTE.kuf9u0FrRZik\"><\/iframe>\n\t\t\t<\/div>\n<p>&nbsp;<\/p>\n<p>Mapas do Campus Universit\u00e1rio do Cap\u00e3o do Le\u00e3o &#8211;<\/p>\n<p>Pr\u00e9dios do <a href=\"https:\/\/docs.ufpel.edu.br\/index.php\/s\/DD5DWlfRuSPyeVO\" target=\"_blank\" rel=\"noopener\">Complexo Universit\u00e1rio Campus Cap\u00e3o do Le\u00e3o<\/a><\/p>\n<p>Planta de Situa\u00e7\u00e3o <a href=\"https:\/\/docs.ufpel.edu.br\/index.php\/s\/BCFmRSUzTCja9MJ\" target=\"_blank\" rel=\"noopener\">Cap\u00e3o do Le\u00e3o Zoom<\/a><\/p>\n","protected":false},"excerpt":{"rendered":"<p>O Instituto de Biologia localiza-se nos pr\u00e9dios 14, 17, 18, 20, 21, 22, 23, 24, 25 e 26, Travessa Andre Dreyfuss, s\/n,\u00a0Campus Universit\u00e1rio do Cap\u00e3o do Le\u00e3o (munic\u00edpio do Cap\u00e3o do Le\u00e3o, RS) e a secretaria do Departamento de Morfologia no Campus da Faculdade de Medicina (Av. Duque de Caxias, 250, Fragata, Pelotas, RS). Vis\u00e3o [&hellip;]<\/p>\n","protected":false},"author":488,"featured_media":0,"parent":0,"menu_order":0,"comment_status":"closed","ping_status":"closed","template":"","meta":{"jetpack_post_was_ever_published":false,"footnotes":""},"class_list":["post-753","page","type-page","status-publish","hentry"],"jetpack_sharing_enabled":true,"jetpack_shortlink":"https:\/\/wp.me\/P6S2gY-c9","_links":{"self":[{"href":"https:\/\/wp.ufpel.edu.br\/ib\/wp-json\/wp\/v2\/pages\/753","targetHints":{"allow":["GET"]}}],"collection":[{"href":"https:\/\/wp.ufpel.edu.br\/ib\/wp-json\/wp\/v2\/pages"}],"about":[{"href":"https:\/\/wp.ufpel.edu.br\/ib\/wp-json\/wp\/v2\/types\/page"}],"author":[{"embeddable":true,"href":"https:\/\/wp.ufpel.edu.br\/ib\/wp-json\/wp\/v2\/users\/488"}],"replies":[{"embeddable":true,"href":"https:\/\/wp.ufpel.edu.br\/ib\/wp-json\/wp\/v2\/comments?post=753"}],"version-history":[{"count":4,"href":"https:\/\/wp.ufpel.edu.br\/ib\/wp-json\/wp\/v2\/pages\/753\/revisions"}],"predecessor-version":[{"id":5821,"href":"https:\/\/wp.ufpel.edu.br\/ib\/wp-json\/wp\/v2\/pages\/753\/revisions\/5821"}],"wp:attachment":[{"href":"https:\/\/wp.ufpel.edu.br\/ib\/wp-json\/wp\/v2\/media?parent=753"}],"curies":[{"name":"wp","href":"https:\/\/api.w.org\/{rel}","templated":true}]}}