{"id":71,"date":"2015-05-20T23:40:32","date_gmt":"2015-05-21T02:40:32","guid":{"rendered":"https:\/\/wp.ufpel.edu.br\/ib\/?page_id=71"},"modified":"2025-09-30T19:50:51","modified_gmt":"2025-09-30T22:50:51","slug":"orgaos-suplementares","status":"publish","type":"page","link":"https:\/\/wp.ufpel.edu.br\/ib\/orgaos-suplementares\/","title":{"rendered":"N\u00facleo de Ilustra\u00e7\u00e3o Cient\u00edfica &#8211; NIC"},"content":{"rendered":"<p>O N\u00facleo de Ilustra\u00e7\u00e3o Cient\u00edfica\u00a0<a class=\"customize-unpreviewable\" href=\"https:\/\/wp.ufpel.edu.br\/igancilab\/ilustracao\/\" target=\"_blank\" rel=\"noopener\">(NIC)\u00a0<\/a>\u00e9 um \u00f3rg\u00e3o suplementar do Instituto de Biologia da Universidade Federal de Pelotas e foi estabelecido em 2022 sob coordena\u00e7\u00e3o do Prof. Jo\u00e3o Iganci.<\/p>\n<p><a href=\"https:\/\/wp.ufpel.edu.br\/ib\/files\/2025\/06\/NIC_2023-1.png\"><img class=\"alignnone size-full wp-image-5608\" src=\"https:\/\/wp.ufpel.edu.br\/ib\/files\/2025\/06\/NIC_2023-1.png\" alt=\"\" width=\"21618\" height=\"7433\" \/><\/a><\/p>\n<p><a class=\"customize-unpreviewable\" href=\"https:\/\/www.instagram.com\/p\/DAlXSbkROE7\/\" target=\"_blank\" rel=\"noopener\">Instagram<\/a><\/p>\n","protected":false},"excerpt":{"rendered":"<p>O N\u00facleo de Ilustra\u00e7\u00e3o Cient\u00edfica\u00a0(NIC)\u00a0\u00e9 um \u00f3rg\u00e3o suplementar do Instituto de Biologia da Universidade Federal de Pelotas e foi estabelecido em 2022 sob coordena\u00e7\u00e3o do Prof. Jo\u00e3o Iganci. Instagram<\/p>\n","protected":false},"author":488,"featured_media":0,"parent":0,"menu_order":0,"comment_status":"closed","ping_status":"closed","template":"","meta":{"jetpack_post_was_ever_published":false,"footnotes":""},"class_list":["post-71","page","type-page","status-publish","hentry"],"jetpack_sharing_enabled":true,"jetpack_shortlink":"https:\/\/wp.me\/P6S2gY-19","_links":{"self":[{"href":"https:\/\/wp.ufpel.edu.br\/ib\/wp-json\/wp\/v2\/pages\/71","targetHints":{"allow":["GET"]}}],"collection":[{"href":"https:\/\/wp.ufpel.edu.br\/ib\/wp-json\/wp\/v2\/pages"}],"about":[{"href":"https:\/\/wp.ufpel.edu.br\/ib\/wp-json\/wp\/v2\/types\/page"}],"author":[{"embeddable":true,"href":"https:\/\/wp.ufpel.edu.br\/ib\/wp-json\/wp\/v2\/users\/488"}],"replies":[{"embeddable":true,"href":"https:\/\/wp.ufpel.edu.br\/ib\/wp-json\/wp\/v2\/comments?post=71"}],"version-history":[{"count":3,"href":"https:\/\/wp.ufpel.edu.br\/ib\/wp-json\/wp\/v2\/pages\/71\/revisions"}],"predecessor-version":[{"id":5776,"href":"https:\/\/wp.ufpel.edu.br\/ib\/wp-json\/wp\/v2\/pages\/71\/revisions\/5776"}],"wp:attachment":[{"href":"https:\/\/wp.ufpel.edu.br\/ib\/wp-json\/wp\/v2\/media?parent=71"}],"curies":[{"name":"wp","href":"https:\/\/api.w.org\/{rel}","templated":true}]}}