{"id":60,"date":"2015-05-20T22:53:14","date_gmt":"2015-05-21T01:53:14","guid":{"rendered":"https:\/\/wp.ufpel.edu.br\/ib\/?page_id=60"},"modified":"2024-08-16T08:53:49","modified_gmt":"2024-08-16T11:53:49","slug":"dff","status":"publish","type":"page","link":"https:\/\/wp.ufpel.edu.br\/ib\/dff\/","title":{"rendered":"Departamento de Fisiologia e Farmacologia"},"content":{"rendered":"<p><strong>Localiza\u00e7\u00e3o: <\/strong>Travessa Andr\u00e9 <a href=\"https:\/\/pt.wikipedia.org\/wiki\/Andr%C3%A9_Dreyfus\">Dreyfus,<\/a> s\/n, Pr\u00e9dios 17 e 26, Campus Cap\u00e3o do Le\u00e3o &#8211; CEP 96010-900<\/p>\n<p><strong>Telefone:<\/strong>\u00a0+55 53 3275-7337<\/p>\n<p>&nbsp;<\/p>\n<p><strong>Docentes<\/strong><\/p>\n<p><a href=\"http:\/\/lattes.cnpq.br\/6664895882670809\" target=\"_blank\" rel=\"noopener noreferrer\">Adriana Louren\u00e7o da Silva<\/a><\/p>\n<p><a href=\"http:\/\/lattes.cnpq.br\/8930869990070732\" target=\"_blank\" rel=\"noopener noreferrer\">Bruna Ferrary Deniz<\/a> (Nomea\u00e7\u00e3o <a href=\"https:\/\/sei.ufpel.edu.br\/sei\/publicacoes\/controlador_publicacoes.php?acao=publicacao_visualizar&amp;id_documento=1702891&amp;id_orgao_publicacao=0\" target=\"_blank\" rel=\"noopener\">PORTARIA N\u00ba 1854<\/a>, DE 18 DE NOVEMBRO DE 2021; foi Prof. Substituta in\u00edcio 10\/05\/2021 a 28\/11\/2021)<\/p>\n<p><a href=\"http:\/\/lattes.cnpq.br\/2350202227539370\" target=\"_blank\" rel=\"noopener\">Daniela Volcan Almeida <\/a> (Professora Visitante in\u00edcio 13\/04\/2023 a)<\/p>\n<p><a href=\"http:\/\/lattes.cnpq.br\/6174948621407173\" target=\"_blank\" rel=\"noopener noreferrer\">Denise Calisto Bongalhardo<\/a><\/p>\n<p><a href=\"http:\/\/lattes.cnpq.br\/7299721428462157\" target=\"_blank\" rel=\"noopener\">Fernanda Hernandes Figueira<\/a> (Nomea\u00e7\u00e3o <a href=\"https:\/\/sei.ufpel.edu.br\/sei\/publicacoes\/controlador_publicacoes.php?acao=publicacao_visualizar&amp;id_documento=1703407&amp;id_orgao_publicacao=0\" target=\"_blank\" rel=\"noopener\">PORTARIA N\u00ba 1867<\/a>, DE 19 DE NOVEMBRO DE 2021)<\/p>\n<p><a href=\"http:\/\/lattes.cnpq.br\/5744275540836576\" target=\"_blank\" rel=\"noopener noreferrer\">Fernanda Neutzling Kaufmann<\/a><strong> (Prof. Substituta in\u00edcio 12\/05\/2021 a 29\/11\/2021)<\/strong><\/p>\n<p><a href=\"http:\/\/lattes.cnpq.br\/6921427427201791\" target=\"_blank\" rel=\"noopener noreferrer\">Gilson de Mendon\u00e7a<\/a><\/p>\n<p><a href=\"http:\/\/lattes.cnpq.br\/3687230954390047\">Gustavo Dias Ferreira<\/a> <strong>(Relota\u00e7\u00e3o ESEF\u00a0 Fisioterapia 2020)<\/strong><\/p>\n<p><a href=\"http:\/\/lattes.cnpq.br\/3101788325400581\" target=\"_blank\" rel=\"noopener noreferrer\">Isabel Oliveira de Oliveira<\/a><\/p>\n<p><a href=\"http:\/\/lattes.cnpq.br\/0324276448445285\">Jucimara Baldissarelli<\/a><\/p>\n<p><a href=\"http:\/\/lattes.cnpq.br\/5587661282706340\" target=\"_blank\" rel=\"noopener\">Juliana da Silva Fonseca<\/a><strong> (Prof. Substituta in\u00edcio 13\/11\/2023 a 28\/04\/2024)<\/strong><\/p>\n<p><a href=\"http:\/\/lattes.cnpq.br\/449582976555362\">Lucimar Marques Pinto Brod<\/a> <strong>(Prof. Substituta\u00a0 in\u00edcio 06\/09\/2018 a\u00a0 20\/07\/2019)<\/strong><\/p>\n<p><a href=\"http:\/\/lattes.cnpq.br\/5964696465700353\" target=\"_blank\" rel=\"noopener noreferrer\">Mabel Mascarenhas Wiegand<\/a><\/p>\n<p><a href=\"http:\/\/lattes.cnpq.br\/0081918176278145\" target=\"_blank\" rel=\"noopener noreferrer\">Mariangela Heppe Lopes<\/a><\/p>\n<p><a href=\"http:\/\/lattes.cnpq.br\/5270811643798283\" target=\"_blank\" rel=\"noopener noreferrer\">Marysabel Pinto Telis Silveira<\/a><\/p>\n<p><a href=\"http:\/\/lattes.cnpq.br\/8609114695243671\" target=\"_blank\" rel=\"noopener noreferrer\">Ni\u00e9di Hax Franz Zauk<\/a><\/p>\n<p><a href=\"http:\/\/lattes.cnpq.br\/9567157549505039\" target=\"_blank\" rel=\"noopener noreferrer\">Paulo Cavalheiro Schenkel<\/a><\/p>\n<p><a href=\"http:\/\/lattes.cnpq.br\/8989627510282999\" target=\"_blank\" rel=\"noopener noreferrer\">Rafael Bueno Orcy<\/a><strong> (Relota\u00e7\u00e3o ESEF &#8211; Fisioterapia 2020)<\/strong><\/p>\n<p><a href=\"http:\/\/lattes.cnpq.br\/6359004654161204\" target=\"_blank\" rel=\"noopener noreferrer\">Ricardo Berteaux Robaldo<\/a><\/p>\n<p><a href=\"http:\/\/lattes.cnpq.br\/7794350763135305\" target=\"_blank\" rel=\"noopener noreferrer\">Silvia Maria Lannes de Campos da Costa<\/a> <strong>(Aposentadoria PORTARIA n\u00ba\u00a0 662, de 24\/03\/2020)<\/strong><\/p>\n<p>&nbsp;<\/p>\n<p><strong>T\u00e9cnicos Administrativos<\/strong><\/p>\n<p><a href=\"https:\/\/institucional.ufpel.edu.br\/servidores\/siape\/2547904\" target=\"_blank\" rel=\"noopener noreferrer\">Michele Pepe Cerqueira<\/a> (Chefe substituta do N\u00facleo Administrativo)<\/p>\n<p><a href=\"http:\/\/lattes.cnpq.br\/5711292054041106\">Diego Moreira de Souza<\/a><\/p>\n<p>&nbsp;<\/p>\n<p><strong>Chefe<\/strong><\/p>\n<p><a href=\"http:\/\/lattes.cnpq.br\/8930869990070732\" target=\"_blank\" rel=\"noopener noreferrer\">Bruna Ferrary Deniz<\/a> \u2013\u00a0 Portaria de Pessoal N\u00ba 2304\/UFPEL, de 04 de julho de 2024 <a id=\"anchor2973660\" href=\"https:\/\/sei.ufpel.edu.br\/sei\/controlador.php?acao=arvore_visualizar&amp;acao_origem=procedimento_visualizar&amp;id_procedimento=2960021&amp;id_documento=2973660&amp;infra_sistema=100000100&amp;infra_unidade_atual=110000218&amp;infra_hash=497a8253cccf92631ff079c7b31f089592ff1e52e162d333c54608878563511c\" target=\"ifrVisualizacao\" rel=\"noopener\"><span id=\"span2973660\" class=\"infraArvoreNoVisitado\" title=\"Portaria 2303 (2651286)\">(<\/span><\/a><a id=\"anchor2975036\" href=\"https:\/\/sei.ufpel.edu.br\/sei\/controlador.php?acao=arvore_visualizar&amp;acao_origem=procedimento_visualizar&amp;id_procedimento=2960021&amp;id_documento=2975036&amp;infra_sistema=100000100&amp;infra_unidade_atual=110000218&amp;infra_hash=25d7873d2a0b5cb0e4330b33dbd803c8e39a31f6b7c157d9c818f67066d93893\" target=\"ifrVisualizacao\" rel=\"noopener\"><span id=\"span2975036\" class=\"\" title=\"Portaria 2304 (2652537)\">2652537)<\/span><\/a>\u00a0 e <a id=\"anchor2973603\" href=\"https:\/\/sei.ufpel.edu.br\/sei\/controlador.php?acao=arvore_visualizar&amp;acao_origem=procedimento_visualizar&amp;id_procedimento=2960021&amp;id_documento=2973603&amp;infra_sistema=100000100&amp;infra_unidade_atual=110000218&amp;infra_hash=ff49027dc8858e6aeab8973b42b99bcb21f8f2e1b6b0fa989bc0052ada46ead1\" target=\"ifrVisualizacao\" rel=\"noopener\"><span id=\"span2973603\" class=\"infraArvoreNoSelecionado\" title=\"Portaria 2197 DOU (2651238)\">Portaria 2197 DOU (2651238)<\/span><\/a><\/p>\n<p><strong>Subchefe<\/strong><\/p>\n<p style=\"text-align: justify;\"><a href=\"http:\/\/lattes.cnpq.br\/0324276448445285\">Jucimara Baldissarelli<\/a> \u2013 Portaria de Pessoal N\u00ba 2303\/UFPEL, de 03 de julho de 2024 <a id=\"anchor2973660\" href=\"https:\/\/sei.ufpel.edu.br\/sei\/controlador.php?acao=arvore_visualizar&amp;acao_origem=procedimento_visualizar&amp;id_procedimento=2960021&amp;id_documento=2973660&amp;infra_sistema=100000100&amp;infra_unidade_atual=110000218&amp;infra_hash=497a8253cccf92631ff079c7b31f089592ff1e52e162d333c54608878563511c\" target=\"ifrVisualizacao\" rel=\"noopener\"><span id=\"span2973660\" class=\"infraArvoreNoVisitado\" title=\"Portaria 2303 (2651286)\">(2651286)<\/span><\/a><\/p>\n<p><strong>Chefe Substituto Eventual\u00a0<\/strong><\/p>\n<p style=\"text-align: justify;\"><a href=\"http:\/\/lattes.cnpq.br\/3101788325400581\" target=\"_blank\" rel=\"noopener noreferrer\">Isabel Oliveira de Oliveira<\/a> PORTARIA N\u00ba 1261, DE 30 DE JUNHO DE 2022<\/p>\n<p><strong>Secret\u00e1ria<\/strong><\/p>\n<p><a href=\"https:\/\/institucional.ufpel.edu.br\/servidores\/siape\/419178\" target=\"_blank\" rel=\"noopener noreferrer\">Carmen Figueredo Alves<\/a><\/p>\n","protected":false},"excerpt":{"rendered":"<p>Localiza\u00e7\u00e3o: Travessa Andr\u00e9 Dreyfus, s\/n, Pr\u00e9dios 17 e 26, Campus Cap\u00e3o do Le\u00e3o &#8211; CEP 96010-900 Telefone:\u00a0+55 53 3275-7337 &nbsp; Docentes Adriana Louren\u00e7o da Silva Bruna Ferrary Deniz (Nomea\u00e7\u00e3o PORTARIA N\u00ba 1854, DE 18 DE NOVEMBRO DE 2021; foi Prof. Substituta in\u00edcio 10\/05\/2021 a 28\/11\/2021) Daniela Volcan Almeida (Professora Visitante in\u00edcio 13\/04\/2023 a) Denise Calisto [&hellip;]<\/p>\n","protected":false},"author":488,"featured_media":0,"parent":0,"menu_order":0,"comment_status":"closed","ping_status":"closed","template":"","meta":{"jetpack_post_was_ever_published":false,"footnotes":""},"class_list":["post-60","page","type-page","status-publish","hentry"],"jetpack_sharing_enabled":true,"jetpack_shortlink":"https:\/\/wp.me\/P6S2gY-Y","_links":{"self":[{"href":"https:\/\/wp.ufpel.edu.br\/ib\/wp-json\/wp\/v2\/pages\/60","targetHints":{"allow":["GET"]}}],"collection":[{"href":"https:\/\/wp.ufpel.edu.br\/ib\/wp-json\/wp\/v2\/pages"}],"about":[{"href":"https:\/\/wp.ufpel.edu.br\/ib\/wp-json\/wp\/v2\/types\/page"}],"author":[{"embeddable":true,"href":"https:\/\/wp.ufpel.edu.br\/ib\/wp-json\/wp\/v2\/users\/488"}],"replies":[{"embeddable":true,"href":"https:\/\/wp.ufpel.edu.br\/ib\/wp-json\/wp\/v2\/comments?post=60"}],"version-history":[{"count":44,"href":"https:\/\/wp.ufpel.edu.br\/ib\/wp-json\/wp\/v2\/pages\/60\/revisions"}],"predecessor-version":[{"id":5267,"href":"https:\/\/wp.ufpel.edu.br\/ib\/wp-json\/wp\/v2\/pages\/60\/revisions\/5267"}],"wp:attachment":[{"href":"https:\/\/wp.ufpel.edu.br\/ib\/wp-json\/wp\/v2\/media?parent=60"}],"curies":[{"name":"wp","href":"https:\/\/api.w.org\/{rel}","templated":true}]}}