{"id":586,"date":"2016-01-19T10:30:20","date_gmt":"2016-01-19T12:30:20","guid":{"rendered":"https:\/\/wp.ufpel.edu.br\/ib\/?page_id=586"},"modified":"2026-01-05T17:46:06","modified_gmt":"2026-01-05T20:46:06","slug":"tecnicos-administrativos","status":"publish","type":"page","link":"https:\/\/wp.ufpel.edu.br\/ib\/tecnicos-administrativos\/","title":{"rendered":"T\u00e9cnicos Administrativos"},"content":{"rendered":"<p><span style=\"font-size: 14pt;\"><strong>Dire\u00e7\u00e3o do Instituto de Biologia<\/strong><\/span><\/p>\n<p><span style=\"font-size: 12pt;\"><a href=\"http:\/\/lattes.cnpq.br\/7595654994439371\" target=\"_blank\" rel=\"noopener noreferrer\">Josiane Nunes dos Santos<\/a><\/span><\/p>\n<p><span style=\"font-size: 12pt;\"><a href=\"https:\/\/institucional.ufpel.edu.br\/servidores\/siape\/421525\" target=\"_blank\" rel=\"noopener noreferrer\">Orema Gon\u00e7alves Pereira<\/a> <strong>(Aposentada PORTARIA N\u00ba 401, DE 26 DE FEVEREIRO DE 2019)<\/strong><\/span><\/p>\n<p><a href=\"http:\/\/lattes.cnpq.br\/6591450143675198\" target=\"_blank\" rel=\"noopener noreferrer\"><span style=\"font-size: 12pt;\">Rosane Schubert<\/span><\/a> (Chefe do N\u00facleo Administrativo)<\/p>\n<p>&nbsp;<\/p>\n<p><strong>N\u00facleo Administrativo do Instituto de Biologia (NADM-IB)<\/strong><\/p>\n<p><a href=\"https:\/\/institucional.ufpel.edu.br\/servidores\/siape\/419178\" target=\"_blank\" rel=\"noopener noreferrer\">Carmen Figueredo Alves<\/a><\/p>\n<p><a href=\"http:\/\/buscatextual.cnpq.br\/buscatextual\/visualizacv.do?metodo=apresentar&amp;id=K8690030H6\">Fabio da Silva Iriart\u00a0<\/a> (Chefe substituto do N\u00facleo Administrativo 2025, Portaria 1228, de 03 de abril de 2025, SEI 3013490)<\/p>\n<p><span style=\"font-size: 12pt;\"><a href=\"http:\/\/lattes.cnpq.br\/7595654994439371\" target=\"_blank\" rel=\"noopener noreferrer\">Josiane Nunes dos Santos<\/a><\/span><\/p>\n<p><a href=\"http:\/\/lattes.cnpq.br\/6774602245215692\" target=\"_blank\" rel=\"noopener\">Mauro Francisco Buss Filho<\/a><\/p>\n<p><a href=\"http:\/\/lattes.cnpq.br\/6591450143675198\" target=\"_blank\" rel=\"noopener noreferrer\"><span style=\"font-size: 12pt;\">Rosane Schubert<\/span><\/a> (Chefe do N\u00facleo Administrativo)<\/p>\n<p><a href=\"https:\/\/institucional.ufpel.edu.br\/servidores\/siape\/1293328\" target=\"_blank\" rel=\"noopener\">Sydney Dias Ferreira Junior\u00a0<\/a> &#8211; Colegiado de Curso de Ci\u00eancias Biol\u00f3gicas &#8211; Bacharelado e Licenciatura<\/p>\n<p><a href=\"http:\/\/lattes.cnpq.br\/4654515983518921\">Taiguer Henrique Silva Saraiva<\/a><\/p>\n<p>&nbsp;<\/p>\n<p><strong>Colegiado de Curso de Ci\u00eancias Biol\u00f3gicas &#8211; Bacharelado e Licenciatura<\/strong><\/p>\n<p><a href=\"https:\/\/institucional.ufpel.edu.br\/servidores\/siape\/1293328\" target=\"_blank\" rel=\"noopener\">Sydney Dias Ferreira Junior\u00a0<\/a> &#8211; Colegiado de Curso de Ci\u00eancias Biol\u00f3gicas &#8211; Bacharelado e Licenciatura (NADM\/IB)<\/p>\n<p><a href=\"https:\/\/institucional.ufpel.edu.br\/servidores\/siape\/3275994\" target=\"_blank\" rel=\"noopener\">Daniele de Medeiros Cunha<\/a> &#8211; <strong>(Relotada <a href=\"https:\/\/institucional.ufpel.edu.br\/unidades\/id\/11\">Centro de Integra\u00e7\u00e3o do Mercosul<\/a>\u00a0\/\u00a0<a href=\"https:\/\/institucional.ufpel.edu.br\/unidades\/id\/1069\">N\u00facleo Administrativo &#8211; CIM<\/a>)<\/strong><\/p>\n<p><a href=\"https:\/\/institucional.ufpel.edu.br\/servidores\/siape\/2998407\">Jean Fernando Silveira Pires<\/a>\u00a0 .- Colegiado de Curso de Ci\u00eancias Biol\u00f3gicas &#8211; Bacharelado e Licenciatura <strong>(Relotado na Faculdade de Enfermagem \/ Programa de P\u00f3s-Gradua\u00e7\u00e3o em Enfermagem )<\/strong><\/p>\n<p>&nbsp;<\/p>\n<p><span style=\"font-size: 14pt;\"><strong>Departamento de Bot\u00e2nica<\/strong><\/span><\/p>\n<p><a href=\"https:\/\/wp.ufpel.edu.br\/ib\/cristina-ferreira-larre\/\">Cristina Ferreira\u00a0Larre<\/a><\/p>\n<p><a href=\"http:\/\/buscatextual.cnpq.br\/buscatextual\/visualizacv.do?metodo=apresentar&amp;id=K8690030H6\">Fabio da Silva Iriart\u00a0<\/a> (Chefe substituto do N\u00facleo Administrativo 2025, Portaria 1228, de 03 de abril de 2025, SEI 3013490) (NADM\/IB)<\/p>\n<p><a href=\"http:\/\/lattes.cnpq.br\/6940279159667360\">Laura Borba Vilanova<\/a><\/p>\n<p><a href=\"https:\/\/institucional.ufpel.edu.br\/servidores\/siape\/421752\">Rudinei da Silva Teixeira<\/a><strong> (Relota\u00e7\u00e3o FAEM\/Palma)<\/strong><\/p>\n<p><a href=\"https:\/\/wp.ufpel.edu.br\/ib\/sergio-roberto-nolasco-da-luz\/\">S\u00e9rgio Roberto Nolasco da Luz<\/a> <strong>(Relota\u00e7\u00e3o FAEM\/Palma)<\/strong><\/p>\n<p><a href=\"https:\/\/wp.ufpel.edu.br\/ib\/thaize-debatin-wehrmeister\/\" target=\"_blank\" rel=\"noopener noreferrer\">Thaize Debatin Wehrmeister<\/a><a href=\"https:\/\/wp.ufpel.edu.br\/ib\/thaize-debatin-wehrmeister\/\"> \u00a0&#8211; <strong>(Relotada <\/strong><\/a><strong><a href=\"https:\/\/institucional.ufpel.edu.br\/unidades\/id\/302\">Faculdade de Medicina<\/a>\u00a0\/\u00a0<a href=\"https:\/\/institucional.ufpel.edu.br\/unidades\/id\/316\">Programa de P\u00f3s-Gradua\u00e7\u00e3o em Epidemiologia<\/a>)<\/strong><\/p>\n<p>&nbsp;<\/p>\n<p><span style=\"font-size: 14pt;\"><strong>Departamento de Ecologia, Zoologia e Gen\u00e9tica<\/strong><\/span><\/p>\n<p><a href=\"https:\/\/institucional.ufpel.edu.br\/servidores\/siape\/419864\" target=\"_blank\" rel=\"noopener noreferrer\">\u00c1lvaro Miguel Moreira Martins<\/a><\/p>\n<p><a href=\"http:\/\/lattes.cnpq.br\/0800690963056514\" target=\"_blank\" rel=\"noopener\">Felipe Dihel<\/a> <strong>(posse 16\/08\/2021, PORTARIA N\u00ba 1243, DE 22 DE JULHO DE 2021)<\/strong><\/p>\n<p><a href=\"http:\/\/lattes.cnpq.br\/4367503148550487\">Gabriel Raubach Dias<\/a> <strong>(Redistribui\u00e7\u00e3o FURG)<\/strong><\/p>\n<p><a href=\"http:\/\/lattes.cnpq.br\/3272913990369469\" target=\"_blank\" rel=\"noopener noreferrer\">Iara Valquide Gomes de Oliveira<\/a>\u00a0 &#8211;<strong> (Aposentada PORTARIA N\u00ba 385, DE 26 DE FEVEREIRO DE 2020)<\/strong><\/p>\n<p><a href=\"http:\/\/lattes.cnpq.br\/6143354399822481\">Renan Caldeira Furtado<\/a> \u2013 <strong>(Relota\u00e7\u00e3o IFSP)<\/strong><\/p>\n<p><a href=\"http:\/\/lattes.cnpq.br\/4654515983518921\">Taiguer Henrique Silva Saraiva<\/a> (NADM\/IB)<\/p>\n<p>&nbsp;<\/p>\n<p><span style=\"font-size: 14pt;\"><strong>Departamento de Fisiologia e Farmacologia<\/strong><\/span><\/p>\n<p><a href=\"https:\/\/institucional.ufpel.edu.br\/servidores\/siape\/419178\" target=\"_blank\" rel=\"noopener noreferrer\">Carmen Figueredo Alves<\/a> (NADM\/IB)<\/p>\n<p><a href=\"https:\/\/institucional.ufpel.edu.br\/servidores\/siape\/2547904\" target=\"_blank\" rel=\"noopener noreferrer\">Michele Pepe Cerqueira<\/a><\/p>\n<p><a href=\"http:\/\/lattes.cnpq.br\/5711292054041106\">Diego Moreira de Souza<\/a><\/p>\n<p>&nbsp;<\/p>\n<p><span style=\"font-size: 14pt;\"><strong>Departamento de Microbiologia e Parasitologia<\/strong><\/span><\/p>\n<p><a href=\"http:\/\/lattes.cnpq.br\/4924123114539521\" target=\"_blank\" rel=\"noopener\">Diamela Ribeiro Coelho<\/a> &#8211;\u00a0<a id=\"anchor3849035\" class=\"infraArvoreNo\" href=\"https:\/\/sei.ufpel.edu.br\/sei\/controlador.php?acao=arvore_visualizar&amp;acao_origem=procedimento_visualizar&amp;id_procedimento=3800231&amp;id_documento=3849035&amp;infra_sistema=100000100&amp;infra_unidade_atual=110000218&amp;infra_hash=bab2ec3e29c74a018fc77fe6176ee58338ebfd63d7cdab85c964ab448cb4fa1a\" target=\"ifrConteudoVisualizacao\"><span id=\"span3849035\" class=\"noVisitado\">Portaria DOU Nomea\u00e7\u00e3o Di\u00e2mela (3446473)<\/span><\/a> <a id=\"anchor3800231\" class=\"infraArvoreNo\" title=\"Pessoal: Nomea\u00e7\u00e3o\" href=\"https:\/\/sei.ufpel.edu.br\/sei\/controlador.php?acao=arvore_visualizar&amp;acao_origem=procedimento_visualizar&amp;id_procedimento=3800231&amp;infra_sistema=100000100&amp;infra_unidade_atual=110000218&amp;infra_hash=53b872d971de0eb2e34f1923e02229f06bbd705eeb9fdf96453ec1ecd494f0e8\" target=\"ifrVisualizacao\"><span id=\"span3800231\" class=\"noVisitado\">23110.039627\/2025-75<\/span><\/a><\/p>\n<p><a href=\"https:\/\/institucional.ufpel.edu.br\/servidores\/siape\/1101128\" target=\"_blank\" rel=\"noopener noreferrer\">Enilton Bonemann Brahm<\/a><strong> (Aposentado PORTARIA N\u00ba 395, DE 26 DE FEVEREIRO DE 2019)<\/strong><\/p>\n<p><a href=\"https:\/\/institucional.ufpel.edu.br\/servidores\/siape\/1279309\">Estefani Tavares Jansen<\/a> <strong>(relotada IFSUl_Pelotas)<\/strong><\/p>\n<p><a href=\"http:\/\/lattes.cnpq.br\/1589938422855214\">F\u00e1bio Leonardi Recuero Garcia\u00a0<\/a><strong> (relocado para NF- PROGEP)<\/strong><\/p>\n<p><a href=\"https:\/\/institucional.ufpel.edu.br\/servidores\/siape\/3211267\" target=\"_blank\" rel=\"noopener noreferrer\">Janaina Viana da Rosa<\/a> <strong>(relotada <a href=\"https:\/\/institucional.ufpel.edu.br\/unidades\/id\/444\">Centro de Engenharias<\/a>\u00a0\/\u00a0<a href=\"https:\/\/institucional.ufpel.edu.br\/unidades\/id\/1067\">N\u00facleo Administrativo &#8211; CEng<\/a>)<\/strong><\/p>\n<p><a href=\"http:\/\/lattes.cnpq.br\/2879333778197266\" target=\"_blank\" rel=\"noopener\">Jean Piraine Souza<\/a> PORTARIA DE PESSOAL N\u00ba 6.112\/UFPEL, DE 1\u00ba DE OUTUBRO DE 2025 <a id=\"anchor3738109\" class=\"infraArvoreNo\" href=\"https:\/\/sei.ufpel.edu.br\/sei\/controlador.php?acao=arvore_visualizar&amp;acao_origem=procedimento_visualizar&amp;id_procedimento=3680087&amp;id_documento=3738109&amp;infra_sistema=100000100&amp;infra_unidade_atual=110000218&amp;infra_hash=87046056e45fcb68b24ae7eeb7375014f940c803ca524ae78c69d6b94a793f24\" target=\"ifrConteudoVisualizacao\"><span id=\"span3738109\" class=\"infraArvoreNoSelecionado\">(3344665)<\/span><\/a> Vac\u00e2ncia<\/p>\n<p><a href=\"http:\/\/lattes.cnpq.br\/9857393831151014\">Karine Massia Pereir<\/a>a<strong> (Concursada FURG)<\/strong><\/p>\n<p><a href=\"http:\/\/lattes.cnpq.br\/8434877586019417\" target=\"_blank\" rel=\"noopener noreferrer\">Luiz Carlos Boemeke Junior<\/a><\/p>\n<p><a href=\"http:\/\/lattes.cnpq.br\/4206156257342544\" target=\"_blank\" rel=\"noopener noreferrer\">Maria Antonieta Machado Pereira da Silva<\/a><strong> (Aposentada 31\/10\/2019)<\/strong><\/p>\n<p><a href=\"http:\/\/lattes.cnpq.br\/2854899054625119\" target=\"_blank\" rel=\"noopener noreferrer\">Mateus Tavares Kutter<\/a><\/p>\n<p><a href=\"http:\/\/lattes.cnpq.br\/6774602245215692\" target=\"_blank\" rel=\"noopener\">Mauro Francisco Buss Filho<\/a> (NADM\/IB)<\/p>\n<p>&nbsp;<\/p>\n<p><strong>Departamento de\u00a0Morfologia<\/strong><\/p>\n<p><a href=\"https:\/\/institucional.ufpel.edu.br\/servidores\/siape\/1099582\" target=\"_blank\" rel=\"noopener noreferrer\">Eduardo Pereira Alves<\/a> <strong>(falecido)<\/strong><\/p>\n<p><a href=\"http:\/\/lattes.cnpq.br\/0014282848312979\">Eliane Freire Anthonisen<\/a><\/p>\n<p><a href=\"http:\/\/lattes.cnpq.br\/4189011953825514\" target=\"_blank\" rel=\"noopener noreferrer\">Fabiane Knepper Zehetmeyr Fernandes<\/a><\/p>\n<p><a href=\"http:\/\/lattes.cnpq.br\/3530115808379184\" target=\"_blank\" rel=\"noopener noreferrer\">Luis Augusto Xavier Cruz<\/a><\/p>\n<p><a href=\"http:\/\/lattes.cnpq.br\/1711694887699257\" target=\"_blank\" rel=\"noopener noreferrer\">Luis Ot\u00e1vio Lobo Centeno<\/a><\/p>\n<p><a href=\"https:\/\/institucional.ufpel.edu.br\/servidores\/siape\/1090404\" target=\"_blank\" rel=\"noopener noreferrer\">Luiz Fernando Schenque Tavares<\/a><\/p>\n<p><a href=\"https:\/\/institucional.ufpel.edu.br\/servidores\/siape\/419530\" target=\"_blank\" rel=\"noopener noreferrer\">Manoel Ad\u00e3o Lemes<\/a> Di\u00e1rio Oficial da Uni\u00e3o &#8211; Se\u00e7\u00e3o 2 (<span contenteditable=\"false\"><a id=\"lnkSei3625325\" class=\"ancora_sei\" href=\"https:\/\/sei.ufpel.edu.br\/sei\/controlador.php?acao=protocolo_visualizar&amp;id_protocolo=3625325&amp;id_procedimento_atual=3625309&amp;infra_sistema=100000100&amp;infra_unidade_atual=110000218&amp;infra_hash=ae1531ca82972caa4ba9a33093bfd85be44051d2b77d5f81900827352ceca725565b578d026a82c4658bd1e7d788924f25ecda8eae382c635f61e91da1f0f45cc26dc37cd78a6adacd4b5091f46fa051fd33ff822334105403e95dc46ee0a7df\" target=\"_blank\" rel=\"noopener\">3242229<\/a><\/span>) &#8211; com a Portaria do Servidor Aposentado em\u00a0<u><strong>29<\/strong><\/u><b><u><strong>\u00a0d<\/strong>e agosto de 2025)<\/u><\/b><\/p>\n<p><a href=\"https:\/\/institucional.ufpel.edu.br\/servidores\/siape\/419270\" target=\"_blank\" rel=\"noopener noreferrer\">Maria Luiza Pereira Peres<\/a> (NADM\/IB)<\/p>\n<p><a href=\"http:\/\/lattes.cnpq.br\/5871076411658227\" target=\"_blank\" rel=\"noopener noreferrer\">Rodrigo Kegles Brauner<\/a><strong> (exonerado a pedido)<\/strong><\/p>\n<p><a href=\"http:\/\/lattes.cnpq.br\/8813831577910322\" target=\"_blank\" rel=\"noopener\">Rog\u00e9rio Scolari &#8211;<\/a><\/p>\n<p><a href=\"https:\/\/institucional.ufpel.edu.br\/servidores\/siape\/419847\" target=\"_blank\" rel=\"noopener noreferrer\">Wanderley Bandeira de Ara\u00fajo<\/a><\/p>\n<p>&nbsp;<\/p>\n<p><span style=\"font-size: 14pt;\"><strong>Museu de Ci\u00eancias Naturais Carlos Ritter<\/strong><\/span><\/p>\n<p><a href=\"https:\/\/institucional.ufpel.edu.br\/servidores\/siape\/2221536\" target=\"_blank\" rel=\"noopener noreferrer\">Carolina Pera\u00e7a Silveira<\/a><\/p>\n<p><a href=\"http:\/\/lattes.cnpq.br\/1627677278021815\" target=\"_blank\" rel=\"noopener noreferrer\">Heloisa Helena Campelo Rodrigues da Rocha<\/a><\/p>\n<p><a href=\"https:\/\/institucional.ufpel.edu.br\/servidores\/siape\/1759474\">Mauro Mascarenhas<\/a><\/p>\n<p><a href=\"https:\/\/institucional.ufpel.edu.br\/servidores\/id\/14783\" target=\"_blank\" rel=\"noopener\">Lisiane Gastal Pereira<\/a><\/p>\n<p>&nbsp;<\/p>\n<p><span style=\"font-size: 14pt;\"><strong>N\u00facleo de Reabilita\u00e7\u00e3o da Fauna Silvestre<\/strong><\/span><\/p>\n<p><a href=\"http:\/\/lattes.cnpq.br\/3696200456912656\">Greici Maia Behling<\/a><\/p>\n<p><a href=\"http:\/\/lattes.cnpq.br\/8201265397369670\" target=\"_blank\" rel=\"noopener noreferrer\">Marco Antonio Afonso Coimbra<\/a><\/p>\n<p><a href=\"http:\/\/lattes.cnpq.br\/2646845825988863\" target=\"_blank\" rel=\"noopener noreferrer\">Paulo Mota Bandarra<\/a><\/p>\n<p>&nbsp;<\/p>\n<p>&nbsp;<\/p>\n","protected":false},"excerpt":{"rendered":"<p>Dire\u00e7\u00e3o do Instituto de Biologia Josiane Nunes dos Santos Orema Gon\u00e7alves Pereira (Aposentada PORTARIA N\u00ba 401, DE 26 DE FEVEREIRO DE 2019) Rosane Schubert (Chefe do N\u00facleo Administrativo) &nbsp; N\u00facleo Administrativo do Instituto de Biologia (NADM-IB) Carmen Figueredo Alves Fabio da Silva Iriart\u00a0 (Chefe substituto do N\u00facleo Administrativo 2025, Portaria 1228, de 03 de abril [&hellip;]<\/p>\n","protected":false},"author":488,"featured_media":0,"parent":0,"menu_order":0,"comment_status":"closed","ping_status":"closed","template":"","meta":{"jetpack_post_was_ever_published":false,"footnotes":""},"class_list":["post-586","page","type-page","status-publish","hentry"],"jetpack_sharing_enabled":true,"jetpack_shortlink":"https:\/\/wp.me\/P6S2gY-9s","_links":{"self":[{"href":"https:\/\/wp.ufpel.edu.br\/ib\/wp-json\/wp\/v2\/pages\/586","targetHints":{"allow":["GET"]}}],"collection":[{"href":"https:\/\/wp.ufpel.edu.br\/ib\/wp-json\/wp\/v2\/pages"}],"about":[{"href":"https:\/\/wp.ufpel.edu.br\/ib\/wp-json\/wp\/v2\/types\/page"}],"author":[{"embeddable":true,"href":"https:\/\/wp.ufpel.edu.br\/ib\/wp-json\/wp\/v2\/users\/488"}],"replies":[{"embeddable":true,"href":"https:\/\/wp.ufpel.edu.br\/ib\/wp-json\/wp\/v2\/comments?post=586"}],"version-history":[{"count":4,"href":"https:\/\/wp.ufpel.edu.br\/ib\/wp-json\/wp\/v2\/pages\/586\/revisions"}],"predecessor-version":[{"id":5947,"href":"https:\/\/wp.ufpel.edu.br\/ib\/wp-json\/wp\/v2\/pages\/586\/revisions\/5947"}],"wp:attachment":[{"href":"https:\/\/wp.ufpel.edu.br\/ib\/wp-json\/wp\/v2\/media?parent=586"}],"curies":[{"name":"wp","href":"https:\/\/api.w.org\/{rel}","templated":true}]}}