{"id":57,"date":"2015-05-20T22:52:35","date_gmt":"2015-05-21T01:52:35","guid":{"rendered":"https:\/\/wp.ufpel.edu.br\/ib\/?page_id=57"},"modified":"2026-03-26T09:36:42","modified_gmt":"2026-03-26T12:36:42","slug":"dezg","status":"publish","type":"page","link":"https:\/\/wp.ufpel.edu.br\/ib\/dezg\/","title":{"rendered":"Departamento de Ecologia, Zoologia e Gen\u00e9tica"},"content":{"rendered":"<p><strong>Localiza\u00e7\u00e3o:<\/strong> Travessa Andr\u00e9 <a href=\"https:\/\/pt.wikipedia.org\/wiki\/Andr%C3%A9_Dreyfus\">Dreyfus,<\/a> s\/n, Pr\u00e9dio 23, Campus Universit\u00e1rio do Cap\u00e3o do Le\u00e3o &#8211;\u00a0CEP 96010-900<\/p>\n<p><strong>Telefone:<\/strong>\u00a0+55 53 3275-7340<\/p>\n<p>&nbsp;<\/p>\n<p><strong>Docentes<\/strong><\/p>\n<p><a href=\"http:\/\/lattes.cnpq.br\/1453061038778250\" target=\"_blank\" rel=\"noopener noreferrer\">Ana Maria Rui<\/a><\/p>\n<p><a href=\"http:\/\/lattes.cnpq.br\/0381699491596455\" target=\"_blank\" rel=\"noopener\">Anelise Fernandes e Silva<\/a> &#8211; (Prof. Substituto de <strong>15\/10\/2025 a ) 23110.031974\/2025-50<\/strong><\/p>\n<p><a href=\"http:\/\/lattes.cnpq.br\/3321567340478582\" target=\"_blank\" rel=\"noopener\">Arthur Anker\u00a0<\/a> <strong>(Prof. Visitante PPG Biodiversidade Animal &#8211; 22\/03\/2023 sa\u00edda 01\/07\/2024)<\/strong><\/p>\n<p><a href=\"http:\/\/lattes.cnpq.br\/5989815154650062\" target=\"_blank\" rel=\"noopener noreferrer\">Beatriz Helena Gomes Rocha<\/a><\/p>\n<p><a href=\"http:\/\/lattes.cnpq.br\/5055359115249510\" target=\"_blank\" rel=\"noopener\">Bianca Martins Mastrantonio<\/a> (Prof. Substituto in\u00edcio em 30\/04\/2025 &#8211; <a id=\"anchor3412819\" class=\"infraArvoreNo\" href=\"https:\/\/sei.ufpel.edu.br\/sei\/controlador.php?acao=arvore_visualizar&amp;acao_origem=procedimento_visualizar&amp;id_procedimento=3216079&amp;id_documento=3412819&amp;infra_sistema=100000100&amp;infra_unidade_atual=110000218&amp;infra_hash=a483449a2cfe7179585b84b5694bf24eca85992bddcecfd12eccf5ee8e4a01e2\" target=\"ifrConteudoVisualizacao\"><span id=\"span3412819\" class=\"infraArvoreNoSelecionado\">Memorando 100 (3049042)<\/span><\/a><\/p>\n<p><a href=\"http:\/\/lattes.cnpq.br\/7942655716698636\" target=\"_blank\" rel=\"noopener\">Camila Kurzmann Fagundes<\/a><strong> (Prof. Substituto in\u00edcio 12\/08\/2021 sa\u00edda 08\/12\/2021)<\/strong><\/p>\n<p><a href=\"http:\/\/lattes.cnpq.br\/1040777501524933\" target=\"_blank\" rel=\"noopener noreferrer\">C\u00e9sar Jaeger Drehmer<\/a><\/p>\n<p><a href=\"http:\/\/lattes.cnpq.br\/9588429079207565\" target=\"_blank\" rel=\"noopener noreferrer\">Cl\u00f3vis Campos Alt\u00a0<\/a> <strong>(Aposentadoria conforme <a href=\"https:\/\/drive.google.com\/file\/d\/1QlGDlw0kc1VYpvqR1ZxtkC-5WrWqmKau\/view?usp=sharing\" target=\"_blank\" rel=\"noopener noreferrer\">Portaria 330, 24\/02\/2021<\/a>)<\/strong><\/p>\n<p><a href=\"http:\/\/lattes.cnpq.br\/6722497708487528\" target=\"_blank\" rel=\"noopener noreferrer\">Cristiano Agra Iserhard<\/a><\/p>\n<p><a href=\"http:\/\/lattes.cnpq.br\/7398906470318595\" target=\"_blank\" rel=\"noopener noreferrer\">Edison Zefa<\/a><\/p>\n<p><a href=\"http:\/\/lattes.cnpq.br\/2640740411895067\" target=\"_blank\" rel=\"noopener noreferrer\">F\u00e1bio Ricardo Pablos de Souza<\/a><\/p>\n<p><a href=\"http:\/\/lattes.cnpq.br\/0371096131093979\" target=\"_blank\" rel=\"noopener noreferrer\">Fl\u00e1vio Roberto Mello Garcia<\/a><\/p>\n<p><a href=\"http:\/\/lattes.cnpq.br\/2088397179561190\" target=\"_blank\" rel=\"noopener\">Gabriela Pasqualim<\/a> <strong>(Prof. Susbtituta in\u00edcio 19\/01\/2018 a 01\/06\/2019)<\/strong><\/p>\n<p><a href=\"https:\/\/institucional.ufpel.edu.br\/servidores\/siape\/1143740\" target=\"_blank\" rel=\"noopener\">Gabriel Selbach Hofmann<\/a> <strong>(<a href=\"http:\/\/lattes.cnpq.br\/5331774183419349\" target=\"_blank\" rel=\"noopener\">Prof. substituto ingresso 08\/07\/2021<\/a> sa\u00edda 19\/11\/2021)<\/strong><\/p>\n<p><a href=\"http:\/\/lattes.cnpq.br\/1229541551615355\" target=\"_blank\" rel=\"noopener noreferrer\">H\u00e9den Luiz Marques Moreira<\/a><\/p>\n<p><a href=\"http:\/\/lattes.cnpq.br\/7622456566682610\" target=\"_blank\" rel=\"noopener\">Jeferson Bugoni<\/a> (Nomea\u00e7\u00e3o PORTARIA N\u00ba 2026, DE 08 DE DEZEMBRO DE 2021. SEI <a class=\"ancoraPadraoAzul\" title=\"Portaria\" href=\"https:\/\/sei.ufpel.edu.br\/sei\/publicacoes\/controlador_publicacoes.php?acao=publicacao_visualizar&amp;id_documento=1732217&amp;id_orgao_publicacao=0\" target=\"_blank\" rel=\"noopener\">1532310<\/a>)<\/p>\n<p><a href=\"http:\/\/lattes.cnpq.br\/3885887942832708\" target=\"_blank\" rel=\"noopener noreferrer\">Jo\u00e3o Nelci Brandalise<\/a> <strong>(Aposentadoria Portaria N\u00ba 729, DE 27 DE mar\u00e7o de 2019, SEI 04<a class=\"ancoraPadraoAzul\" title=\"Portaria\" href=\"https:\/\/sei.ufpel.edu.br\/sei\/publicacoes\/controlador_publicacoes.php?acao=publicacao_visualizar&amp;id_documento=558919&amp;id_orgao_publicacao=0\" target=\"_blank\" rel=\"noopener\">79442)<\/a><\/strong><\/p>\n<p><a href=\"http:\/\/lattes.cnpq.br\/5836141436413803\" target=\"_blank\" rel=\"noopener noreferrer\">Jos\u00e9 Eduardo Figueiredo Dornelles<\/a><\/p>\n<p><a href=\"http:\/\/lattes.cnpq.br\/7801464080743088\" target=\"_blank\" rel=\"noopener noreferrer\">Juliana Cordeiro<\/a><\/p>\n<p><a href=\"https:\/\/institucional.ufpel.edu.br\/servidores\/siape\/3085123\">Karen Mustin Carvalho<\/a> <strong>(Prof. Visitante 25\/01\/2019 a\u00a0 25\/03\/2022)<\/strong><\/p>\n<p><a href=\"http:\/\/lattes.cnpq.br\/1402956553786728\">Luiz Ernesto Costa Schmidt<\/a> (Nomea\u00e7\u00e3o <a href=\"https:\/\/sei.ufpel.edu.br\/sei\/publicacoes\/controlador_publicacoes.php?acao=publicacao_visualizar&amp;id_documento=1703338&amp;id_orgao_publicacao=0\" target=\"_blank\" rel=\"noopener\">PORTARIA N\u00ba 1862<\/a>, DE 19 DE NOVEMBRO DE 2021; Prof. Substituto 2019-2021)<\/p>\n<p><a href=\"http:\/\/lattes.cnpq.br\/2870592109084197\" target=\"_blank\" rel=\"noopener\">Marcio Repenning<\/a> &#8211; (Prof. Substituto &#8211; nomea\u00e7\u00e3o PORTARIA DE PESSOAL N\u00ba 1067\/UFPEL, DE 25 DE MAR\u00c7O DE 2026, SEI <a id=\"anchor4184518\" class=\"infraArvoreNo\" href=\"https:\/\/sei.ufpel.edu.br\/sei\/controlador.php?acao=arvore_visualizar&amp;acao_origem=procedimento_visualizar&amp;id_procedimento=3666731&amp;id_documento=4184518&amp;infra_sistema=100000100&amp;infra_unidade_atual=110000218&amp;infra_hash=a859b3fcbfb920f3ff657886e4a7604055313fceb8956ba3880bb5cd7d36f348\" target=\"ifrConteudoVisualizacao\"><span id=\"span4184518\" class=\"infraArvoreNoSelecionado\">3751710<\/span><\/a>)<\/p>\n<p><a href=\"http:\/\/lattes.cnpq.br\/1010854680087943\">Marco Antonio Tonus Marinho<\/a><\/p>\n<p><a href=\"http:\/\/lattes.cnpq.br\/3632078197153438\" target=\"_blank\" rel=\"noopener noreferrer\">M<\/a><a href=\"https:\/\/wp.ufpel.edu.br\/ib\/marco-silva-gottschalk\/\" target=\"_blank\" rel=\"noopener noreferrer\">arco Silva Gottschalk<\/a><\/p>\n<p><a href=\"http:\/\/lattes.cnpq.br\/2719193494210903\" target=\"_blank\" rel=\"noopener noreferrer\">Monica Laner Blauth<\/a><\/p>\n<p><a href=\"http:\/\/lattes.cnpq.br\/3663290040106495\" target=\"_blank\" rel=\"noopener\">Natalia Maritza Ladino Lopez<\/a> (PORTARIA DE PESSOAL N\u00ba 1.006\/UFPEL, DE 21 DE MAR\u00c7O DE 2025, 2998475)<\/p>\n<p><a href=\"http:\/\/lattes.cnpq.br\/2418010151929319\" target=\"_blank\" rel=\"noopener noreferrer\">Rafael Antunes Dias<\/a><\/p>\n<p><a href=\"http:\/\/lattes.cnpq.br\/0151366130929448\" target=\"_blank\" rel=\"noopener\">Rafael Kretschmer<\/a> (Nomea\u00e7\u00e3o PORTARIA N\u00ba 2034, DE 09 DE DEZEMBRO DE 2021, SEI 1542700) <strong>Vac\u00e2ncia<\/strong> em 24\/02\/2025 (Portaria \u00a00747\/2025 &#8211; 2964981, 23110004310202518).<\/p>\n<p><a href=\"http:\/\/lattes.cnpq.br\/8773478118683609\">Sebastian Felipe Sendoya Echeverry<\/a><\/p>\n<p><a href=\"http:\/\/lattes.cnpq.br\/9555221124800026\" target=\"_blank\" rel=\"noopener noreferrer\">Vera L\u00facia Bobrowski<\/a> aposentadoria 31\/01\/2025.<\/p>\n<p>&nbsp;<\/p>\n<p><strong>T\u00e9cnicos Administrativos<\/strong><\/p>\n<p><a href=\"https:\/\/institucional.ufpel.edu.br\/servidores\/siape\/419864\" target=\"_blank\" rel=\"noopener noreferrer\">\u00c1lvaro Miguel Moreira Martins<\/a><\/p>\n<p><a href=\"http:\/\/lattes.cnpq.br\/0800690963056514\" target=\"_blank\" rel=\"noopener\">Felipe Dihel<\/a> (Nomea\u00e7\u00e3o 16\/08\/2021, PORTARIA N\u00ba 1243, DE 22 DE JULHO DE 2021)<\/p>\n<p><a href=\"http:\/\/lattes.cnpq.br\/3272913990369469\" target=\"_blank\" rel=\"noopener noreferrer\">Iara Valquide Gomes de Oliveira<strong>\u00a0<\/strong><\/a><strong>( Aposentadoria PORTARIA N\u00ba 385, DE 26 DE FEVEREIRO DE 2020)<\/strong><\/p>\n<p><a href=\"http:\/\/lattes.cnpq.br\/6143354399822481\">Renan Caldeira Furtado<\/a><strong> (Relotado IFSP)<\/strong><\/p>\n<p><a href=\"http:\/\/lattes.cnpq.br\/4654515983518921\">Taiguer Henrique Silva Saraiva<\/a><\/p>\n<p><strong>Chefe<\/strong><\/p>\n<p style=\"text-align: justify;\">Profa. Monica Laner Blauth \u2013 Chefe do Departamento de Ecologia, Zoologia e Gen\u00e9tica (<a href=\"https:\/\/drive.google.com\/file\/d\/1R8v7KGMeD7-fq0CfZTdwsWIVtUdwfO3Z\/view?usp=sharing\" target=\"_blank\" rel=\"noopener\">Portaria N\u00ba 648<\/a>, de 18 de fevereiro de 2024 DOU; SEI 2537571;<a href=\"https:\/\/drive.google.com\/file\/d\/1CeIGgvbW5JCexMP6YwoO_G3hes7ZSFAc\/view?usp=sharing\" target=\"_blank\" rel=\"noopener\"> Portaria 767<\/a>, de 01 de mar\u00e7o de 2024 SEI 2540210)<\/p>\n<p><strong>Subchefe<\/strong><\/p>\n<p>Profa. \u2013 Juliana Cordeiro Subchefe <span style=\"color: var(--cor-texto); font-family: var(--fonte-corpo);\">do Departamento de Ecologia, Zoologia e Gen\u00e9tica ( suplente) (<\/span><a style=\"font-family: var(--fonte-corpo);\" href=\"https:\/\/drive.google.com\/file\/d\/1XtQNv4QqYikidCz79rdH68ZbNuQ71mye\/view?usp=sharing\" target=\"_blank\" rel=\"noopener\">Portaria 768<\/a><span style=\"color: var(--cor-texto); font-family: var(--fonte-corpo);\">, de 01 de mar\u00e7o de 2024 SEI 2540212)<\/span><\/p>\n<p><strong>Chefe Substituto Eventual<\/strong><\/p>\n<p>&nbsp;<\/p>\n<p><strong>Secret\u00e1rio<\/strong><\/p>\n<p><a href=\"http:\/\/lattes.cnpq.br\/4654515983518921\">Taiguer Henrique Silva Saraiva<\/a><\/p>\n","protected":false},"excerpt":{"rendered":"<p>Localiza\u00e7\u00e3o: Travessa Andr\u00e9 Dreyfus, s\/n, Pr\u00e9dio 23, Campus Universit\u00e1rio do Cap\u00e3o do Le\u00e3o &#8211;\u00a0CEP 96010-900 Telefone:\u00a0+55 53 3275-7340 &nbsp; Docentes Ana Maria Rui Anelise Fernandes e Silva &#8211; (Prof. Substituto de 15\/10\/2025 a ) 23110.031974\/2025-50 Arthur Anker\u00a0 (Prof. Visitante PPG Biodiversidade Animal &#8211; 22\/03\/2023 sa\u00edda 01\/07\/2024) Beatriz Helena Gomes Rocha Bianca Martins Mastrantonio (Prof. Substituto [&hellip;]<\/p>\n","protected":false},"author":488,"featured_media":0,"parent":0,"menu_order":0,"comment_status":"closed","ping_status":"closed","template":"","meta":{"jetpack_post_was_ever_published":false,"footnotes":""},"class_list":["post-57","page","type-page","status-publish","hentry"],"jetpack_sharing_enabled":true,"jetpack_shortlink":"https:\/\/wp.me\/P6S2gY-V","_links":{"self":[{"href":"https:\/\/wp.ufpel.edu.br\/ib\/wp-json\/wp\/v2\/pages\/57","targetHints":{"allow":["GET"]}}],"collection":[{"href":"https:\/\/wp.ufpel.edu.br\/ib\/wp-json\/wp\/v2\/pages"}],"about":[{"href":"https:\/\/wp.ufpel.edu.br\/ib\/wp-json\/wp\/v2\/types\/page"}],"author":[{"embeddable":true,"href":"https:\/\/wp.ufpel.edu.br\/ib\/wp-json\/wp\/v2\/users\/488"}],"replies":[{"embeddable":true,"href":"https:\/\/wp.ufpel.edu.br\/ib\/wp-json\/wp\/v2\/comments?post=57"}],"version-history":[{"count":4,"href":"https:\/\/wp.ufpel.edu.br\/ib\/wp-json\/wp\/v2\/pages\/57\/revisions"}],"predecessor-version":[{"id":6045,"href":"https:\/\/wp.ufpel.edu.br\/ib\/wp-json\/wp\/v2\/pages\/57\/revisions\/6045"}],"wp:attachment":[{"href":"https:\/\/wp.ufpel.edu.br\/ib\/wp-json\/wp\/v2\/media?parent=57"}],"curies":[{"name":"wp","href":"https:\/\/api.w.org\/{rel}","templated":true}]}}