{"id":54,"date":"2015-05-20T22:51:30","date_gmt":"2015-05-21T01:51:30","guid":{"rendered":"https:\/\/wp.ufpel.edu.br\/ib\/?page_id=54"},"modified":"2025-04-03T16:37:18","modified_gmt":"2025-04-03T19:37:18","slug":"db","status":"publish","type":"page","link":"https:\/\/wp.ufpel.edu.br\/ib\/db\/","title":{"rendered":"Departamento de Bot\u00e2nica"},"content":{"rendered":"<p><strong>Localiza\u00e7\u00e3o: <\/strong>Travessa Andr\u00e9 <a href=\"https:\/\/pt.wikipedia.org\/wiki\/Andr%C3%A9_Dreyfus\">Dreyfus,<\/a> s\/n, Pr\u00e9dios 14, 21 e 22, Campus Universit\u00e1rio do Cap\u00e3o do Le\u00e3o &#8211; CEP 96010-900<\/p>\n<p><strong>Telefone:<\/strong>\u00a0+55 53 3275-7336<\/p>\n<p>&nbsp;<\/p>\n<p><strong>Docentes<\/strong><\/p>\n<p><a href=\"http:\/\/lattes.cnpq.br\/1350079545076770\" target=\"_blank\" rel=\"noopener noreferrer\">Carlos Frederico Nalepinski Widholzer<\/a> <strong>(Aposentadoria PORTARIA N\u00ba 383, DE 26 de fevereiro de 2019, SEI <a class=\"ancoraPadraoAzul\" title=\"Portaria\" href=\"https:\/\/sei.ufpel.edu.br\/sei\/publicacoes\/controlador_publicacoes.php?acao=publicacao_visualizar&amp;id_documento=520273&amp;id_orgao_publicacao=0\" target=\"_blank\" rel=\"noopener\">0445742<\/a><\/strong><strong>)<\/strong><\/p>\n<p><a href=\"http:\/\/lattes.cnpq.br\/6114634968495543\" target=\"_blank\" rel=\"noopener noreferrer\">Caroline Scherer<\/a><\/p>\n<p style=\"text-align: justify;\"><a href=\"http:\/\/lattes.cnpq.br\/0406123914624749\" target=\"_blank\" rel=\"noopener noreferrer\">Dario Munt de Moraes<\/a><strong> (Aposentadoria PORTARIA N\u00ba 700, DE 25 DE ABRIL DE 2022)<\/strong><\/p>\n<p><a href=\"http:\/\/lattes.cnpq.br\/6177250758509451\" target=\"_blank\" rel=\"noopener noreferrer\">Elen Nunes Garcia<\/a><\/p>\n<p><a href=\"http:\/\/lattes.cnpq.br\/7705049074927773\" target=\"_blank\" rel=\"noopener noreferrer\">Eugenia Jacira Bolacel Braga<\/a><\/p>\n<p><a href=\"http:\/\/lattes.cnpq.br\/3664441705741783\">Gustavo Maia\u00a0 Souza<\/a><\/p>\n<p><a href=\"http:\/\/lattes.cnpq.br\/9728029816153245\">Jo\u00e3o Ricardo Vieira Iganci<\/a><\/p>\n<p><a href=\"http:\/\/lattes.cnpq.br\/0140537014480582\" target=\"_blank\" rel=\"noopener noreferrer\">Juliana Aparecida Fernando<\/a><\/p>\n<p style=\"text-align: justify;\"><a href=\"http:\/\/lattes.cnpq.br\/2741219141701996\" target=\"_blank\" rel=\"noopener noreferrer\">Leila de Fatima Nogueira Macias<\/a><strong> (Aposentadoria PORTARIA N\u00ba 290, DE 21 DE FEVEREIRO DE 2022)<\/strong><\/p>\n<p style=\"text-align: justify;\"><a href=\"http:\/\/lattes.cnpq.br\/2006105552305950\" target=\"_blank\" rel=\"noopener\">Marcelo dos Santos Silva<\/a> (Nomea\u00e7\u00e3o PORTARIA N\u00ba 2182, DE 29 DE DEZEMBRO DE 2021, SEI 1551305)<\/p>\n<p><a href=\"http:\/\/lattes.cnpq.br\/6636004090156914\" target=\"_blank\" rel=\"noopener\">M\u00e1rcio Silva de Souza<\/a> &#8211; (Nomea\u00e7\u00e3o PORTARIA DE PESSOAL N\u00ba 1803\/UFPEL, DE 26 DE MAIO DE 2023 (SEI <a id=\"anchor2465870\" href=\"https:\/\/sei.ufpel.edu.br\/sei\/controlador.php?acao=arvore_visualizar&amp;acao_origem=procedimento_visualizar&amp;id_procedimento=2393263&amp;id_documento=2465870&amp;infra_sistema=100000100&amp;infra_unidade_atual=110000218&amp;infra_hash=f1bfd9498c9597002d3dc0eeacb015706d263638fe513954336acc7a3acae3c0\" target=\"ifrVisualizacao\" rel=\"noopener\"><span id=\"span2465870\" class=\"infraArvoreNoVisitado\" title=\"Portaria 1803 (2191244)\">\u00a02191244)<\/span><\/a><\/p>\n<p><a href=\"http:\/\/lattes.cnpq.br\/9778741221243155\" target=\"_blank\" rel=\"noopener noreferrer\">Marcos Antonio Baccarin<\/a> &#8211; Chefe Substituto Eventual (<a id=\"anchor2018712\" href=\"https:\/\/sei.ufpel.edu.br\/sei\/controlador.php?acao=arvore_visualizar&amp;acao_origem=procedimento_visualizar&amp;id_procedimento=2015262&amp;id_documento=2018712&amp;infra_sistema=100000100&amp;infra_unidade_atual=110000218&amp;infra_hash=1747917e8475c56ff9da0ed31dc53eda2f9373e1632d8f76bb4471e113f75af5\" target=\"ifrVisualizacao\" rel=\"noopener\"><span id=\"span2018712\" title=\"Portaria 1430 (1789500)\">Portaria 1430 -1789500 &#8211; <\/span><\/a>21\/07\/2022)<\/p>\n<p><a href=\"http:\/\/lattes.cnpq.br\/4496821106580866\" target=\"_blank\" rel=\"noopener\">Marilia Shibata<\/a> (Nomea\u00e7\u00e3o PORTARIA n\u00ba. 0188\/UFPEL d3 30 de janeiro de 2023, SEI 2030117)<\/p>\n<p><a href=\"http:\/\/lattes.cnpq.br\/3945403130131807\" target=\"_blank\" rel=\"noopener noreferrer\">Raquel L\u00fcdtke<\/a><\/p>\n<p><a href=\"http:\/\/lattes.cnpq.br\/0884712531887046\" target=\"_blank\" rel=\"noopener\">Raul Antonio Sperotto (<\/a>Professor Visitante 21\/03\/2024 a )<\/p>\n<p><a href=\"http:\/\/lattes.cnpq.br\/9199716328773316\" target=\"_blank\" rel=\"noopener noreferrer\">Rita de C\u00e1ssia Morem Cossio Rodriguez<\/a><\/p>\n<p style=\"text-align: justify;\"><a href=\"https:\/\/wp.ufpel.edu.br\/ib\/rita-de-cassia-pinheiro-de-moraes\/\" target=\"_blank\" rel=\"noopener noreferrer\">Rita de C\u00e1ssia Pinheiro de Moraes\u00a0<\/a><strong>(Aposentadoria PORTARIA N\u00ba 699, DE 25 DE ABRIL DE 2022)<\/strong><\/p>\n<p><a href=\"http:\/\/lattes.cnpq.br\/2692598960834326\" target=\"_blank\" rel=\"noopener noreferrer\">Sidnei Deuner<\/a><\/p>\n<p><a href=\"http:\/\/lattes.cnpq.br\/9373170196787637\" target=\"_blank\" rel=\"noopener noreferrer\">Valmor Jo\u00e3o Bianchi<\/a><\/p>\n<p>&nbsp;<\/p>\n<p><strong>T\u00e9cnicos Administrativos<\/strong><\/p>\n<p><a href=\"http:\/\/lattes.cnpq.br\/8131176137116466\" target=\"_blank\" rel=\"noopener noreferrer\">Cristina Ferreira Larre<\/a><\/p>\n<p><a href=\"http:\/\/lattes.cnpq.br\/6940279159667360\">Laura Borba Vilanova<\/a><\/p>\n<p><a href=\"http:\/\/lattes.cnpq.br\/2514992683497678\" target=\"_blank\" rel=\"noopener\">Patr\u00edcia de Oliveira Neves\u00a0<\/a><\/p>\n<p><a href=\"https:\/\/institucional.ufpel.edu.br\/servidores\/siape\/421752\" target=\"_blank\" rel=\"noopener noreferrer\">Rudinei da Silva Teixeira<\/a><strong> (Reloca\u00e7\u00e3o FAEM\/Palma)<\/strong><\/p>\n<p><a href=\"https:\/\/institucional.ufpel.edu.br\/servidores\/siape\/421751\" target=\"_blank\" rel=\"noopener noreferrer\">S\u00e9rgio Roberto Nolasco da Luz<\/a> <strong>(Reloca\u00e7\u00e3o FAEM\/Palma)<\/strong><\/p>\n<p><a href=\"https:\/\/wp.ufpel.edu.br\/ib\/thaize-debatin-wehrmeister\/\" target=\"_blank\" rel=\"noopener noreferrer\">Thaize Debatin Wehrmeister<\/a><strong> (Relotada Epidemiologia\/FAMED)<\/strong><\/p>\n<p>&nbsp;<\/p>\n<p><strong>Chefe<\/strong><\/p>\n<p>Prof.\u00a0<a href=\"http:\/\/lattes.cnpq.br\/2006105552305950\" target=\"_blank\" rel=\"noopener\">Marcelo dos Santos Silva<\/a>\u00a0\u2013 Chefe do\u00a0 Departamento de Bot\u00e2nica (<a id=\"anchor3338784\" class=\"infraArvoreNo\" href=\"https:\/\/sei.ufpel.edu.br\/sei\/controlador.php?acao=arvore_visualizar&amp;acao_origem=procedimento_visualizar&amp;id_procedimento=3304604&amp;id_documento=3338784&amp;infra_sistema=100000100&amp;infra_unidade_atual=110000218&amp;infra_hash=31eae9abf59af18b754a6e1611cee6bb2e046a5caa378e129791892b615dbd16\" target=\"ifrConteudoVisualizacao\"><span id=\"span3338784\" class=\"infraArvoreNoSelecionado\">Portaria 864 DOU (2981987)<\/span><\/a>\u00a011\/03\/2025<\/p>\n<p><strong>Subchefe\u00a0<\/strong><\/p>\n<p>Prof.\u00a0<a href=\"http:\/\/lattes.cnpq.br\/6636004090156914\" target=\"_blank\" rel=\"noopener\">M\u00e1rcio Silva de Souza<\/a>\u00a0 \u00a0\u2013 Subchefe do Departamento de Bot\u00e2nica (suplente) (<a id=\"anchor3339939\" class=\"infraArvoreNo\" href=\"https:\/\/sei.ufpel.edu.br\/sei\/controlador.php?acao=arvore_visualizar&amp;acao_origem=procedimento_visualizar&amp;id_procedimento=3304604&amp;id_documento=3339939&amp;infra_sistema=100000100&amp;infra_unidade_atual=110000218&amp;infra_hash=e1ec55eeee757eac8b646377fba9520a044d586278f92bd58aea5b222148f168\" target=\"ifrConteudoVisualizacao\"><span id=\"span3339939\" class=\"infraArvoreNoSelecionado\">Portaria 895 \/UFPEL (2983050)<\/span><\/a>\u00a012\/03\/2025<\/p>\n<p><strong>Chefe Substituto Eventual<\/strong><\/p>\n<p><a href=\"http:\/\/lattes.cnpq.br\/9778741221243155\" target=\"_blank\" rel=\"noopener noreferrer\">Marcos Antonio Baccarin<\/a> (PORTARIA N\u00ba 1430, de 21 de JULHO de 2022)<\/p>\n<p><strong>Secret\u00e1rio<\/strong><\/p>\n<p><a href=\"http:\/\/lattes.cnpq.br\/4843856120482708\">Fabio da Silva Iriart<\/a><\/p>\n<p>&nbsp;<\/p>\n","protected":false},"excerpt":{"rendered":"<p>Localiza\u00e7\u00e3o: Travessa Andr\u00e9 Dreyfus, s\/n, Pr\u00e9dios 14, 21 e 22, Campus Universit\u00e1rio do Cap\u00e3o do Le\u00e3o &#8211; CEP 96010-900 Telefone:\u00a0+55 53 3275-7336 &nbsp; Docentes Carlos Frederico Nalepinski Widholzer (Aposentadoria PORTARIA N\u00ba 383, DE 26 de fevereiro de 2019, SEI 0445742) Caroline Scherer Dario Munt de Moraes (Aposentadoria PORTARIA N\u00ba 700, DE 25 DE ABRIL DE [&hellip;]<\/p>\n","protected":false},"author":488,"featured_media":0,"parent":0,"menu_order":0,"comment_status":"closed","ping_status":"closed","template":"","meta":{"jetpack_post_was_ever_published":false,"footnotes":""},"class_list":["post-54","page","type-page","status-publish","hentry"],"jetpack_sharing_enabled":true,"jetpack_shortlink":"https:\/\/wp.me\/P6S2gY-S","_links":{"self":[{"href":"https:\/\/wp.ufpel.edu.br\/ib\/wp-json\/wp\/v2\/pages\/54","targetHints":{"allow":["GET"]}}],"collection":[{"href":"https:\/\/wp.ufpel.edu.br\/ib\/wp-json\/wp\/v2\/pages"}],"about":[{"href":"https:\/\/wp.ufpel.edu.br\/ib\/wp-json\/wp\/v2\/types\/page"}],"author":[{"embeddable":true,"href":"https:\/\/wp.ufpel.edu.br\/ib\/wp-json\/wp\/v2\/users\/488"}],"replies":[{"embeddable":true,"href":"https:\/\/wp.ufpel.edu.br\/ib\/wp-json\/wp\/v2\/comments?post=54"}],"version-history":[{"count":46,"href":"https:\/\/wp.ufpel.edu.br\/ib\/wp-json\/wp\/v2\/pages\/54\/revisions"}],"predecessor-version":[{"id":5489,"href":"https:\/\/wp.ufpel.edu.br\/ib\/wp-json\/wp\/v2\/pages\/54\/revisions\/5489"}],"wp:attachment":[{"href":"https:\/\/wp.ufpel.edu.br\/ib\/wp-json\/wp\/v2\/media?parent=54"}],"curies":[{"name":"wp","href":"https:\/\/api.w.org\/{rel}","templated":true}]}}