{"id":527,"date":"2015-10-28T17:54:26","date_gmt":"2015-10-28T19:54:26","guid":{"rendered":"https:\/\/wp.ufpel.edu.br\/ib\/?page_id=527"},"modified":"2026-04-27T21:16:54","modified_gmt":"2026-04-28T00:16:54","slug":"composicao-do-conselho-departamental","status":"publish","type":"page","link":"https:\/\/wp.ufpel.edu.br\/ib\/composicao-do-conselho-departamental\/","title":{"rendered":"Composi\u00e7\u00e3o do Conselho Departamental"},"content":{"rendered":"<p><a href=\"https:\/\/drive.google.com\/file\/d\/128BtruaQIPBnELd0Y4rJFY-GZnU6ShPV\/view?usp=sharing\" target=\"_blank\" rel=\"noopener\">PORTARIA DE PESSOAL N\u00ba 5542\/UFPEL<\/a>, DE 26 DE AGOSTO DE 2025 (3232403)<\/p>\n<p><a href=\"https:\/\/drive.google.com\/file\/d\/1BqBmLpabohkMxj_GXjMFyjUYeffqdb8B\/view?usp=share_link\" target=\"_blank\" rel=\"noopener\">Portaria 379, de 09 de fevereiro de 2023\u00a0\u00a0<\/a><strong>alterada<\/strong> pela <a href=\"https:\/\/drive.google.com\/file\/d\/1qU8tn2zxYs50q9d6TAlXLV1UXuNS6CDb\/view?usp=share_link\" target=\"_blank\" rel=\"noopener\">Portaria de Pessoal 0558\/2023<\/a> de 27\/02\/2023<\/p>\n<p><a href=\"https:\/\/drive.google.com\/file\/d\/1rjx2yDJFZJpnrd5MoNmcXmzK5l0eyrVQ\/view?usp=sharing\" target=\"_blank\" rel=\"noopener\">Portaria 957 de 26 de maio de 2022<\/a> &#8211; Revogada pela <a href=\"https:\/\/drive.google.com\/file\/d\/1BqBmLpabohkMxj_GXjMFyjUYeffqdb8B\/view?usp=share_link\" target=\"_blank\" rel=\"noopener\">Portaria 379, de 09 de fevereiro de 2023\u00a0<\/a><\/p>\n<p style=\"text-align: justify;\">Luiz Fernando Minello &#8211; Diretor e Presidente do Conselho Departamental (<a href=\"https:\/\/sei.ufpel.edu.br\/sei\/publicacoes\/controlador_publicacoes.php?acao=publicacao_visualizar&amp;id_documento=2211114&amp;id_orgao_publicacao=0\" target=\"_blank\" rel=\"noopener\">Portaria n\u00ba 2513<\/a> de 28 de novembro de 2022 &#8211; mandato 2022- 2026 SEI 1962140; Portaria n\u00ba 2809, de 27 de novembro de 2018 &#8211; mandato 2018-2022)<\/p>\n<p>Gilson de Mendon\u00e7a &#8211; Vice-diretor (<a href=\"https:\/\/sei.ufpel.edu.br\/sei\/publicacoes\/controlador_publicacoes.php?acao=publicacao_visualizar&amp;id_documento=2211114&amp;id_orgao_publicacao=0\" target=\"_blank\" rel=\"noopener\">Portaria n\u00ba 2513<\/a> de 28 de novembro de 2022 &#8211; mandato 2022- 2026 SEI 1962140; Portaria n\u00ba 2810, de 27 de novembro de\u00a0 2018 (Vice-Diretor do IB, Portaria No 2810, de 27 de novembro de 2018 &#8211; mandato 2018 &#8211; 2022)<\/p>\n<p>Assistente em Administra\u00e7\u00e3o Rosane Schubert \u2013 Chefe do N\u00facleo Administrativo (<a href=\"https:\/\/sei.ufpel.edu.br\/sei\/publicacoes\/controlador_publicacoes.php?acao=publicacao_visualizar&amp;id_documento=2211114&amp;id_orgao_publicacao=0\" target=\"_blank\" rel=\"noopener\">Portaria n\u00ba 2513<\/a> de 28 de novembro de 2022 &#8211; mandato 2022- 2026 SEI 1962140; Portaria N\u00ba 1333, DE 22 de maio de 2019, 0554209 mandato 2019 &#8211; 2022)<\/p>\n<p>Assistente em Administra\u00e7\u00e3o F\u00e1bio da Silva Iriart &#8211; Chefe substituto do N\u00facleo Administrativo (suplente) (PORTARIA DE PESSOAL N\u00ba 1228\/UFPEL, DE 03 DE ABRIL DE 2025, 3013490)<\/p>\n<p style=\"text-align: justify;\">Prof. <a href=\"http:\/\/lattes.cnpq.br\/2006105552305950\" target=\"_blank\" rel=\"noopener\">Marcelo dos Santos Silva<\/a> \u2013 Chefe do\u00a0 Departamento de Bot\u00e2nica (<a id=\"anchor3338784\" class=\"infraArvoreNo\" href=\"https:\/\/sei.ufpel.edu.br\/sei\/controlador.php?acao=arvore_visualizar&amp;acao_origem=procedimento_visualizar&amp;id_procedimento=3304604&amp;id_documento=3338784&amp;infra_sistema=100000100&amp;infra_unidade_atual=110000218&amp;infra_hash=31eae9abf59af18b754a6e1611cee6bb2e046a5caa378e129791892b615dbd16\" target=\"ifrConteudoVisualizacao\"><span id=\"span3338784\" class=\"infraArvoreNoSelecionado\">Portaria 864 DOU (2981987)<\/span><\/a> 11\/03\/2025<\/p>\n<p style=\"text-align: justify;\">Prof. <a href=\"http:\/\/lattes.cnpq.br\/6636004090156914\" target=\"_blank\" rel=\"noopener\">M\u00e1rcio Silva de Souza<\/a>\u00a0 \u00a0\u2013 Subchefe do Departamento de Bot\u00e2nica (suplente) (<a id=\"anchor3339939\" class=\"infraArvoreNo\" href=\"https:\/\/sei.ufpel.edu.br\/sei\/controlador.php?acao=arvore_visualizar&amp;acao_origem=procedimento_visualizar&amp;id_procedimento=3304604&amp;id_documento=3339939&amp;infra_sistema=100000100&amp;infra_unidade_atual=110000218&amp;infra_hash=e1ec55eeee757eac8b646377fba9520a044d586278f92bd58aea5b222148f168\" target=\"ifrConteudoVisualizacao\"><span id=\"span3339939\" class=\"infraArvoreNoSelecionado\">Portaria 895 \/UFPEL (2983050)<\/span><\/a> 12\/03\/2025<\/p>\n<p style=\"text-align: justify;\">Profa. Monica Laner Blauth \u2013 Chefe do Departamento de Ecologia, Zoologia e Gen\u00e9tica (<a href=\"https:\/\/drive.google.com\/file\/d\/1R8v7KGMeD7-fq0CfZTdwsWIVtUdwfO3Z\/view?usp=sharing\" target=\"_blank\" rel=\"noopener\">Portaria N\u00ba 648<\/a>, de 18 de fevereiro de 2024 DOU; SEI 2537571;<a href=\"https:\/\/drive.google.com\/file\/d\/1CeIGgvbW5JCexMP6YwoO_G3hes7ZSFAc\/view?usp=sharing\" target=\"_blank\" rel=\"noopener\"> Portaria 767<\/a>, de 01 de mar\u00e7o de 2024 SEI 2540210)<\/p>\n<p>Profa. \u2013 Juliana Cordeiro Subchefe <span style=\"color: var(--cor-texto); font-family: var(--fonte-corpo);\">do Departamento de Ecologia, Zoologia e Gen\u00e9tica ( suplente) (<\/span><a style=\"font-family: var(--fonte-corpo);\" href=\"https:\/\/drive.google.com\/file\/d\/1XtQNv4QqYikidCz79rdH68ZbNuQ71mye\/view?usp=sharing\" target=\"_blank\" rel=\"noopener\">Portaria 768<\/a><span style=\"color: var(--cor-texto); font-family: var(--fonte-corpo);\">, de 01 de mar\u00e7o de 2024 SEI 2540212)<\/span><\/p>\n<p>Profa. <a href=\"http:\/\/lattes.cnpq.br\/8930869990070732\" target=\"_blank\" rel=\"noopener noreferrer\">Bruna Ferrary Deniz<\/a> \u2013 Chefe do Departamento de Fisiologia e Farmacologia \u00a0(Portaria de Pessoal N\u00ba 2304\/UFPEL, de 04 de julho de 2024) <a id=\"anchor2973660\" href=\"https:\/\/sei.ufpel.edu.br\/sei\/controlador.php?acao=arvore_visualizar&amp;acao_origem=procedimento_visualizar&amp;id_procedimento=2960021&amp;id_documento=2973660&amp;infra_sistema=100000100&amp;infra_unidade_atual=110000218&amp;infra_hash=497a8253cccf92631ff079c7b31f089592ff1e52e162d333c54608878563511c\" target=\"ifrVisualizacao\" rel=\"noopener\"><span id=\"span2973660\" class=\"infraArvoreNoVisitado\" title=\"Portaria 2303 (2651286)\">(<\/span><\/a><a id=\"anchor2975036\" href=\"https:\/\/sei.ufpel.edu.br\/sei\/controlador.php?acao=arvore_visualizar&amp;acao_origem=procedimento_visualizar&amp;id_procedimento=2960021&amp;id_documento=2975036&amp;infra_sistema=100000100&amp;infra_unidade_atual=110000218&amp;infra_hash=25d7873d2a0b5cb0e4330b33dbd803c8e39a31f6b7c157d9c818f67066d93893\" target=\"ifrVisualizacao\" rel=\"noopener\"><span id=\"span2975036\" class=\"\" title=\"Portaria 2304 (2652537)\">2652537<\/span><\/a>\u00a0e <a id=\"anchor2973603\" href=\"https:\/\/sei.ufpel.edu.br\/sei\/controlador.php?acao=arvore_visualizar&amp;acao_origem=procedimento_visualizar&amp;id_procedimento=2960021&amp;id_documento=2973603&amp;infra_sistema=100000100&amp;infra_unidade_atual=110000218&amp;infra_hash=ff49027dc8858e6aeab8973b42b99bcb21f8f2e1b6b0fa989bc0052ada46ead1\" target=\"ifrVisualizacao\" rel=\"noopener\"><span id=\"span2973603\" class=\"infraArvoreNoSelecionado\" title=\"Portaria 2197 DOU (2651238)\">Portaria 2197 DOU (2651238)<\/span><\/a><\/p>\n<p>Profa. <a href=\"http:\/\/lattes.cnpq.br\/0324276448445285\">Jucimara Baldissarelli<\/a> \u2013 Subchefe do Departamento de Fisiologia e Farmacologia (Portaria de Pessoal N\u00ba 2303\/UFPEL, de 03 de julho de 2024) <a id=\"anchor2973660\" href=\"https:\/\/sei.ufpel.edu.br\/sei\/controlador.php?acao=arvore_visualizar&amp;acao_origem=procedimento_visualizar&amp;id_procedimento=2960021&amp;id_documento=2973660&amp;infra_sistema=100000100&amp;infra_unidade_atual=110000218&amp;infra_hash=497a8253cccf92631ff079c7b31f089592ff1e52e162d333c54608878563511c\" target=\"ifrVisualizacao\" rel=\"noopener\"><span id=\"span2973660\" class=\"infraArvoreNoVisitado\" title=\"Portaria 2303 (2651286)\">(2651286)<\/span><\/a><\/p>\n<p>Profa. Isabel Oliveira de Oliveira &#8211; Chefe Substituto Eventual (<a id=\"anchor2018712\" href=\"https:\/\/sei.ufpel.edu.br\/sei\/publicacoes\/controlador_publicacoes.php?acao=publicacao_visualizar&amp;id_documento=1987842&amp;id_orgao_publicacao=0\" target=\"_blank\" rel=\"noopener\"><span id=\"span2018712\" title=\"Portaria 1430 (1789500)\">Portaria 1261 (<\/span><\/a><a class=\"ancoraPadraoAzul\" title=\"Portaria\" href=\"https:\/\/sei.ufpel.edu.br\/sei\/publicacoes\/controlador_publicacoes.php?acao=publicacao_visualizar&amp;id_documento=1987842&amp;id_orgao_publicacao=0\" target=\"_blank\" rel=\"noopener\">1761791<\/a>) 30\/06\/2022<\/p>\n<p>Prof. Albino Magalh\u00e3es Neto \u2013 Chefe do Departamento de Microbiologia e Parasitologia (DOU &#8211; Portaria de Pessoal N\u00ba 3.294\/UFPEL, de 1\u00ba de setembro de 2023 &#8211; SEI 2332270;\u00a0 Pr\u00f3-Tempore &#8211; PORTARIA DE PESSOAL N\u00ba 1.093\/UFPEL, DE 10 DE ABRIL DE 2023 , <a id=\"anchor2391524\" href=\"https:\/\/sei.ufpel.edu.br\/sei\/controlador.php?acao=arvore_visualizar&amp;acao_origem=procedimento_visualizar&amp;id_procedimento=2341853&amp;id_documento=2391524&amp;infra_sistema=100000100&amp;infra_unidade_atual=110000218&amp;infra_hash=064a5e2c86a9c0a1a7681f013cf053bd1dab71a8750ebad7a06dc3f97bb0095d\" target=\"ifrVisualizacao\" rel=\"noopener\"><span id=\"span2391524\" class=\"infraArvoreNoVisitado\" title=\"Portaria 1093 DOU (2123920)\">Portaria 1093 DOU (2123920);<\/span><\/a> <a id=\"anchor3740783\" class=\"infraArvoreNo\" href=\"https:\/\/sei.ufpel.edu.br\/sei\/controlador.php?acao=arvore_visualizar&amp;acao_origem=procedimento_visualizar&amp;id_procedimento=3695007&amp;id_documento=3740783&amp;infra_sistema=100000100&amp;infra_unidade_atual=110000218&amp;infra_hash=92690c494f00d027a9ade1e554d96f645c335e8845d303f844ca4cfadf29552d\" target=\"ifrConteudoVisualizacao\"><span id=\"span3740783\" class=\"infraArvoreNoSelecionado\">Portaria 6119 DOU (3347095)<\/span><\/a> Pro-tempore; <a id=\"anchor2391524\" href=\"https:\/\/sei.ufpel.edu.br\/sei\/controlador.php?acao=arvore_visualizar&amp;acao_origem=procedimento_visualizar&amp;id_procedimento=2341853&amp;id_documento=2391524&amp;infra_sistema=100000100&amp;infra_unidade_atual=110000218&amp;infra_hash=064a5e2c86a9c0a1a7681f013cf053bd1dab71a8750ebad7a06dc3f97bb0095d\" target=\"ifrVisualizacao\" rel=\"noopener\"><span id=\"span2391524\" class=\"infraArvoreNoVisitado\" title=\"Portaria 1093 DOU (2123920)\">Portaria 1093 DOU (2123920);<\/span><\/a> <a id=\"anchor3740791\" class=\"infraArvoreNo\" href=\"https:\/\/sei.ufpel.edu.br\/sei\/controlador.php?acao=arvore_visualizar&amp;acao_origem=procedimento_visualizar&amp;id_procedimento=3695007&amp;id_documento=3740791&amp;infra_sistema=100000100&amp;infra_unidade_atual=110000218&amp;infra_hash=0e101bb9bdeed97f7785be66d8364fea4db6a77bb2fdff2ba9f61a95b3eb511d\" target=\"ifrConteudoVisualizacao\"><span id=\"span3740791\" class=\"infraArvoreNoSelecionado\">Portaria 6125 DOU (3347103)<\/span><\/a> de 1\/10\/2025<\/p>\n<p style=\"text-align: justify;\">Profa. Daiane Drawanz Hartwig &#8211; Subchefe do Departamento de Microbiologia e Parasitologia (Portaria de Pessoal N\u00ba 3295\/UFPEL, de 01 de setembro de 2023 &#8211; SEI 2329902); <a id=\"anchor3743009\" class=\"infraArvoreNo\" href=\"https:\/\/sei.ufpel.edu.br\/sei\/controlador.php?acao=arvore_visualizar&amp;acao_origem=procedimento_visualizar&amp;id_procedimento=3695007&amp;id_documento=3743009&amp;infra_sistema=100000100&amp;infra_unidade_atual=110000218&amp;infra_hash=8f0fc7a7a1c7780a38d05f77d518c174f4b8d15605f3bde96c78c65ca58909b2\" target=\"ifrConteudoVisualizacao\"><span id=\"span3743009\" class=\"infraArvoreNoSelecionado\">Portaria 6153 (3349125)<\/span><\/a> de 3\/10\/2025; <a id=\"anchor3743007\" class=\"infraArvoreNo\" href=\"https:\/\/sei.ufpel.edu.br\/sei\/controlador.php?acao=arvore_visualizar&amp;acao_origem=procedimento_visualizar&amp;id_procedimento=3695007&amp;id_documento=3743007&amp;infra_sistema=100000100&amp;infra_unidade_atual=110000218&amp;infra_hash=140cd7986116325e4d9eb4961bc71907c3a2aa5fc7029c4311d6f0878c48e1d7\" target=\"ifrConteudoVisualizacao\"><span id=\"span3743007\" class=\"infraArvoreNoSelecionado\">Portaria 6152 (3349123)<\/span><\/a> &#8211; Pr\u00f3-tempore;\u00a0\u00a0<a id=\"anchor3740791\" class=\"infraArvoreNo\" href=\"https:\/\/sei.ufpel.edu.br\/sei\/controlador.php?acao=arvore_visualizar&amp;acao_origem=procedimento_visualizar&amp;id_procedimento=3695007&amp;id_documento=3740791&amp;infra_sistema=100000100&amp;infra_unidade_atual=110000218&amp;infra_hash=0e101bb9bdeed97f7785be66d8364fea4db6a77bb2fdff2ba9f61a95b3eb511d\" target=\"ifrConteudoVisualizacao\"><span id=\"span3740791\" class=\"infraArvoreNoSelecionado\">Portaria 6125 DOU (3347103)<\/span><\/a> de 3\/10\/2025; <a id=\"anchor3743009\" class=\"infraArvoreNo\" href=\"https:\/\/sei.ufpel.edu.br\/sei\/controlador.php?acao=arvore_visualizar&amp;acao_origem=procedimento_visualizar&amp;id_procedimento=3695007&amp;id_documento=3743009&amp;infra_sistema=100000100&amp;infra_unidade_atual=110000218&amp;infra_hash=8f0fc7a7a1c7780a38d05f77d518c174f4b8d15605f3bde96c78c65ca58909b2\" target=\"ifrConteudoVisualizacao\"><span id=\"span3743009\" class=\"infraArvoreNoSelecionado\">Portaria 6153 (3349125)<\/span><\/a> de 3\/10\/2025<\/p>\n<p style=\"text-align: justify;\">Prof.a. Ana Paula Nunes\u00a0 \u2013 Chefe do Departamento de Morfologia (Portaria de Pessoal n\u00b0. \u00a07269\/UFPEL, de 18 de dezembro de 2025, SEI 3571264)<\/p>\n<p>Prof. Mariana Soares Valen\u00e7a &#8211; Subchefe do Departamento de Morfologia (Portaria de Pessoal n\u00b0. 7269\/UFPEL, de 18 de dezembro de 2025, SEI 3573642)<\/p>\n<p style=\"text-align: justify;\">Profa. Beatriz Helena Gomes Rocha\u00a0 &#8211; \u00a0Coordenadora dos Cursos de Gradua\u00e7\u00e3o em Ci\u00eancias Biol\u00f3gicas (PORTARIA DE PESSOAL N\u00ba 309\/UFPEL, DE 30 DE JANEIRO DE 2026, <a id=\"anchor4050690\" class=\"infraArvoreNo\" href=\"https:\/\/sei.ufpel.edu.br\/sei\/controlador.php?acao=arvore_visualizar&amp;acao_origem=procedimento_visualizar&amp;id_procedimento=3918282&amp;id_documento=4050690&amp;infra_sistema=100000100&amp;infra_unidade_atual=110000218&amp;infra_hash=204506c3b6bf1a8b4d3a79302f608ef06ccfb77bade8ac68dc0209948320c605\" target=\"ifrConteudoVisualizacao\"><span id=\"span4050690\" class=\"infraArvoreNoSelecionado\">3629802<\/span><\/a>; <a href=\"https:\/\/docs.ufpel.edu.br\/index.php\/s\/T5WctQHAmP5aqqa\" target=\"_blank\" rel=\"noopener\">Portaria 2479<\/a>, de 24 de novembro de 2022, SEI <a class=\"ancoraPadraoAzul\" title=\"Portaria\" href=\"https:\/\/sei.ufpel.edu.br\/sei\/publicacoes\/controlador_publicacoes.php?acao=publicacao_visualizar&amp;id_documento=2205596&amp;id_orgao_publicacao=0\" target=\"_blank\" rel=\"noopener\">1957039<\/a>)\u00a0 Mandato de 14\/12\/2023 a nov\/2025, <a id=\"anchor2768930\" href=\"https:\/\/docs.ufpel.edu.br\/index.php\/s\/XfbIlDIhPLZ8bU5\" target=\"_blank\" rel=\"noopener\"><span id=\"span2768930\" title=\"Portaria 4622 (2465712)\">Portaria 46<\/span><\/a><a id=\"anchor2768930\" style=\"font-family: var(--fonte-corpo);\" href=\"https:\/\/sei.ufpel.edu.br\/sei\/controlador.php?acao=arvore_visualizar&amp;acao_origem=procedimento_visualizar&amp;id_procedimento=2764583&amp;id_documento=2768930&amp;infra_sistema=100000100&amp;infra_unidade_atual=110000218&amp;infra_hash=60fa0c1c8257bbc852f85b854459707c84a87a8ed19b00c6c010255d14a480b9\" target=\"ifrVisualizacao\" rel=\"noopener\"><span id=\"span2768930\" title=\"Portaria 4622 (2465712)\">\u00a0<\/span><\/a><a style=\"font-family: var(--fonte-corpo);\" href=\"https:\/\/sei.ufpel.edu.br\/sei\/controlador.php?acao=arvore_visualizar&amp;acao_origem=procedimento_visualizar&amp;id_procedimento=2764583&amp;id_documento=2768930&amp;infra_sistema=100000100&amp;infra_unidade_atual=110000218&amp;infra_hash=60fa0c1c8257bbc852f85b854459707c84a87a8ed19b00c6c010255d14a480b9\" target=\"ifrVisualizacao\" rel=\"noopener\"><span title=\"Portaria 4622 (2465712)\">22 DOU (2467074)<\/span><\/a> e <a id=\"anchor2770401\" style=\"font-family: var(--fonte-corpo);\" href=\"https:\/\/docs.ufpel.edu.br\/index.php\/s\/kreoHJJh3hDzrhT\" target=\"_blank\" rel=\"noopener\">\u00a0<span id=\"span2770401\" title=\"Portaria 4622 DOU (2467074)\">Portaria 4622 (2465712)<\/span><\/a>.<\/p>\n<p style=\"text-align: justify;\">Profa. Raquel L\u00fcdtke\u00a0 \u2013 \u00a0Coordenadora Adjunta dos Cursos de Gradua\u00e7\u00e3o em Ci\u00eancias Biol\u00f3gicas (PORTARIA DE PESSOAL N\u00ba 0327\/UFPEL, DE 03 DE FEVEREIRO DE 2026, <a id=\"anchor4054364\" class=\"infraArvoreNo\" href=\"https:\/\/sei.ufpel.edu.br\/sei\/controlador.php?acao=arvore_visualizar&amp;acao_origem=procedimento_visualizar&amp;id_procedimento=3918282&amp;id_documento=4054364&amp;infra_sistema=100000100&amp;infra_unidade_atual=110000218&amp;infra_hash=4e7b7337e122e160fb2ccf5c385b71bf6491c3f3ad8fbcb717f6b3ee4cc860fe\" target=\"ifrConteudoVisualizacao\"><span id=\"span4054364\" class=\"infraArvoreNoSelecionado\">3633068)<\/span><\/a><\/p>\n<p style=\"text-align: justify;\">Prof. Rafael Antunes Dias \u2013 Representante dos Cursos de P\u00f3s-Gradua\u00e7\u00e3o (Titular) (SEI <a id=\"anchor3106538\" href=\"https:\/\/sei.ufpel.edu.br\/sei\/controlador.php?acao=arvore_visualizar&amp;acao_origem=procedimento_visualizar&amp;id_procedimento=3106538&amp;infra_sistema=100000100&amp;infra_unidade_atual=110000218&amp;infra_hash=e17c75df85c7a12e4e7a3822dbfa0c855e2441909ab1431557675d72cfcccba1\" target=\"ifrVisualizacao\" rel=\"noopener\"><span id=\"span3106538\" class=\"\" title=\"Administra\u00e7\u00e3o Geral: Comunicados e Informes\">23110.030244\/2024-51<\/span><\/a>, 2771776) 02\/10\/2024<\/p>\n<p>\u00a0Prof. Paulo Cavalheiro Schenkel \u2013 Representante dos Cursos de P\u00f3s-Gradua\u00e7\u00e3o (Suplente) (SEI <a id=\"anchor3106538\" href=\"https:\/\/sei.ufpel.edu.br\/sei\/controlador.php?acao=arvore_visualizar&amp;acao_origem=procedimento_visualizar&amp;id_procedimento=3106538&amp;infra_sistema=100000100&amp;infra_unidade_atual=110000218&amp;infra_hash=e17c75df85c7a12e4e7a3822dbfa0c855e2441909ab1431557675d72cfcccba1\" target=\"ifrVisualizacao\" rel=\"noopener\"><span id=\"span3106538\" class=\"\" title=\"Administra\u00e7\u00e3o Geral: Comunicados e Informes\">23110.030244\/2024-51<\/span><\/a>, 2771776) 02\/10\/2024<\/p>\n<p style=\"text-align: justify;\">Prof. Cristiano Agra Iserhard \u2013 Chefe do Museu de Ci\u00eancias Naturais Carlos Ritter \u2013 Portaria N\u00ba 11251, de 29 de junho de 2022, SEI 1759676; Portaria de Pessoal N\u00ba 575\/UFPEL, de 1\u00ba de mar\u00e7o de 2023 &#8211; <a id=\"anchor2328069\" href=\"https:\/\/sei.ufpel.edu.br\/sei\/controlador.php?acao=arvore_visualizar&amp;acao_origem=procedimento_visualizar&amp;id_procedimento=2199898&amp;id_documento=2328069&amp;infra_sistema=100000100&amp;infra_unidade_atual=110000218&amp;infra_hash=86265fc75aa855a2876464378c0f3585caf7f265af04c5b2b78518af7782db29\" target=\"ifrVisualizacao\" rel=\"noopener\"><span id=\"span2328069\" class=\"infraArvoreNoVisitado\" title=\"Portaria DOU (2067614)\">\u00a02067614<\/span><\/a> e Portaria de Pessoal N\u00ba 575\/UFPEL, de 1\u00ba de mar\u00e7o de 2023, SEI 2067614) PORTARIA DE PESSOAL N\u00ba 0946\/UFPEL, DE 18 DE MAR\u00c7O DE 2025 (2990104)<\/p>\n<p style=\"text-align: justify;\">Prof. Luiz Ernesto Costa Schmidt \u2013 Subchefe do Museu de Ci\u00eancias Naturais Carlos Ritter \u2013 Portaria N\u00ba 11251, de 29 de junho de 2022, SEI 1759676; Portaria de Pessoal N\u00ba 575\/UFPEL, de 1\u00ba de mar\u00e7o de 2023 &#8211; <a id=\"anchor2328069\" href=\"https:\/\/sei.ufpel.edu.br\/sei\/controlador.php?acao=arvore_visualizar&amp;acao_origem=procedimento_visualizar&amp;id_procedimento=2199898&amp;id_documento=2328069&amp;infra_sistema=100000100&amp;infra_unidade_atual=110000218&amp;infra_hash=86265fc75aa855a2876464378c0f3585caf7f265af04c5b2b78518af7782db29\" target=\"ifrVisualizacao\" rel=\"noopener\"><span id=\"span2328069\" class=\"infraArvoreNoVisitado\" title=\"Portaria DOU (2067614)\">\u00a02067614<\/span><\/a> e Portaria de Pessoal N\u00ba 575\/UFPEL, de 1\u00ba de mar\u00e7o de 2023, SEI 2067614) PORTARIA DE PESSOAL N\u00ba 0958\/UFPEL, DE 19 DE MAR\u00c7O DE 2025 (2992381)<\/p>\n<p style=\"text-align: justify;\">Proa. Raquel L\u00fcdtke \u2013 Representante dos Professores Titulares (Titular) (<a href=\"https:\/\/docs.ufpel.edu.br\/index.php\/s\/UI0AiLhAlt8FrTf\" target=\"_blank\" rel=\"noopener\">Portaria 64, de 23 de abril de 2026<\/a>)<\/p>\n<p style=\"text-align: justify;\">Profa. Eugenia Jacira Bolacel Braga \u2013 Representante dos Professores Titulares (suplente) (Portaria Interna 43, SEI n\u00ba 2562694, 19\/03\/2024, primeiro mandato<a href=\"https:\/\/docs.ufpel.edu.br\/index.php\/s\/UI0AiLhAlt8FrTf\" target=\"_blank\" rel=\"noopener\"> e Portaria 64, de 23 de abril de 2026 segundo mandato<\/a>)<\/p>\n<p>Profa. Caroline Scherer \u2013 Representante dos Professores Associados (PORTARIA N\u00ba 57, DE 14 DE julho DE 2025 SEI 3152552)<\/p>\n<p style=\"text-align: justify;\">Profa. Juliana Aparecida Fernando \u2013 Representante dos Professores Associados (Suplente, PORTARIA N\u00ba 57, DE 14 DE julho DE 2025 SEI 3152552)<\/p>\n<p>Profa. Leda Margarida Castano Barrios \u2013 Representante dos Professores Adjuntos (Titular, Portaria 40, de 22 de junho de 2023, SEI 2228962)<\/p>\n<p style=\"text-align: justify;\">Profa. Nat\u00e1lia Berne Pinheiro \u2013 Representante dos Professores Adjuntos (Suplente, , Portaria 40, de 22 de junho de 2023, SEI 2228962)<\/p>\n<p style=\"text-align: justify;\">Bi\u00f3logo Felipe Diehl \u2013 Representante dos T\u00e9cnicos Administrativos (Titular) (Portaria Interna 82, 1536673. primeiro mandato e Portaria Interna 44, SEI n\u00ba 2562723) (19\/03\/2024)<\/p>\n<p style=\"text-align: justify;\">T\u00e9c. Lab. Luis Augusto Xavier Cruz\u00a0 \u2013 Representante dos T\u00e9cnicos Administrativos (Titular) (Portaria Interna 44, SEI n\u00ba 2562723) (19\/03\/2024)<\/p>\n<p style=\"text-align: justify;\">\u00a0Assist. Admin. Taiguer Henrique Silva Saraiva &#8211;\u00a0 Representante dos T\u00e9cnicos Administrativos (suplente) (Portaria Interna 44, SEI n\u00ba 2562723) (19\/03\/2024)<\/p>\n<p style=\"text-align: justify;\">Assist. Admin. Fabio da Silva Iriart \u2013 Representante dos T\u00e9cnicos Administrativos (suplente) (Portaria Interna 44, SEI n\u00ba 2562723) (19\/03\/2024)<\/p>\n<p style=\"text-align: justify;\"><span style=\"color: var(--cor-texto); font-family: var(--fonte-corpo);\">Acad\u00eamico Airan de Quevedo Fernandes &#8211; Representante Discente P\u00f3s-Gradua\u00e7\u00e3o (titular) (airanfernandes18@gmail.com) <a href=\"https:\/\/docs.ufpel.edu.br\/index.php\/s\/ZqDFMF97j5CCNbe\" target=\"_blank\" rel=\"noopener\">Portaria 65, de 27 de abril de 2026\u00a0<\/a><\/span><\/p>\n<p>Acad\u00eamica\u00a0 \u00a0Isabel Gomes Vieira &#8211; Representante Discente P\u00f3s-Gradua\u00e7\u00e3o (Suplente) (belgovieira@gmail.com) <a href=\"https:\/\/docs.ufpel.edu.br\/index.php\/s\/ZqDFMF97j5CCNbe\" target=\"_blank\" rel=\"noopener\">Portaria 65, de 27 de abril de 2026\u00a0<\/a><\/p>\n<p style=\"text-align: justify;\">Acad\u00eamica L\u00edvia Gaeversen Von Muhlen &#8211; Representante Discente Gradua\u00e7\u00e3o (titular) (livsgaeversenvm@gmail.com)<br \/>\nAcad\u00eamica Nicoli Pereira Presa &#8211; Representante Discente Gradua\u00e7\u00e3o (titular) (nick.pereira.presa.2005@gmail.com)<br \/>\nAcad\u00eamica Maria Morena Alaman Machado &#8211; Representante Discente Gradua\u00e7\u00e3o (suplente) (alamanmariamorena@gmail.com)<br \/>\nAcad\u00eamica Emily Duarte Klein Barbosa &#8211; Representante Discente Gradua\u00e7\u00e3o (suplente) (emilyduartek@gmail.com)<\/p>\n<p>&nbsp;<\/p>\n<p>&nbsp;<\/p>\n","protected":false},"excerpt":{"rendered":"<p>PORTARIA DE PESSOAL N\u00ba 5542\/UFPEL, DE 26 DE AGOSTO DE 2025 (3232403) Portaria 379, de 09 de fevereiro de 2023\u00a0\u00a0alterada pela Portaria de Pessoal 0558\/2023 de 27\/02\/2023 Portaria 957 de 26 de maio de 2022 &#8211; Revogada pela Portaria 379, de 09 de fevereiro de 2023\u00a0 Luiz Fernando Minello &#8211; Diretor e Presidente do Conselho [&hellip;]<\/p>\n","protected":false},"author":488,"featured_media":0,"parent":0,"menu_order":0,"comment_status":"closed","ping_status":"closed","template":"","meta":{"jetpack_post_was_ever_published":false,"footnotes":""},"class_list":["post-527","page","type-page","status-publish","hentry"],"jetpack_sharing_enabled":true,"jetpack_shortlink":"https:\/\/wp.me\/P6S2gY-8v","_links":{"self":[{"href":"https:\/\/wp.ufpel.edu.br\/ib\/wp-json\/wp\/v2\/pages\/527","targetHints":{"allow":["GET"]}}],"collection":[{"href":"https:\/\/wp.ufpel.edu.br\/ib\/wp-json\/wp\/v2\/pages"}],"about":[{"href":"https:\/\/wp.ufpel.edu.br\/ib\/wp-json\/wp\/v2\/types\/page"}],"author":[{"embeddable":true,"href":"https:\/\/wp.ufpel.edu.br\/ib\/wp-json\/wp\/v2\/users\/488"}],"replies":[{"embeddable":true,"href":"https:\/\/wp.ufpel.edu.br\/ib\/wp-json\/wp\/v2\/comments?post=527"}],"version-history":[{"count":3,"href":"https:\/\/wp.ufpel.edu.br\/ib\/wp-json\/wp\/v2\/pages\/527\/revisions"}],"predecessor-version":[{"id":6095,"href":"https:\/\/wp.ufpel.edu.br\/ib\/wp-json\/wp\/v2\/pages\/527\/revisions\/6095"}],"wp:attachment":[{"href":"https:\/\/wp.ufpel.edu.br\/ib\/wp-json\/wp\/v2\/media?parent=527"}],"curies":[{"name":"wp","href":"https:\/\/api.w.org\/{rel}","templated":true}]}}