{"id":523,"date":"2015-10-28T17:51:21","date_gmt":"2015-10-28T19:51:21","guid":{"rendered":"https:\/\/wp.ufpel.edu.br\/ib\/?page_id=523"},"modified":"2017-07-01T17:48:00","modified_gmt":"2017-07-01T20:48:00","slug":"cursos-de-graduacao-atendidos","status":"publish","type":"page","link":"https:\/\/wp.ufpel.edu.br\/ib\/cursos-de-graduacao-atendidos\/","title":{"rendered":"Cursos de gradua\u00e7\u00e3o de outras unidades acad\u00eamicas da UFPel atendidos pelo IB"},"content":{"rendered":"<p>Curso de Qu\u00edmica Forense<\/p>\n<p>Curso Bacharelado de Odontologia (400)<\/p>\n<p>Curso Bacharelado Terapia Ocupacional (7200)<\/p>\n<p>Curso Licenciatura em Dan\u00e7a (5320)<\/p>\n<p>Curso Bacharelado Medicina Veterin\u00e1ria (500)<\/p>\n<p>Curso Bacharelado Medicina (600)<\/p>\n<p>Curso Bacharelado Nutri\u00e7\u00e3o (1100)<\/p>\n<p>Curso Bacharelado Enfermagem (1200)<\/p>\n<p>Curso Bacharelado \u00a0Educa\u00e7\u00e3o F\u00edsica (810)<\/p>\n<p>Curso Licenciatura \u00a0Educa\u00e7\u00e3o F\u00edsica (840\/820)<\/p>\n<p>Curso Bacharelado Agronomia (100)<\/p>\n<p>Curso Bacharelado \u00a0Psicologia (6600)<\/p>\n<p>Curso Bacharelado Zootecnia (5800)<\/p>\n<p>Curso Bacharelado Medicina Veterin\u00e1ria (Turma Especial) (510)<\/p>\n<p>Curso Bacharelado Engenharia Ambiental e Sanit\u00e1ria (6200)<\/p>\n<p>Curso Bacharelado Qu\u00edmica Industrial (4440)<\/p>\n<p>Curso Bacharelado Engenharia Agr\u00edcola (700)<\/p>\n<p>Curso Bacharelado Farm\u00e1cia (7100)<\/p>\n<p>Curso Bacharelado Meteorologia (1800)<\/p>\n<p>&nbsp;<\/p>\n","protected":false},"excerpt":{"rendered":"<p>Curso de Qu\u00edmica Forense Curso Bacharelado de Odontologia (400) Curso Bacharelado Terapia Ocupacional (7200) Curso Licenciatura em Dan\u00e7a (5320) Curso Bacharelado Medicina Veterin\u00e1ria (500) Curso Bacharelado Medicina (600) Curso Bacharelado Nutri\u00e7\u00e3o (1100) Curso Bacharelado Enfermagem (1200) Curso Bacharelado \u00a0Educa\u00e7\u00e3o F\u00edsica (810) Curso Licenciatura \u00a0Educa\u00e7\u00e3o F\u00edsica (840\/820) Curso Bacharelado Agronomia (100) Curso Bacharelado \u00a0Psicologia (6600) Curso [&hellip;]<\/p>\n","protected":false},"author":488,"featured_media":0,"parent":0,"menu_order":0,"comment_status":"closed","ping_status":"closed","template":"","meta":{"jetpack_post_was_ever_published":false,"footnotes":""},"class_list":["post-523","page","type-page","status-publish","hentry"],"jetpack_sharing_enabled":true,"jetpack_shortlink":"https:\/\/wp.me\/P6S2gY-8r","_links":{"self":[{"href":"https:\/\/wp.ufpel.edu.br\/ib\/wp-json\/wp\/v2\/pages\/523","targetHints":{"allow":["GET"]}}],"collection":[{"href":"https:\/\/wp.ufpel.edu.br\/ib\/wp-json\/wp\/v2\/pages"}],"about":[{"href":"https:\/\/wp.ufpel.edu.br\/ib\/wp-json\/wp\/v2\/types\/page"}],"author":[{"embeddable":true,"href":"https:\/\/wp.ufpel.edu.br\/ib\/wp-json\/wp\/v2\/users\/488"}],"replies":[{"embeddable":true,"href":"https:\/\/wp.ufpel.edu.br\/ib\/wp-json\/wp\/v2\/comments?post=523"}],"version-history":[{"count":10,"href":"https:\/\/wp.ufpel.edu.br\/ib\/wp-json\/wp\/v2\/pages\/523\/revisions"}],"predecessor-version":[{"id":1062,"href":"https:\/\/wp.ufpel.edu.br\/ib\/wp-json\/wp\/v2\/pages\/523\/revisions\/1062"}],"wp:attachment":[{"href":"https:\/\/wp.ufpel.edu.br\/ib\/wp-json\/wp\/v2\/media?parent=523"}],"curies":[{"name":"wp","href":"https:\/\/api.w.org\/{rel}","templated":true}]}}