{"id":516,"date":"2015-10-27T00:13:02","date_gmt":"2015-10-27T02:13:02","guid":{"rendered":"https:\/\/wp.ufpel.edu.br\/ib\/?page_id=516"},"modified":"2025-06-24T19:43:12","modified_gmt":"2025-06-24T22:43:12","slug":"laboratorios-didaticos","status":"publish","type":"page","link":"https:\/\/wp.ufpel.edu.br\/ib\/laboratorios-didaticos\/","title":{"rendered":"Laborat\u00f3rios Did\u00e1ticos e de Pesquisa"},"content":{"rendered":"<p>Os laborat\u00f3rios did\u00e1ticos do <a href=\"https:\/\/wp.ufpel.edu.br\/nulab\/ib\/\" target=\"_blank\" rel=\"noopener\">Instituto de Biologia<\/a>\u00a0 est\u00e3o localizados nos seus Departamentos e \u00d3rg\u00e3os Suplementares no Campus Universit\u00e1rio do Cap\u00e3o do Le\u00e3o e nas depend\u00eancias do Departamento de Morfologia (Campus da Faculdade de Medicina &#8211; Avenida Duque de Caxias, 250 &#8211; Fragata, Pelotas). Esses laborat\u00f3rios est\u00e3o registrados no N\u00facleo Geral de Laborat\u00f3rios da UFPEL (<a href=\"https:\/\/wp.ufpel.edu.br\/nulab\/\" target=\"_blank\" rel=\"noopener\">NULAB<\/a>), sendo que, seus regimentos e demais documentos apresentados em suas respectivas p\u00e1ginas que se encontram em fase de atualiza\u00e7\u00e3o. Suas plantas de localiza\u00e7\u00e3o fornecidas pela PROPLAN est\u00e3o dispon\u00edveis na presente p\u00e1gina.<\/p>\n<p>Os laborat\u00f3rios do Instituto de Biologia listados no <a href=\"https:\/\/wp.ufpel.edu.br\/nulab\/\" target=\"_blank\" rel=\"noopener\">NULAB<\/a> est\u00e3o organizados da seguinte maneira:<\/p>\n<p><a href=\"https:\/\/wp.ufpel.edu.br\/nulab\/ib\/ciencias-biologicas-2\/\">Ci\u00eancias Biol\u00f3gicas<\/a><\/p>\n<p><a href=\"https:\/\/wp.ufpel.edu.br\/nulab\/ib\/departamento-de-botanica\/\" target=\"_blank\" rel=\"noopener\">Departamento de Bot\u00e2nica\u00a0<\/a><\/p>\n<p><a href=\"https:\/\/wp.ufpel.edu.br\/nulab\/ib\/departamento-de-ecologia-zoologia-e-genetica\/\">Departamento de Ecologia, Zoologia e Gen\u00e9tica<\/a><\/p>\n<p><a href=\"https:\/\/wp.ufpel.edu.br\/nulab\/ib\/departamento-de-fisiologia-e-farmacologia\/\">Departamento de Fisiologia e Farmacologia<\/a><\/p>\n<p><a href=\"https:\/\/wp.ufpel.edu.br\/nulab\/ib\/departamento-de-microbiologia-e-parasitologia\/\">Departamento de Microbiologia e Parasitologia<\/a><\/p>\n<p><a href=\"https:\/\/wp.ufpel.edu.br\/nulab\/ib\/departamento-de-morfologia\/\">Departamento de Morfologia<\/a><\/p>\n<p><span style=\"background-color: #ffff00;\">\u00a0A listagem geral de laborat\u00f3rios segue apresentada a seguir atrav\u00e9s de seus respectivos<em> links.<\/em><\/span><\/p>\n<p><a href=\"https:\/\/wp.me\/P6S2gY-1aW\" target=\"_blank\" rel=\"noopener\">Laborat\u00f3rio de Anatomia Vegetal<\/a> &#8211; DB<\/p>\n<p><a href=\"https:\/\/wp.me\/P6S2gY-1aZ\" target=\"_blank\" rel=\"noopener\">Laborat\u00f3rio de Cultura de Tecidos de Plantas Dr. Jos\u00e9 Antonio Peters<\/a> &#8211; DB<\/p>\n<p><a href=\"https:\/\/wp.me\/P6S2gY-1b2\" target=\"_blank\" rel=\"noopener\">Laborat\u00f3rio de Microscopia<\/a> &#8211; DB<\/p>\n<p><a href=\"https:\/\/wp.me\/P6S2gY-1b5\" target=\"_blank\" rel=\"noopener\">Laborat\u00f3rio de Ensino de Estereomicroscopia<\/a> &#8211; DB<\/p>\n<p><a href=\"https:\/\/wp.me\/P6S2gY-1b8\" target=\"_blank\" rel=\"noopener\">Laborat\u00f3rio de Sistem\u00e1tica de Faner\u00f3gamas<\/a> &#8211; DB<\/p>\n<p><a href=\"https:\/\/wp.me\/P6S2gY-1bb\" target=\"_blank\" rel=\"noopener\">Herb\u00e1rio PEL<\/a> &#8211; DB<\/p>\n<p><a href=\"https:\/\/wp.me\/P6S2gY-1be\" target=\"_blank\" rel=\"noopener\">Laborat\u00f3rio de Sistem\u00e1tica e Evolu\u00e7\u00e3o de Plantas<\/a> &#8211; DB<\/p>\n<p><a href=\"https:\/\/wp.me\/P6S2gY-1co\" target=\"_blank\" rel=\"noopener\">Laborat\u00f3rio de Ensino de Ci\u00eancias e Biologia(LENCIBIO)<\/a> &#8211; DB e DMP<\/p>\n<p><a href=\"https:\/\/wp.me\/P6S2gY-1bk\" target=\"_blank\" rel=\"noopener\">Laborat\u00f3rio de Nutri\u00e7\u00e3o de Plantas<\/a> &#8211; DB<\/p>\n<p><a href=\"https:\/\/wp.me\/P6S2gY-1bn\" target=\"_blank\" rel=\"noopener\">Laborat\u00f3rio de Fisiologia de Sementes<\/a> &#8211; DB<\/p>\n<p><a href=\"https:\/\/wp.me\/P6S2gY-1bq\" target=\"_blank\" rel=\"noopener\">Laborat\u00f3rio de Ecologia Vegetal Campestre<\/a> &#8211; DB<\/p>\n<p><a href=\"https:\/\/wp.me\/P6S2gY-1bt\" target=\"_blank\" rel=\"noopener\">Laborat\u00f3rio de Metabolismo Vegetal<\/a> &#8211; DB<\/p>\n<p><a href=\"https:\/\/wp.ufpel.edu.br\/ib\/laboratorios-didaticos\/laboratorio-de-cognicao-e-eletrofisiologia-vegetal-lacev\/\" target=\"_blank\" rel=\"noopener\">Laborat\u00f3rio de Cogni\u00e7\u00e3o e Eletrofisiologia Vegetal (LACEV)<\/a> &#8211; DB<\/p>\n<p><a href=\"https:\/\/wp.me\/P6S2gY-1bU\" target=\"_blank\" rel=\"noopener noreferrer\">Laborat\u00f3rio de Ensino I<\/a> &#8211; DFF<\/p>\n<p><a href=\"https:\/\/wp.me\/P6S2gY-1bX\" target=\"_blank\" rel=\"noopener noreferrer\">Laborat\u00f3rio de Ensino II &#8211; DFF<\/a> &#8211; DFF<\/p>\n<p><a href=\"https:\/\/wp.me\/P6S2gY-1aT\" target=\"_blank\" rel=\"noopener noreferrer\">Laborat\u00f3rio de Fisiologia Aplicada a Aquicultura (LAFAAq)<\/a> &#8211; DFF<\/p>\n<p><a href=\"https:\/\/wp.me\/P6S2gY-1c3\" target=\"_blank\" rel=\"noopener noreferrer\">Laborat\u00f3rio de Fisiologia Molecular<\/a> &#8211; DFF<\/p>\n<p><a href=\"https:\/\/wp.me\/P6S2gY-1c6\" target=\"_blank\" rel=\"noopener noreferrer\">Laborat\u00f3rio de\u00a0Neuropsicofarmacologia<\/a> &#8211; DFF<\/p>\n<p><a href=\"https:\/\/wp.ufpel.edu.br\/ib\/laboratorio-de-fisiologia-cardiovascular\/\" target=\"_blank\" rel=\"noopener\">Laborat\u00f3rio de Fisiologia Cardiovascular<\/a> &#8211; DFF<\/p>\n<p><a href=\"https:\/\/wp.me\/P6S2gY-1aQ\" target=\"_blank\" rel=\"noopener\">Laborat\u00f3rio de Diversidade Gen\u00e9tica e Evolu\u00e7\u00e3o (DIVERG)<\/a> &#8211; DEZG<\/p>\n<p><a href=\"https:\/\/wp.me\/P6S2gY-1bz\" target=\"_blank\" rel=\"noopener\">Laborat\u00f3rio de Gen\u00e9tica (LABGEN)<\/a> &#8211; DEZG<\/p>\n<p><a href=\"https:\/\/wp.me\/P6S2gY-1bC\" target=\"_blank\" rel=\"noopener\">Laborat\u00f3rio de Ecologia de Mam\u00edferos e Aves (LEMA)<\/a> &#8211; DEZG<\/p>\n<p><span style=\"color: var(--cor-texto); font-family: var(--fonte-corpo);\"><a href=\"https:\/\/wp.me\/P6S2gY-1bF\" target=\"_blank\" rel=\"noopener\">Laborat\u00f3rio de Evolu\u00e7\u00e3o e Gen\u00e9tica de Insetos (LEGIN)<\/a> &#8211; DEZG<\/span><\/p>\n<p><a href=\"https:\/\/wp.me\/P6S2gY-1bI\" target=\"_blank\" rel=\"noopener\">Laborat\u00f3rio de Zoologia de Vertebrados<\/a> &#8211; DEZG<\/p>\n<p><a href=\"https:\/\/wp.me\/P6S2gY-1bL\" target=\"_blank\" rel=\"noopener\">Laborat\u00f3rio de Zoologia de Invertebrados (INVERT)<\/a> &#8211; DEZG<\/p>\n<p><a href=\"https:\/\/wp.me\/P6S2gY-1bO\" target=\"_blank\" rel=\"noopener\">Laborat\u00f3rio de Comportamento e Ecologia de Formigas (LaCEF)<\/a> &#8211; DEZG<\/p>\n<p><a href=\"https:\/\/wp.me\/P6S2gY-1bR\" target=\"_blank\" rel=\"noopener\">Laborat\u00f3rio de Ecologia de Lepidoptera (LELep)<\/a> &#8211; DEZG<\/p>\n<p><a href=\"https:\/\/wp.me\/P6S2gY-1cY\" target=\"_blank\" rel=\"noopener\">Laborat\u00f3rio de Aulas Pr\u00e1ticas de Parasitologia<\/a> &#8211; DMP<\/p>\n<p><a href=\"https:\/\/wp.me\/P6S2gY-1cc\" target=\"_blank\" rel=\"noopener\">Laborat\u00f3rio de Bacteriologia e Bioensaios (LaBBio)<\/a> &#8211; DMP<\/p>\n<p><a href=\"https:\/\/wp.me\/P6S2gY-1cf\" target=\"_blank\" rel=\"noopener\">Laborat\u00f3rio de Biologia de Insetos<\/a> &#8211; DMP<\/p>\n<p><a href=\"https:\/\/wp.me\/P6S2gY-1ci\" target=\"_blank\" rel=\"noopener\">Laborat\u00f3rio de Biologia Molecular de Micro-Organismos (LBMM)<\/a> &#8211; DMP<\/p>\n<p><a href=\"https:\/\/wp.me\/P6S2gY-1cl\" target=\"_blank\" rel=\"noopener\">Laborat\u00f3rio de Ecologia de Parasitos e Vetores (LEPAV)<\/a> &#8211; DMP<\/p>\n<p><a href=\"https:\/\/wp.me\/P6S2gY-1cr\" target=\"_blank\" rel=\"noopener\">Laborat\u00f3rio Gen\u00e9tica de Microrganismos<\/a> &#8211; DMP<\/p>\n<p><a href=\"https:\/\/wp.me\/P6S2gY-1cu\" target=\"_blank\" rel=\"noopener\">Laborat\u00f3rio de Helmintos<\/a> &#8211; DMP<\/p>\n<p><a href=\"https:\/\/wp.me\/P6S2gY-1cx\" target=\"_blank\" rel=\"noopener\">Laborat\u00f3rio de Micologia<\/a> &#8211; DMP<\/p>\n<p><a href=\"https:\/\/wp.me\/P6S2gY-1cA\" target=\"_blank\" rel=\"noopener\">Laborat\u00f3rio de Micologia e Bioprospec\u00e7\u00e3o<\/a> &#8211; DMP<\/p>\n<p><a href=\"https:\/\/wp.me\/P6S2gY-1cD\" target=\"_blank\" rel=\"noopener\">Laborat\u00f3rio de Microbiologia<\/a> &#8211; DMP<\/p>\n<p><a href=\"https:\/\/wp.me\/P6S2gY-1cG\" target=\"_blank\" rel=\"noopener\">Laborat\u00f3rio de Microbiologia Ambiental<\/a> &#8211; DMP<\/p>\n<p><a href=\"https:\/\/wp.me\/P6S2gY-1cJ\" target=\"_blank\" rel=\"noopener\">Laborat\u00f3rio de Microbiologia Aplicada<\/a> &#8211; DMP<\/p>\n<p><a href=\"https:\/\/wp.me\/P6S2gY-1cM\" target=\"_blank\" rel=\"noopener\">Laborat\u00f3rio de Parasitologia<\/a> &#8211; DMP<\/p>\n<p><a href=\"https:\/\/wp.me\/P6S2gY-1cP\" target=\"_blank\" rel=\"noopener\">Laborat\u00f3rio de Parasitologia de Animais Silvestres (LAPASIL)<\/a> &#8211; DMP<\/p>\n<p><a href=\"https:\/\/wp.me\/P6S2gY-1cS\" target=\"_blank\" rel=\"noopener\">Laborat\u00f3rio de Parasitologia Humana<\/a> &#8211; DMP<\/p>\n<p><a href=\"https:\/\/wp.me\/P6S2gY-1cV\" target=\"_blank\" rel=\"noopener\">Laborat\u00f3rio de Preparo de Aulas Pr\u00e1ticas de Microbiologia<\/a> &#8211; DMP<\/p>\n<p><a href=\"https:\/\/wp.me\/P6S2gY-1c9\" target=\"_blank\" rel=\"noopener\">Laborat\u00f3rio de Preparo de Aulas Pr\u00e1ticas de Parasitologia<\/a> &#8211; DMP<\/p>\n<p><a href=\"https:\/\/wp.me\/P6S2gY-1d1\" target=\"_blank\" rel=\"noopener\">Laborat\u00f3rio de T\u00e9cnicas Imunomoleculares<\/a> &#8211; DMP<\/p>\n<p><a href=\"https:\/\/wp.me\/P6S2gY-1d4\" target=\"_blank\" rel=\"noopener\">Laborat\u00f3rio de Cultivo e Neuromodula\u00e7\u00e3o Celular (NeuroCell)<\/a> &#8211; DM e DFF<\/p>\n<p><a href=\"https:\/\/wp.me\/P6S2gY-1d7\" target=\"_blank\" rel=\"noopener\">Laborat\u00f3rio Anat\u00f4mico<\/a> &#8211; DM<\/p>\n<p><a href=\"https:\/\/wp.me\/P6S2gY-1da\" target=\"_blank\" rel=\"noopener\">Laborat\u00f3rio de Prepara\u00e7\u00e3o de Biologia Celular, Histologia e Anatomia do Desenvolvimento<\/a> &#8211; DM<\/p>\n<p><a href=\"https:\/\/wp.me\/P6S2gY-1dd\" target=\"_blank\" rel=\"noopener\">Salas de Aulas Pr\u00e1ticas<\/a> &#8211; DM<\/p>\n<p><a href=\"https:\/\/wp.me\/P6S2gY-1dg\" target=\"_blank\" rel=\"noopener\">Laborat\u00f3rio de Captura de Imagens<\/a> &#8211; DM<\/p>\n<p><a href=\"https:\/\/wp.me\/P6S2gY-1dj\" target=\"_blank\" rel=\"noopener\">Laborat\u00f3rio de Biologia Celular<\/a> &#8211; DM<\/p>\n<p><a href=\"https:\/\/wp.me\/P6S2gY-1i4\" target=\"_blank\" rel=\"noopener\">Laborat\u00f3rios de Anatomia Animal &#8211; DM<\/a><\/p>\n<p><a href=\"https:\/\/wp.me\/P6S2gY-1ig\" target=\"_blank\" rel=\"noopener\">Oss\u00e1rio e Laborat\u00f3rio de Osteot\u00e9cnicas \u2013 Lab 8 &#8211; Predio 24 \/IB &#8211; DM<\/a><\/p>\n<p><a href=\"https:\/\/wp.me\/P6S2gY-1il\" target=\"_blank\" rel=\"noopener\">Laborat\u00f3rio de Disseca\u00e7\u00e3o de Pequenos Animais \u2013 Lab 10- pr\u00e9dio 24\/IB &#8211; DM<\/a><\/p>\n<p><a href=\"https:\/\/wp.me\/P6S2gY-1is\" target=\"_blank\" rel=\"noopener\">Laborat\u00f3rio de P\u00f3s-Gradua\u00e7\u00e3o e Pesquisa em Morfologia Funcional e Parasitologia de Animais Aqu\u00e1ticos \u2013 Lab 9 \u2013 pr\u00e9dio 24\/IB &#8211; DM<\/a><\/p>\n<p><a href=\"https:\/\/wp.me\/P6S2gY-1ix\" target=\"_blank\" rel=\"noopener\">Laborat\u00f3rio para Aula-pr\u00e1ticas das disciplinas de Anatomia dos Animais Dom\u00e9sticos e de Produ\u00e7\u00e3o I \u2013 Estruturas Musculoesquel\u00e9ticas de Pequenos e Grandes Animais \u2013 Lab 11, pr\u00e9dio 24, IB &#8211; DM<\/a><\/p>\n<p><a href=\"https:\/\/wp.me\/P6S2gY-1iE\" target=\"_blank\" rel=\"noopener\">Laborat\u00f3rio de Disseca\u00e7\u00e3o de Pequenos Animais e Cuba de Formol (elevador), pr\u00e9dio 24 \/IB &#8211; DM<\/a><\/p>\n<p><a href=\"https:\/\/wp.me\/P6S2gY-1iI\" target=\"_blank\" rel=\"noopener\">Laborat\u00f3rio de Disseca\u00e7\u00e3o de Grandes Animais e C\u00e2mara-Fria, pr\u00e9dio 20 \/IB &#8211; DM<\/a><\/p>\n<p><a href=\"https:\/\/wp.me\/P6S2gY-1iN\" target=\"_blank\" rel=\"noopener\">Sala de Cubas e Disseca\u00e7\u00e3o de Grandes Animais \u2013 Predio 20 \/IB &#8211; DM<\/a><\/p>\n<p>DFF &#8211; <a href=\"https:\/\/drive.google.com\/file\/d\/10wkMiM7CKW63YpnNxfUJPdjyOyBfR9_J\/view?usp=sharing\" target=\"_blank\" rel=\"noopener\">1<\/a>, <a href=\"https:\/\/drive.google.com\/file\/d\/1SuKG2I4GEs1w8GtajDhDR7msvCmdnmL0\/view?usp=sharing\" target=\"_blank\" rel=\"noopener\">1A<\/a>,<\/p>\n<p>DB &#8211; <a href=\"https:\/\/drive.google.com\/file\/d\/1uCiafiVTa17NcbbPfFKpB39t-Ye8xF6c\/view?usp=sharing\" target=\"_blank\" rel=\"noopener\">1<\/a>, <a href=\"https:\/\/drive.google.com\/file\/d\/1fmotj0UrYx5vG1xVLyLxFcgJeYgoKvoh\/view?usp=sharing\" target=\"_blank\" rel=\"noopener\">1A<\/a>,<\/p>\n<p>DMP &#8211; <a href=\"https:\/\/drive.google.com\/file\/d\/1A9gOgaG7W5lQzE4oh4HbZQUkqyg2KHnN\/view?usp=sharing\" target=\"_blank\" rel=\"noopener\">1<\/a>, <a href=\"https:\/\/drive.google.com\/file\/d\/1Fyt6341j57QqNJdro3o7pdHwuKjTqwL0\/view?usp=sharing\" target=\"_blank\" rel=\"noopener\">1A<\/a>,<\/p>\n<p>DEZG &#8211; <a href=\"https:\/\/drive.google.com\/file\/d\/1vhxH8_-cJw9G_jMU8OGQU2b5D9R03elF\/view?usp=sharing\" target=\"_blank\" rel=\"noopener\">1<\/a>,<\/p>\n<p>DM &#8211; <a href=\"https:\/\/drive.google.com\/file\/d\/1_3YHvdznmPuI_K1isiCMahhnUeu2RSM1\/view?usp=sharing\" target=\"_blank\" rel=\"noopener\">1<\/a>, <a href=\"https:\/\/drive.google.com\/file\/d\/15CTemhlRCXmoRenjhqdzZgHHteB7PKVu\/view?usp=sharing\" target=\"_blank\" rel=\"noopener\">1A<\/a><\/p>\n<p><a href=\"https:\/\/drive.google.com\/file\/d\/1oVRJemy3UkKB1B9dZXAg0KhD5zz7aUdc\/view?usp=sharing\" target=\"_blank\" rel=\"noopener\">Biotecnologia<\/a><\/p>\n<p><a href=\"https:\/\/drive.google.com\/file\/d\/15CTemhlRCXmoRenjhqdzZgHHteB7PKVu\/view?usp=sharing\" target=\"_blank\" rel=\"noopener\">Biot\u00e9rio antigo<\/a><\/p>\n","protected":false},"excerpt":{"rendered":"<p>Os laborat\u00f3rios did\u00e1ticos do Instituto de Biologia\u00a0 est\u00e3o localizados nos seus Departamentos e \u00d3rg\u00e3os Suplementares no Campus Universit\u00e1rio do Cap\u00e3o do Le\u00e3o e nas depend\u00eancias do Departamento de Morfologia (Campus da Faculdade de Medicina &#8211; Avenida Duque de Caxias, 250 &#8211; Fragata, Pelotas). Esses laborat\u00f3rios est\u00e3o registrados no N\u00facleo Geral de Laborat\u00f3rios da UFPEL (NULAB), [&hellip;]<\/p>\n","protected":false},"author":488,"featured_media":0,"parent":0,"menu_order":0,"comment_status":"closed","ping_status":"closed","template":"","meta":{"jetpack_post_was_ever_published":false,"footnotes":""},"class_list":["post-516","page","type-page","status-publish","hentry"],"jetpack_sharing_enabled":true,"jetpack_shortlink":"https:\/\/wp.me\/P6S2gY-8k","_links":{"self":[{"href":"https:\/\/wp.ufpel.edu.br\/ib\/wp-json\/wp\/v2\/pages\/516","targetHints":{"allow":["GET"]}}],"collection":[{"href":"https:\/\/wp.ufpel.edu.br\/ib\/wp-json\/wp\/v2\/pages"}],"about":[{"href":"https:\/\/wp.ufpel.edu.br\/ib\/wp-json\/wp\/v2\/types\/page"}],"author":[{"embeddable":true,"href":"https:\/\/wp.ufpel.edu.br\/ib\/wp-json\/wp\/v2\/users\/488"}],"replies":[{"embeddable":true,"href":"https:\/\/wp.ufpel.edu.br\/ib\/wp-json\/wp\/v2\/comments?post=516"}],"version-history":[{"count":45,"href":"https:\/\/wp.ufpel.edu.br\/ib\/wp-json\/wp\/v2\/pages\/516\/revisions"}],"predecessor-version":[{"id":5626,"href":"https:\/\/wp.ufpel.edu.br\/ib\/wp-json\/wp\/v2\/pages\/516\/revisions\/5626"}],"wp:attachment":[{"href":"https:\/\/wp.ufpel.edu.br\/ib\/wp-json\/wp\/v2\/media?parent=516"}],"curies":[{"name":"wp","href":"https:\/\/api.w.org\/{rel}","templated":true}]}}