{"id":5009,"date":"2024-04-24T15:40:38","date_gmt":"2024-04-24T18:40:38","guid":{"rendered":"https:\/\/wp.ufpel.edu.br\/ib\/?page_id=5009"},"modified":"2024-04-24T15:42:56","modified_gmt":"2024-04-24T18:42:56","slug":"sala-de-cubas-e-dissecacao-de-grandes-animais-predio-20-ib","status":"publish","type":"page","link":"https:\/\/wp.ufpel.edu.br\/ib\/sala-de-cubas-e-dissecacao-de-grandes-animais-predio-20-ib\/","title":{"rendered":"Sala de Cubas e Disseca\u00e7\u00e3o de Grandes Animais \u2013 Predio 20 \/IB"},"content":{"rendered":"<p>Respons\u00e1vel: Profa. Ana Valente, trabalham tamb\u00e9m Prof. Tony Silveira e Prof. Althen Teixeira, e Tecn Wanderley Ara\u00fajo.<br \/>\nSala que comporta caixas de fibra com formol a 10% onde s\u00e3o estocados cad\u00e1veres de animais de grande porte. Na \u00e1rea central disp\u00f5e de duas cubas retangulares e azulejadas com grande capacidade volum\u00e9trica, principalmente para a conserva\u00e7\u00e3o de membros equinos e bovinos, ou parte deles. Nesta sala tamb\u00e9m tem \u00e1rea de lavagem de material, e nela tamb\u00e9m \u00e9 feito, eventualmente, fervura controlada para limpeza de ossos.<\/p>\n<p style=\"text-align: center;\"><a href=\"https:\/\/wp.ufpel.edu.br\/ib\/files\/2024\/04\/sala-de-cubas.jpg\"><img class=\"alignnone size-medium wp-image-5012\" src=\"https:\/\/wp.ufpel.edu.br\/ib\/files\/2024\/04\/sala-de-cubas-400x310.jpg\" alt=\"\" width=\"400\" height=\"310\" srcset=\"https:\/\/wp.ufpel.edu.br\/ib\/files\/2024\/04\/sala-de-cubas-400x310.jpg 400w, https:\/\/wp.ufpel.edu.br\/ib\/files\/2024\/04\/sala-de-cubas.jpg 624w\" sizes=\"(max-width: 400px) 100vw, 400px\" \/><\/a><\/p>\n","protected":false},"excerpt":{"rendered":"<p>Respons\u00e1vel: Profa. Ana Valente, trabalham tamb\u00e9m Prof. Tony Silveira e Prof. Althen Teixeira, e Tecn Wanderley Ara\u00fajo. Sala que comporta caixas de fibra com formol a 10% onde s\u00e3o estocados cad\u00e1veres de animais de grande porte. Na \u00e1rea central disp\u00f5e de duas cubas retangulares e azulejadas com grande capacidade volum\u00e9trica, principalmente para a conserva\u00e7\u00e3o de [&hellip;]<\/p>\n","protected":false},"author":488,"featured_media":0,"parent":0,"menu_order":0,"comment_status":"closed","ping_status":"closed","template":"","meta":{"jetpack_post_was_ever_published":false,"footnotes":""},"class_list":["post-5009","page","type-page","status-publish","hentry"],"jetpack_sharing_enabled":true,"jetpack_shortlink":"https:\/\/wp.me\/P6S2gY-1iN","_links":{"self":[{"href":"https:\/\/wp.ufpel.edu.br\/ib\/wp-json\/wp\/v2\/pages\/5009","targetHints":{"allow":["GET"]}}],"collection":[{"href":"https:\/\/wp.ufpel.edu.br\/ib\/wp-json\/wp\/v2\/pages"}],"about":[{"href":"https:\/\/wp.ufpel.edu.br\/ib\/wp-json\/wp\/v2\/types\/page"}],"author":[{"embeddable":true,"href":"https:\/\/wp.ufpel.edu.br\/ib\/wp-json\/wp\/v2\/users\/488"}],"replies":[{"embeddable":true,"href":"https:\/\/wp.ufpel.edu.br\/ib\/wp-json\/wp\/v2\/comments?post=5009"}],"version-history":[{"count":2,"href":"https:\/\/wp.ufpel.edu.br\/ib\/wp-json\/wp\/v2\/pages\/5009\/revisions"}],"predecessor-version":[{"id":5013,"href":"https:\/\/wp.ufpel.edu.br\/ib\/wp-json\/wp\/v2\/pages\/5009\/revisions\/5013"}],"wp:attachment":[{"href":"https:\/\/wp.ufpel.edu.br\/ib\/wp-json\/wp\/v2\/media?parent=5009"}],"curies":[{"name":"wp","href":"https:\/\/api.w.org\/{rel}","templated":true}]}}