{"id":5000,"date":"2024-04-24T15:32:11","date_gmt":"2024-04-24T18:32:11","guid":{"rendered":"https:\/\/wp.ufpel.edu.br\/ib\/?page_id=5000"},"modified":"2024-04-24T15:32:46","modified_gmt":"2024-04-24T18:32:46","slug":"laboratorio-de-dissecacao-de-pequenos-animais-e-cuba-de-formol-elevador-predio-24-ib","status":"publish","type":"page","link":"https:\/\/wp.ufpel.edu.br\/ib\/laboratorio-de-dissecacao-de-pequenos-animais-e-cuba-de-formol-elevador-predio-24-ib\/","title":{"rendered":"Laborat\u00f3rio de Disseca\u00e7\u00e3o de Pequenos Animais e Cuba de Formol (elevador), pr\u00e9dio 24 \/IB"},"content":{"rendered":"<p>Respons\u00e1vel: Prof. Althen Teixeira Filho, atuam tamb\u00e9m Profa. Ana Valente, Tony Silveira e tecn. Wanderley Araujo<br \/>\nLaborat\u00f3rio destinado a manuten\u00e7\u00e3o de pe\u00e7as anat\u00f4micas de pequenos animais mantidas em pequenas cubas com formolina 10%, e pe\u00e7as maiores em tanque grande com solu\u00e7\u00e3o de formalina com sistema de mesas suspensas acionadas por motor para eleva\u00e7\u00e3o. Tem \u00e1rea de lavagem de pe\u00e7as, constantemente \u00famida.<br \/>\nConta com bancada em inox e serra el\u00e9trica de fita. Local onde os cad\u00e1veres s\u00e3o lavados e seccionados conforme interesse.<\/p>\n<p style=\"text-align: center;\"><a href=\"https:\/\/wp.ufpel.edu.br\/ib\/files\/2024\/04\/disseccao-e-cuba.jpg\"><img class=\"alignnone size-medium wp-image-5002\" src=\"https:\/\/wp.ufpel.edu.br\/ib\/files\/2024\/04\/disseccao-e-cuba-400x400.jpg\" alt=\"\" width=\"400\" height=\"400\" srcset=\"https:\/\/wp.ufpel.edu.br\/ib\/files\/2024\/04\/disseccao-e-cuba-400x400.jpg 400w, https:\/\/wp.ufpel.edu.br\/ib\/files\/2024\/04\/disseccao-e-cuba-1024x1024.jpg 1024w, https:\/\/wp.ufpel.edu.br\/ib\/files\/2024\/04\/disseccao-e-cuba-200x200.jpg 200w, https:\/\/wp.ufpel.edu.br\/ib\/files\/2024\/04\/disseccao-e-cuba-768x768.jpg 768w, https:\/\/wp.ufpel.edu.br\/ib\/files\/2024\/04\/disseccao-e-cuba.jpg 1281w\" sizes=\"(max-width: 400px) 100vw, 400px\" \/><\/a><\/p>\n","protected":false},"excerpt":{"rendered":"<p>Respons\u00e1vel: Prof. Althen Teixeira Filho, atuam tamb\u00e9m Profa. Ana Valente, Tony Silveira e tecn. Wanderley Araujo Laborat\u00f3rio destinado a manuten\u00e7\u00e3o de pe\u00e7as anat\u00f4micas de pequenos animais mantidas em pequenas cubas com formolina 10%, e pe\u00e7as maiores em tanque grande com solu\u00e7\u00e3o de formalina com sistema de mesas suspensas acionadas por motor para eleva\u00e7\u00e3o. Tem \u00e1rea [&hellip;]<\/p>\n","protected":false},"author":488,"featured_media":0,"parent":0,"menu_order":0,"comment_status":"closed","ping_status":"closed","template":"","meta":{"jetpack_post_was_ever_published":false,"footnotes":""},"class_list":["post-5000","page","type-page","status-publish","hentry"],"jetpack_sharing_enabled":true,"jetpack_shortlink":"https:\/\/wp.me\/P6S2gY-1iE","_links":{"self":[{"href":"https:\/\/wp.ufpel.edu.br\/ib\/wp-json\/wp\/v2\/pages\/5000","targetHints":{"allow":["GET"]}}],"collection":[{"href":"https:\/\/wp.ufpel.edu.br\/ib\/wp-json\/wp\/v2\/pages"}],"about":[{"href":"https:\/\/wp.ufpel.edu.br\/ib\/wp-json\/wp\/v2\/types\/page"}],"author":[{"embeddable":true,"href":"https:\/\/wp.ufpel.edu.br\/ib\/wp-json\/wp\/v2\/users\/488"}],"replies":[{"embeddable":true,"href":"https:\/\/wp.ufpel.edu.br\/ib\/wp-json\/wp\/v2\/comments?post=5000"}],"version-history":[{"count":1,"href":"https:\/\/wp.ufpel.edu.br\/ib\/wp-json\/wp\/v2\/pages\/5000\/revisions"}],"predecessor-version":[{"id":5003,"href":"https:\/\/wp.ufpel.edu.br\/ib\/wp-json\/wp\/v2\/pages\/5000\/revisions\/5003"}],"wp:attachment":[{"href":"https:\/\/wp.ufpel.edu.br\/ib\/wp-json\/wp\/v2\/media?parent=5000"}],"curies":[{"name":"wp","href":"https:\/\/api.w.org\/{rel}","templated":true}]}}