{"id":5,"date":"2015-03-14T00:44:52","date_gmt":"2015-03-14T03:44:52","guid":{"rendered":"https:\/\/wp.ufpel.edu.br\/ib\/?page_id=5"},"modified":"2025-07-03T11:28:56","modified_gmt":"2025-07-03T14:28:56","slug":"historico","status":"publish","type":"page","link":"https:\/\/wp.ufpel.edu.br\/ib\/historico\/","title":{"rendered":"Hist\u00f3rico"},"content":{"rendered":"<p>As ra\u00edzes do Instituto de Biologia encontram-se na centen\u00e1ria Escola de Agronomia Eliseu Maciel e nas Faculdades de Medicina, Veterin\u00e1ria e Odontologia. Em 1969, com a cria\u00e7\u00e3o da Universidade Federal de Pelotas, contando com a participa\u00e7\u00e3o de docentes das referidas faculdades, o Instituto de Biologia assumiu sua atual estrutura organizacional. Hoje \u00e9 composto por cinco departamentos &#8211; Bot\u00e2nica; Ecologia, Zoologia e Gen\u00e9tica; Morfologia; Microbiologia e Parasitologia; Fisiologia e Farmacologia &#8211; e quatro \u00f3rg\u00e3os suplementares &#8211;\u00a0Herb\u00e1rio PEL, Horto Bot\u00e2nico Irm\u00e3o Teodoro Luis, Museu de Ci\u00eancias Naturais Carlos Ritter e N\u00facleo de Reabilita\u00e7\u00e3o da Fauna Silvestre.<\/p>\n<p>As atividades acad\u00eamicas do Instituto se concentram no atendimento \u00e0s disciplinas do n\u00facleo b\u00e1sico dos cursos de gradua\u00e7\u00e3o em Agronomia, Dan\u00e7a, Educa\u00e7\u00e3o F\u00edsica, Enfermagem, Engenharia Ambiental e Sanit\u00e1ria, Engenharia Agr\u00edcola, Engenharia Industrial Madeireira, Farm\u00e1cia, Medicina, Medicina Veterin\u00e1ria, Meteorologia, Odontologia, Nutri\u00e7\u00e3o, Psicologia, Terapia Ocupacional e Zootecnia.<\/p>\n<p>No primeiro semestre de 1995, com a implanta\u00e7\u00e3o do curso de Ci\u00eancias Biol\u00f3gicas, a Unidade passou a ter seu primeiro curso de gradua\u00e7\u00e3o. A partir do ano de 2003, o Curso de Ci\u00eancias Biol\u00f3gicas foi dividido em Bacharelado em Ci\u00eancias Biol\u00f3gicas e Licenciatura em Ci\u00eancias Biol\u00f3gicas.<\/p>\n<p>No ano de 1996, o Instituto passou a ofertar o curso Mestrado em Fisiologia Vegetal junto ao Departamento de Bot\u00e2nica, que abriu seu Doutorado em 2004 como resultado de coopera\u00e7\u00e3o entre a Universidade Federal de Pelotas e o Centro de Pesquisa Embrapa Clima Temperado. No ano de 2004, foi criado o curso de Mestrado em Parasitologia, junto ao Departamento de Microbiologia e Parasitologia que, em 2009, aprovou a cria\u00e7\u00e3o do seu Doutorado. Em 2013, foi criado o curso Mestrado em Entomologia, associado aos departamentos de Microbiologia e Parasitologia e Ecologia, Zoologia e Gen\u00e9tica e o Departamento de Fitossanidade (Faculdade de Agronomia Eliseu Maciel). Em 2015, foi aberto o curso de Mestrado em Biologia Animal, que re\u00fane docentes dos departamentos de Ecologia, Zoologia e Gen\u00e9tica, Morfologia e Fisiologia e Farmacologia.<\/p>\n<p>Um pouco mais da hist\u00f3ria do Instituto de Biologia pode ser visto no <a href=\"http:\/\/guaiaca.ufpel.edu.br\/xmlui\/handle\/prefix\/14595\" target=\"_blank\" rel=\"noopener\">e-book<\/a> U<a href=\"https:\/\/drive.google.com\/file\/d\/1nW2miQInzzalukhdVYq06BiGXy3Dt8l6\/view?usp=sharing\" target=\"_blank\" rel=\"noopener\">FPel 55 anos de hist\u00f3ria, desafios e supera\u00e7\u00f5es\u00a0<\/a> (P\u00e1gina 525 em diante &#8211; (UM BREVE HIST\u00d3RICO DO INSTITUTO DE BIOLOGIA).<\/p>\n","protected":false},"excerpt":{"rendered":"<p>As ra\u00edzes do Instituto de Biologia encontram-se na centen\u00e1ria Escola de Agronomia Eliseu Maciel e nas Faculdades de Medicina, Veterin\u00e1ria e Odontologia. Em 1969, com a cria\u00e7\u00e3o da Universidade Federal de Pelotas, contando com a participa\u00e7\u00e3o de docentes das referidas faculdades, o Instituto de Biologia assumiu sua atual estrutura organizacional. Hoje \u00e9 composto por cinco [&hellip;]<\/p>\n","protected":false},"author":488,"featured_media":0,"parent":0,"menu_order":0,"comment_status":"closed","ping_status":"closed","template":"","meta":{"jetpack_post_was_ever_published":false,"footnotes":""},"class_list":["post-5","page","type-page","status-publish","hentry"],"jetpack_sharing_enabled":true,"jetpack_shortlink":"https:\/\/wp.me\/P6S2gY-5","_links":{"self":[{"href":"https:\/\/wp.ufpel.edu.br\/ib\/wp-json\/wp\/v2\/pages\/5","targetHints":{"allow":["GET"]}}],"collection":[{"href":"https:\/\/wp.ufpel.edu.br\/ib\/wp-json\/wp\/v2\/pages"}],"about":[{"href":"https:\/\/wp.ufpel.edu.br\/ib\/wp-json\/wp\/v2\/types\/page"}],"author":[{"embeddable":true,"href":"https:\/\/wp.ufpel.edu.br\/ib\/wp-json\/wp\/v2\/users\/488"}],"replies":[{"embeddable":true,"href":"https:\/\/wp.ufpel.edu.br\/ib\/wp-json\/wp\/v2\/comments?post=5"}],"version-history":[{"count":5,"href":"https:\/\/wp.ufpel.edu.br\/ib\/wp-json\/wp\/v2\/pages\/5\/revisions"}],"predecessor-version":[{"id":5649,"href":"https:\/\/wp.ufpel.edu.br\/ib\/wp-json\/wp\/v2\/pages\/5\/revisions\/5649"}],"wp:attachment":[{"href":"https:\/\/wp.ufpel.edu.br\/ib\/wp-json\/wp\/v2\/media?parent=5"}],"curies":[{"name":"wp","href":"https:\/\/api.w.org\/{rel}","templated":true}]}}