{"id":491,"date":"2015-10-26T23:48:22","date_gmt":"2015-10-27T01:48:22","guid":{"rendered":"https:\/\/wp.ufpel.edu.br\/ib\/?page_id=491"},"modified":"2025-10-09T19:32:20","modified_gmt":"2025-10-09T22:32:20","slug":"direcao","status":"publish","type":"page","link":"https:\/\/wp.ufpel.edu.br\/ib\/direcao\/","title":{"rendered":"Dire\u00e7\u00e3o\/N\u00facleo Administrativo"},"content":{"rendered":"<p><span style=\"font-size: 18pt;\">Dire\u00e7\u00e3o do IB &#8211;<\/span><\/p>\n<p><a href=\"http:\/\/lattes.cnpq.br\/7956000492760191\">Prof. Dr. Luiz Fernando Minello<\/a> &#8211;\u00a0Diretor<\/p>\n<p>Prof. Dr. <a href=\"http:\/\/lattes.cnpq.br\/6921427427201791\">Gilson de Mendon\u00e7a<\/a> &#8211;\u00a0Vice-diretor<\/p>\n<p>Assistente Administrativo <a href=\"http:\/\/lattes.cnpq.br\/6591450143675198\">Rosane Schubert<\/a> &#8211;\u00a0Chefe do N\u00facleo Administrativo<\/p>\n<p><strong>Endere\u00e7o<\/strong><\/p>\n<p>Pr\u00e9dio 17, Campus Universit\u00e1rio Cap\u00e3o do Le\u00e3o, S\/N, Travessa Andr\u00e9 <a href=\"https:\/\/pt.wikipedia.org\/wiki\/Andr%C3%A9_Dreyfus\">Dreyfus,<\/a> s\/n.<\/p>\n<p>CEP 96160-000 &#8211; Cap\u00e3o do Le\u00e3o &#8211; RS &#8211; Brasil &#8211; Fone: (53) 3275-7335<\/p>\n<p><strong>E-mails:\u00a0<\/strong>institutodebiologia@hotmail.com,\u00a0biologia@ufpel.edu.br<\/p>\n<p>&nbsp;<\/p>\n<p><span style=\"font-size: 18pt;\"><strong>N\u00facleo Administrativo -IB<\/strong><\/span><\/p>\n<p><a href=\"http:\/\/lattes.cnpq.br\/6591450143675198\">Rosane Schubert<\/a> &#8211;\u00a0Chefe do N\u00facleo Administrativo<\/p>\n<p><a href=\"http:\/\/lattes.cnpq.br\/4843856120482708\">Fabio da Silva Iriart<\/a> &#8211; Chefe substituto do N\u00facleo Administrativo (suplente) (PORTARIA DE PESSOAL N\u00ba 1228\/UFPEL, DE 03 DE ABRIL DE 2025, 3013490)<\/p>\n<p><a href=\"https:\/\/institucional.ufpel.edu.br\/servidores\/siape\/2547904\" target=\"_blank\" rel=\"noopener noreferrer\">Michele Pepe Cerqueira<\/a> &#8211; DFF &#8211; Chefe substituto do N\u00facleo Administrativo (Portaria N\u00ba 927, de 22 de maio de 2020, 0955003 e PORTARIA N\u00ba 190, de 24 de janeiro de 2020, 0853890) (Sa\u00edda PORTARIA DE PESSOAL N\u00ba 1227\/UFPEL, DE 03 DE ABRIL DE 2025, 3013491)<\/p>\n<p><strong>Servidores &#8211;<\/strong><\/p>\n<p><a href=\"https:\/\/institucional.ufpel.edu.br\/servidores\/siape\/3275994\" target=\"_blank\" rel=\"noopener\">Daniele de Medeiros Cunha<\/a> &#8211; <strong>(Relotada <a href=\"https:\/\/institucional.ufpel.edu.br\/unidades\/id\/11\">Centro de Integra\u00e7\u00e3o do Mercosul<\/a>\u00a0\/\u00a0<a href=\"https:\/\/institucional.ufpel.edu.br\/unidades\/id\/1069\">N\u00facleo Administrativo &#8211; CIM<\/a>)<\/strong><\/p>\n<p><a href=\"https:\/\/institucional.ufpel.edu.br\/servidores\/siape\/2998407\">Jean Fernando Silveira Pires<\/a>\u00a0 .- Colegiado de Curso de Ci\u00eancias Biol\u00f3gicas &#8211; Bacharelado e Licenciatura <strong>(Relotado na Faculdade de Enfermagem \/ Programa de P\u00f3s-Gradua\u00e7\u00e3o em Enfermagem )<\/strong><\/p>\n<p><a href=\"https:\/\/institucional.ufpel.edu.br\/servidores\/siape\/1293328\" target=\"_blank\" rel=\"noopener\">Sydney Dias Ferreira Junior\u00a0<\/a> &#8211; Colegiado de Curso de Ci\u00eancias Biol\u00f3gicas &#8211; Bacharelado e Licenciatura<\/p>\n<p><a href=\"http:\/\/lattes.cnpq.br\/8131176137116466\" target=\"_blank\" rel=\"noopener noreferrer\">Cristina Ferreira Larre<\/a> &#8211; DB<\/p>\n<p><a href=\"http:\/\/lattes.cnpq.br\/6940279159667360\">Laura Borba Vilanova &#8211;\u00a0<\/a> &#8211; DB<\/p>\n<p><a href=\"https:\/\/institucional.ufpel.edu.br\/servidores\/siape\/421752\" target=\"_blank\" rel=\"noopener noreferrer\">Rudinei da Silva Teixeira<\/a>\u00a0 <strong>(Relotado FAEM\/Palma)<\/strong><\/p>\n<p><a href=\"https:\/\/institucional.ufpel.edu.br\/servidores\/siape\/421751\" target=\"_blank\" rel=\"noopener noreferrer\">S\u00e9rgio Roberto Nolasco da Luz<\/a> &#8211; <strong>(Relotado FAEM\/Palma)<\/strong><\/p>\n<p><a href=\"https:\/\/wp.ufpel.edu.br\/ib\/thaize-debatin-wehrmeister\/\" target=\"_blank\" rel=\"noopener noreferrer\">Thaize Debatin Wehrmeister<\/a> \u00a0&#8211; <strong>(Relotada <a href=\"https:\/\/institucional.ufpel.edu.br\/unidades\/id\/302\">Faculdade de Medicina<\/a>\u00a0\/\u00a0<a href=\"https:\/\/institucional.ufpel.edu.br\/unidades\/id\/316\">Programa de P\u00f3s-Gradua\u00e7\u00e3o em Epidemiologia<\/a>)<\/strong><\/p>\n<p><a href=\"https:\/\/institucional.ufpel.edu.br\/servidores\/siape\/419864\" target=\"_blank\" rel=\"noopener noreferrer\">\u00c1lvaro Miguel Moreira Martins<\/a> &#8211; DEZG<\/p>\n<p><a href=\"http:\/\/lattes.cnpq.br\/3272913990369469\" target=\"_blank\" rel=\"noopener noreferrer\">Iara Valquide Gomes de Oliveira <\/a>\u00a0<strong>(Aposentadoria Portaria UFPel n\u00ba 385, de 26\/02\/2020)\u00a0 DEZG<\/strong><\/p>\n<p><a href=\"http:\/\/lattes.cnpq.br\/6143354399822481\">Renan Caldeira Furtado<\/a> <strong>(Relotado IFSP)<\/strong><\/p>\n<p><a href=\"http:\/\/lattes.cnpq.br\/4654515983518921\">Taiguer Henrique Silva Saraiva<\/a> &#8211; DEZG<\/p>\n<p><a href=\"https:\/\/institucional.ufpel.edu.br\/servidores\/siape\/419178\" target=\"_blank\" rel=\"noopener noreferrer\">Carmen Figueredo Alves<\/a> &#8211; DFF<\/p>\n<p><a href=\"https:\/\/institucional.ufpel.edu.br\/servidores\/siape\/2547904\" target=\"_blank\" rel=\"noopener noreferrer\">Michele Pepe Cerqueira<\/a> &#8211; DFF<\/p>\n<p><a href=\"http:\/\/lattes.cnpq.br\/5711292054041106\">Diego Moreira de Souza<\/a> &#8211; DFF<\/p>\n<p><a href=\"https:\/\/institucional.ufpel.edu.br\/servidores\/siape\/1279309\">Estefani Tavares Jansen<\/a> &#8211; <strong>(Relotada IFSUL\/Pelotas)<\/strong><\/p>\n<p><a href=\"http:\/\/lattes.cnpq.br\/1589938422855214\">F\u00e1bio Leonardi Recuero Garcia\u00a0<\/a> <strong>(relocado NF &#8211; PROGEP)<\/strong><\/p>\n<p><a href=\"http:\/\/lattes.cnpq.br\/2879333778197266\" target=\"_blank\" rel=\"noopener\">Jean Piraine Souza<\/a> &#8211; DMP<\/p>\n<p><a href=\"http:\/\/lattes.cnpq.br\/8434877586019417\" target=\"_blank\" rel=\"noopener noreferrer\">Luiz Carlos Boemeke Junior<\/a> &#8211; DMP<\/p>\n<p><a href=\"http:\/\/lattes.cnpq.br\/4206156257342544\" target=\"_blank\" rel=\"noopener noreferrer\">Maria Antonieta Machado Pereira da Silva<\/a> &#8211; DMP <strong>(Aposentada)<\/strong><\/p>\n<p><a href=\"https:\/\/institucional.ufpel.edu.br\/servidores\/siape\/1099582\" target=\"_blank\" rel=\"noopener noreferrer\">Eduardo Pereira Alves<\/a> &#8211; DM <strong>(Falecido)<\/strong><\/p>\n<p><a href=\"http:\/\/lattes.cnpq.br\/0014282848312979\">Eliane Freire Anthonisen<\/a> &#8211; DM<\/p>\n<p><a href=\"http:\/\/lattes.cnpq.br\/4189011953825514\" target=\"_blank\" rel=\"noopener noreferrer\">Fabiane Knepper Zehetmeyr Fernandes\u00a0<\/a> &#8211; DM<\/p>\n<p><a href=\"https:\/\/institucional.ufpel.edu.br\/servidores\/id\/14783\" target=\"_blank\" rel=\"noopener\">Lisiane Gastal Pereira<\/a> &#8211; MCR<\/p>\n<p><a href=\"http:\/\/lattes.cnpq.br\/3530115808379184\" target=\"_blank\" rel=\"noopener noreferrer\">Luis Augusto Xavier Cruz<\/a> &#8211; DM<\/p>\n<p><a href=\"http:\/\/lattes.cnpq.br\/1711694887699257\" target=\"_blank\" rel=\"noopener noreferrer\">Luis Ot\u00e1vio Lobo Centeno<\/a> &#8211; DM<\/p>\n<p><a href=\"https:\/\/institucional.ufpel.edu.br\/servidores\/siape\/1090404\" target=\"_blank\" rel=\"noopener noreferrer\">Luiz Fernando Schenque Tavares<\/a> &#8211; DM<\/p>\n<p><a href=\"https:\/\/institucional.ufpel.edu.br\/servidores\/siape\/419530\" target=\"_blank\" rel=\"noopener noreferrer\">Manoel Ad\u00e3o Lemes<\/a> &#8211; DM<\/p>\n<p><a href=\"https:\/\/institucional.ufpel.edu.br\/servidores\/siape\/419270\" target=\"_blank\" rel=\"noopener noreferrer\">Maria Luiza Pereira Peres<\/a> &#8211; DM<\/p>\n<p><a href=\"http:\/\/lattes.cnpq.br\/5871076411658227\" target=\"_blank\" rel=\"noopener noreferrer\">Rodrigo Kegles Brauner<\/a> &#8211; <strong>(Exonera\u00e7\u00e3o a pedido)<\/strong><\/p>\n<p><a href=\"http:\/\/lattes.cnpq.br\/8813831577910322\" target=\"_blank\" rel=\"noopener\">Rog\u00e9rio Scolari &#8211;<\/a> DM<\/p>\n<p><a href=\"https:\/\/institucional.ufpel.edu.br\/servidores\/siape\/419847\" target=\"_blank\" rel=\"noopener noreferrer\">Wanderley Bandeira de Ara\u00fajo<\/a> &#8211; DM<\/p>\n<p><a href=\"http:\/\/lattes.cnpq.br\/3696200456912656\">Greici Maia Behling<\/a> &#8211; NURFS<\/p>\n<p><a href=\"http:\/\/lattes.cnpq.br\/8201265397369670\" target=\"_blank\" rel=\"noopener noreferrer\">Marco Antonio Afonso Coimbra<\/a> &#8211; NURFS<\/p>\n<p><a href=\"http:\/\/lattes.cnpq.br\/2646845825988863\" target=\"_blank\" rel=\"noopener noreferrer\">Paulo Mota Bandarra<\/a> &#8211; NURFS<\/p>\n<p><a href=\"https:\/\/institucional.ufpel.edu.br\/servidores\/siape\/2221536\" target=\"_blank\" rel=\"noopener noreferrer\">Carolina Silveira Regis<\/a> &#8211; MCR<\/p>\n<p><a href=\"https:\/\/institucional.ufpel.edu.br\/servidores\/id\/14783\" target=\"_blank\" rel=\"noopener\">Lisiane Gastal Pereira<\/a> &#8211; MCR<\/p>\n<p><a href=\"https:\/\/institucional.ufpel.edu.br\/servidores\/siape\/1759474\">Mauro Mascarenhas<\/a> &#8211; MCR<\/p>\n<p><a href=\"http:\/\/lattes.cnpq.br\/1627677278021815\" target=\"_blank\" rel=\"noopener noreferrer\">Heloisa Helena Campelo Rodrigues da Rocha<\/a>\u00a0 &#8211; MCR<\/p>\n<p><strong>\u00a0Atribui\u00e7\u00f5es do Chefe do N\u00facleo &#8211;<\/strong><\/p>\n<p>Art. 6\u00ba S\u00e3o atribui\u00e7\u00f5es do Chefe do N\u00facleo Administrativo:<br \/>\nI \u2013 Assessoramento \u00e0 Dire\u00e7\u00e3o da Unidade Acad\u00eamica no manejo do or\u00e7amento;<br \/>\nII \u2013 Acompanhamento das escalas e regimes de trabalho dos Servidores T\u00e9cnico-<br \/>\nAdministrativos lotados n a Unidade Acad\u00eamica;<br \/>\nIII \u2013 Expedi\u00e7\u00e3o de ordens de servi\u00e7o, avisos e instru\u00e7\u00f5es no \u00e2mbito da Unidade Acad\u00eamica;<br \/>\nIV \u2013 Controle, manuten\u00e7\u00e3o e atualiza\u00e7\u00e3o do invent\u00e1rio de bens de consumo, permanente e<br \/>\npatrimoniais da Unidade Acad\u00eamica;<br \/>\nV \u2013 Acompanhamento do trabalho das empresas terceirizadas no \u00e2mbito da Unidade<br \/>\nAcad\u00eamica;<br \/>\nVI \u2013 Colabora\u00e7\u00e3o na elabora\u00e7\u00e3o do planejamento administrativo da Unidade, em sintonia<br \/>\ncom o Plano de Desenvolvimento Institucional da UFPel;<br \/>\nVII \u2013 Exerc\u00edcio de outras atividades compat\u00edveis com a natureza da fun\u00e7\u00e3o, definidas<br \/>\nconjuntamente com a Dire\u00e7\u00e3o da Unidade Acad\u00eamica.<\/p>\n<p><a href=\"https:\/\/wp.ufpel.edu.br\/ib\/files\/2019\/04\/SEI_UFPel-0521802-Resolu\u00e7\u00e3o-CONSUN-02.2019.pdf\">SEI_UFPel-0521802-Resolu\u00e7\u00e3o-CONSUN-02.2019<\/a><\/p>\n<p>PGD &#8211; <a href=\"https:\/\/docs.ufpel.edu.br\/index.php\/s\/z844cHDACQqFPXe\" target=\"_blank\" rel=\"noopener\">Novo Manual 2025<\/a> (SEI 2932276)<\/p>\n<p>PGD 2025- Implanta\u00e7\u00e3o <a href=\"https:\/\/docs.ufpel.edu.br\/index.php\/s\/up69VqBmXKIf5vT\" target=\"_blank\" rel=\"noopener\">Portaria 135\/2024<\/a> (SEI 2814133)<\/p>\n<p>PGD 2023 -ano de 2023 <a href=\"https:\/\/docs.ufpel.edu.br\/index.php\/s\/ieW7F8wproc2TU2\" target=\"_blank\" rel=\"noopener\">Portaria 1600\/2022<\/a> (SEI 1812290)<\/p>\n","protected":false},"excerpt":{"rendered":"<p>Dire\u00e7\u00e3o do IB &#8211; Prof. Dr. Luiz Fernando Minello &#8211;\u00a0Diretor Prof. Dr. Gilson de Mendon\u00e7a &#8211;\u00a0Vice-diretor Assistente Administrativo Rosane Schubert &#8211;\u00a0Chefe do N\u00facleo Administrativo Endere\u00e7o Pr\u00e9dio 17, Campus Universit\u00e1rio Cap\u00e3o do Le\u00e3o, S\/N, Travessa Andr\u00e9 Dreyfus, s\/n. CEP 96160-000 &#8211; Cap\u00e3o do Le\u00e3o &#8211; RS &#8211; Brasil &#8211; Fone: (53) 3275-7335 E-mails:\u00a0institutodebiologia@hotmail.com,\u00a0biologia@ufpel.edu.br &nbsp; N\u00facleo Administrativo [&hellip;]<\/p>\n","protected":false},"author":488,"featured_media":0,"parent":0,"menu_order":0,"comment_status":"closed","ping_status":"closed","template":"","meta":{"jetpack_post_was_ever_published":false,"footnotes":""},"class_list":["post-491","page","type-page","status-publish","hentry"],"jetpack_sharing_enabled":true,"jetpack_shortlink":"https:\/\/wp.me\/P6S2gY-7V","_links":{"self":[{"href":"https:\/\/wp.ufpel.edu.br\/ib\/wp-json\/wp\/v2\/pages\/491","targetHints":{"allow":["GET"]}}],"collection":[{"href":"https:\/\/wp.ufpel.edu.br\/ib\/wp-json\/wp\/v2\/pages"}],"about":[{"href":"https:\/\/wp.ufpel.edu.br\/ib\/wp-json\/wp\/v2\/types\/page"}],"author":[{"embeddable":true,"href":"https:\/\/wp.ufpel.edu.br\/ib\/wp-json\/wp\/v2\/users\/488"}],"replies":[{"embeddable":true,"href":"https:\/\/wp.ufpel.edu.br\/ib\/wp-json\/wp\/v2\/comments?post=491"}],"version-history":[{"count":3,"href":"https:\/\/wp.ufpel.edu.br\/ib\/wp-json\/wp\/v2\/pages\/491\/revisions"}],"predecessor-version":[{"id":5822,"href":"https:\/\/wp.ufpel.edu.br\/ib\/wp-json\/wp\/v2\/pages\/491\/revisions\/5822"}],"wp:attachment":[{"href":"https:\/\/wp.ufpel.edu.br\/ib\/wp-json\/wp\/v2\/media?parent=491"}],"curies":[{"name":"wp","href":"https:\/\/api.w.org\/{rel}","templated":true}]}}