{"id":4752,"date":"2023-10-27T19:07:35","date_gmt":"2023-10-27T22:07:35","guid":{"rendered":"https:\/\/wp.ufpel.edu.br\/ib\/?page_id=4752"},"modified":"2023-10-27T19:51:29","modified_gmt":"2023-10-27T22:51:29","slug":"laboratorio-de-cognicao-e-eletrofisiologia-vegetal-lacev","status":"publish","type":"page","link":"https:\/\/wp.ufpel.edu.br\/ib\/laboratorios-didaticos\/laboratorio-de-cognicao-e-eletrofisiologia-vegetal-lacev\/","title":{"rendered":"LABORAT\u00d3RIO DE COGNI\u00c7\u00c3O E ELETROFISIOLOGIA VEGETAL (LACEV)"},"content":{"rendered":"<div>\n<div class=\"x_gmail_default\"><strong>Unidade:<\/strong> Instituto de Biologia<br aria-hidden=\"true\" \/><strong>Curso:<\/strong> Ci\u00eancias Biol\u00f3gicas \u2013 Licenciatura e Bacharelado, Agronomia<br aria-hidden=\"true\" \/><strong>Website:<\/strong> <a title=\"Protegido pelo Outlook: https:\/\/wp.ufpel.edu.br\/lacev\/. Clique ou toque para seguir o link.\" href=\"https:\/\/na01.safelinks.protection.outlook.com\/?url=https%3A%2F%2Fwp.ufpel.edu.br%2Flacev%2F&amp;data=05%7C01%7C%7C71d0213423dc40a4d63108dbd666a6fb%7C84df9e7fe9f640afb435aaaaaaaaaaaa%7C1%7C0%7C638339509126731332%7CUnknown%7CTWFpbGZsb3d8eyJWIjoiMC4wLjAwMDAiLCJQIjoiV2luMzIiLCJBTiI6Ik1haWwiLCJXVCI6Mn0%3D%7C3000%7C%7C%7C&amp;sdata=E1Y4kEe4dC%2F%2Fvl85ZACvSx12rIwkYtznOaSwGbL0We4%3D&amp;reserved=0\" target=\"_blank\" rel=\"noopener noreferrer\" data-auth=\"Verified\" data-linkindex=\"0\">https:\/\/wp.ufpel.edu.br\/lacev\/<\/a><br aria-hidden=\"true\" \/><strong>C\u00f3digo NULAB:<\/strong> &#8211; XXXXX<br aria-hidden=\"true\" \/><br aria-hidden=\"true\" \/>Descri\u00e7\u00e3o do laborat\u00f3rio:\u00a0O LACEV tem como finalidade principal contribuir para as atividades relacionadas ao ensino, pesquisa e extens\u00e3o em \u00e1rea interdisciplinar (fisiologia vegetal, biof\u00edsica, modelagem matem\u00e1tica e estat\u00edstica, ci\u00eancias cognitivas e filosofia da ci\u00eancia), atendendo aos cursos de gradua\u00e7\u00e3o e aos programas de p\u00f3s-gradua\u00e7\u00e3o da Universidade Federal de Pelotas.<\/div>\n<\/div>\n<div class=\"x_gmail_default\"><\/div>\n<p><strong>Localiza\u00e7\u00e3o:<\/strong><br aria-hidden=\"true\" \/><br aria-hidden=\"true\" \/>\u2013 Campus Universit\u00e1rio do Cap\u00e3o do Le\u00e3o<\/p>\n<p>\u2013 Pr\u00e9dio\/Bloco: Pr\u00e9dio 14<br aria-hidden=\"true\" \/><br aria-hidden=\"true\" \/>\u2013 Sala:\u00a0L<span class=\"x_gmail_default\">ACEV<\/span><br aria-hidden=\"true\" \/><br aria-hidden=\"true\" \/><strong>Contato<\/strong><br aria-hidden=\"true\" \/><br aria-hidden=\"true\" \/>Nome do respons\u00e1vel:\u00a0G<span class=\"x_gmail_default\">ustavo Maia Souza<\/span><br aria-hidden=\"true\" \/><br aria-hidden=\"true\" \/>Email:\u00a0g<span class=\"x_gmail_default\"><a href=\"mailto:msouza@ufpel.edu.br\" data-linkindex=\"1\">msouza@ufpel.edu.br<\/a><\/span><\/p>\n<p><strong>Equipamentos:\u00a0<\/strong><\/p>\n<div class=\"x_gmail_default\">Ocupando um espa\u00e7o de 70 m2, est\u00e1 equipado com instrumenta\u00e7\u00e3o para an\u00e1lises eletrofisiol\u00f3gicas (com 3 equipamentos comerciais e customiza\u00e7\u00e3o de sensores pr\u00f3prios), duas gaiolas de Faraday, espa\u00e7o para cultivo de plantas sob condi\u00e7\u00f5es controladas (luz e temperatura) incluindo um Fitoron port\u00e1til (Instalafrio), casa de vegeta\u00e7\u00e3o climatizada, computadores de alto rendimento, e infraestrutura para customiza\u00e7\u00e3o de equipamentos eletr\u00f4nicos e uma impressora 3D. Al\u00e9m de outros equipamentos b\u00e1sicos para pesquisa em fisiologia vegetal, como por\u00f4metro, medidor de clorofila, c\u00e2mera t\u00e9rmica por infra vermelho, espectrofot\u00f4metro UV-vis\u00edvel.<\/div>\n<div><\/div>\n<div><a href=\"https:\/\/drive.google.com\/file\/d\/1WZUsxOWPkzgJeQ7N1IpvZY_PZRjETvkP\/view?usp=sharing\" target=\"_blank\" rel=\"noopener\">Regimento<\/a> &#8211;<\/div>\n<div><a href=\"https:\/\/drive.google.com\/file\/d\/1b3VmPe6e81ItUEcoSWzi8L36W_hmgfVj\/view?usp=sharing\" target=\"_blank\" rel=\"noopener\">Plano de gerenciamento de res\u00edduos<\/a> &#8211;<\/div>\n","protected":false},"excerpt":{"rendered":"<p>Unidade: Instituto de BiologiaCurso: Ci\u00eancias Biol\u00f3gicas \u2013 Licenciatura e Bacharelado, AgronomiaWebsite: https:\/\/wp.ufpel.edu.br\/lacev\/C\u00f3digo NULAB: &#8211; XXXXXDescri\u00e7\u00e3o do laborat\u00f3rio:\u00a0O LACEV tem como finalidade principal contribuir para as atividades relacionadas ao ensino, pesquisa e extens\u00e3o em \u00e1rea interdisciplinar (fisiologia vegetal, biof\u00edsica, modelagem matem\u00e1tica e estat\u00edstica, ci\u00eancias cognitivas e filosofia da ci\u00eancia), atendendo aos cursos de gradua\u00e7\u00e3o e aos [&hellip;]<\/p>\n","protected":false},"author":488,"featured_media":0,"parent":516,"menu_order":0,"comment_status":"closed","ping_status":"closed","template":"","meta":{"jetpack_post_was_ever_published":false,"footnotes":""},"class_list":["post-4752","page","type-page","status-publish","hentry"],"jetpack_sharing_enabled":true,"jetpack_shortlink":"https:\/\/wp.me\/P6S2gY-1eE","_links":{"self":[{"href":"https:\/\/wp.ufpel.edu.br\/ib\/wp-json\/wp\/v2\/pages\/4752","targetHints":{"allow":["GET"]}}],"collection":[{"href":"https:\/\/wp.ufpel.edu.br\/ib\/wp-json\/wp\/v2\/pages"}],"about":[{"href":"https:\/\/wp.ufpel.edu.br\/ib\/wp-json\/wp\/v2\/types\/page"}],"author":[{"embeddable":true,"href":"https:\/\/wp.ufpel.edu.br\/ib\/wp-json\/wp\/v2\/users\/488"}],"replies":[{"embeddable":true,"href":"https:\/\/wp.ufpel.edu.br\/ib\/wp-json\/wp\/v2\/comments?post=4752"}],"version-history":[{"count":3,"href":"https:\/\/wp.ufpel.edu.br\/ib\/wp-json\/wp\/v2\/pages\/4752\/revisions"}],"predecessor-version":[{"id":4756,"href":"https:\/\/wp.ufpel.edu.br\/ib\/wp-json\/wp\/v2\/pages\/4752\/revisions\/4756"}],"up":[{"embeddable":true,"href":"https:\/\/wp.ufpel.edu.br\/ib\/wp-json\/wp\/v2\/pages\/516"}],"wp:attachment":[{"href":"https:\/\/wp.ufpel.edu.br\/ib\/wp-json\/wp\/v2\/media?parent=4752"}],"curies":[{"name":"wp","href":"https:\/\/api.w.org\/{rel}","templated":true}]}}