{"id":4721,"date":"2023-10-20T10:45:45","date_gmt":"2023-10-20T13:45:45","guid":{"rendered":"https:\/\/wp.ufpel.edu.br\/ib\/?page_id=4721"},"modified":"2023-10-27T19:02:00","modified_gmt":"2023-10-27T22:02:00","slug":"laboratorio-de-fisiologia-cardiovascular","status":"publish","type":"page","link":"https:\/\/wp.ufpel.edu.br\/ib\/laboratorio-de-fisiologia-cardiovascular\/","title":{"rendered":"Laborat\u00f3rio de Fisiologia Cardiovascular"},"content":{"rendered":"<p><a href=\"https:\/\/wp.ufpel.edu.br\/ib\/files\/2023\/10\/WhatsApp-Image-2021-06-29-at-09.39.31.jpeg\"><img class=\"alignnone size-medium wp-image-4737\" src=\"https:\/\/wp.ufpel.edu.br\/ib\/files\/2023\/10\/WhatsApp-Image-2021-06-29-at-09.39.31-180x400.jpeg\" alt=\"\" width=\"180\" height=\"400\" srcset=\"https:\/\/wp.ufpel.edu.br\/ib\/files\/2023\/10\/WhatsApp-Image-2021-06-29-at-09.39.31-180x400.jpeg 180w, https:\/\/wp.ufpel.edu.br\/ib\/files\/2023\/10\/WhatsApp-Image-2021-06-29-at-09.39.31-461x1024.jpeg 461w, https:\/\/wp.ufpel.edu.br\/ib\/files\/2023\/10\/WhatsApp-Image-2021-06-29-at-09.39.31.jpeg 576w\" sizes=\"(max-width: 180px) 100vw, 180px\" \/><\/a> <a href=\"https:\/\/wp.ufpel.edu.br\/ib\/files\/2023\/10\/WhatsApp-Image-2021-06-29-at-09.39.30-2.jpeg\"><img class=\"alignnone size-medium wp-image-4740\" src=\"https:\/\/wp.ufpel.edu.br\/ib\/files\/2023\/10\/WhatsApp-Image-2021-06-29-at-09.39.30-2-180x400.jpeg\" alt=\"\" width=\"180\" height=\"400\" srcset=\"https:\/\/wp.ufpel.edu.br\/ib\/files\/2023\/10\/WhatsApp-Image-2021-06-29-at-09.39.30-2-180x400.jpeg 180w, https:\/\/wp.ufpel.edu.br\/ib\/files\/2023\/10\/WhatsApp-Image-2021-06-29-at-09.39.30-2-461x1024.jpeg 461w, https:\/\/wp.ufpel.edu.br\/ib\/files\/2023\/10\/WhatsApp-Image-2021-06-29-at-09.39.30-2.jpeg 576w\" sizes=\"(max-width: 180px) 100vw, 180px\" \/><\/a> <a href=\"https:\/\/wp.ufpel.edu.br\/ib\/files\/2023\/10\/WhatsApp-Image-2021-06-29-at-09.39.31-1.jpeg\"><img class=\"alignnone size-medium wp-image-4738\" src=\"https:\/\/wp.ufpel.edu.br\/ib\/files\/2023\/10\/WhatsApp-Image-2021-06-29-at-09.39.31-1-180x400.jpeg\" alt=\"\" width=\"180\" height=\"400\" srcset=\"https:\/\/wp.ufpel.edu.br\/ib\/files\/2023\/10\/WhatsApp-Image-2021-06-29-at-09.39.31-1-180x400.jpeg 180w, https:\/\/wp.ufpel.edu.br\/ib\/files\/2023\/10\/WhatsApp-Image-2021-06-29-at-09.39.31-1-461x1024.jpeg 461w, https:\/\/wp.ufpel.edu.br\/ib\/files\/2023\/10\/WhatsApp-Image-2021-06-29-at-09.39.31-1.jpeg 576w\" sizes=\"(max-width: 180px) 100vw, 180px\" \/><\/a> <a href=\"https:\/\/wp.ufpel.edu.br\/ib\/files\/2023\/10\/WhatsApp-Image-2021-06-29-at-09.39.30.jpeg\"><img class=\"size-medium wp-image-4739 aligncenter\" src=\"https:\/\/wp.ufpel.edu.br\/ib\/files\/2023\/10\/WhatsApp-Image-2021-06-29-at-09.39.30-400x180.jpeg\" alt=\"\" width=\"400\" height=\"180\" srcset=\"https:\/\/wp.ufpel.edu.br\/ib\/files\/2023\/10\/WhatsApp-Image-2021-06-29-at-09.39.30-400x180.jpeg 400w, https:\/\/wp.ufpel.edu.br\/ib\/files\/2023\/10\/WhatsApp-Image-2021-06-29-at-09.39.30-1024x461.jpeg 1024w, https:\/\/wp.ufpel.edu.br\/ib\/files\/2023\/10\/WhatsApp-Image-2021-06-29-at-09.39.30-768x346.jpeg 768w, https:\/\/wp.ufpel.edu.br\/ib\/files\/2023\/10\/WhatsApp-Image-2021-06-29-at-09.39.30.jpeg 1280w\" sizes=\"(max-width: 400px) 100vw, 400px\" \/><\/a><\/p>\n<blockquote class=\"x_gmail_quote\">\n<div class=\"x_msg-1174698610919268602\">\n<div dir=\"ltr\">\n<div>\n<p><strong>Unidade:<\/strong>\u00a0Instituto de Biologia (IB)<br aria-hidden=\"true\" \/><strong>Curso:<\/strong> Farm\u00e1cia, Nutri\u00e7\u00e3o e Medicina<br aria-hidden=\"true\" \/><strong>Website:\u00a0<\/strong><a title=\"Protegido pelo Outlook: https:\/\/wp.ufpel.edu.br\/laficardio\/. Clique ou toque para seguir o link.\" href=\"https:\/\/na01.safelinks.protection.outlook.com\/?url=https%3A%2F%2Fwp.ufpel.edu.br%2Flaficardio%2F&amp;data=05%7C01%7C%7Cdfe20049715b4a9917a108dbd712d1ee%7C84df9e7fe9f640afb435aaaaaaaaaaaa%7C1%7C0%7C638340248055814804%7CUnknown%7CTWFpbGZsb3d8eyJWIjoiMC4wLjAwMDAiLCJQIjoiV2luMzIiLCJBTiI6Ik1haWwiLCJXVCI6Mn0%3D%7C3000%7C%7C%7C&amp;sdata=qvCdv9BqIAj9o5fec8Iu2AW6ezu%2FnmRKfFlm5%2BCnCxA%3D&amp;reserved=0\" target=\"_blank\" rel=\"noopener noreferrer\" data-auth=\"Verified\" data-linkindex=\"2\">https:\/\/wp.ufpel.edu.br\/laficardio\/<\/a><br aria-hidden=\"true\" \/><strong>C\u00f3digo NULAB:<\/strong>XXXXX<\/p>\n<p><strong>Descri\u00e7\u00e3o:\u00a0<\/strong>O Laborat\u00f3rio de Fisiologia Cardiovascular (LaFiCardio) do Departamento de Fisiologia e Farmacologia realiza atividades de pesquisa, ensino e extens\u00e3o desenvolvidas por alunos de gradua\u00e7\u00e3o de diversos cursos e alunos de p\u00f3s-gradua\u00e7\u00e3o do PPG Multic\u00eantrico em Ci\u00eancias Fisiol\u00f3gicas e do PPG em Nutri\u00e7\u00e3o e Alimentos. As atividades de pesquisa est\u00e3o focadas na patog\u00eanese, fisiopatologia e na busca por alternativas terap\u00eauticas para doen\u00e7as cardiovasculares.<\/p>\n<\/div>\n<\/div>\n<\/div>\n<\/blockquote>\n<div>\u00a0 \u00a0 \u00a0 \u00a0 \u00a0 \u00a0<strong>Campus:<\/strong> Cap\u00e3o do Le\u00e3o<\/div>\n<div><strong style=\"text-align: justify; color: var(--cor-texto); font-family: var(--fonte-corpo);\">\u00a0 \u00a0 \u00a0 \u00a0 \u00a0 \u00a0Pr\u00e9dio\/Bloco:<\/strong><span style=\"text-align: justify; color: var(--cor-texto); font-family: var(--fonte-corpo);\"> 26 <\/span><\/div>\n<div><strong style=\"text-align: justify; color: var(--cor-texto); font-family: var(--fonte-corpo);\">\u00a0 \u00a0 \u00a0 \u00a0 \u00a0 \u00a0Sala: <\/strong><span style=\"text-align: justify; color: var(--cor-texto); font-family: var(--fonte-corpo);\">LaFiCardio<\/span><\/div>\n<blockquote class=\"x_gmail_quote\">\n<div class=\"x_msg-1174698610919268602\">\n<div dir=\"ltr\">\n<p><strong>Contato<\/strong><br aria-hidden=\"true\" \/><strong>Nome:<\/strong>\u00a0Paulo Cavalheiro Schenkel<\/p>\n<p><i><strong>E-mail<\/strong>:\u00a0<a href=\"mailto:schenkel.paulo@gmail.com\" data-linkindex=\"3\">schenkel.paulo@gmail.com<\/a><\/i><\/p>\n<p><strong>Equipamentos:\u00a0<\/strong><span style=\"color: #000000; font-family: Verdana, Geneva, sans-serif;\">equipamento de reatividade vascular, banho maria, espectrofot\u00f4metro, balan\u00e7a, geladeira, eletrocardi\u00f3grafo, equipamento para t\u00e9cnica de Western Blot<\/span>.<\/p>\n<\/div>\n<\/div>\n<\/blockquote>\n<blockquote class=\"x_gmail_quote\">\n<div class=\"x_msg-1174698610919268602\">\n<div dir=\"ltr\">\n<div><\/div>\n<\/div>\n<\/div>\n<\/blockquote>\n<p><a href=\"https:\/\/drive.google.com\/file\/d\/11e_UQIa_MsqKRq5PM07450VV83v5IS5Z\/view?usp=sharing\" target=\"_blank\" rel=\"noopener\">Regimento<\/a> &#8211;<\/p>\n<p><a href=\"https:\/\/drive.google.com\/file\/d\/1XcLlAUIsKX-CVHJhlYu-PrBqCaXYfB6e\/view?usp=sharing\" target=\"_blank\" rel=\"noopener\">Plano de gerenciamento de res\u00edduos<\/a> &#8211;<\/p>\n","protected":false},"excerpt":{"rendered":"<p>Unidade:\u00a0Instituto de Biologia (IB)Curso: Farm\u00e1cia, Nutri\u00e7\u00e3o e MedicinaWebsite:\u00a0https:\/\/wp.ufpel.edu.br\/laficardio\/C\u00f3digo NULAB:XXXXX Descri\u00e7\u00e3o:\u00a0O Laborat\u00f3rio de Fisiologia Cardiovascular (LaFiCardio) do Departamento de Fisiologia e Farmacologia realiza atividades de pesquisa, ensino e extens\u00e3o desenvolvidas por alunos de gradua\u00e7\u00e3o de diversos cursos e alunos de p\u00f3s-gradua\u00e7\u00e3o do PPG Multic\u00eantrico em Ci\u00eancias Fisiol\u00f3gicas e do PPG em Nutri\u00e7\u00e3o e Alimentos. As atividades [&hellip;]<\/p>\n","protected":false},"author":488,"featured_media":0,"parent":0,"menu_order":0,"comment_status":"closed","ping_status":"closed","template":"","meta":{"jetpack_post_was_ever_published":false,"footnotes":""},"class_list":["post-4721","page","type-page","status-publish","hentry"],"jetpack_sharing_enabled":true,"jetpack_shortlink":"https:\/\/wp.me\/P6S2gY-1e9","_links":{"self":[{"href":"https:\/\/wp.ufpel.edu.br\/ib\/wp-json\/wp\/v2\/pages\/4721","targetHints":{"allow":["GET"]}}],"collection":[{"href":"https:\/\/wp.ufpel.edu.br\/ib\/wp-json\/wp\/v2\/pages"}],"about":[{"href":"https:\/\/wp.ufpel.edu.br\/ib\/wp-json\/wp\/v2\/types\/page"}],"author":[{"embeddable":true,"href":"https:\/\/wp.ufpel.edu.br\/ib\/wp-json\/wp\/v2\/users\/488"}],"replies":[{"embeddable":true,"href":"https:\/\/wp.ufpel.edu.br\/ib\/wp-json\/wp\/v2\/comments?post=4721"}],"version-history":[{"count":5,"href":"https:\/\/wp.ufpel.edu.br\/ib\/wp-json\/wp\/v2\/pages\/4721\/revisions"}],"predecessor-version":[{"id":4751,"href":"https:\/\/wp.ufpel.edu.br\/ib\/wp-json\/wp\/v2\/pages\/4721\/revisions\/4751"}],"wp:attachment":[{"href":"https:\/\/wp.ufpel.edu.br\/ib\/wp-json\/wp\/v2\/media?parent=4721"}],"curies":[{"name":"wp","href":"https:\/\/api.w.org\/{rel}","templated":true}]}}