{"id":4666,"date":"2023-10-05T15:10:06","date_gmt":"2023-10-05T18:10:06","guid":{"rendered":"https:\/\/wp.ufpel.edu.br\/ib\/?page_id=4666"},"modified":"2023-10-05T15:10:09","modified_gmt":"2023-10-05T18:10:09","slug":"laboratorio-de-captura-de-imagens","status":"publish","type":"page","link":"https:\/\/wp.ufpel.edu.br\/ib\/laboratorios-didaticos\/laboratorio-de-captura-de-imagens\/","title":{"rendered":"Laborat\u00f3rio de Captura de Imagens"},"content":{"rendered":"<p><a href=\"https:\/\/wp.ufpel.edu.br\/nulab\/files\/2016\/12\/P1010631.jpg\" target=\"_blank\" rel=\"noopener noreferrer\"><img class=\"alignnone wp-image-3407 size-thumbnail\" src=\"https:\/\/wp.ufpel.edu.br\/nulab\/files\/2016\/12\/P1010631-212x159.jpg\" sizes=\"(max-width: 200px) 100vw, 200px\" srcset=\"https:\/\/wp.ufpel.edu.br\/nulab\/files\/2016\/12\/P1010631-212x159.jpg 212w, https:\/\/wp.ufpel.edu.br\/nulab\/files\/2016\/12\/P1010631-424x318.jpg 424w, https:\/\/wp.ufpel.edu.br\/nulab\/files\/2016\/12\/P1010631-768x576.jpg 768w\" alt=\"p1010631\" width=\"200\" height=\"150\" \/><\/a>\u00a0<a href=\"https:\/\/wp.ufpel.edu.br\/nulab\/files\/2016\/12\/P1010633.jpg\" target=\"_blank\" rel=\"noopener noreferrer\"><img class=\"alignnone wp-image-3408 size-thumbnail\" src=\"https:\/\/wp.ufpel.edu.br\/nulab\/files\/2016\/12\/P1010633-212x159.jpg\" sizes=\"(max-width: 200px) 100vw, 200px\" srcset=\"https:\/\/wp.ufpel.edu.br\/nulab\/files\/2016\/12\/P1010633-212x159.jpg 212w, https:\/\/wp.ufpel.edu.br\/nulab\/files\/2016\/12\/P1010633-424x318.jpg 424w, https:\/\/wp.ufpel.edu.br\/nulab\/files\/2016\/12\/P1010633-768x576.jpg 768w\" alt=\"p1010633\" width=\"200\" height=\"150\" \/><\/a><\/p>\n<p><strong>Unidade:<\/strong>\u00a0Instituto de Biologia (IB)<br \/>\n<strong>Curso:<\/strong>\u00a0Ci\u00eancias Biol\u00f3gicas \u2013 Licenciatura e Bacharelado, Farm\u00e1cia, Medicina, Medicina Veterin\u00e1ria, Odontologia e Zootecnia al\u00e9m de Cursos de P\u00f3s-gradua\u00e7\u00e3o.<br \/>\n<strong>Website:<\/strong>\u00a0N\/D<br \/>\n<strong>C\u00f3digo NULAB:<\/strong>\u00a090523<\/p>\n<p><strong>Descri\u00e7\u00e3o\u00a0<\/strong><\/p>\n<p>No laborat\u00f3rio de captura de imagens s\u00e3o desenvolvidas atividades de ensino, pesquisa e extens\u00e3o para atender demandas da Gradua\u00e7\u00e3o e P\u00f3s-Gradua\u00e7\u00e3o, sendo que, seus recursos s\u00e3o direcionados a captura e digitaliza\u00e7\u00e3o de imagens de Biologia Celular, Histologia e Anatomia do Desenvolvimento. Presta apoio ao desenvolvimento de materiais did\u00e1ticos e de pesquisas das diversas \u00e1reas do Departamento de Morfologia e de outras Unidades da UFPEL.<\/p>\n<p><strong>Localiza\u00e7\u00e3o<\/strong><br \/>\n<strong>Campus:<\/strong>\u00a0Fragata (Leiga)<br \/>\n<strong>Pr\u00e9dio\/Bloco:<\/strong>\u00a0Pr\u00e9dio da\u00a0Morfologia<br \/>\n<strong>Sala:<\/strong>\u00a04<\/p>\n<p><strong>Contato<\/strong><br \/>\n<strong>Nome:<\/strong>\u00a0Prof. Luiz Fernando Minello<br \/>\n<strong>E-mail<\/strong>:\u00a0minellolf@hotmail.com<\/p>\n<p><strong>Equipamentos<br \/>\n<\/strong>Sistema de Captura de Imagens Moticam 5MP<br \/>\nMicrosc\u00f3pio de luz incidente<br \/>\nSoftware dos sistema Moticm 5MP<\/p>\n","protected":false},"excerpt":{"rendered":"<p>\u00a0 Unidade:\u00a0Instituto de Biologia (IB) Curso:\u00a0Ci\u00eancias Biol\u00f3gicas \u2013 Licenciatura e Bacharelado, Farm\u00e1cia, Medicina, Medicina Veterin\u00e1ria, Odontologia e Zootecnia al\u00e9m de Cursos de P\u00f3s-gradua\u00e7\u00e3o. Website:\u00a0N\/D C\u00f3digo NULAB:\u00a090523 Descri\u00e7\u00e3o\u00a0 No laborat\u00f3rio de captura de imagens s\u00e3o desenvolvidas atividades de ensino, pesquisa e extens\u00e3o para atender demandas da Gradua\u00e7\u00e3o e P\u00f3s-Gradua\u00e7\u00e3o, sendo que, seus recursos s\u00e3o direcionados a [&hellip;]<\/p>\n","protected":false},"author":488,"featured_media":0,"parent":516,"menu_order":0,"comment_status":"closed","ping_status":"closed","template":"","meta":{"jetpack_post_was_ever_published":false,"footnotes":""},"class_list":["post-4666","page","type-page","status-publish","hentry"],"jetpack_sharing_enabled":true,"jetpack_shortlink":"https:\/\/wp.me\/P6S2gY-1dg","_links":{"self":[{"href":"https:\/\/wp.ufpel.edu.br\/ib\/wp-json\/wp\/v2\/pages\/4666","targetHints":{"allow":["GET"]}}],"collection":[{"href":"https:\/\/wp.ufpel.edu.br\/ib\/wp-json\/wp\/v2\/pages"}],"about":[{"href":"https:\/\/wp.ufpel.edu.br\/ib\/wp-json\/wp\/v2\/types\/page"}],"author":[{"embeddable":true,"href":"https:\/\/wp.ufpel.edu.br\/ib\/wp-json\/wp\/v2\/users\/488"}],"replies":[{"embeddable":true,"href":"https:\/\/wp.ufpel.edu.br\/ib\/wp-json\/wp\/v2\/comments?post=4666"}],"version-history":[{"count":1,"href":"https:\/\/wp.ufpel.edu.br\/ib\/wp-json\/wp\/v2\/pages\/4666\/revisions"}],"predecessor-version":[{"id":4668,"href":"https:\/\/wp.ufpel.edu.br\/ib\/wp-json\/wp\/v2\/pages\/4666\/revisions\/4668"}],"up":[{"embeddable":true,"href":"https:\/\/wp.ufpel.edu.br\/ib\/wp-json\/wp\/v2\/pages\/516"}],"wp:attachment":[{"href":"https:\/\/wp.ufpel.edu.br\/ib\/wp-json\/wp\/v2\/media?parent=4666"}],"curies":[{"name":"wp","href":"https:\/\/api.w.org\/{rel}","templated":true}]}}