{"id":4663,"date":"2023-10-05T15:09:33","date_gmt":"2023-10-05T18:09:33","guid":{"rendered":"https:\/\/wp.ufpel.edu.br\/ib\/?page_id=4663"},"modified":"2023-10-05T15:09:36","modified_gmt":"2023-10-05T18:09:36","slug":"salas-de-aulas-praticas","status":"publish","type":"page","link":"https:\/\/wp.ufpel.edu.br\/ib\/laboratorios-didaticos\/salas-de-aulas-praticas\/","title":{"rendered":"Salas de Aulas Pr\u00e1ticas"},"content":{"rendered":"<p><a href=\"https:\/\/wp.ufpel.edu.br\/nulab\/files\/2016\/12\/P1010635.jpg\" target=\"_blank\" rel=\"noopener noreferrer\"><img class=\"alignnone wp-image-3396 size-thumbnail\" src=\"https:\/\/wp.ufpel.edu.br\/nulab\/files\/2016\/12\/P1010635-212x159.jpg\" sizes=\"(max-width: 200px) 100vw, 200px\" srcset=\"https:\/\/wp.ufpel.edu.br\/nulab\/files\/2016\/12\/P1010635-212x159.jpg 212w, https:\/\/wp.ufpel.edu.br\/nulab\/files\/2016\/12\/P1010635-424x318.jpg 424w, https:\/\/wp.ufpel.edu.br\/nulab\/files\/2016\/12\/P1010635-768x576.jpg 768w\" alt=\"p1010635\" width=\"200\" height=\"150\" \/><\/a>\u00a0<a href=\"https:\/\/wp.ufpel.edu.br\/nulab\/files\/2016\/12\/P1010644.jpg\" target=\"_blank\" rel=\"noopener noreferrer\"><img class=\"alignnone wp-image-3397 size-thumbnail\" src=\"https:\/\/wp.ufpel.edu.br\/nulab\/files\/2016\/12\/P1010644-212x159.jpg\" sizes=\"(max-width: 200px) 100vw, 200px\" srcset=\"https:\/\/wp.ufpel.edu.br\/nulab\/files\/2016\/12\/P1010644-212x159.jpg 212w, https:\/\/wp.ufpel.edu.br\/nulab\/files\/2016\/12\/P1010644-424x318.jpg 424w, https:\/\/wp.ufpel.edu.br\/nulab\/files\/2016\/12\/P1010644-768x576.jpg 768w\" alt=\"p1010644\" width=\"200\" height=\"150\" \/><\/a>\u00a0<a href=\"https:\/\/wp.ufpel.edu.br\/nulab\/files\/2016\/12\/P1010639.jpg\" target=\"_blank\" rel=\"noopener noreferrer\"><img class=\"alignnone wp-image-3398 size-thumbnail\" src=\"https:\/\/wp.ufpel.edu.br\/nulab\/files\/2016\/12\/P1010639-119x159.jpg\" sizes=\"(max-width: 119px) 100vw, 119px\" srcset=\"https:\/\/wp.ufpel.edu.br\/nulab\/files\/2016\/12\/P1010639-119x159.jpg 119w, https:\/\/wp.ufpel.edu.br\/nulab\/files\/2016\/12\/P1010639-239x318.jpg 239w, https:\/\/wp.ufpel.edu.br\/nulab\/files\/2016\/12\/P1010639-768x1024.jpg 768w\" alt=\"p1010639\" width=\"119\" height=\"159\" \/><\/a><\/p>\n<p><strong>Unidade:<\/strong>\u00a0Instituto de Biologia (IB)<br \/>\n<strong>Curso:<\/strong>\u00a0Ci\u00eancias Biol\u00f3gicas \u2013 Licenciatura e Bacharelado, Farm\u00e1cia, Medicina, Medicina Veterin\u00e1ria, Nutri\u00e7\u00e3o, Odontologia, Zootecnia.<br \/>\n<strong>Website:<\/strong>\u00a0N\/D<br \/>\n<strong>C\u00f3digo NULAB:<\/strong>\u00a090270<\/p>\n<p><strong>Descri\u00e7\u00e3o\u00a0<\/strong><\/p>\n<p>O laborat\u00f3rio corresponde ao espa\u00e7o did\u00e1tico dedicado ao Ensino pr\u00e1tico de Histologia, Biologia Celular e Anatomia do Desenvolvimento ministrado aos Curso de Gradua\u00e7\u00e3o atendidos pelo Departamento de Morfologia. Nesse espa\u00e7o os alunos t\u00eam a sua disposi\u00e7\u00e3o microsc\u00f3pios binoculares (80), atlas e roteiros (impressos e digitalizados) e caixas contendo lamin\u00e1rios de histologia, biologia celular e anatomia do desenvolvimento.<\/p>\n<p><strong>Localiza\u00e7\u00e3o<\/strong><br \/>\n<strong>Campus:<\/strong>\u00a0Fragata (Leiga)<br \/>\n<strong>Pr\u00e9dio\/Bloco:<\/strong>\u00a0Pr\u00e9dio da\u00a0Morfologia<br \/>\n<strong>Sala:<\/strong>\u00a07<\/p>\n<p><strong>Contato<\/strong><br \/>\n<strong>Nome:<\/strong>\u00a0Prof. Luiz Fernando Minello<br \/>\n<strong>E-mail<\/strong>:\u00a0minellolf@hotmail.com<\/p>\n<p><strong>Equipamentos<br \/>\n<\/strong>Microsc\u00f3pios<br \/>\nMicrosc\u00f3pio com C\u00e2mera de Proje\u00e7\u00e3o<br \/>\nArm\u00e1rio de Lamin\u00e1rio<br \/>\nCole\u00e7\u00e3o de Anatomia de Desenvolvimento<br \/>\nCole\u00e7\u00e3o de Histologia e Desenvolvimento Celular<\/p>\n","protected":false},"excerpt":{"rendered":"<p>\u00a0\u00a0 Unidade:\u00a0Instituto de Biologia (IB) Curso:\u00a0Ci\u00eancias Biol\u00f3gicas \u2013 Licenciatura e Bacharelado, Farm\u00e1cia, Medicina, Medicina Veterin\u00e1ria, Nutri\u00e7\u00e3o, Odontologia, Zootecnia. Website:\u00a0N\/D C\u00f3digo NULAB:\u00a090270 Descri\u00e7\u00e3o\u00a0 O laborat\u00f3rio corresponde ao espa\u00e7o did\u00e1tico dedicado ao Ensino pr\u00e1tico de Histologia, Biologia Celular e Anatomia do Desenvolvimento ministrado aos Curso de Gradua\u00e7\u00e3o atendidos pelo Departamento de Morfologia. Nesse espa\u00e7o os alunos t\u00eam [&hellip;]<\/p>\n","protected":false},"author":488,"featured_media":0,"parent":516,"menu_order":0,"comment_status":"closed","ping_status":"closed","template":"","meta":{"jetpack_post_was_ever_published":false,"footnotes":""},"class_list":["post-4663","page","type-page","status-publish","hentry"],"jetpack_sharing_enabled":true,"jetpack_shortlink":"https:\/\/wp.me\/P6S2gY-1dd","_links":{"self":[{"href":"https:\/\/wp.ufpel.edu.br\/ib\/wp-json\/wp\/v2\/pages\/4663","targetHints":{"allow":["GET"]}}],"collection":[{"href":"https:\/\/wp.ufpel.edu.br\/ib\/wp-json\/wp\/v2\/pages"}],"about":[{"href":"https:\/\/wp.ufpel.edu.br\/ib\/wp-json\/wp\/v2\/types\/page"}],"author":[{"embeddable":true,"href":"https:\/\/wp.ufpel.edu.br\/ib\/wp-json\/wp\/v2\/users\/488"}],"replies":[{"embeddable":true,"href":"https:\/\/wp.ufpel.edu.br\/ib\/wp-json\/wp\/v2\/comments?post=4663"}],"version-history":[{"count":1,"href":"https:\/\/wp.ufpel.edu.br\/ib\/wp-json\/wp\/v2\/pages\/4663\/revisions"}],"predecessor-version":[{"id":4665,"href":"https:\/\/wp.ufpel.edu.br\/ib\/wp-json\/wp\/v2\/pages\/4663\/revisions\/4665"}],"up":[{"embeddable":true,"href":"https:\/\/wp.ufpel.edu.br\/ib\/wp-json\/wp\/v2\/pages\/516"}],"wp:attachment":[{"href":"https:\/\/wp.ufpel.edu.br\/ib\/wp-json\/wp\/v2\/media?parent=4663"}],"curies":[{"name":"wp","href":"https:\/\/api.w.org\/{rel}","templated":true}]}}