{"id":4660,"date":"2023-10-05T15:08:55","date_gmt":"2023-10-05T18:08:55","guid":{"rendered":"https:\/\/wp.ufpel.edu.br\/ib\/?page_id=4660"},"modified":"2023-10-05T15:08:59","modified_gmt":"2023-10-05T18:08:59","slug":"laboratorio-de-preparacao-de-biologia-celular-histologia-e-anatomia-do-desenvolvimento","status":"publish","type":"page","link":"https:\/\/wp.ufpel.edu.br\/ib\/laboratorios-didaticos\/laboratorio-de-preparacao-de-biologia-celular-histologia-e-anatomia-do-desenvolvimento\/","title":{"rendered":"Laborat\u00f3rio de Prepara\u00e7\u00e3o de Biologia Celular, Histologia e Anatomia do Desenvolvimento"},"content":{"rendered":"<p><a href=\"https:\/\/wp.ufpel.edu.br\/nulab\/files\/2016\/12\/P1010624.jpg\" target=\"_blank\" rel=\"noopener noreferrer\"><img class=\"alignnone wp-image-3390 size-thumbnail\" src=\"https:\/\/wp.ufpel.edu.br\/nulab\/files\/2016\/12\/P1010624-212x159.jpg\" sizes=\"(max-width: 200px) 100vw, 200px\" srcset=\"https:\/\/wp.ufpel.edu.br\/nulab\/files\/2016\/12\/P1010624-212x159.jpg 212w, https:\/\/wp.ufpel.edu.br\/nulab\/files\/2016\/12\/P1010624-424x318.jpg 424w, https:\/\/wp.ufpel.edu.br\/nulab\/files\/2016\/12\/P1010624-768x576.jpg 768w\" alt=\"p1010624\" width=\"200\" height=\"150\" \/><\/a>\u00a0<a href=\"https:\/\/wp.ufpel.edu.br\/nulab\/files\/2016\/12\/P1010625.jpg\" target=\"_blank\" rel=\"noopener noreferrer\"><img class=\"alignnone wp-image-3391 size-thumbnail\" src=\"https:\/\/wp.ufpel.edu.br\/nulab\/files\/2016\/12\/P1010625-212x159.jpg\" sizes=\"(max-width: 200px) 100vw, 200px\" srcset=\"https:\/\/wp.ufpel.edu.br\/nulab\/files\/2016\/12\/P1010625-212x159.jpg 212w, https:\/\/wp.ufpel.edu.br\/nulab\/files\/2016\/12\/P1010625-424x318.jpg 424w, https:\/\/wp.ufpel.edu.br\/nulab\/files\/2016\/12\/P1010625-768x576.jpg 768w\" alt=\"p1010625\" width=\"200\" height=\"150\" \/><\/a><\/p>\n<p><strong>Unidade:<\/strong>\u00a0Instituto de Biologia(IB)<br \/>\n<strong>Curso:<\/strong>\u00a0Ci\u00eancias Biol\u00f3gicas \u2013 Licenciatura e Bacharelado, Farm\u00e1cia, Medicina, Medicina Veterin\u00e1ria, Nutri\u00e7\u00e3o, Odontologia, Zootecnia.<br \/>\n<strong>Website:<\/strong>\u00a0N\/D<br \/>\n<strong>C\u00f3digo NULAB:<\/strong>\u00a090080<\/p>\n<p><strong>Descri\u00e7\u00e3o\u00a0<\/strong><\/p>\n<p>No laborat\u00f3rio s\u00e3o preparadas l\u00e2minas histol\u00f3gicas, de biologia celular e anatomia do desenvolvimento que s\u00e3o usadas nos laborat\u00f3rios de aulas pr\u00e1ticas ofertadas aos Cursos de Gradua\u00e7\u00e3o atendidos pelo Departamento de Morfologia. Nesse espa\u00e7o tamb\u00e9m s\u00e3o atendidos projetos de pesquisa, ensino e extens\u00e3o, como tamb\u00e9m s\u00e3o elaborados materiais para Trabalhos de Conclus\u00e3o de Curso, Disserta\u00e7\u00f5es de Mestrado e Teses de Doutorado em apoio a P\u00f3s-Gradua\u00e7\u00e3o da UFPEL. As principais t\u00e9cnicas desenvolvidas s\u00e3o a de rotina com inclus\u00e3o em parafina e colora\u00e7\u00e3o em Hematoxilina e Eosina, assim como, outras t\u00e9cnicas especiais de colora\u00e7\u00e3o e, em menor escala, de histoqu\u00edmica.<\/p>\n<p><strong>Localiza\u00e7\u00e3o<\/strong><br \/>\n<strong>Campus:<\/strong>\u00a0Fragata (Leiga)<br \/>\n<strong>Pr\u00e9dio\/Bloco:<\/strong>\u00a0Pr\u00e9dio da\u00a0Morfologia<br \/>\n<strong>Sala:<\/strong>\u00a02<\/p>\n<p><strong>Contato<\/strong><br \/>\n<strong>Nome:<\/strong>\u00a0Prof. Luiz Fernando Minello<br \/>\n<strong>E-mail<\/strong>:\u00a0minellolf@hotmail.com<\/p>\n<p><strong>Equipamentos<br \/>\n<\/strong>Estufas de Secagem<br \/>\nEstufas de Manuten\u00e7\u00e3o de Parafina<br \/>\nMicroondas<br \/>\nProcessador de Tecidos<br \/>\nMicr\u00f3tomos<br \/>\nMicrosc\u00f3pio estereosc\u00f3pico (lupa)<br \/>\nMicrosc\u00f3pio de luz incidente<br \/>\nChapa Aquecedora<br \/>\nAutoclave<br \/>\nGeladeiras<br \/>\nBanho-Maria<br \/>\nBateria de processamento de tecidos<\/p>\n","protected":false},"excerpt":{"rendered":"<p>\u00a0 Unidade:\u00a0Instituto de Biologia(IB) Curso:\u00a0Ci\u00eancias Biol\u00f3gicas \u2013 Licenciatura e Bacharelado, Farm\u00e1cia, Medicina, Medicina Veterin\u00e1ria, Nutri\u00e7\u00e3o, Odontologia, Zootecnia. Website:\u00a0N\/D C\u00f3digo NULAB:\u00a090080 Descri\u00e7\u00e3o\u00a0 No laborat\u00f3rio s\u00e3o preparadas l\u00e2minas histol\u00f3gicas, de biologia celular e anatomia do desenvolvimento que s\u00e3o usadas nos laborat\u00f3rios de aulas pr\u00e1ticas ofertadas aos Cursos de Gradua\u00e7\u00e3o atendidos pelo Departamento de Morfologia. Nesse espa\u00e7o tamb\u00e9m [&hellip;]<\/p>\n","protected":false},"author":488,"featured_media":0,"parent":516,"menu_order":0,"comment_status":"closed","ping_status":"closed","template":"","meta":{"jetpack_post_was_ever_published":false,"footnotes":""},"class_list":["post-4660","page","type-page","status-publish","hentry"],"jetpack_sharing_enabled":true,"jetpack_shortlink":"https:\/\/wp.me\/P6S2gY-1da","_links":{"self":[{"href":"https:\/\/wp.ufpel.edu.br\/ib\/wp-json\/wp\/v2\/pages\/4660","targetHints":{"allow":["GET"]}}],"collection":[{"href":"https:\/\/wp.ufpel.edu.br\/ib\/wp-json\/wp\/v2\/pages"}],"about":[{"href":"https:\/\/wp.ufpel.edu.br\/ib\/wp-json\/wp\/v2\/types\/page"}],"author":[{"embeddable":true,"href":"https:\/\/wp.ufpel.edu.br\/ib\/wp-json\/wp\/v2\/users\/488"}],"replies":[{"embeddable":true,"href":"https:\/\/wp.ufpel.edu.br\/ib\/wp-json\/wp\/v2\/comments?post=4660"}],"version-history":[{"count":1,"href":"https:\/\/wp.ufpel.edu.br\/ib\/wp-json\/wp\/v2\/pages\/4660\/revisions"}],"predecessor-version":[{"id":4662,"href":"https:\/\/wp.ufpel.edu.br\/ib\/wp-json\/wp\/v2\/pages\/4660\/revisions\/4662"}],"up":[{"embeddable":true,"href":"https:\/\/wp.ufpel.edu.br\/ib\/wp-json\/wp\/v2\/pages\/516"}],"wp:attachment":[{"href":"https:\/\/wp.ufpel.edu.br\/ib\/wp-json\/wp\/v2\/media?parent=4660"}],"curies":[{"name":"wp","href":"https:\/\/api.w.org\/{rel}","templated":true}]}}