{"id":4657,"date":"2023-10-05T15:08:21","date_gmt":"2023-10-05T18:08:21","guid":{"rendered":"https:\/\/wp.ufpel.edu.br\/ib\/?page_id=4657"},"modified":"2023-10-05T15:08:25","modified_gmt":"2023-10-05T18:08:25","slug":"laboratorio-anatomico","status":"publish","type":"page","link":"https:\/\/wp.ufpel.edu.br\/ib\/laboratorios-didaticos\/laboratorio-anatomico\/","title":{"rendered":"Laborat\u00f3rio Anat\u00f4mico"},"content":{"rendered":"<p><a href=\"https:\/\/wp.ufpel.edu.br\/nulab\/files\/2016\/12\/DSC00740.jpg\" target=\"_blank\" rel=\"noopener noreferrer\"><img class=\"alignnone wp-image-3438 size-thumbnail\" src=\"https:\/\/wp.ufpel.edu.br\/nulab\/files\/2016\/12\/DSC00740-212x159.jpg\" sizes=\"(max-width: 200px) 100vw, 200px\" srcset=\"https:\/\/wp.ufpel.edu.br\/nulab\/files\/2016\/12\/DSC00740-212x159.jpg 212w, https:\/\/wp.ufpel.edu.br\/nulab\/files\/2016\/12\/DSC00740-424x318.jpg 424w, https:\/\/wp.ufpel.edu.br\/nulab\/files\/2016\/12\/DSC00740-768x576.jpg 768w\" alt=\"dsc00740\" width=\"200\" height=\"150\" \/><\/a>\u00a0<a href=\"https:\/\/wp.ufpel.edu.br\/nulab\/files\/2016\/12\/DSC00742_1.jpg\" target=\"_blank\" rel=\"noopener noreferrer\"><img class=\"alignnone wp-image-3439 size-thumbnail\" src=\"https:\/\/wp.ufpel.edu.br\/nulab\/files\/2016\/12\/DSC00742_1-212x159.jpg\" sizes=\"(max-width: 200px) 100vw, 200px\" srcset=\"https:\/\/wp.ufpel.edu.br\/nulab\/files\/2016\/12\/DSC00742_1-212x159.jpg 212w, https:\/\/wp.ufpel.edu.br\/nulab\/files\/2016\/12\/DSC00742_1-424x318.jpg 424w, https:\/\/wp.ufpel.edu.br\/nulab\/files\/2016\/12\/DSC00742_1-768x576.jpg 768w\" alt=\"dsc00742_1\" width=\"200\" height=\"150\" \/><\/a>\u00a0<a href=\"https:\/\/wp.ufpel.edu.br\/nulab\/files\/2016\/12\/DSC00744.jpg\" target=\"_blank\" rel=\"noopener noreferrer\"><img class=\"alignnone wp-image-3440 size-thumbnail\" src=\"https:\/\/wp.ufpel.edu.br\/nulab\/files\/2016\/12\/DSC00744-119x159.jpg\" sizes=\"(max-width: 119px) 100vw, 119px\" srcset=\"https:\/\/wp.ufpel.edu.br\/nulab\/files\/2016\/12\/DSC00744-119x159.jpg 119w, https:\/\/wp.ufpel.edu.br\/nulab\/files\/2016\/12\/DSC00744-239x318.jpg 239w, https:\/\/wp.ufpel.edu.br\/nulab\/files\/2016\/12\/DSC00744-768x1024.jpg 768w\" alt=\"dsc00744\" width=\"119\" height=\"159\" \/><\/a>\u00a0<a href=\"https:\/\/wp.ufpel.edu.br\/nulab\/files\/2016\/12\/DSC00749.jpg\" target=\"_blank\" rel=\"noopener noreferrer\"><img class=\"alignnone wp-image-3441 size-thumbnail\" src=\"https:\/\/wp.ufpel.edu.br\/nulab\/files\/2016\/12\/DSC00749-212x159.jpg\" sizes=\"(max-width: 200px) 100vw, 200px\" srcset=\"https:\/\/wp.ufpel.edu.br\/nulab\/files\/2016\/12\/DSC00749-212x159.jpg 212w, https:\/\/wp.ufpel.edu.br\/nulab\/files\/2016\/12\/DSC00749-424x318.jpg 424w, https:\/\/wp.ufpel.edu.br\/nulab\/files\/2016\/12\/DSC00749-768x576.jpg 768w\" alt=\"dsc00749\" width=\"200\" height=\"150\" \/><\/a>\u00a0<a href=\"https:\/\/wp.ufpel.edu.br\/nulab\/files\/2016\/12\/DSC00753.jpg\" target=\"_blank\" rel=\"noopener noreferrer\"><img class=\"alignnone wp-image-3442 size-thumbnail\" src=\"https:\/\/wp.ufpel.edu.br\/nulab\/files\/2016\/12\/DSC00753-212x159.jpg\" sizes=\"(max-width: 200px) 100vw, 200px\" srcset=\"https:\/\/wp.ufpel.edu.br\/nulab\/files\/2016\/12\/DSC00753-212x159.jpg 212w, https:\/\/wp.ufpel.edu.br\/nulab\/files\/2016\/12\/DSC00753-424x318.jpg 424w, https:\/\/wp.ufpel.edu.br\/nulab\/files\/2016\/12\/DSC00753-768x576.jpg 768w\" alt=\"dsc00753\" width=\"200\" height=\"150\" \/><\/a>\u00a0<a href=\"https:\/\/wp.ufpel.edu.br\/nulab\/files\/2016\/12\/DSC00757.jpg\" target=\"_blank\" rel=\"noopener noreferrer\"><img class=\"alignnone wp-image-3443 size-thumbnail\" src=\"https:\/\/wp.ufpel.edu.br\/nulab\/files\/2016\/12\/DSC00757-212x159.jpg\" sizes=\"(max-width: 200px) 100vw, 200px\" srcset=\"https:\/\/wp.ufpel.edu.br\/nulab\/files\/2016\/12\/DSC00757-212x159.jpg 212w, https:\/\/wp.ufpel.edu.br\/nulab\/files\/2016\/12\/DSC00757-424x318.jpg 424w, https:\/\/wp.ufpel.edu.br\/nulab\/files\/2016\/12\/DSC00757-768x576.jpg 768w\" alt=\"dsc00757\" width=\"200\" height=\"150\" \/><\/a>\u00a0<a href=\"https:\/\/wp.ufpel.edu.br\/nulab\/files\/2016\/12\/DSC00758.jpg\" target=\"_blank\" rel=\"noopener noreferrer\"><img class=\"alignnone wp-image-3444 size-thumbnail\" src=\"https:\/\/wp.ufpel.edu.br\/nulab\/files\/2016\/12\/DSC00758-212x159.jpg\" sizes=\"(max-width: 200px) 100vw, 200px\" srcset=\"https:\/\/wp.ufpel.edu.br\/nulab\/files\/2016\/12\/DSC00758-212x159.jpg 212w, https:\/\/wp.ufpel.edu.br\/nulab\/files\/2016\/12\/DSC00758-424x318.jpg 424w, https:\/\/wp.ufpel.edu.br\/nulab\/files\/2016\/12\/DSC00758-768x576.jpg 768w\" alt=\"dsc00758\" width=\"200\" height=\"150\" \/><\/a>\u00a0<a href=\"https:\/\/wp.ufpel.edu.br\/nulab\/files\/2016\/12\/DSC00759.jpg\" target=\"_blank\" rel=\"noopener noreferrer\"><img class=\"alignnone wp-image-3445 size-thumbnail\" src=\"https:\/\/wp.ufpel.edu.br\/nulab\/files\/2016\/12\/DSC00759-212x159.jpg\" sizes=\"(max-width: 200px) 100vw, 200px\" srcset=\"https:\/\/wp.ufpel.edu.br\/nulab\/files\/2016\/12\/DSC00759-212x159.jpg 212w, https:\/\/wp.ufpel.edu.br\/nulab\/files\/2016\/12\/DSC00759-424x318.jpg 424w, https:\/\/wp.ufpel.edu.br\/nulab\/files\/2016\/12\/DSC00759-768x576.jpg 768w\" alt=\"dsc00759\" width=\"200\" height=\"150\" \/><\/a><\/p>\n<p><strong>Unidade:<\/strong>\u00a0Instituto de Biologia(IB)<br \/>\n<strong>Curso:<\/strong>\u00a0Ci\u00eancias Biol\u00f3gicas \u2013 Licenciatura e Bacharelado, Dan\u00e7a, Educa\u00e7\u00e3o F\u00edsica, Enfermagem, Farm\u00e1cia, Medicina, Nutri\u00e7\u00e3o, Odontologia, Psicologia, Quimica Forense e Terapia Ocupacional.<br \/>\n<strong>Website:<\/strong>\u00a0N\/D<br \/>\n<strong>C\u00f3digo NULAB:<\/strong>\u00a090279<\/p>\n<p><strong>Descri\u00e7\u00e3o\u00a0<\/strong><\/p>\n<p>O laborat\u00f3rio atende a disciplina de Anatomia Humana, que atualmente disp\u00f5e de 2 laborat\u00f3rios:<br \/>\n1) LABORAT\u00d3RIO ANAT\u00d4MICO com 8 mesas de inox, para disponibiliza\u00e7\u00e3o de pe\u00e7as cadav\u00e9ricas, com capacidade de atender concomitantemente no m\u00e1ximo 55 alunos. Ambiente climatizado, ilumina\u00e7\u00e3o adequada, com exaust\u00e3o via exaustores el\u00e9tricos, tela para proje\u00e7\u00e3o de multim\u00eddia, projetor multim\u00eddia e quadro branco.<br \/>\n2) LABORAT\u00d3RIO DE ESCULTURA DENT\u00c1RIA com capacidade para atender em torno de 30 alunos. Com quadro branco, climatizado, com mochos baixo.<br \/>\n3) SALA DA CUBA para prepara\u00e7\u00f5es de cad\u00e1veres e dispensa\u00e7\u00e3o de pe\u00e7as, cad\u00e1veres e v\u00edsceras anat\u00f4micas.<br \/>\n4) SALA DE PREPARA\u00c7\u00d5ES para montagens, manuten\u00e7\u00f5es e confec\u00e7\u00f5es de manequins.<\/p>\n<p>Atendemos os Cursos: \u2013 Enfermagem (60 alunos) \u2013 Disc.Anatomia Humana<br \/>\n\u2013 Nutri\u00e7\u00e3o (60 alunos) \u2013 Disc.Anatomia Humana<br \/>\n\u2013 Odontologia (110 alunos , em duas disciplinas de 50 alunos) \u2013 Disciplinas de Anatomia 1 e 2<br \/>\n\u2013 Medicina ( 110 alunos , em duas disciplinas de 50 alunos ) -Disciplinas de Anatomia 1 e 2<br \/>\n\u2013 Farm\u00e1cia (50 alunos) \u2013 Disc.Anatomia Humana<br \/>\n\u2013 Ci\u00eancias Biol\u00f3gicas (60 alunos) \u2013 Disc.Anatomia Humana<br \/>\n\u2013 Ed.F\u00edsica Licenciatura (60 alunos) \u2013 Diurno \u2013 Disc.Anatomia Humana<br \/>\n\u2013 Ed.Fisica Bacharelado (60 alunos) \u2013 Diurno \u2013 Disc.Anatomia Humana<br \/>\n\u2013 Ed.F\u00edsica Bacharelado (60 alunos) \u2013 Noturno \u2013 Disc.Anatomia Humana<br \/>\n\u2013 Psicologia (50 alunos ) \u2013 Noturno \u2013 Disc. de Neuroanatomia<br \/>\n\u2013 Terapia Ocupacional (50 alunos ) \u2013 Noturno \u2013 Disc.Anatomia Humana<br \/>\n\u2013 Quimica Forense (40 alunos) \u2013 Disc.Anatomia Humana<br \/>\n\u2013 Dan\u00e7a (40 alunos) \u2013 Disc.Anatomia Humana<\/p>\n<p><strong>Localiza\u00e7\u00e3o<\/strong><br \/>\n<strong>Campus:<\/strong>\u00a0Fragata (Leiga)<br \/>\n<strong>Pr\u00e9dio\/Bloco:<\/strong>\u00a0Pr\u00e9dio da\u00a0Morfologia<br \/>\n<strong>Sala:<\/strong>\u00a0\u2013<\/p>\n<p><strong>Contato<\/strong><br \/>\n<strong>Nome:<\/strong>\u00a0Prof.\u00a0Carlos Alberto Tavares<br \/>\n<strong>E-mail<\/strong>:\u00a0drtavares7@gmail.com<\/p>\n<p><strong>Equipamentos<br \/>\n<\/strong>Mesas de Inox<br \/>\nExaustor<br \/>\nTela de proje\u00e7\u00e3o<br \/>\nManequins<\/p>\n","protected":false},"excerpt":{"rendered":"<p>\u00a0\u00a0\u00a0\u00a0\u00a0\u00a0\u00a0 Unidade:\u00a0Instituto de Biologia(IB) Curso:\u00a0Ci\u00eancias Biol\u00f3gicas \u2013 Licenciatura e Bacharelado, Dan\u00e7a, Educa\u00e7\u00e3o F\u00edsica, Enfermagem, Farm\u00e1cia, Medicina, Nutri\u00e7\u00e3o, Odontologia, Psicologia, Quimica Forense e Terapia Ocupacional. Website:\u00a0N\/D C\u00f3digo NULAB:\u00a090279 Descri\u00e7\u00e3o\u00a0 O laborat\u00f3rio atende a disciplina de Anatomia Humana, que atualmente disp\u00f5e de 2 laborat\u00f3rios: 1) LABORAT\u00d3RIO ANAT\u00d4MICO com 8 mesas de inox, para disponibiliza\u00e7\u00e3o de pe\u00e7as cadav\u00e9ricas, [&hellip;]<\/p>\n","protected":false},"author":488,"featured_media":0,"parent":516,"menu_order":0,"comment_status":"closed","ping_status":"closed","template":"","meta":{"jetpack_post_was_ever_published":false,"footnotes":""},"class_list":["post-4657","page","type-page","status-publish","hentry"],"jetpack_sharing_enabled":true,"jetpack_shortlink":"https:\/\/wp.me\/P6S2gY-1d7","_links":{"self":[{"href":"https:\/\/wp.ufpel.edu.br\/ib\/wp-json\/wp\/v2\/pages\/4657","targetHints":{"allow":["GET"]}}],"collection":[{"href":"https:\/\/wp.ufpel.edu.br\/ib\/wp-json\/wp\/v2\/pages"}],"about":[{"href":"https:\/\/wp.ufpel.edu.br\/ib\/wp-json\/wp\/v2\/types\/page"}],"author":[{"embeddable":true,"href":"https:\/\/wp.ufpel.edu.br\/ib\/wp-json\/wp\/v2\/users\/488"}],"replies":[{"embeddable":true,"href":"https:\/\/wp.ufpel.edu.br\/ib\/wp-json\/wp\/v2\/comments?post=4657"}],"version-history":[{"count":1,"href":"https:\/\/wp.ufpel.edu.br\/ib\/wp-json\/wp\/v2\/pages\/4657\/revisions"}],"predecessor-version":[{"id":4659,"href":"https:\/\/wp.ufpel.edu.br\/ib\/wp-json\/wp\/v2\/pages\/4657\/revisions\/4659"}],"up":[{"embeddable":true,"href":"https:\/\/wp.ufpel.edu.br\/ib\/wp-json\/wp\/v2\/pages\/516"}],"wp:attachment":[{"href":"https:\/\/wp.ufpel.edu.br\/ib\/wp-json\/wp\/v2\/media?parent=4657"}],"curies":[{"name":"wp","href":"https:\/\/api.w.org\/{rel}","templated":true}]}}