{"id":4654,"date":"2023-10-05T15:07:39","date_gmt":"2023-10-05T18:07:39","guid":{"rendered":"https:\/\/wp.ufpel.edu.br\/ib\/?page_id=4654"},"modified":"2023-10-20T09:59:14","modified_gmt":"2023-10-20T12:59:14","slug":"laboratorio-de-cultivo-e-neuromodulacao-celular-neurocell","status":"publish","type":"page","link":"https:\/\/wp.ufpel.edu.br\/ib\/laboratorios-didaticos\/laboratorio-de-cultivo-e-neuromodulacao-celular-neurocell\/","title":{"rendered":"Laborat\u00f3rio de Cultivo e Neuromodula\u00e7\u00e3o Celular (NeuroCell)"},"content":{"rendered":"<p><strong>Unidade:<\/strong>\u00a0Instituto de Biologia(IB)<br \/>\n<strong>Curso:<\/strong>\u00a0Cursos das \u00e1reas das Ci\u00eancias Biol\u00f3gicas, Sa\u00fade e Agr\u00e1rias<br \/>\n<strong>Website:\u00a0<\/strong><a href=\"https:\/\/wp.ufpel.edu.br\/nulab\/neurocell\/blank\">https:\/\/instagram.com\/neuro.cell?igshid=1o1bad5dmp84z<\/a>\u00a0\/<\/p>\n<p><strong>C\u00f3digo NULAB:<\/strong>\u00a090522<\/p>\n<p><strong>Descri\u00e7\u00e3o<\/strong><\/p>\n<p>O laborat\u00f3rio de neuromodula\u00e7\u00e3o celular (NeuroCell), tem como objetivo, investigar respostas eletrofisiol\u00f3gicas, farmacol\u00f3gicas e comportamentais neurais a diferentes insultos em modelos \u201c<em>in vivo<\/em>\u201d (ratos e\/ou camundongos) ou \u201c<em>in vitro<\/em>\u201d(cultura de c\u00e9lulas), buscando identificar novos alvos morfofisiol\u00f3gicos do tecido nervoso. Possui car\u00e1ter multidisciplinar, atuando nas \u00e1reas de morfologia, bioqu\u00edmica e fisiologia na busca de contribuir com um melhor entendimento das diferentes fun\u00e7\u00f5es cerebrais.<\/p>\n<p><strong>Localiza\u00e7\u00e3o<\/strong><\/p>\n<p><strong>\u00a0Campus:<\/strong>\u00a0Cap\u00e3o do Le\u00e3o<\/p>\n<p><strong>Pr\u00e9dio\/Bloco<\/strong>: 26<\/p>\n<p><strong>\u00a0Sala:<\/strong>\u00a0Laborat\u00f3rio de Cultivo e Neuromodula\u00e7\u00e3o Celular<\/p>\n<p><strong>Contato<\/strong><br \/>\n<strong>Nome:<\/strong>\u00a0Prof\u00aa.\u00a0Izabel Cristina Cust\u00f3dio de Souza<br \/>\n<strong>E-mail<\/strong>: belcustodio20@yahoo.com.br \/ izabel.souza@ufpel.edu.br<\/p>\n<p><strong>Equipamentos<br \/>\n<\/strong>Fluxo Laminar<br \/>\nEstufa de CO2<br \/>\nMicrosc\u00f3pio Invertido<br \/>\nLeitora de ELISA<\/p>\n<p><a href=\"https:\/\/drive.google.com\/file\/d\/1zRnGZx9B2ycamMGifbJe1iXR20XK42_v\/view?usp=sharing\" target=\"_blank\" rel=\"noopener\">Regimento<\/a> &#8211;<\/p>\n<p><a href=\"https:\/\/drive.google.com\/file\/d\/1qkPL65g1DnVBo1oCAc9d-4i5UB_GGe3Z\/view?usp=sharing\" target=\"_blank\" rel=\"noopener\">Plano de gerenciamento de res\u00edduos<\/a> &#8211;<\/p>\n","protected":false},"excerpt":{"rendered":"<p>Unidade:\u00a0Instituto de Biologia(IB) Curso:\u00a0Cursos das \u00e1reas das Ci\u00eancias Biol\u00f3gicas, Sa\u00fade e Agr\u00e1rias Website:\u00a0https:\/\/instagram.com\/neuro.cell?igshid=1o1bad5dmp84z\u00a0\/ C\u00f3digo NULAB:\u00a090522 Descri\u00e7\u00e3o O laborat\u00f3rio de neuromodula\u00e7\u00e3o celular (NeuroCell), tem como objetivo, investigar respostas eletrofisiol\u00f3gicas, farmacol\u00f3gicas e comportamentais neurais a diferentes insultos em modelos \u201cin vivo\u201d (ratos e\/ou camundongos) ou \u201cin vitro\u201d(cultura de c\u00e9lulas), buscando identificar novos alvos morfofisiol\u00f3gicos do tecido nervoso. [&hellip;]<\/p>\n","protected":false},"author":488,"featured_media":0,"parent":516,"menu_order":0,"comment_status":"closed","ping_status":"closed","template":"","meta":{"jetpack_post_was_ever_published":false,"footnotes":""},"class_list":["post-4654","page","type-page","status-publish","hentry"],"jetpack_sharing_enabled":true,"jetpack_shortlink":"https:\/\/wp.me\/P6S2gY-1d4","_links":{"self":[{"href":"https:\/\/wp.ufpel.edu.br\/ib\/wp-json\/wp\/v2\/pages\/4654","targetHints":{"allow":["GET"]}}],"collection":[{"href":"https:\/\/wp.ufpel.edu.br\/ib\/wp-json\/wp\/v2\/pages"}],"about":[{"href":"https:\/\/wp.ufpel.edu.br\/ib\/wp-json\/wp\/v2\/types\/page"}],"author":[{"embeddable":true,"href":"https:\/\/wp.ufpel.edu.br\/ib\/wp-json\/wp\/v2\/users\/488"}],"replies":[{"embeddable":true,"href":"https:\/\/wp.ufpel.edu.br\/ib\/wp-json\/wp\/v2\/comments?post=4654"}],"version-history":[{"count":3,"href":"https:\/\/wp.ufpel.edu.br\/ib\/wp-json\/wp\/v2\/pages\/4654\/revisions"}],"predecessor-version":[{"id":4718,"href":"https:\/\/wp.ufpel.edu.br\/ib\/wp-json\/wp\/v2\/pages\/4654\/revisions\/4718"}],"up":[{"embeddable":true,"href":"https:\/\/wp.ufpel.edu.br\/ib\/wp-json\/wp\/v2\/pages\/516"}],"wp:attachment":[{"href":"https:\/\/wp.ufpel.edu.br\/ib\/wp-json\/wp\/v2\/media?parent=4654"}],"curies":[{"name":"wp","href":"https:\/\/api.w.org\/{rel}","templated":true}]}}