{"id":4651,"date":"2023-10-05T15:06:50","date_gmt":"2023-10-05T18:06:50","guid":{"rendered":"https:\/\/wp.ufpel.edu.br\/ib\/?page_id=4651"},"modified":"2023-10-05T15:06:55","modified_gmt":"2023-10-05T18:06:55","slug":"laboratorio-de-tecnicas-imunomoleculares","status":"publish","type":"page","link":"https:\/\/wp.ufpel.edu.br\/ib\/laboratorios-didaticos\/laboratorio-de-tecnicas-imunomoleculares\/","title":{"rendered":"Laborat\u00f3rio de T\u00e9cnicas Imunomoleculares"},"content":{"rendered":"<p><a href=\"https:\/\/wp.ufpel.edu.br\/nulab\/files\/2016\/12\/P1010732.jpg\" target=\"_blank\" rel=\"noopener noreferrer\"><img class=\"alignnone wp-image-3488 size-thumbnail\" src=\"https:\/\/wp.ufpel.edu.br\/nulab\/files\/2016\/12\/P1010732-212x159.jpg\" sizes=\"(max-width: 200px) 100vw, 200px\" srcset=\"https:\/\/wp.ufpel.edu.br\/nulab\/files\/2016\/12\/P1010732-212x159.jpg 212w, https:\/\/wp.ufpel.edu.br\/nulab\/files\/2016\/12\/P1010732-424x318.jpg 424w, https:\/\/wp.ufpel.edu.br\/nulab\/files\/2016\/12\/P1010732-768x576.jpg 768w\" alt=\"p1010732\" width=\"200\" height=\"150\" \/><\/a>\u00a0<a href=\"https:\/\/wp.ufpel.edu.br\/nulab\/files\/2016\/12\/P1010734.jpg\" target=\"_blank\" rel=\"noopener noreferrer\"><img class=\"alignnone wp-image-3489 size-thumbnail\" src=\"https:\/\/wp.ufpel.edu.br\/nulab\/files\/2016\/12\/P1010734-212x159.jpg\" sizes=\"(max-width: 200px) 100vw, 200px\" srcset=\"https:\/\/wp.ufpel.edu.br\/nulab\/files\/2016\/12\/P1010734-212x159.jpg 212w, https:\/\/wp.ufpel.edu.br\/nulab\/files\/2016\/12\/P1010734-424x318.jpg 424w, https:\/\/wp.ufpel.edu.br\/nulab\/files\/2016\/12\/P1010734-768x576.jpg 768w\" alt=\"p1010734\" width=\"200\" height=\"150\" \/><\/a><\/p>\n<p><strong>Unidade:<\/strong>\u00a0Instituto de Biologia (IB)<br \/>\n<strong>Curso:<\/strong>\u00a0Ci\u00eancias Biol\u00f3gicas, Farm\u00e1cia, Biotecnologia, Medicina Veterin\u00e1ria.<br \/>\n<strong>Website:<\/strong><br \/>\n<strong>C\u00f3digo NULAB:<\/strong>\u00a090532<\/p>\n<p><strong>Descri\u00e7\u00e3o<br \/>\n<\/strong><\/p>\n<p>Atividades dentro do laborat\u00f3rio: Desenvolvimento de t\u00e9cnicas de imunodiagn\u00f3stico (ELISA, IMUNOBLOT imunofluoresc\u00eancia) PCR convencional e PCRrt, cultivo celular para multiplica\u00e7\u00e3o de parasitos intracelulares, produ\u00e7\u00e3o de ant\u00edgenos de excre\u00e7\u00e3o e secre\u00e7\u00e3o de nemat\u00f3deos.<br \/>\nNeste laborat\u00f3rio s\u00e3o desenvolvidos estudos com alunos de gradua\u00e7\u00e3o (conclus\u00e3o de curso, PIBIC etc), alunos de p\u00f3s-gradua\u00e7\u00e3o (mestrado e doutorado e p\u00f3s-doutorado) dos PPGs em Parasitologia, Veterin\u00e1ria e Biotecnologia.<\/p>\n<p><strong>Localiza\u00e7\u00e3o<\/strong><br \/>\n<strong>Campus:<\/strong>\u00a0Cap\u00e3o do Le\u00e3o<br \/>\n<strong>Pr\u00e9dio\/Bloco:<\/strong>\u00a025<br \/>\n<strong>Sala:<\/strong>\u00a011<\/p>\n<p><strong>Contato<\/strong><br \/>\n<strong>Nome:<\/strong>\u00a0Maria Elisabeth Aires Berne<br \/>\n<strong>E-mail<\/strong>: bernemea@gmail.com.br<\/p>\n<p><strong>Equipamentos<br \/>\n<\/strong>Capela de Fluxo Laminar<br \/>\nEstufa de CO2 para Cultivo Celular<br \/>\nEstufa bacteriol\u00f3gica<br \/>\nShaker de cultura<br \/>\nCentrifuga para tubos p 0,5 e 1mL (tipo eppendorff)<br \/>\nBanho Maria<br \/>\nAgitador de bancada<br \/>\nEquipamento para eletroforese<br \/>\nEquipamento para imunotransferencia<\/p>\n","protected":false},"excerpt":{"rendered":"<p>\u00a0 Unidade:\u00a0Instituto de Biologia (IB) Curso:\u00a0Ci\u00eancias Biol\u00f3gicas, Farm\u00e1cia, Biotecnologia, Medicina Veterin\u00e1ria. Website: C\u00f3digo NULAB:\u00a090532 Descri\u00e7\u00e3o Atividades dentro do laborat\u00f3rio: Desenvolvimento de t\u00e9cnicas de imunodiagn\u00f3stico (ELISA, IMUNOBLOT imunofluoresc\u00eancia) PCR convencional e PCRrt, cultivo celular para multiplica\u00e7\u00e3o de parasitos intracelulares, produ\u00e7\u00e3o de ant\u00edgenos de excre\u00e7\u00e3o e secre\u00e7\u00e3o de nemat\u00f3deos. Neste laborat\u00f3rio s\u00e3o desenvolvidos estudos com alunos de [&hellip;]<\/p>\n","protected":false},"author":488,"featured_media":0,"parent":516,"menu_order":0,"comment_status":"closed","ping_status":"closed","template":"","meta":{"jetpack_post_was_ever_published":false,"footnotes":""},"class_list":["post-4651","page","type-page","status-publish","hentry"],"jetpack_sharing_enabled":true,"jetpack_shortlink":"https:\/\/wp.me\/P6S2gY-1d1","_links":{"self":[{"href":"https:\/\/wp.ufpel.edu.br\/ib\/wp-json\/wp\/v2\/pages\/4651","targetHints":{"allow":["GET"]}}],"collection":[{"href":"https:\/\/wp.ufpel.edu.br\/ib\/wp-json\/wp\/v2\/pages"}],"about":[{"href":"https:\/\/wp.ufpel.edu.br\/ib\/wp-json\/wp\/v2\/types\/page"}],"author":[{"embeddable":true,"href":"https:\/\/wp.ufpel.edu.br\/ib\/wp-json\/wp\/v2\/users\/488"}],"replies":[{"embeddable":true,"href":"https:\/\/wp.ufpel.edu.br\/ib\/wp-json\/wp\/v2\/comments?post=4651"}],"version-history":[{"count":1,"href":"https:\/\/wp.ufpel.edu.br\/ib\/wp-json\/wp\/v2\/pages\/4651\/revisions"}],"predecessor-version":[{"id":4653,"href":"https:\/\/wp.ufpel.edu.br\/ib\/wp-json\/wp\/v2\/pages\/4651\/revisions\/4653"}],"up":[{"embeddable":true,"href":"https:\/\/wp.ufpel.edu.br\/ib\/wp-json\/wp\/v2\/pages\/516"}],"wp:attachment":[{"href":"https:\/\/wp.ufpel.edu.br\/ib\/wp-json\/wp\/v2\/media?parent=4651"}],"curies":[{"name":"wp","href":"https:\/\/api.w.org\/{rel}","templated":true}]}}