{"id":4648,"date":"2023-10-05T15:05:51","date_gmt":"2023-10-05T18:05:51","guid":{"rendered":"https:\/\/wp.ufpel.edu.br\/ib\/?page_id=4648"},"modified":"2023-10-05T15:06:25","modified_gmt":"2023-10-05T18:06:25","slug":"laboratorio-de-preparo-de-aulas-praticas-de-parasitologia","status":"publish","type":"page","link":"https:\/\/wp.ufpel.edu.br\/ib\/laboratorios-didaticos\/laboratorio-de-preparo-de-aulas-praticas-de-parasitologia\/","title":{"rendered":"Laborat\u00f3rio de Preparo de Aulas Pr\u00e1ticas de Parasitologia"},"content":{"rendered":"<p><a href=\"https:\/\/wp.ufpel.edu.br\/nulab\/files\/2016\/12\/121-scaled.jpg\" target=\"_blank\" rel=\"noopener noreferrer\"><img class=\"alignnone wp-image-3951\" src=\"https:\/\/wp.ufpel.edu.br\/nulab\/files\/2016\/12\/121-400x225.jpg\" sizes=\"(max-width: 265px) 100vw, 265px\" srcset=\"https:\/\/wp.ufpel.edu.br\/nulab\/files\/2016\/12\/121-400x225.jpg 400w, https:\/\/wp.ufpel.edu.br\/nulab\/files\/2016\/12\/121-1024x576.jpg 1024w, https:\/\/wp.ufpel.edu.br\/nulab\/files\/2016\/12\/121-768x432.jpg 768w, https:\/\/wp.ufpel.edu.br\/nulab\/files\/2016\/12\/121-1536x864.jpg 1536w, https:\/\/wp.ufpel.edu.br\/nulab\/files\/2016\/12\/121-2048x1152.jpg 2048w\" alt=\"\" width=\"265\" height=\"149\" \/><\/a><a href=\"https:\/\/wp.ufpel.edu.br\/nulab\/files\/2016\/12\/120-scaled.jpg\" target=\"_blank\" rel=\"noopener noreferrer\"><img class=\"alignnone wp-image-3952\" src=\"https:\/\/wp.ufpel.edu.br\/nulab\/files\/2016\/12\/120-400x225.jpg\" sizes=\"(max-width: 283px) 100vw, 283px\" srcset=\"https:\/\/wp.ufpel.edu.br\/nulab\/files\/2016\/12\/120-400x225.jpg 400w, https:\/\/wp.ufpel.edu.br\/nulab\/files\/2016\/12\/120-1024x576.jpg 1024w, https:\/\/wp.ufpel.edu.br\/nulab\/files\/2016\/12\/120-768x432.jpg 768w, https:\/\/wp.ufpel.edu.br\/nulab\/files\/2016\/12\/120-1536x864.jpg 1536w, https:\/\/wp.ufpel.edu.br\/nulab\/files\/2016\/12\/120-2048x1152.jpg 2048w\" alt=\"\" width=\"283\" height=\"159\" \/><\/a><a href=\"https:\/\/wp.ufpel.edu.br\/nulab\/files\/2016\/12\/122-scaled.jpg\" target=\"_blank\" rel=\"noopener noreferrer\"><img class=\"alignnone wp-image-3950\" src=\"https:\/\/wp.ufpel.edu.br\/nulab\/files\/2016\/12\/122-400x225.jpg\" sizes=\"(max-width: 262px) 100vw, 262px\" srcset=\"https:\/\/wp.ufpel.edu.br\/nulab\/files\/2016\/12\/122-400x225.jpg 400w, https:\/\/wp.ufpel.edu.br\/nulab\/files\/2016\/12\/122-1024x576.jpg 1024w, https:\/\/wp.ufpel.edu.br\/nulab\/files\/2016\/12\/122-768x432.jpg 768w, https:\/\/wp.ufpel.edu.br\/nulab\/files\/2016\/12\/122-1536x864.jpg 1536w, https:\/\/wp.ufpel.edu.br\/nulab\/files\/2016\/12\/122-2048x1152.jpg 2048w\" alt=\"\" width=\"262\" height=\"148\" \/><\/a><\/p>\n<p><strong>Unidade:<\/strong>\u00a0Instituto de Biologia (IB)<br \/>\n<strong>Curso:\u00a0<\/strong>Gradua\u00e7\u00e3o: Medicina Veterin\u00e1ria, Medicina, Ci\u00eancias Biol\u00f3gicas (Bacharelado e Licenciatura), Nutri\u00e7\u00e3o, Zootecnia e Farm\u00e1cia;<\/p>\n<p>P\u00f3s-gradua\u00e7\u00e3o: Programa de P\u00f3s-Gradua\u00e7\u00e3o em Microbiologia e Parasitologia (PPGMPar).<\/p>\n<p><strong>Website:<\/strong><br \/>\n<strong>C\u00f3digo NULAB:<\/strong>\u00a090078<\/p>\n<p><strong>Descri\u00e7\u00e3o<br \/>\n<\/strong><\/p>\n<p>No Laborat\u00f3rio de Preparo de Aulas Pr\u00e1ticas de Parasitologia s\u00e3o realizadas atividades como preparo de material (l\u00e2minas e placas com parasitos, reagentes, vidrarias, etc) para as aulas pr\u00e1ticas ministradas no Laborat\u00f3rio de Aulas Pr\u00e1ticas de Parasitologia (Sala 18 do mesmo pr\u00e9dio) para os cursos especificados acima.<\/p>\n<p>Entre as atividades desenvolvidas est\u00e3o \u00e0 confec\u00e7\u00e3o de l\u00e2minas permanentes de endo e ectoparasitos e manuten\u00e7\u00e3o dos recipientes com exemplares da cole\u00e7\u00e3o de parasitos para utiliza\u00e7\u00e3o durante o semestre pelos alunos dos diversos cursos listados. Tamb\u00e9m este laborat\u00f3rio serve de apoio aos alunos de P\u00f3s-gradua\u00e7\u00e3o em Microbiologia e Parasitologia. Sendo assim, este espa\u00e7o serve aos alunos de gradua\u00e7\u00e3o e p\u00f3s-gradua\u00e7\u00e3o.<\/p>\n<p>S\u00e3o desenvolvidas ainda atividades como preparo de solu\u00e7\u00f5es diversas, necropsias para retiradas de endo e ectoparasitos, an\u00e1lises de diversos materiais como fezes de ovinos e bovinos para identifica\u00e7\u00e3o da carga parasit\u00e1ria, urina, areia, entre outros.<\/p>\n<p><strong>Localiza\u00e7\u00e3o<\/strong><br \/>\n<strong>Campus:<\/strong>\u00a0Cap\u00e3o do Le\u00e3o<br \/>\n<strong>Pr\u00e9dio\/Bloco:<\/strong>\u00a018<br \/>\n<strong>Sala:<\/strong>\u00a012<\/p>\n<p><strong>Contato<\/strong><\/p>\n<p>Nome do respons\u00e1vel: Estefani Tavares Jansen<\/p>\n<p>E-mail:\u00a0<a href=\"mailto:estefani_tj@hotmail.com\">estefani_tj@hotmail.com<\/a><\/p>\n<p><strong>Equipamentos<br \/>\n<\/strong><\/p>\n<p>\u2013 Estufa bacteriol\u00f3gica;<\/p>\n<p>\u2013 Estufa de secagem de l\u00e2minas permanentes;<\/p>\n<p>\u2013 Capela de exaust\u00e3o;<\/p>\n<p>\u2013 Geladeira<br \/>\n\u2013 Freezer<\/p>\n<p>\u2013 Banho Maria<br \/>\n\u2013 Balan\u00e7a<br \/>\n\u2013 Centrifuga<br \/>\n\u2013 Estereomicrosc\u00f3pios<br \/>\n\u2013 Microsc\u00f3pios<br \/>\n\u2013 Destilador de \u00e1gua<\/p>\n<p><strong>\u00a0<\/strong><\/p>\n","protected":false},"excerpt":{"rendered":"<p>Unidade:\u00a0Instituto de Biologia (IB) Curso:\u00a0Gradua\u00e7\u00e3o: Medicina Veterin\u00e1ria, Medicina, Ci\u00eancias Biol\u00f3gicas (Bacharelado e Licenciatura), Nutri\u00e7\u00e3o, Zootecnia e Farm\u00e1cia; P\u00f3s-gradua\u00e7\u00e3o: Programa de P\u00f3s-Gradua\u00e7\u00e3o em Microbiologia e Parasitologia (PPGMPar). Website: C\u00f3digo NULAB:\u00a090078 Descri\u00e7\u00e3o No Laborat\u00f3rio de Preparo de Aulas Pr\u00e1ticas de Parasitologia s\u00e3o realizadas atividades como preparo de material (l\u00e2minas e placas com parasitos, reagentes, vidrarias, etc) para [&hellip;]<\/p>\n","protected":false},"author":488,"featured_media":0,"parent":516,"menu_order":0,"comment_status":"closed","ping_status":"closed","template":"","meta":{"jetpack_post_was_ever_published":false,"footnotes":""},"class_list":["post-4648","page","type-page","status-publish","hentry"],"jetpack_sharing_enabled":true,"jetpack_shortlink":"https:\/\/wp.me\/P6S2gY-1cY","_links":{"self":[{"href":"https:\/\/wp.ufpel.edu.br\/ib\/wp-json\/wp\/v2\/pages\/4648","targetHints":{"allow":["GET"]}}],"collection":[{"href":"https:\/\/wp.ufpel.edu.br\/ib\/wp-json\/wp\/v2\/pages"}],"about":[{"href":"https:\/\/wp.ufpel.edu.br\/ib\/wp-json\/wp\/v2\/types\/page"}],"author":[{"embeddable":true,"href":"https:\/\/wp.ufpel.edu.br\/ib\/wp-json\/wp\/v2\/users\/488"}],"replies":[{"embeddable":true,"href":"https:\/\/wp.ufpel.edu.br\/ib\/wp-json\/wp\/v2\/comments?post=4648"}],"version-history":[{"count":1,"href":"https:\/\/wp.ufpel.edu.br\/ib\/wp-json\/wp\/v2\/pages\/4648\/revisions"}],"predecessor-version":[{"id":4650,"href":"https:\/\/wp.ufpel.edu.br\/ib\/wp-json\/wp\/v2\/pages\/4648\/revisions\/4650"}],"up":[{"embeddable":true,"href":"https:\/\/wp.ufpel.edu.br\/ib\/wp-json\/wp\/v2\/pages\/516"}],"wp:attachment":[{"href":"https:\/\/wp.ufpel.edu.br\/ib\/wp-json\/wp\/v2\/media?parent=4648"}],"curies":[{"name":"wp","href":"https:\/\/api.w.org\/{rel}","templated":true}]}}