{"id":4645,"date":"2023-10-05T15:05:22","date_gmt":"2023-10-05T18:05:22","guid":{"rendered":"https:\/\/wp.ufpel.edu.br\/ib\/?page_id=4645"},"modified":"2023-10-05T15:05:25","modified_gmt":"2023-10-05T18:05:25","slug":"laboratorio-de-preparo-de-aulas-praticas-de-microbiologia","status":"publish","type":"page","link":"https:\/\/wp.ufpel.edu.br\/ib\/laboratorios-didaticos\/laboratorio-de-preparo-de-aulas-praticas-de-microbiologia\/","title":{"rendered":"Laborat\u00f3rio de Preparo de Aulas Pr\u00e1ticas de Microbiologia"},"content":{"rendered":"<p><a href=\"https:\/\/wp.ufpel.edu.br\/nulab\/files\/2016\/12\/P1010719.jpg\" target=\"_blank\" rel=\"noopener noreferrer\"><img class=\"alignnone wp-image-3468 size-thumbnail\" src=\"https:\/\/wp.ufpel.edu.br\/nulab\/files\/2016\/12\/P1010719-212x159.jpg\" sizes=\"(max-width: 200px) 100vw, 200px\" srcset=\"https:\/\/wp.ufpel.edu.br\/nulab\/files\/2016\/12\/P1010719-212x159.jpg 212w, https:\/\/wp.ufpel.edu.br\/nulab\/files\/2016\/12\/P1010719-424x318.jpg 424w, https:\/\/wp.ufpel.edu.br\/nulab\/files\/2016\/12\/P1010719-768x576.jpg 768w\" alt=\"p1010719\" width=\"200\" height=\"150\" \/><\/a>\u00a0<a href=\"https:\/\/wp.ufpel.edu.br\/nulab\/files\/2016\/12\/P1010716.jpg\" target=\"_blank\" rel=\"noopener noreferrer\"><img class=\"alignnone wp-image-3467 size-thumbnail\" src=\"https:\/\/wp.ufpel.edu.br\/nulab\/files\/2016\/12\/P1010716-212x159.jpg\" sizes=\"(max-width: 200px) 100vw, 200px\" srcset=\"https:\/\/wp.ufpel.edu.br\/nulab\/files\/2016\/12\/P1010716-212x159.jpg 212w, https:\/\/wp.ufpel.edu.br\/nulab\/files\/2016\/12\/P1010716-424x318.jpg 424w, https:\/\/wp.ufpel.edu.br\/nulab\/files\/2016\/12\/P1010716-768x576.jpg 768w\" alt=\"p1010716\" width=\"200\" height=\"150\" \/><\/a><\/p>\n<p><strong>Unidade:<\/strong>\u00a0Instituto de Biologia (IB)<br \/>\n<strong>Curso:<\/strong>\u00a0Enfermagem, Veterin\u00e1ria, Farm\u00e1cia, Medicina, Engenharia Sanit\u00e1ria e Ambiental, Odontologia, Qu\u00edmica Industrial, Zootecnia, Nutri\u00e7\u00e3o e Ci\u00eancias Biol\u00f3gicas Bacharelado e Licenciatura.<br \/>\n<strong>C\u00f3digo NULAB:<\/strong>\u00a090077<\/p>\n<p><strong>Descri\u00e7\u00e3o<br \/>\n<\/strong><\/p>\n<p>No Laborat\u00f3rio de Preparo de Aulas pr\u00e1ticas de Microbiologia s\u00e3o preparados os materiais necess\u00e1rios para a realiza\u00e7\u00e3o das aulas pr\u00e1ticas (vidrarias, reagentes, meios de cultura, corantes, etc). Neste laborat\u00f3rio tamb\u00e9m s\u00e3o conservadas cepas de alguns microorganismos tamb\u00e9m utilizados nas aulas pr\u00e1ticas e s\u00e3o esterilizados materiais oriundos do descarte das aulas pr\u00e1ticas e de pesquisas.<\/p>\n<p><strong>Localiza\u00e7\u00e3o<\/strong><br \/>\n<strong>Campus:<\/strong>\u00a0Cap\u00e3o do Le\u00e3o<br \/>\n<strong>Pr\u00e9dio\/Bloco:<\/strong>\u00a018<br \/>\n<strong>Sala:<\/strong>\u00a008<\/p>\n<p><strong>Contato<\/strong><br \/>\n<strong>Nome:<\/strong>\u00a0<a href=\"http:\/\/lattes.cnpq.br\/8434877586019417\">Luiz Carlos Boemeke Junior<\/a><br \/>\n<strong>E-mail:<\/strong>\u00a0boemekejr@yahoo.com.br<\/p>\n<p><strong>Equipamentos<br \/>\n<\/strong>Estufa bacteriol\u00f3gica<br \/>\nCapela de Fluxo Laminar<br \/>\nGeladeiras<br \/>\nBalan\u00e7as<br \/>\nEstufa de secagem<br \/>\nForno de esteriliza\u00e7\u00e3o<br \/>\nAutoclaves<br \/>\nMicrosc\u00f3pios<br \/>\nDestilador<br \/>\nCentr\u00edfuga<br \/>\nAgitador Magn\u00e9tico<br \/>\npHmetro<\/p>\n","protected":false},"excerpt":{"rendered":"<p>\u00a0 Unidade:\u00a0Instituto de Biologia (IB) Curso:\u00a0Enfermagem, Veterin\u00e1ria, Farm\u00e1cia, Medicina, Engenharia Sanit\u00e1ria e Ambiental, Odontologia, Qu\u00edmica Industrial, Zootecnia, Nutri\u00e7\u00e3o e Ci\u00eancias Biol\u00f3gicas Bacharelado e Licenciatura. C\u00f3digo NULAB:\u00a090077 Descri\u00e7\u00e3o No Laborat\u00f3rio de Preparo de Aulas pr\u00e1ticas de Microbiologia s\u00e3o preparados os materiais necess\u00e1rios para a realiza\u00e7\u00e3o das aulas pr\u00e1ticas (vidrarias, reagentes, meios de cultura, corantes, etc). Neste [&hellip;]<\/p>\n","protected":false},"author":488,"featured_media":0,"parent":516,"menu_order":0,"comment_status":"closed","ping_status":"closed","template":"","meta":{"jetpack_post_was_ever_published":false,"footnotes":""},"class_list":["post-4645","page","type-page","status-publish","hentry"],"jetpack_sharing_enabled":true,"jetpack_shortlink":"https:\/\/wp.me\/P6S2gY-1cV","_links":{"self":[{"href":"https:\/\/wp.ufpel.edu.br\/ib\/wp-json\/wp\/v2\/pages\/4645","targetHints":{"allow":["GET"]}}],"collection":[{"href":"https:\/\/wp.ufpel.edu.br\/ib\/wp-json\/wp\/v2\/pages"}],"about":[{"href":"https:\/\/wp.ufpel.edu.br\/ib\/wp-json\/wp\/v2\/types\/page"}],"author":[{"embeddable":true,"href":"https:\/\/wp.ufpel.edu.br\/ib\/wp-json\/wp\/v2\/users\/488"}],"replies":[{"embeddable":true,"href":"https:\/\/wp.ufpel.edu.br\/ib\/wp-json\/wp\/v2\/comments?post=4645"}],"version-history":[{"count":1,"href":"https:\/\/wp.ufpel.edu.br\/ib\/wp-json\/wp\/v2\/pages\/4645\/revisions"}],"predecessor-version":[{"id":4647,"href":"https:\/\/wp.ufpel.edu.br\/ib\/wp-json\/wp\/v2\/pages\/4645\/revisions\/4647"}],"up":[{"embeddable":true,"href":"https:\/\/wp.ufpel.edu.br\/ib\/wp-json\/wp\/v2\/pages\/516"}],"wp:attachment":[{"href":"https:\/\/wp.ufpel.edu.br\/ib\/wp-json\/wp\/v2\/media?parent=4645"}],"curies":[{"name":"wp","href":"https:\/\/api.w.org\/{rel}","templated":true}]}}