{"id":4642,"date":"2023-10-05T15:04:46","date_gmt":"2023-10-05T18:04:46","guid":{"rendered":"https:\/\/wp.ufpel.edu.br\/ib\/?page_id=4642"},"modified":"2023-10-05T15:04:51","modified_gmt":"2023-10-05T18:04:51","slug":"laboratorio-de-parasitologia-humana","status":"publish","type":"page","link":"https:\/\/wp.ufpel.edu.br\/ib\/laboratorios-didaticos\/laboratorio-de-parasitologia-humana\/","title":{"rendered":"Laborat\u00f3rio de Parasitologia Humana"},"content":{"rendered":"<p><a href=\"https:\/\/wp.ufpel.edu.br\/nulab\/files\/2016\/12\/P1010754.jpg\" target=\"_blank\" rel=\"noopener noreferrer\"><img class=\"alignnone wp-image-3423 size-thumbnail\" src=\"https:\/\/wp.ufpel.edu.br\/nulab\/files\/2016\/12\/P1010754-212x159.jpg\" sizes=\"(max-width: 200px) 100vw, 200px\" srcset=\"https:\/\/wp.ufpel.edu.br\/nulab\/files\/2016\/12\/P1010754-212x159.jpg 212w, https:\/\/wp.ufpel.edu.br\/nulab\/files\/2016\/12\/P1010754-424x318.jpg 424w, https:\/\/wp.ufpel.edu.br\/nulab\/files\/2016\/12\/P1010754-768x576.jpg 768w\" alt=\"p1010754\" width=\"200\" height=\"150\" \/><\/a>\u00a0<a href=\"https:\/\/wp.ufpel.edu.br\/nulab\/files\/2016\/12\/P1010759.jpg\" target=\"_blank\" rel=\"noopener noreferrer\"><img class=\"alignnone wp-image-3424 size-thumbnail\" src=\"https:\/\/wp.ufpel.edu.br\/nulab\/files\/2016\/12\/P1010759-212x159.jpg\" sizes=\"(max-width: 200px) 100vw, 200px\" srcset=\"https:\/\/wp.ufpel.edu.br\/nulab\/files\/2016\/12\/P1010759-212x159.jpg 212w, https:\/\/wp.ufpel.edu.br\/nulab\/files\/2016\/12\/P1010759-424x318.jpg 424w, https:\/\/wp.ufpel.edu.br\/nulab\/files\/2016\/12\/P1010759-768x576.jpg 768w\" alt=\"p1010759\" width=\"200\" height=\"150\" \/><\/a><\/p>\n<p><strong>Unidade:<\/strong>\u00a0Instituto de Biologia (IB)<br \/>\n<strong>Curso:<\/strong>\u00a0Ci\u00eancias Biol\u00f3gicas Bacharelado, Ci\u00eancias Biol\u00f3gicas Licenciatura, Medicina, PPG-Parasitologia Mestrado e Doutorado.<br \/>\n<strong>Website:<\/strong><br \/>\n<strong>C\u00f3digo NULAB:<\/strong>\u00a090526<\/p>\n<p><strong>Descri\u00e7\u00e3o<br \/>\n<\/strong><\/p>\n<p>Laborat\u00f3rio de Parasitologia Humana. Realiza pesquisas na \u00e1rea de doen\u00e7a de Chagas, triatom\u00edneos vetores de Trypanosoma cruzi, helmintoses intestinais humanas, epidemiologia de Trichomonas vaginalis e contamina\u00e7\u00e3o ambiental por parasitos de import\u00e2ncia em sa\u00fade p\u00fablica. Os trabalhos versam, principalmente, sobre a epidemiologia, preven\u00e7\u00e3o e controle dos parasitos de import\u00e2ncia em sa\u00fade. O Laborat\u00f3rio de Parasitologia Humana apresenta estagi\u00e1rios dos cursos de Ci\u00eancias Biol\u00f3gicas e mestrandos\/doutorandos do PPG-Parasitologia, contemplando enfermeiros, farmac\u00eauticos e bi\u00f3logos.<\/p>\n<p><strong>Localiza\u00e7\u00e3o<\/strong><br \/>\n<strong>Campus:<\/strong>\u00a0Cap\u00e3o do Le\u00e3o<br \/>\n<strong>Pr\u00e9dio\/Bloco:<\/strong>\u00a025<br \/>\n<strong>Sala:<\/strong>\u00a014<\/p>\n<p><strong>Contato<\/strong><br \/>\n<strong>Nome:<\/strong>\u00a0Prof. Marcos Marreiro Villela<br \/>\n<strong>E-mail<\/strong>: marcos.villela@ufpel.edu.br<\/p>\n<p><strong>Equipamentos<br \/>\n<\/strong>Microsc\u00f3pios \u00f3pticos (01 com adapta\u00e7\u00e3o para fotografar)<br \/>\nLupas estereomicrosc\u00f3picas (01 com adapta\u00e7\u00e3o para fotografar)<br \/>\nBalan\u00e7a de precis\u00e3o<br \/>\nEstufa BOD<br \/>\nCentr\u00edfuga<\/p>\n","protected":false},"excerpt":{"rendered":"<p>\u00a0 Unidade:\u00a0Instituto de Biologia (IB) Curso:\u00a0Ci\u00eancias Biol\u00f3gicas Bacharelado, Ci\u00eancias Biol\u00f3gicas Licenciatura, Medicina, PPG-Parasitologia Mestrado e Doutorado. Website: C\u00f3digo NULAB:\u00a090526 Descri\u00e7\u00e3o Laborat\u00f3rio de Parasitologia Humana. Realiza pesquisas na \u00e1rea de doen\u00e7a de Chagas, triatom\u00edneos vetores de Trypanosoma cruzi, helmintoses intestinais humanas, epidemiologia de Trichomonas vaginalis e contamina\u00e7\u00e3o ambiental por parasitos de import\u00e2ncia em sa\u00fade p\u00fablica. Os [&hellip;]<\/p>\n","protected":false},"author":488,"featured_media":0,"parent":516,"menu_order":0,"comment_status":"closed","ping_status":"closed","template":"","meta":{"jetpack_post_was_ever_published":false,"footnotes":""},"class_list":["post-4642","page","type-page","status-publish","hentry"],"jetpack_sharing_enabled":true,"jetpack_shortlink":"https:\/\/wp.me\/P6S2gY-1cS","_links":{"self":[{"href":"https:\/\/wp.ufpel.edu.br\/ib\/wp-json\/wp\/v2\/pages\/4642","targetHints":{"allow":["GET"]}}],"collection":[{"href":"https:\/\/wp.ufpel.edu.br\/ib\/wp-json\/wp\/v2\/pages"}],"about":[{"href":"https:\/\/wp.ufpel.edu.br\/ib\/wp-json\/wp\/v2\/types\/page"}],"author":[{"embeddable":true,"href":"https:\/\/wp.ufpel.edu.br\/ib\/wp-json\/wp\/v2\/users\/488"}],"replies":[{"embeddable":true,"href":"https:\/\/wp.ufpel.edu.br\/ib\/wp-json\/wp\/v2\/comments?post=4642"}],"version-history":[{"count":1,"href":"https:\/\/wp.ufpel.edu.br\/ib\/wp-json\/wp\/v2\/pages\/4642\/revisions"}],"predecessor-version":[{"id":4644,"href":"https:\/\/wp.ufpel.edu.br\/ib\/wp-json\/wp\/v2\/pages\/4642\/revisions\/4644"}],"up":[{"embeddable":true,"href":"https:\/\/wp.ufpel.edu.br\/ib\/wp-json\/wp\/v2\/pages\/516"}],"wp:attachment":[{"href":"https:\/\/wp.ufpel.edu.br\/ib\/wp-json\/wp\/v2\/media?parent=4642"}],"curies":[{"name":"wp","href":"https:\/\/api.w.org\/{rel}","templated":true}]}}