{"id":4639,"date":"2023-10-05T15:04:10","date_gmt":"2023-10-05T18:04:10","guid":{"rendered":"https:\/\/wp.ufpel.edu.br\/ib\/?page_id=4639"},"modified":"2023-10-05T15:04:13","modified_gmt":"2023-10-05T18:04:13","slug":"laboratorio-de-parasitologia-de-animais-silvestres-lapasil","status":"publish","type":"page","link":"https:\/\/wp.ufpel.edu.br\/ib\/laboratorios-didaticos\/laboratorio-de-parasitologia-de-animais-silvestres-lapasil\/","title":{"rendered":"Laborat\u00f3rio de Parasitologia de Animais Silvestres (LAPASIL)"},"content":{"rendered":"<p><strong>Unidade:<\/strong>\u00a0Instituto de Biologia (IB)<br \/>\n<strong>Curso:<\/strong>\u00a0Ci\u00eancias Biol\u00f3gicas, Medicina Veterin\u00e1ria.<br \/>\n<strong>Website:<\/strong><br \/>\n<strong>C\u00f3digo NULAB:<\/strong>\u00a090530<\/p>\n<p><strong>Descri\u00e7\u00e3o<br \/>\n<\/strong><\/p>\n<p>No Laborat\u00f3rio de Parasitologia de Animais Silvestres (LAPASIL) s\u00e3o desenvolvidas atividades de pesquisa na \u00e1rea da parasitologia, com \u00eanfase em biodiversidade de helmintos e artr\u00f3podes parasitos de mam\u00edferos, aves, r\u00e9pteis e anf\u00edbios. Al\u00e9m disso, s\u00e3o realizados estudos de biologia molecular de helmintos e protozo\u00e1rios associados a animais silvestres. Com rela\u00e7\u00e3o \u00e0 sa\u00fade p\u00fablica e animal, s\u00e3o desenvolvidas pesquisas sobre a biologia e epidemiologia de helmintos com potencial zoon\u00f3tico parasitos de animais silvestres e dom\u00e9sticos, visando gerar informa\u00e7\u00f5es que possam auxiliar programas de controle e profilaxia. Os estudos s\u00e3o desenvolvidos por alunos do Programa de P\u00f3s-gradua\u00e7\u00e3o em Parasitologia (mestrado e doutorado), bem como p\u00f3s-doutorado. As pesquisas contam, ainda, com a participa\u00e7\u00e3o de alunos de inicia\u00e7\u00e3o cient\u00edfica dos cursos de Ci\u00eancias Biol\u00f3gicas e Medicina Veterin\u00e1ria.<\/p>\n<p><strong>Localiza\u00e7\u00e3o<\/strong><br \/>\n<strong>Campus:<\/strong>\u00a0Cap\u00e3o do Le\u00e3o<br \/>\n<strong>Pr\u00e9dio\/Bloco:<\/strong>\u00a018<br \/>\n<strong>Sala:<\/strong>\u00a016<\/p>\n<p><strong>Contato<\/strong><br \/>\n<strong>Nome:<\/strong>\u00a0Camila Belmonte Oliveira<br \/>\n<strong>E-mail<\/strong>: camilabelmontevet@yahoo.com.br<\/p>\n<p><strong>Equipamentos<br \/>\n<\/strong>Microsc\u00f3pios<br \/>\nEstereomicrosc\u00f3pios<br \/>\nMicrosc\u00f3pio com Sistema de C\u00e2mera Digital Acoplada<br \/>\nEstufa<br \/>\nMicroondas<br \/>\nBalan\u00e7a Digital<br \/>\nRefrigeradores<br \/>\nFreezers<\/p>\n","protected":false},"excerpt":{"rendered":"<p>Unidade:\u00a0Instituto de Biologia (IB) Curso:\u00a0Ci\u00eancias Biol\u00f3gicas, Medicina Veterin\u00e1ria. Website: C\u00f3digo NULAB:\u00a090530 Descri\u00e7\u00e3o No Laborat\u00f3rio de Parasitologia de Animais Silvestres (LAPASIL) s\u00e3o desenvolvidas atividades de pesquisa na \u00e1rea da parasitologia, com \u00eanfase em biodiversidade de helmintos e artr\u00f3podes parasitos de mam\u00edferos, aves, r\u00e9pteis e anf\u00edbios. Al\u00e9m disso, s\u00e3o realizados estudos de biologia molecular de helmintos e [&hellip;]<\/p>\n","protected":false},"author":488,"featured_media":0,"parent":516,"menu_order":0,"comment_status":"closed","ping_status":"closed","template":"","meta":{"jetpack_post_was_ever_published":false,"footnotes":""},"class_list":["post-4639","page","type-page","status-publish","hentry"],"jetpack_sharing_enabled":true,"jetpack_shortlink":"https:\/\/wp.me\/P6S2gY-1cP","_links":{"self":[{"href":"https:\/\/wp.ufpel.edu.br\/ib\/wp-json\/wp\/v2\/pages\/4639","targetHints":{"allow":["GET"]}}],"collection":[{"href":"https:\/\/wp.ufpel.edu.br\/ib\/wp-json\/wp\/v2\/pages"}],"about":[{"href":"https:\/\/wp.ufpel.edu.br\/ib\/wp-json\/wp\/v2\/types\/page"}],"author":[{"embeddable":true,"href":"https:\/\/wp.ufpel.edu.br\/ib\/wp-json\/wp\/v2\/users\/488"}],"replies":[{"embeddable":true,"href":"https:\/\/wp.ufpel.edu.br\/ib\/wp-json\/wp\/v2\/comments?post=4639"}],"version-history":[{"count":1,"href":"https:\/\/wp.ufpel.edu.br\/ib\/wp-json\/wp\/v2\/pages\/4639\/revisions"}],"predecessor-version":[{"id":4641,"href":"https:\/\/wp.ufpel.edu.br\/ib\/wp-json\/wp\/v2\/pages\/4639\/revisions\/4641"}],"up":[{"embeddable":true,"href":"https:\/\/wp.ufpel.edu.br\/ib\/wp-json\/wp\/v2\/pages\/516"}],"wp:attachment":[{"href":"https:\/\/wp.ufpel.edu.br\/ib\/wp-json\/wp\/v2\/media?parent=4639"}],"curies":[{"name":"wp","href":"https:\/\/api.w.org\/{rel}","templated":true}]}}