{"id":4636,"date":"2023-10-05T15:03:36","date_gmt":"2023-10-05T18:03:36","guid":{"rendered":"https:\/\/wp.ufpel.edu.br\/ib\/?page_id=4636"},"modified":"2023-10-05T15:03:39","modified_gmt":"2023-10-05T18:03:39","slug":"laboratorio-de-parasitologia","status":"publish","type":"page","link":"https:\/\/wp.ufpel.edu.br\/ib\/laboratorios-didaticos\/laboratorio-de-parasitologia\/","title":{"rendered":"Laborat\u00f3rio de Parasitologia"},"content":{"rendered":"<p><a href=\"https:\/\/wp.ufpel.edu.br\/nulab\/files\/2016\/12\/P1010744.jpg\" target=\"_blank\" rel=\"noopener noreferrer\"><img class=\"alignnone wp-image-3534 size-thumbnail\" src=\"https:\/\/wp.ufpel.edu.br\/nulab\/files\/2016\/12\/P1010744-212x159.jpg\" sizes=\"(max-width: 200px) 100vw, 200px\" srcset=\"https:\/\/wp.ufpel.edu.br\/nulab\/files\/2016\/12\/P1010744-212x159.jpg 212w, https:\/\/wp.ufpel.edu.br\/nulab\/files\/2016\/12\/P1010744-424x318.jpg 424w, https:\/\/wp.ufpel.edu.br\/nulab\/files\/2016\/12\/P1010744-768x576.jpg 768w\" alt=\"p1010744\" width=\"200\" height=\"150\" \/><\/a>\u00a0<a href=\"https:\/\/wp.ufpel.edu.br\/nulab\/files\/2016\/12\/P1010745.jpg\" target=\"_blank\" rel=\"noopener noreferrer\"><img class=\"alignnone wp-image-3535 size-thumbnail\" src=\"https:\/\/wp.ufpel.edu.br\/nulab\/files\/2016\/12\/P1010745-212x159.jpg\" sizes=\"(max-width: 200px) 100vw, 200px\" srcset=\"https:\/\/wp.ufpel.edu.br\/nulab\/files\/2016\/12\/P1010745-212x159.jpg 212w, https:\/\/wp.ufpel.edu.br\/nulab\/files\/2016\/12\/P1010745-424x318.jpg 424w, https:\/\/wp.ufpel.edu.br\/nulab\/files\/2016\/12\/P1010745-768x576.jpg 768w\" alt=\"p1010745\" width=\"200\" height=\"150\" \/><\/a><\/p>\n<p><strong>Unidade:<\/strong>\u00a0Instituto de Biologia (IB)<br \/>\n<strong>Curso:<\/strong>\u00a0 Ci\u00eancias Biol\u00f3gicas.<br \/>\n<strong>C\u00f3digo NULAB:<\/strong>\u00a090538<\/p>\n<p><strong>Descri\u00e7\u00e3o<br \/>\n<\/strong><\/p>\n<p>\u2013<\/p>\n<p><strong>Localiza\u00e7\u00e3o<\/strong><br \/>\n<strong>Campus:<\/strong>\u00a0Cap\u00e3o do Le\u00e3o<br \/>\n<strong>Pr\u00e9dio\/Bloco:<\/strong>\u00a025<br \/>\n<strong>Sala:<\/strong>\u00a013<\/p>\n<p><strong>Contato<\/strong><br \/>\n<strong>Nome:<\/strong>\u00a0Nara Am\u00e9lia da Rosa Farias\/\u00a0Jer\u00f4nimo Lopes Ruas<br \/>\n<strong>E-mail:<\/strong>\u00a0\u2013<\/p>\n<p><strong>Equipamentos<br \/>\n<\/strong>\u2013<\/p>\n","protected":false},"excerpt":{"rendered":"<p>\u00a0 Unidade:\u00a0Instituto de Biologia (IB) Curso:\u00a0 Ci\u00eancias Biol\u00f3gicas. C\u00f3digo NULAB:\u00a090538 Descri\u00e7\u00e3o \u2013 Localiza\u00e7\u00e3o Campus:\u00a0Cap\u00e3o do Le\u00e3o Pr\u00e9dio\/Bloco:\u00a025 Sala:\u00a013 Contato Nome:\u00a0Nara Am\u00e9lia da Rosa Farias\/\u00a0Jer\u00f4nimo Lopes Ruas E-mail:\u00a0\u2013 Equipamentos \u2013<\/p>\n","protected":false},"author":488,"featured_media":0,"parent":516,"menu_order":0,"comment_status":"closed","ping_status":"closed","template":"","meta":{"jetpack_post_was_ever_published":false,"footnotes":""},"class_list":["post-4636","page","type-page","status-publish","hentry"],"jetpack_sharing_enabled":true,"jetpack_shortlink":"https:\/\/wp.me\/P6S2gY-1cM","_links":{"self":[{"href":"https:\/\/wp.ufpel.edu.br\/ib\/wp-json\/wp\/v2\/pages\/4636","targetHints":{"allow":["GET"]}}],"collection":[{"href":"https:\/\/wp.ufpel.edu.br\/ib\/wp-json\/wp\/v2\/pages"}],"about":[{"href":"https:\/\/wp.ufpel.edu.br\/ib\/wp-json\/wp\/v2\/types\/page"}],"author":[{"embeddable":true,"href":"https:\/\/wp.ufpel.edu.br\/ib\/wp-json\/wp\/v2\/users\/488"}],"replies":[{"embeddable":true,"href":"https:\/\/wp.ufpel.edu.br\/ib\/wp-json\/wp\/v2\/comments?post=4636"}],"version-history":[{"count":1,"href":"https:\/\/wp.ufpel.edu.br\/ib\/wp-json\/wp\/v2\/pages\/4636\/revisions"}],"predecessor-version":[{"id":4638,"href":"https:\/\/wp.ufpel.edu.br\/ib\/wp-json\/wp\/v2\/pages\/4636\/revisions\/4638"}],"up":[{"embeddable":true,"href":"https:\/\/wp.ufpel.edu.br\/ib\/wp-json\/wp\/v2\/pages\/516"}],"wp:attachment":[{"href":"https:\/\/wp.ufpel.edu.br\/ib\/wp-json\/wp\/v2\/media?parent=4636"}],"curies":[{"name":"wp","href":"https:\/\/api.w.org\/{rel}","templated":true}]}}