{"id":4633,"date":"2023-10-05T15:03:02","date_gmt":"2023-10-05T18:03:02","guid":{"rendered":"https:\/\/wp.ufpel.edu.br\/ib\/?page_id=4633"},"modified":"2023-10-05T15:03:05","modified_gmt":"2023-10-05T18:03:05","slug":"laboratorio-de-microbiologia-aplicada","status":"publish","type":"page","link":"https:\/\/wp.ufpel.edu.br\/ib\/laboratorios-didaticos\/laboratorio-de-microbiologia-aplicada\/","title":{"rendered":"Laborat\u00f3rio de Microbiologia Aplicada"},"content":{"rendered":"<p><a href=\"https:\/\/wp.ufpel.edu.br\/nulab\/files\/2016\/12\/P1010711.jpg\" target=\"_blank\" rel=\"noopener noreferrer\"><img class=\"alignnone wp-image-3527 size-thumbnail\" src=\"https:\/\/wp.ufpel.edu.br\/nulab\/files\/2016\/12\/P1010711-212x159.jpg\" sizes=\"(max-width: 200px) 100vw, 200px\" srcset=\"https:\/\/wp.ufpel.edu.br\/nulab\/files\/2016\/12\/P1010711-212x159.jpg 212w, https:\/\/wp.ufpel.edu.br\/nulab\/files\/2016\/12\/P1010711-424x318.jpg 424w, https:\/\/wp.ufpel.edu.br\/nulab\/files\/2016\/12\/P1010711-768x576.jpg 768w\" alt=\"p1010711\" width=\"200\" height=\"150\" \/><\/a>\u00a0<a href=\"https:\/\/wp.ufpel.edu.br\/nulab\/files\/2016\/12\/P1010713.jpg\" target=\"_blank\" rel=\"noopener noreferrer\"><img class=\"alignnone wp-image-3528 size-thumbnail\" src=\"https:\/\/wp.ufpel.edu.br\/nulab\/files\/2016\/12\/P1010713-212x159.jpg\" sizes=\"(max-width: 200px) 100vw, 200px\" srcset=\"https:\/\/wp.ufpel.edu.br\/nulab\/files\/2016\/12\/P1010713-212x159.jpg 212w, https:\/\/wp.ufpel.edu.br\/nulab\/files\/2016\/12\/P1010713-424x318.jpg 424w, https:\/\/wp.ufpel.edu.br\/nulab\/files\/2016\/12\/P1010713-768x576.jpg 768w\" alt=\"p1010713\" width=\"200\" height=\"150\" \/><\/a><\/p>\n<p><strong>Unidade:<\/strong>\u00a0Instituto de Biologia (IB)<br \/>\n<strong>Curso:<\/strong>\u00a0\u00a0Nutri\u00e7\u00e3o, Medicina, Zootecnia, Ci\u00eancias Biol\u00f3gicas e Medicina Veterin\u00e1ria.<br \/>\n<strong>C\u00f3digo NULAB:<\/strong>\u00a090537<\/p>\n<p><strong>Descri\u00e7\u00e3o<br \/>\n<\/strong><\/p>\n<p>O laborat\u00f3rio tem import\u00e2ncia no desenvolvimento de projetos de pesquisa e ensino, al\u00e9m do uso de seus equipamentos por v\u00e1rias unidades da UFPel como forma de executarem seus projetos. Tem rela\u00e7\u00e3o direta com disciplinas de Microbiologia, Imunologia, Biotecnologia e Parasitologia tanto no desenvolvimento de pesquisa quanto em projetos de ensino.<\/p>\n<p><strong>Localiza\u00e7\u00e3o<\/strong><br \/>\n<strong>Campus:<\/strong>\u00a0Cap\u00e3o do Le\u00e3o<br \/>\n<strong>Pr\u00e9dio\/Bloco:<\/strong>\u00a018<br \/>\n<strong>Sala:<\/strong>\u00a006<\/p>\n<p><strong>Contato<\/strong><br \/>\n<strong>Nome:<\/strong>\u00a0Albino Magalh\u00e3es Neto<br \/>\n<strong>E-mail:<\/strong>\u00a0albinomn@gmail.com<\/p>\n<p><strong>Equipamentos<br \/>\n<\/strong>Fermentador de bancada (biorreator)<br \/>\nC\u00e2mara incubadora com agita\u00e7\u00e3o orbital (Shaker)<br \/>\nCentrifuga refrigerada<br \/>\nMicrosc\u00f3pio \u00d3ptico binocular did\u00e1tico<br \/>\nBanho Maria com agita\u00e7\u00e3o<br \/>\nEstufa bacteriol\u00f3gica<\/p>\n","protected":false},"excerpt":{"rendered":"<p>\u00a0 Unidade:\u00a0Instituto de Biologia (IB) Curso:\u00a0\u00a0Nutri\u00e7\u00e3o, Medicina, Zootecnia, Ci\u00eancias Biol\u00f3gicas e Medicina Veterin\u00e1ria. C\u00f3digo NULAB:\u00a090537 Descri\u00e7\u00e3o O laborat\u00f3rio tem import\u00e2ncia no desenvolvimento de projetos de pesquisa e ensino, al\u00e9m do uso de seus equipamentos por v\u00e1rias unidades da UFPel como forma de executarem seus projetos. Tem rela\u00e7\u00e3o direta com disciplinas de Microbiologia, Imunologia, Biotecnologia e [&hellip;]<\/p>\n","protected":false},"author":488,"featured_media":0,"parent":516,"menu_order":0,"comment_status":"closed","ping_status":"closed","template":"","meta":{"jetpack_post_was_ever_published":false,"footnotes":""},"class_list":["post-4633","page","type-page","status-publish","hentry"],"jetpack_sharing_enabled":true,"jetpack_shortlink":"https:\/\/wp.me\/P6S2gY-1cJ","_links":{"self":[{"href":"https:\/\/wp.ufpel.edu.br\/ib\/wp-json\/wp\/v2\/pages\/4633","targetHints":{"allow":["GET"]}}],"collection":[{"href":"https:\/\/wp.ufpel.edu.br\/ib\/wp-json\/wp\/v2\/pages"}],"about":[{"href":"https:\/\/wp.ufpel.edu.br\/ib\/wp-json\/wp\/v2\/types\/page"}],"author":[{"embeddable":true,"href":"https:\/\/wp.ufpel.edu.br\/ib\/wp-json\/wp\/v2\/users\/488"}],"replies":[{"embeddable":true,"href":"https:\/\/wp.ufpel.edu.br\/ib\/wp-json\/wp\/v2\/comments?post=4633"}],"version-history":[{"count":1,"href":"https:\/\/wp.ufpel.edu.br\/ib\/wp-json\/wp\/v2\/pages\/4633\/revisions"}],"predecessor-version":[{"id":4635,"href":"https:\/\/wp.ufpel.edu.br\/ib\/wp-json\/wp\/v2\/pages\/4633\/revisions\/4635"}],"up":[{"embeddable":true,"href":"https:\/\/wp.ufpel.edu.br\/ib\/wp-json\/wp\/v2\/pages\/516"}],"wp:attachment":[{"href":"https:\/\/wp.ufpel.edu.br\/ib\/wp-json\/wp\/v2\/media?parent=4633"}],"curies":[{"name":"wp","href":"https:\/\/api.w.org\/{rel}","templated":true}]}}