{"id":4630,"date":"2023-10-05T15:02:22","date_gmt":"2023-10-05T18:02:22","guid":{"rendered":"https:\/\/wp.ufpel.edu.br\/ib\/?page_id=4630"},"modified":"2023-10-05T15:02:25","modified_gmt":"2023-10-05T18:02:25","slug":"laboratorio-de-microbiologia-ambiental","status":"publish","type":"page","link":"https:\/\/wp.ufpel.edu.br\/ib\/laboratorios-didaticos\/laboratorio-de-microbiologia-ambiental\/","title":{"rendered":"Laborat\u00f3rio de Microbiologia Ambiental"},"content":{"rendered":"<p><a href=\"https:\/\/wp.ufpel.edu.br\/nulab\/files\/2016\/12\/P1010692.jpg\" target=\"_blank\" rel=\"noopener noreferrer\"><img class=\"alignnone wp-image-3417 size-thumbnail\" src=\"https:\/\/wp.ufpel.edu.br\/nulab\/files\/2016\/12\/P1010692-212x159.jpg\" sizes=\"(max-width: 200px) 100vw, 200px\" srcset=\"https:\/\/wp.ufpel.edu.br\/nulab\/files\/2016\/12\/P1010692-212x159.jpg 212w, https:\/\/wp.ufpel.edu.br\/nulab\/files\/2016\/12\/P1010692-424x318.jpg 424w, https:\/\/wp.ufpel.edu.br\/nulab\/files\/2016\/12\/P1010692-768x576.jpg 768w\" alt=\"p1010692\" width=\"200\" height=\"150\" \/><\/a>\u00a0<a href=\"https:\/\/wp.ufpel.edu.br\/nulab\/files\/2016\/12\/P1010694.jpg\" target=\"_blank\" rel=\"noopener noreferrer\"><img class=\"alignnone wp-image-3418 size-thumbnail\" src=\"https:\/\/wp.ufpel.edu.br\/nulab\/files\/2016\/12\/P1010694-212x159.jpg\" sizes=\"(max-width: 200px) 100vw, 200px\" srcset=\"https:\/\/wp.ufpel.edu.br\/nulab\/files\/2016\/12\/P1010694-212x159.jpg 212w, https:\/\/wp.ufpel.edu.br\/nulab\/files\/2016\/12\/P1010694-424x318.jpg 424w, https:\/\/wp.ufpel.edu.br\/nulab\/files\/2016\/12\/P1010694-768x576.jpg 768w\" alt=\"p1010694\" width=\"200\" height=\"150\" \/><\/a><\/p>\n<p><strong>Unidade:<\/strong>\u00a0Instituto de Biologia (IB)<br \/>\n<strong>Curso:<\/strong>\u00a0Ci\u00eancias Biol\u00f3gicas Bacharelado e Licenciatura, Engenharia Ambiental e Sanit\u00e1ria, Qu\u00edmica Industrial.<br \/>\n<strong>Website:<\/strong><br \/>\n<strong>C\u00f3digo NULAB:<\/strong>\u00a090525<\/p>\n<p><strong>Descri\u00e7\u00e3o<br \/>\n<\/strong><\/p>\n<p>As atividades do Laborat\u00f3rio de Microbiologia Ambiental envolvem a prospec\u00e7\u00e3o e utiliza\u00e7\u00e3o de micro-organismos de import\u00e2ncia ambiental, presentes no solo, ar e \u00e1gua. Alunos dos cursos de Ci\u00eancias Biol\u00f3gicas, atuam como volunt\u00e1rios, bolsistas de inicia\u00e7\u00e3o cient\u00edfica ou estagi\u00e1rios, bem como alunos de p\u00f3s-gradua\u00e7\u00e3o para condu\u00e7\u00e3o de pesquisas. S\u00e3o conduzidas pesquisas envolvendo biodiversidade de micro-organismos, principalmente fungos, com potencial para utiliza\u00e7\u00e3o como bioindicadores de qualidade ambiental, biorremediadores e \u00a0biodeterioradores.<\/p>\n<p><strong>Localiza\u00e7\u00e3o<\/strong><br \/>\n<strong>Campus:<\/strong>\u00a0Cap\u00e3o do Le\u00e3o<br \/>\n<strong>Pr\u00e9dio\/Bloco:<\/strong>\u00a018<br \/>\n<strong>Sala:<\/strong>\u00a013<\/p>\n<p><strong>Contato<\/strong><br \/>\n<strong>Nome:<\/strong>\u00a0Prof.\u00a0<a href=\"http:\/\/lattes.cnpq.br\/7949451482948813\">Eduardo Bernardi<\/a><br \/>\n<strong>E-mail<\/strong>: bernardieduardo@yahoo.com.br<\/p>\n<p><strong>Equipamentos<br \/>\n<\/strong>C\u00e2mara Bacteriol\u00f3gica<br \/>\nEstufa Bacteriol\u00f3gica com controle digital<br \/>\nGeladeira<br \/>\nFrigobar<br \/>\nCentr\u00edfuga Refrigerada<br \/>\nBalan\u00e7a semi-anal\u00edtica<br \/>\nPotenci\u00f4metro<br \/>\nBanho-maria<br \/>\nVortex<br \/>\nAgitador orbital<br \/>\nC\u00e2mara UV<br \/>\nDestilador<br \/>\nMicrosc\u00f3pio<br \/>\nLupa<\/p>\n","protected":false},"excerpt":{"rendered":"<p>\u00a0 Unidade:\u00a0Instituto de Biologia (IB) Curso:\u00a0Ci\u00eancias Biol\u00f3gicas Bacharelado e Licenciatura, Engenharia Ambiental e Sanit\u00e1ria, Qu\u00edmica Industrial. Website: C\u00f3digo NULAB:\u00a090525 Descri\u00e7\u00e3o As atividades do Laborat\u00f3rio de Microbiologia Ambiental envolvem a prospec\u00e7\u00e3o e utiliza\u00e7\u00e3o de micro-organismos de import\u00e2ncia ambiental, presentes no solo, ar e \u00e1gua. Alunos dos cursos de Ci\u00eancias Biol\u00f3gicas, atuam como volunt\u00e1rios, bolsistas de inicia\u00e7\u00e3o [&hellip;]<\/p>\n","protected":false},"author":488,"featured_media":0,"parent":516,"menu_order":0,"comment_status":"closed","ping_status":"closed","template":"","meta":{"jetpack_post_was_ever_published":false,"footnotes":""},"class_list":["post-4630","page","type-page","status-publish","hentry"],"jetpack_sharing_enabled":true,"jetpack_shortlink":"https:\/\/wp.me\/P6S2gY-1cG","_links":{"self":[{"href":"https:\/\/wp.ufpel.edu.br\/ib\/wp-json\/wp\/v2\/pages\/4630","targetHints":{"allow":["GET"]}}],"collection":[{"href":"https:\/\/wp.ufpel.edu.br\/ib\/wp-json\/wp\/v2\/pages"}],"about":[{"href":"https:\/\/wp.ufpel.edu.br\/ib\/wp-json\/wp\/v2\/types\/page"}],"author":[{"embeddable":true,"href":"https:\/\/wp.ufpel.edu.br\/ib\/wp-json\/wp\/v2\/users\/488"}],"replies":[{"embeddable":true,"href":"https:\/\/wp.ufpel.edu.br\/ib\/wp-json\/wp\/v2\/comments?post=4630"}],"version-history":[{"count":1,"href":"https:\/\/wp.ufpel.edu.br\/ib\/wp-json\/wp\/v2\/pages\/4630\/revisions"}],"predecessor-version":[{"id":4632,"href":"https:\/\/wp.ufpel.edu.br\/ib\/wp-json\/wp\/v2\/pages\/4630\/revisions\/4632"}],"up":[{"embeddable":true,"href":"https:\/\/wp.ufpel.edu.br\/ib\/wp-json\/wp\/v2\/pages\/516"}],"wp:attachment":[{"href":"https:\/\/wp.ufpel.edu.br\/ib\/wp-json\/wp\/v2\/media?parent=4630"}],"curies":[{"name":"wp","href":"https:\/\/api.w.org\/{rel}","templated":true}]}}