{"id":4627,"date":"2023-10-05T15:01:39","date_gmt":"2023-10-05T18:01:39","guid":{"rendered":"https:\/\/wp.ufpel.edu.br\/ib\/?page_id=4627"},"modified":"2023-10-05T15:01:42","modified_gmt":"2023-10-05T18:01:42","slug":"laboratorio-de-microbiologia","status":"publish","type":"page","link":"https:\/\/wp.ufpel.edu.br\/ib\/laboratorios-didaticos\/laboratorio-de-microbiologia\/","title":{"rendered":"Laborat\u00f3rio de Microbiologia"},"content":{"rendered":"<p><a href=\"https:\/\/wp.ufpel.edu.br\/nulab\/files\/2016\/12\/P1010721-1.jpg\" target=\"_blank\" rel=\"noopener noreferrer\"><img class=\"alignnone wp-image-3498 size-thumbnail\" src=\"https:\/\/wp.ufpel.edu.br\/nulab\/files\/2016\/12\/P1010721-1-212x159.jpg\" sizes=\"(max-width: 200px) 100vw, 200px\" srcset=\"https:\/\/wp.ufpel.edu.br\/nulab\/files\/2016\/12\/P1010721-1-212x159.jpg 212w, https:\/\/wp.ufpel.edu.br\/nulab\/files\/2016\/12\/P1010721-1-424x318.jpg 424w, https:\/\/wp.ufpel.edu.br\/nulab\/files\/2016\/12\/P1010721-1-768x576.jpg 768w\" alt=\"p1010721\" width=\"200\" height=\"150\" \/><\/a>\u00a0<a href=\"https:\/\/wp.ufpel.edu.br\/nulab\/files\/2016\/12\/P1010722-1.jpg\" target=\"_blank\" rel=\"noopener noreferrer\"><img class=\"alignnone wp-image-3499 size-thumbnail\" src=\"https:\/\/wp.ufpel.edu.br\/nulab\/files\/2016\/12\/P1010722-1-212x159.jpg\" sizes=\"(max-width: 200px) 100vw, 200px\" srcset=\"https:\/\/wp.ufpel.edu.br\/nulab\/files\/2016\/12\/P1010722-1-212x159.jpg 212w, https:\/\/wp.ufpel.edu.br\/nulab\/files\/2016\/12\/P1010722-1-424x318.jpg 424w, https:\/\/wp.ufpel.edu.br\/nulab\/files\/2016\/12\/P1010722-1-768x576.jpg 768w\" alt=\"p1010722\" width=\"200\" height=\"150\" \/><\/a><\/p>\n<p><strong>Unidade:<\/strong>\u00a0Instituto de Biologia (IB)<br \/>\n<strong>Curso:<\/strong>\u00a0Enfermagem, Veterin\u00e1ria, Farm\u00e1cia, Medicina, Engenharia Sanit\u00e1ria e Ambiental, Odontologia, Qu\u00edmica Industrial, Zootecnia, Nutri\u00e7\u00e3o e Ci\u00eancias Biol\u00f3gicas Bacharelado e Licenciatura.<br \/>\n<strong>C\u00f3digo NULAB:<\/strong>\u00a090096<\/p>\n<p><strong>Descri\u00e7\u00e3o<br \/>\n<\/strong><\/p>\n<p>No Laborat\u00f3rio de Microbiologia s\u00e3o desenvolvidas as aulas pr\u00e1ticas de das seguintes disciplinas: Microbiologia para os cursos de gradua\u00e7\u00e3o (Enfermagem, Veterin\u00e1ria, Farm\u00e1cia, Medicina, Engenharia Sanit\u00e1ria e Ambiental, Odontologia, Qu\u00edmica Industrial e Zootecnia); Microbiologia e Imunologia para o curso de gradua\u00e7\u00e3o da Nutri\u00e7\u00e3o; Microbiologia Geral para os cursos de gradua\u00e7\u00e3o da Biologia Bacharelado e Licenciatura, dentre outras disciplinas como Micologia, Bacteriologia, Microbiologia Ambiental, entre outras.<\/p>\n<p><strong>Localiza\u00e7\u00e3o<\/strong><br \/>\n<strong>Campus:<\/strong>\u00a0Cap\u00e3o do Le\u00e3o<br \/>\n<strong>Pr\u00e9dio\/Bloco:<\/strong>\u00a018<br \/>\n<strong>Sala:<\/strong>\u00a018<\/p>\n<p><strong>Contato<\/strong><br \/>\n<strong>Nome:\u00a0<\/strong><a href=\"http:\/\/lattes.cnpq.br\/8434877586019417\">Luiz Carlos Boemeke Junior<\/a><\/p>\n<p><strong>E-mail:<\/strong>\u00a0boemekejr@yahoo.com.br<\/p>\n<p><strong>Equipamentos<br \/>\n<\/strong>Microsc\u00f3pios<br \/>\nMicrosc\u00f3pio multiuso<br \/>\nLupas<\/p>\n","protected":false},"excerpt":{"rendered":"<p>\u00a0 Unidade:\u00a0Instituto de Biologia (IB) Curso:\u00a0Enfermagem, Veterin\u00e1ria, Farm\u00e1cia, Medicina, Engenharia Sanit\u00e1ria e Ambiental, Odontologia, Qu\u00edmica Industrial, Zootecnia, Nutri\u00e7\u00e3o e Ci\u00eancias Biol\u00f3gicas Bacharelado e Licenciatura. C\u00f3digo NULAB:\u00a090096 Descri\u00e7\u00e3o No Laborat\u00f3rio de Microbiologia s\u00e3o desenvolvidas as aulas pr\u00e1ticas de das seguintes disciplinas: Microbiologia para os cursos de gradua\u00e7\u00e3o (Enfermagem, Veterin\u00e1ria, Farm\u00e1cia, Medicina, Engenharia Sanit\u00e1ria e Ambiental, Odontologia, [&hellip;]<\/p>\n","protected":false},"author":488,"featured_media":0,"parent":516,"menu_order":0,"comment_status":"closed","ping_status":"closed","template":"","meta":{"jetpack_post_was_ever_published":false,"footnotes":""},"class_list":["post-4627","page","type-page","status-publish","hentry"],"jetpack_sharing_enabled":true,"jetpack_shortlink":"https:\/\/wp.me\/P6S2gY-1cD","_links":{"self":[{"href":"https:\/\/wp.ufpel.edu.br\/ib\/wp-json\/wp\/v2\/pages\/4627","targetHints":{"allow":["GET"]}}],"collection":[{"href":"https:\/\/wp.ufpel.edu.br\/ib\/wp-json\/wp\/v2\/pages"}],"about":[{"href":"https:\/\/wp.ufpel.edu.br\/ib\/wp-json\/wp\/v2\/types\/page"}],"author":[{"embeddable":true,"href":"https:\/\/wp.ufpel.edu.br\/ib\/wp-json\/wp\/v2\/users\/488"}],"replies":[{"embeddable":true,"href":"https:\/\/wp.ufpel.edu.br\/ib\/wp-json\/wp\/v2\/comments?post=4627"}],"version-history":[{"count":1,"href":"https:\/\/wp.ufpel.edu.br\/ib\/wp-json\/wp\/v2\/pages\/4627\/revisions"}],"predecessor-version":[{"id":4629,"href":"https:\/\/wp.ufpel.edu.br\/ib\/wp-json\/wp\/v2\/pages\/4627\/revisions\/4629"}],"up":[{"embeddable":true,"href":"https:\/\/wp.ufpel.edu.br\/ib\/wp-json\/wp\/v2\/pages\/516"}],"wp:attachment":[{"href":"https:\/\/wp.ufpel.edu.br\/ib\/wp-json\/wp\/v2\/media?parent=4627"}],"curies":[{"name":"wp","href":"https:\/\/api.w.org\/{rel}","templated":true}]}}