{"id":4624,"date":"2023-10-05T15:00:54","date_gmt":"2023-10-05T18:00:54","guid":{"rendered":"https:\/\/wp.ufpel.edu.br\/ib\/?page_id=4624"},"modified":"2023-10-05T15:00:58","modified_gmt":"2023-10-05T18:00:58","slug":"laboratorio-de-micologia-e-bioprospeccao","status":"publish","type":"page","link":"https:\/\/wp.ufpel.edu.br\/ib\/laboratorios-didaticos\/laboratorio-de-micologia-e-bioprospeccao\/","title":{"rendered":"Laborat\u00f3rio de Micologia e Bioprospec\u00e7\u00e3o"},"content":{"rendered":"<p><a href=\"https:\/\/wp.ufpel.edu.br\/nulab\/files\/2016\/12\/P1010699.jpg\" target=\"_blank\" rel=\"noopener noreferrer\"><img class=\"alignnone wp-image-3516\" src=\"https:\/\/wp.ufpel.edu.br\/nulab\/files\/2016\/12\/P1010699-212x159.jpg\" sizes=\"(max-width: 224px) 100vw, 224px\" srcset=\"https:\/\/wp.ufpel.edu.br\/nulab\/files\/2016\/12\/P1010699-212x159.jpg 212w, https:\/\/wp.ufpel.edu.br\/nulab\/files\/2016\/12\/P1010699-424x318.jpg 424w, https:\/\/wp.ufpel.edu.br\/nulab\/files\/2016\/12\/P1010699-768x576.jpg 768w\" alt=\"p1010699\" width=\"224\" height=\"168\" \/><\/a><a href=\"https:\/\/wp.ufpel.edu.br\/nulab\/files\/2016\/12\/P1010701.jpg\">\u00a0\u00a0<\/a><a href=\"https:\/\/wp.ufpel.edu.br\/nulab\/files\/2016\/12\/P1010701.jpg\" target=\"_blank\" rel=\"noopener noreferrer\"><img class=\"alignnone wp-image-3517\" src=\"https:\/\/wp.ufpel.edu.br\/nulab\/files\/2016\/12\/P1010701-212x159.jpg\" sizes=\"(max-width: 224px) 100vw, 224px\" srcset=\"https:\/\/wp.ufpel.edu.br\/nulab\/files\/2016\/12\/P1010701-212x159.jpg 212w, https:\/\/wp.ufpel.edu.br\/nulab\/files\/2016\/12\/P1010701-424x318.jpg 424w, https:\/\/wp.ufpel.edu.br\/nulab\/files\/2016\/12\/P1010701-768x576.jpg 768w\" alt=\"p1010701\" width=\"224\" height=\"168\" \/><\/a><\/p>\n<p><strong>Nome do Laborat\u00f3rio:\u00a0<\/strong>Microbiologia e Bioprospec\u00e7\u00e3o.<\/p>\n<p><strong>Unidade:\u00a0<\/strong>Instituto de Biologia<\/p>\n<p><strong>Curso:\u00a0<\/strong>Ci\u00eancias Biol\u00f3gicas, Zootecnia, Medicina Veterin\u00e1ria, Odontologia, Farm\u00e1cia.<\/p>\n<p><strong>Website:<\/strong><\/p>\n<p><strong>C\u00f3digo NULAB:\u00a0<\/strong>90535<\/p>\n<p>&nbsp;<\/p>\n<p><strong>Atividades desenvolvidas no laborat\u00f3rio:<\/strong><\/p>\n<p>Desenvolvimento de Projetos de Pesquisa de Mestrado e Doutorado, TCCs.<\/p>\n<p>Projetos de ensino e extens\u00e3o.<\/p>\n<p>Estes projetos incluem:<\/p>\n<p>\u2013 Preparo de meios de cultivos e reagentes, Limpeza de vidrarias, autoclavagem,<\/p>\n<p>\u2013 Semeadura, isolamento e identifica\u00e7\u00e3o de Micro-organismos (bact\u00e9rias e fungos),<\/p>\n<p>\u2013 Uso de Microsc\u00f3pios para visualiza\u00e7\u00e3o de laminas,<\/p>\n<p>\u2013 Uso de capela de fluxo laminar, estufas, estufa com agita\u00e7\u00e3o orbital,<\/p>\n<p>\u2013 Extra\u00e7\u00e3o de micotoxinas em leite, colostro, silagem e ra\u00e7\u00e3o,<\/p>\n<p>\u2013 Analise de qualidade de leite e colostro,<\/p>\n<p>\u2013 Manuten\u00e7\u00e3o de micro-organismos e testes frente a compostos sint\u00e9ticos e naturais.<\/p>\n<p>&nbsp;<\/p>\n<p><strong>Localiza\u00e7\u00e3o<\/strong><\/p>\n<p>\u2013 Campus: Capao do Leao<\/p>\n<p>\u2013 Pr\u00e9dio\/Bloco: IB predio 18<\/p>\n<p>\u2013 Sala: 03<\/p>\n<p>&nbsp;<\/p>\n<p><strong>Contato<\/strong><\/p>\n<p>Nome do respons\u00e1vel: Patricia da Silva Nascente<\/p>\n<p>E-mail: pattsn@gmail.com<\/p>\n<p>&nbsp;<\/p>\n<p><strong>Equipamentos<\/strong><\/p>\n<p>Estufas microbiol\u00f3gicas<\/p>\n<p>Estufa BOD<\/p>\n<p>Microondas<\/p>\n<p>Microsc\u00f3pio otivo<\/p>\n<p>Microsc\u00f3pio estereosc\u00f3pico (lupa)<\/p>\n<p>Geladeiras<\/p>\n<p>Banho-Maria<\/p>\n<p>Estufa<em>\u00a0shaker<\/em><\/p>\n<p>Vortex<\/p>\n<p>Balan\u00e7a anal\u00edtica.<\/p>\n<p>&nbsp;<\/p>\n<p><strong>Situa\u00e7\u00f5es de insalubridade<\/strong><\/p>\n<p>Agentes F\u00edsicos:<\/p>\n<p>Radia\u00e7\u00f5es n\u00e3o ionizantes (microondas, ultravioletas).<\/p>\n<p>Capela de fluxo laminar: fogo e radia\u00e7\u00e3o. G\u00e1s.<\/p>\n<p>Com necessidade de uso de autoclave e forno de esteriliza\u00e7\u00e3o em laborat\u00f3rio de uso comum.<\/p>\n<p>&nbsp;<\/p>\n<p>Agentes biol\u00f3gicos:<\/p>\n<p>Pesquisa com os fungos\u00a0<em>Aspergillus<\/em>,\u00a0<em>Candida<\/em>,\u00a0<em>Malassezia<\/em>,\u00a0<em>Criptococcus\u00a0<\/em>e\u00a0<em>Sporothrix\u00a0<\/em>spp. E bacterias de origem hospitalar\u00a0<em>Escherichia coli,<\/em>\u00a0<em>Enterobacter cloacae<\/em>,\u00a0<em>Klebsiella pneumoniae, Morganella morgannii, Serratia marcescens, Staphylococcus aureus<\/em>\u00a0e<em>\u00a0Enterococcus faecium<\/em>\u00a0fazem parte dos trabalhos realizados.<\/p>\n<p>Agentes qu\u00edmicos: Extra\u00e7\u00e3o de micotoxinas de leite in natura, realizada atrav\u00e9s do uso de produtos como sulfato de magn\u00e9sio, cloreto de s\u00f3dio, acetronila, hipoclorito de s\u00f3dio, \u00e1cido ac\u00e9tico e hexano. Identifica\u00e7\u00e3o de fungos do g\u00eanero\u00a0<em>Aspergillus<\/em>\u00a0em ra\u00e7\u00f5es. Tamb\u00e9m compara-se em laborat\u00f3rio produtos qu\u00edmicos (amitraz, deltametrina, cipermetrina, levamisol etc) utilizados no controle de carrapatos (teli\u00f3gina, ovos e larvas) com produtos naturais em testes biol\u00f3gicos.<\/p>\n<p>&nbsp;<\/p>\n<p>EPIs: jaleco, luvas e mascaras.<\/p>\n<p>EPIs que deveriam existir: lava-olhos, chuveiro.<\/p>\n","protected":false},"excerpt":{"rendered":"<p>\u00a0\u00a0 Nome do Laborat\u00f3rio:\u00a0Microbiologia e Bioprospec\u00e7\u00e3o. Unidade:\u00a0Instituto de Biologia Curso:\u00a0Ci\u00eancias Biol\u00f3gicas, Zootecnia, Medicina Veterin\u00e1ria, Odontologia, Farm\u00e1cia. Website: C\u00f3digo NULAB:\u00a090535 &nbsp; Atividades desenvolvidas no laborat\u00f3rio: Desenvolvimento de Projetos de Pesquisa de Mestrado e Doutorado, TCCs. Projetos de ensino e extens\u00e3o. Estes projetos incluem: \u2013 Preparo de meios de cultivos e reagentes, Limpeza de vidrarias, autoclavagem, \u2013 [&hellip;]<\/p>\n","protected":false},"author":488,"featured_media":0,"parent":516,"menu_order":0,"comment_status":"closed","ping_status":"closed","template":"","meta":{"jetpack_post_was_ever_published":false,"footnotes":""},"class_list":["post-4624","page","type-page","status-publish","hentry"],"jetpack_sharing_enabled":true,"jetpack_shortlink":"https:\/\/wp.me\/P6S2gY-1cA","_links":{"self":[{"href":"https:\/\/wp.ufpel.edu.br\/ib\/wp-json\/wp\/v2\/pages\/4624","targetHints":{"allow":["GET"]}}],"collection":[{"href":"https:\/\/wp.ufpel.edu.br\/ib\/wp-json\/wp\/v2\/pages"}],"about":[{"href":"https:\/\/wp.ufpel.edu.br\/ib\/wp-json\/wp\/v2\/types\/page"}],"author":[{"embeddable":true,"href":"https:\/\/wp.ufpel.edu.br\/ib\/wp-json\/wp\/v2\/users\/488"}],"replies":[{"embeddable":true,"href":"https:\/\/wp.ufpel.edu.br\/ib\/wp-json\/wp\/v2\/comments?post=4624"}],"version-history":[{"count":1,"href":"https:\/\/wp.ufpel.edu.br\/ib\/wp-json\/wp\/v2\/pages\/4624\/revisions"}],"predecessor-version":[{"id":4626,"href":"https:\/\/wp.ufpel.edu.br\/ib\/wp-json\/wp\/v2\/pages\/4624\/revisions\/4626"}],"up":[{"embeddable":true,"href":"https:\/\/wp.ufpel.edu.br\/ib\/wp-json\/wp\/v2\/pages\/516"}],"wp:attachment":[{"href":"https:\/\/wp.ufpel.edu.br\/ib\/wp-json\/wp\/v2\/media?parent=4624"}],"curies":[{"name":"wp","href":"https:\/\/api.w.org\/{rel}","templated":true}]}}