{"id":4606,"date":"2023-10-05T14:56:42","date_gmt":"2023-10-05T17:56:42","guid":{"rendered":"https:\/\/wp.ufpel.edu.br\/ib\/?page_id=4606"},"modified":"2023-10-05T14:56:46","modified_gmt":"2023-10-05T17:56:46","slug":"laboratorio-de-biologia-molecular-de-micro-organismos-lbmm","status":"publish","type":"page","link":"https:\/\/wp.ufpel.edu.br\/ib\/laboratorios-didaticos\/laboratorio-de-biologia-molecular-de-micro-organismos-lbmm\/","title":{"rendered":"Laborat\u00f3rio de Biologia Molecular de Micro-Organismos (LBMM)"},"content":{"rendered":"<p><a href=\"https:\/\/wp.ufpel.edu.br\/nulab\/files\/2016\/12\/P1010705.jpg\" target=\"_blank\" rel=\"noopener noreferrer\"><img class=\"alignnone wp-image-3508 size-thumbnail\" src=\"https:\/\/wp.ufpel.edu.br\/nulab\/files\/2016\/12\/P1010705-212x159.jpg\" sizes=\"(max-width: 200px) 100vw, 200px\" srcset=\"https:\/\/wp.ufpel.edu.br\/nulab\/files\/2016\/12\/P1010705-212x159.jpg 212w, https:\/\/wp.ufpel.edu.br\/nulab\/files\/2016\/12\/P1010705-424x318.jpg 424w, https:\/\/wp.ufpel.edu.br\/nulab\/files\/2016\/12\/P1010705-768x576.jpg 768w\" alt=\"p1010705\" width=\"200\" height=\"150\" \/><\/a>\u00a0<a href=\"https:\/\/wp.ufpel.edu.br\/nulab\/files\/2016\/12\/P1010710.jpg\" target=\"_blank\" rel=\"noopener noreferrer\"><img class=\"alignnone wp-image-3509 size-thumbnail\" src=\"https:\/\/wp.ufpel.edu.br\/nulab\/files\/2016\/12\/P1010710-212x159.jpg\" sizes=\"(max-width: 200px) 100vw, 200px\" srcset=\"https:\/\/wp.ufpel.edu.br\/nulab\/files\/2016\/12\/P1010710-212x159.jpg 212w, https:\/\/wp.ufpel.edu.br\/nulab\/files\/2016\/12\/P1010710-424x318.jpg 424w, https:\/\/wp.ufpel.edu.br\/nulab\/files\/2016\/12\/P1010710-768x576.jpg 768w\" alt=\"p1010710\" width=\"200\" height=\"150\" \/><\/a><\/p>\n<p><strong>Unidade:<\/strong>\u00a0Instituto de Biologia (IB)<br \/>\n<strong>Curso:<\/strong>\u00a0\u00a0Ci\u00eancias Biol\u00f3gicas, Farm\u00e1cia, Enfermagem e Biotecnologia, e P\u00f3s-gradua\u00e7\u00e3o em Biotecnologia e Parasitologia.<br \/>\n<strong>C\u00f3digo NULAB:<\/strong>\u00a090534<\/p>\n<p><strong>Descri\u00e7\u00e3o<br \/>\n<\/strong><\/p>\n<p>Atividades realizadas: Cultivo e identifica\u00e7\u00e3o de agentes infecciosos, antibiograma, fenotipagem molecular, identifica\u00e7\u00e3o de genes de resist\u00eancia a antimicrobianos, identifica\u00e7\u00e3o de fatores de virul\u00eancia, avalia\u00e7\u00e3o da forma\u00e7\u00e3o de biofilme bacteriano, biologia molecular de microrganismos, clonagem g\u00eanica, express\u00e3o e purifica\u00e7\u00e3o de prote\u00ednas recombinantes, bioprospec\u00e7\u00e3o e inibi\u00e7\u00e3o de biofilme bacteriano, orienta\u00e7\u00e3o de alunos de gradua\u00e7\u00e3o e p\u00f3s-gradua\u00e7\u00e3o (inicia\u00e7\u00e3o cient\u00edfica, mestrado e doutorado) dos Programas de P\u00f3s-gradua\u00e7\u00e3o em Biotecnologia e Parasitologia, reuni\u00f5es, discuss\u00f5es de car\u00e1ter t\u00e9cnico-cient\u00edficas, revis\u00e3o de artigos cient\u00edficos, elabora\u00e7\u00e3o de projetos e artigos cient\u00edficos, preparo de aula, semin\u00e1rios e palestras.<\/p>\n<p><strong>Localiza\u00e7\u00e3o<\/strong><br \/>\n<strong>Campus:<\/strong>\u00a0Cap\u00e3o do Le\u00e3o<br \/>\n<strong>Pr\u00e9dio\/Bloco:<\/strong>\u00a018<br \/>\n<strong>Sala:<\/strong>\u00a015<\/p>\n<p><strong>Contato<\/strong><br \/>\n<strong>Nome:<\/strong>\u00a0Daiane Drawanz Hartwig<br \/>\n<strong>E-mail:<\/strong>\u00a0daianehartwig@gmail.com<\/p>\n<p><strong>Equipamentos<br \/>\n<\/strong>Cabine de seguran\u00e7a biol\u00f3gica<br \/>\nMicrocentr\u00edfuga<br \/>\nEspectrofot\u00f4metro<br \/>\nBalan\u00e7a de precis\u00e3o<br \/>\nBanho-maria<br \/>\nFontes e cubas de eletroforese<br \/>\nTermociclador<br \/>\nEstufa BOD<\/p>\n","protected":false},"excerpt":{"rendered":"<p>\u00a0 Unidade:\u00a0Instituto de Biologia (IB) Curso:\u00a0\u00a0Ci\u00eancias Biol\u00f3gicas, Farm\u00e1cia, Enfermagem e Biotecnologia, e P\u00f3s-gradua\u00e7\u00e3o em Biotecnologia e Parasitologia. C\u00f3digo NULAB:\u00a090534 Descri\u00e7\u00e3o Atividades realizadas: Cultivo e identifica\u00e7\u00e3o de agentes infecciosos, antibiograma, fenotipagem molecular, identifica\u00e7\u00e3o de genes de resist\u00eancia a antimicrobianos, identifica\u00e7\u00e3o de fatores de virul\u00eancia, avalia\u00e7\u00e3o da forma\u00e7\u00e3o de biofilme bacteriano, biologia molecular de microrganismos, clonagem g\u00eanica, [&hellip;]<\/p>\n","protected":false},"author":488,"featured_media":0,"parent":516,"menu_order":0,"comment_status":"closed","ping_status":"closed","template":"","meta":{"jetpack_post_was_ever_published":false,"footnotes":""},"class_list":["post-4606","page","type-page","status-publish","hentry"],"jetpack_sharing_enabled":true,"jetpack_shortlink":"https:\/\/wp.me\/P6S2gY-1ci","_links":{"self":[{"href":"https:\/\/wp.ufpel.edu.br\/ib\/wp-json\/wp\/v2\/pages\/4606","targetHints":{"allow":["GET"]}}],"collection":[{"href":"https:\/\/wp.ufpel.edu.br\/ib\/wp-json\/wp\/v2\/pages"}],"about":[{"href":"https:\/\/wp.ufpel.edu.br\/ib\/wp-json\/wp\/v2\/types\/page"}],"author":[{"embeddable":true,"href":"https:\/\/wp.ufpel.edu.br\/ib\/wp-json\/wp\/v2\/users\/488"}],"replies":[{"embeddable":true,"href":"https:\/\/wp.ufpel.edu.br\/ib\/wp-json\/wp\/v2\/comments?post=4606"}],"version-history":[{"count":1,"href":"https:\/\/wp.ufpel.edu.br\/ib\/wp-json\/wp\/v2\/pages\/4606\/revisions"}],"predecessor-version":[{"id":4608,"href":"https:\/\/wp.ufpel.edu.br\/ib\/wp-json\/wp\/v2\/pages\/4606\/revisions\/4608"}],"up":[{"embeddable":true,"href":"https:\/\/wp.ufpel.edu.br\/ib\/wp-json\/wp\/v2\/pages\/516"}],"wp:attachment":[{"href":"https:\/\/wp.ufpel.edu.br\/ib\/wp-json\/wp\/v2\/media?parent=4606"}],"curies":[{"name":"wp","href":"https:\/\/api.w.org\/{rel}","templated":true}]}}