{"id":4600,"date":"2023-10-05T14:54:59","date_gmt":"2023-10-05T17:54:59","guid":{"rendered":"https:\/\/wp.ufpel.edu.br\/ib\/?page_id=4600"},"modified":"2023-10-05T14:55:15","modified_gmt":"2023-10-05T17:55:15","slug":"laboratorio-de-bacteriologia-e-bioensaios-labbio","status":"publish","type":"page","link":"https:\/\/wp.ufpel.edu.br\/ib\/laboratorios-didaticos\/laboratorio-de-bacteriologia-e-bioensaios-labbio\/","title":{"rendered":"Laborat\u00f3rio de Bacteriologia e Bioensaios (LaBBio)"},"content":{"rendered":"<p><a href=\"https:\/\/wp.ufpel.edu.br\/nulab\/files\/2020\/09\/Foto-2-scaled.jpg\" target=\"_blank\" rel=\"noopener noreferrer\"><img class=\"alignnone wp-image-3971\" src=\"https:\/\/wp.ufpel.edu.br\/nulab\/files\/2020\/09\/Foto-2-400x293.jpg\" sizes=\"(max-width: 250px) 100vw, 250px\" srcset=\"https:\/\/wp.ufpel.edu.br\/nulab\/files\/2020\/09\/Foto-2-400x293.jpg 400w, https:\/\/wp.ufpel.edu.br\/nulab\/files\/2020\/09\/Foto-2-1024x749.jpg 1024w, https:\/\/wp.ufpel.edu.br\/nulab\/files\/2020\/09\/Foto-2-768x562.jpg 768w, https:\/\/wp.ufpel.edu.br\/nulab\/files\/2020\/09\/Foto-2-1536x1124.jpg 1536w, https:\/\/wp.ufpel.edu.br\/nulab\/files\/2020\/09\/Foto-2-2048x1499.jpg 2048w\" alt=\"\" width=\"250\" height=\"183\" \/><\/a>\u00a0<a href=\"https:\/\/wp.ufpel.edu.br\/nulab\/files\/2020\/09\/Foto-3-scaled.jpg\" target=\"_blank\" rel=\"noopener noreferrer\"><img class=\"alignnone wp-image-3973\" src=\"https:\/\/wp.ufpel.edu.br\/nulab\/files\/2020\/09\/Foto-3-400x294.jpg\" sizes=\"(max-width: 253px) 100vw, 253px\" srcset=\"https:\/\/wp.ufpel.edu.br\/nulab\/files\/2020\/09\/Foto-3-400x294.jpg 400w, https:\/\/wp.ufpel.edu.br\/nulab\/files\/2020\/09\/Foto-3-1024x752.jpg 1024w, https:\/\/wp.ufpel.edu.br\/nulab\/files\/2020\/09\/Foto-3-768x564.jpg 768w, https:\/\/wp.ufpel.edu.br\/nulab\/files\/2020\/09\/Foto-3-1536x1128.jpg 1536w, https:\/\/wp.ufpel.edu.br\/nulab\/files\/2020\/09\/Foto-3-2048x1505.jpg 2048w\" alt=\"\" width=\"253\" height=\"186\" \/><\/a><\/p>\n<p><a href=\"https:\/\/wp.ufpel.edu.br\/nulab\/files\/2020\/09\/Foto-1-scaled.jpg\" target=\"_blank\" rel=\"noopener noreferrer\"><img class=\"alignleft wp-image-3974\" src=\"https:\/\/wp.ufpel.edu.br\/nulab\/files\/2020\/09\/Foto-1-400x278.jpg\" sizes=\"(max-width: 252px) 100vw, 252px\" srcset=\"https:\/\/wp.ufpel.edu.br\/nulab\/files\/2020\/09\/Foto-1-400x278.jpg 400w, https:\/\/wp.ufpel.edu.br\/nulab\/files\/2020\/09\/Foto-1-1024x711.jpg 1024w, https:\/\/wp.ufpel.edu.br\/nulab\/files\/2020\/09\/Foto-1-768x533.jpg 768w, https:\/\/wp.ufpel.edu.br\/nulab\/files\/2020\/09\/Foto-1-1536x1067.jpg 1536w, https:\/\/wp.ufpel.edu.br\/nulab\/files\/2020\/09\/Foto-1-2048x1423.jpg 2048w\" alt=\"\" width=\"252\" height=\"175\" \/><\/a><\/p>\n<p>&nbsp;<\/p>\n<p>&nbsp;<\/p>\n<p>&nbsp;<\/p>\n<p>&nbsp;<\/p>\n<p>&nbsp;<\/p>\n<p>&nbsp;<\/p>\n<p><strong>Nome do Laborat\u00f3rio:\u00a0<\/strong>Laborat\u00f3rio de Bacteriologia e Bioensaios (LaBBio)<\/p>\n<p><strong>Unidade:<\/strong>\u00a0Instituto de Biologia<\/p>\n<p><strong>Curso<\/strong>: Gradua\u00e7\u00e3o em Ci\u00eancias Biol\u00f3gicas, Farm\u00e1cia, Enfermagem e Biotecnologia. P\u00f3s-gradua\u00e7\u00e3o em Biotecnologia (PPGB) e P\u00f3s-gradua\u00e7\u00e3o em Microbiologia e Parasitologia (PPGMPar).<\/p>\n<p><strong>Website<\/strong>:<\/p>\n<p><strong>C\u00f3digo NULAB:<\/strong>\u00a090534<\/p>\n<p>&nbsp;<\/p>\n<p><strong>Descri\u00e7\u00e3o do laborat\u00f3rio \u2013<\/strong><\/p>\n<p>As linhas de pesquisa do Laborat\u00f3rio de Bacteriologia e Bioensaios (LaBBio) envolvem o estudo da resist\u00eancia bacteriana \u00e0 m\u00faltiplas drogas, genotipagem molecular, fatores de patogenicidade, forma\u00e7\u00e3o de biofilme e bioensaios para prospec\u00e7\u00e3o e reposicionamento de f\u00e1rmacos antibacterianos, uso de nanotecnologia, al\u00e9m do desenvolvimento de vacinas e testes de diagn\u00f3stico.<\/p>\n<p>&nbsp;<\/p>\n<p><strong>Localiza\u00e7\u00e3o \u2013<\/strong><\/p>\n<p>\u2013 Campus: Campus Cap\u00e3o do Le\u00e3o, s\/n. CEP.: 96160-000<\/p>\n<p>\u2013 Pr\u00e9dio: 18<\/p>\n<p>\u2013 Sala: 15<\/p>\n<p>&nbsp;<\/p>\n<p><strong>Contato \u2013<\/strong><\/p>\n<p>Nome do respons\u00e1vel: Profa. Dra. Daiane Drawanz Hartwig<\/p>\n<p>Email: daianehartwig@gmail.com<\/p>\n<p>&nbsp;<\/p>\n<p><strong>Equipamentos \u2013<\/strong><\/p>\n<p>Cabine de seguran\u00e7a biol\u00f3gica<\/p>\n<p>Microcentr\u00edfuga<\/p>\n<p>Espectrofot\u00f4metro<\/p>\n<p>Balan\u00e7a de precis\u00e3o<\/p>\n<p>Banho-maria<\/p>\n<p>Fontes e cubas para eletroforese<\/p>\n<p>Termociclador<\/p>\n<p>Estufa BOD<\/p>\n<p>Freezer<\/p>\n<p>Geladeira<\/p>\n<p>Micro-ondas<\/p>\n<p>Microsc\u00f3pio \u00d3ptico<\/p>\n","protected":false},"excerpt":{"rendered":"<p>\u00a0 &nbsp; &nbsp; &nbsp; &nbsp; &nbsp; &nbsp; Nome do Laborat\u00f3rio:\u00a0Laborat\u00f3rio de Bacteriologia e Bioensaios (LaBBio) Unidade:\u00a0Instituto de Biologia Curso: Gradua\u00e7\u00e3o em Ci\u00eancias Biol\u00f3gicas, Farm\u00e1cia, Enfermagem e Biotecnologia. P\u00f3s-gradua\u00e7\u00e3o em Biotecnologia (PPGB) e P\u00f3s-gradua\u00e7\u00e3o em Microbiologia e Parasitologia (PPGMPar). Website: C\u00f3digo NULAB:\u00a090534 &nbsp; Descri\u00e7\u00e3o do laborat\u00f3rio \u2013 As linhas de pesquisa do Laborat\u00f3rio de Bacteriologia e [&hellip;]<\/p>\n","protected":false},"author":488,"featured_media":0,"parent":516,"menu_order":0,"comment_status":"closed","ping_status":"closed","template":"","meta":{"jetpack_post_was_ever_published":false,"footnotes":""},"class_list":["post-4600","page","type-page","status-publish","hentry"],"jetpack_sharing_enabled":true,"jetpack_shortlink":"https:\/\/wp.me\/P6S2gY-1cc","_links":{"self":[{"href":"https:\/\/wp.ufpel.edu.br\/ib\/wp-json\/wp\/v2\/pages\/4600","targetHints":{"allow":["GET"]}}],"collection":[{"href":"https:\/\/wp.ufpel.edu.br\/ib\/wp-json\/wp\/v2\/pages"}],"about":[{"href":"https:\/\/wp.ufpel.edu.br\/ib\/wp-json\/wp\/v2\/types\/page"}],"author":[{"embeddable":true,"href":"https:\/\/wp.ufpel.edu.br\/ib\/wp-json\/wp\/v2\/users\/488"}],"replies":[{"embeddable":true,"href":"https:\/\/wp.ufpel.edu.br\/ib\/wp-json\/wp\/v2\/comments?post=4600"}],"version-history":[{"count":1,"href":"https:\/\/wp.ufpel.edu.br\/ib\/wp-json\/wp\/v2\/pages\/4600\/revisions"}],"predecessor-version":[{"id":4602,"href":"https:\/\/wp.ufpel.edu.br\/ib\/wp-json\/wp\/v2\/pages\/4600\/revisions\/4602"}],"up":[{"embeddable":true,"href":"https:\/\/wp.ufpel.edu.br\/ib\/wp-json\/wp\/v2\/pages\/516"}],"wp:attachment":[{"href":"https:\/\/wp.ufpel.edu.br\/ib\/wp-json\/wp\/v2\/media?parent=4600"}],"curies":[{"name":"wp","href":"https:\/\/api.w.org\/{rel}","templated":true}]}}