{"id":4597,"date":"2023-10-05T14:54:19","date_gmt":"2023-10-05T17:54:19","guid":{"rendered":"https:\/\/wp.ufpel.edu.br\/ib\/?page_id=4597"},"modified":"2023-10-05T14:54:23","modified_gmt":"2023-10-05T17:54:23","slug":"laboratorio-de-aulas-praticas-de-parasitologia","status":"publish","type":"page","link":"https:\/\/wp.ufpel.edu.br\/ib\/laboratorios-didaticos\/laboratorio-de-aulas-praticas-de-parasitologia\/","title":{"rendered":"Laborat\u00f3rio de Aulas Pr\u00e1ticas de Parasitologia"},"content":{"rendered":"<p><a href=\"https:\/\/wp.ufpel.edu.br\/nulab\/files\/2016\/12\/181-scaled.jpg\" target=\"_blank\" rel=\"noopener noreferrer\"><img class=\"alignleft wp-image-3955\" src=\"https:\/\/wp.ufpel.edu.br\/nulab\/files\/2016\/12\/181-400x225.jpg\" sizes=\"(max-width: 230px) 100vw, 230px\" srcset=\"https:\/\/wp.ufpel.edu.br\/nulab\/files\/2016\/12\/181-400x225.jpg 400w, https:\/\/wp.ufpel.edu.br\/nulab\/files\/2016\/12\/181-1024x576.jpg 1024w, https:\/\/wp.ufpel.edu.br\/nulab\/files\/2016\/12\/181-768x432.jpg 768w, https:\/\/wp.ufpel.edu.br\/nulab\/files\/2016\/12\/181-1536x864.jpg 1536w, https:\/\/wp.ufpel.edu.br\/nulab\/files\/2016\/12\/181-2048x1152.jpg 2048w\" alt=\"\" width=\"230\" height=\"129\" \/><\/a><a href=\"https:\/\/wp.ufpel.edu.br\/nulab\/files\/2016\/12\/182-scaled.jpg\" target=\"_blank\" rel=\"noopener noreferrer\"><img class=\"alignleft wp-image-3956\" src=\"https:\/\/wp.ufpel.edu.br\/nulab\/files\/2016\/12\/182-400x225.jpg\" sizes=\"(max-width: 227px) 100vw, 227px\" srcset=\"https:\/\/wp.ufpel.edu.br\/nulab\/files\/2016\/12\/182-400x225.jpg 400w, https:\/\/wp.ufpel.edu.br\/nulab\/files\/2016\/12\/182-1024x576.jpg 1024w, https:\/\/wp.ufpel.edu.br\/nulab\/files\/2016\/12\/182-768x432.jpg 768w, https:\/\/wp.ufpel.edu.br\/nulab\/files\/2016\/12\/182-1536x864.jpg 1536w, https:\/\/wp.ufpel.edu.br\/nulab\/files\/2016\/12\/182-2048x1152.jpg 2048w\" alt=\"\" width=\"227\" height=\"128\" \/><\/a><\/p>\n<p>&nbsp;<\/p>\n<p>&nbsp;<\/p>\n<p>&nbsp;<\/p>\n<p>&nbsp;<\/p>\n<p><a href=\"https:\/\/wp.ufpel.edu.br\/nulab\/files\/2016\/12\/180-scaled.jpg\" target=\"_blank\" rel=\"noopener noreferrer\"><img class=\"alignleft wp-image-3957\" src=\"https:\/\/wp.ufpel.edu.br\/nulab\/files\/2016\/12\/180-400x225.jpg\" sizes=\"(max-width: 260px) 100vw, 260px\" srcset=\"https:\/\/wp.ufpel.edu.br\/nulab\/files\/2016\/12\/180-400x225.jpg 400w, https:\/\/wp.ufpel.edu.br\/nulab\/files\/2016\/12\/180-1024x576.jpg 1024w, https:\/\/wp.ufpel.edu.br\/nulab\/files\/2016\/12\/180-768x432.jpg 768w, https:\/\/wp.ufpel.edu.br\/nulab\/files\/2016\/12\/180-1536x864.jpg 1536w, https:\/\/wp.ufpel.edu.br\/nulab\/files\/2016\/12\/180-2048x1152.jpg 2048w\" alt=\"\" width=\"260\" height=\"146\" \/><\/a><\/p>\n<p>&nbsp;<\/p>\n<p>&nbsp;<\/p>\n<p>&nbsp;<\/p>\n<p>&nbsp;<\/p>\n<p>&nbsp;<\/p>\n<p><strong>Unidade:<\/strong>\u00a0Instituto de Biologia (IB)<br \/>\n<strong>Cursos:\u00a0<\/strong><\/p>\n<p>Gradua\u00e7\u00e3o: Medicina Veterin\u00e1ria, Medicina, Ci\u00eancias Biol\u00f3gicas (Bacharelado e Licenciatura), Nutri\u00e7\u00e3o, Zootecnia e Farm\u00e1cia;<\/p>\n<p>P\u00f3s-gradua\u00e7\u00e3o: Programa de P\u00f3s-Gradua\u00e7\u00e3o em Microbiologia e Parasitologia (PPGMPar).<\/p>\n<p><strong>Website:<\/strong><br \/>\n<strong>C\u00f3digo NULAB:<\/strong>\u00a090097<\/p>\n<p><strong>Descri\u00e7\u00e3o<br \/>\n<\/strong><\/p>\n<p>No Laborat\u00f3rio de Aulas Pr\u00e1ticas de Parasitologia s\u00e3o ministradas as aulas pr\u00e1ticas e realizadas as provas pr\u00e1ticas do conte\u00fado ministrado no semestre aos alunos dos diversos cursos listados acima.<\/p>\n<p>Nesse espa\u00e7o durante as semanas acad\u00eamicas s\u00e3o desenvolvidas atividades, como, por exemplo, minicursos.<\/p>\n<p><strong>Localiza\u00e7\u00e3o<\/strong><br \/>\n<strong>Campus:<\/strong>\u00a0Cap\u00e3o do Le\u00e3o<br \/>\n<strong>Pr\u00e9dio\/Bloco:<\/strong>\u00a018<br \/>\n<strong>Sala:<\/strong>\u00a018<\/p>\n<p><strong>Contato<\/strong><\/p>\n<p>Nome do respons\u00e1vel: Estefani Tavares Jansen<\/p>\n<p>E-mail:\u00a0<a href=\"https:\/\/wp.ufpel.edu.br\/nulab\/laboratorio-de-aulas-praticas-de-parasitologia\/blank\">estefani_tj@hotmail.com<\/a><\/p>\n<p><strong>Equipamentos<br \/>\n<\/strong>\u2013 Estereomicrosc\u00f3pios<br \/>\n\u2013 Microsc\u00f3pios<br \/>\n\u2013 Microsc\u00f3pios de 5 oculares<\/p>\n<p>\u2013 Projetor<\/p>\n","protected":false},"excerpt":{"rendered":"<p>&nbsp; &nbsp; &nbsp; &nbsp; &nbsp; &nbsp; &nbsp; &nbsp; &nbsp; Unidade:\u00a0Instituto de Biologia (IB) Cursos:\u00a0 Gradua\u00e7\u00e3o: Medicina Veterin\u00e1ria, Medicina, Ci\u00eancias Biol\u00f3gicas (Bacharelado e Licenciatura), Nutri\u00e7\u00e3o, Zootecnia e Farm\u00e1cia; P\u00f3s-gradua\u00e7\u00e3o: Programa de P\u00f3s-Gradua\u00e7\u00e3o em Microbiologia e Parasitologia (PPGMPar). Website: C\u00f3digo NULAB:\u00a090097 Descri\u00e7\u00e3o No Laborat\u00f3rio de Aulas Pr\u00e1ticas de Parasitologia s\u00e3o ministradas as aulas pr\u00e1ticas e realizadas as [&hellip;]<\/p>\n","protected":false},"author":488,"featured_media":0,"parent":516,"menu_order":0,"comment_status":"closed","ping_status":"closed","template":"","meta":{"jetpack_post_was_ever_published":false,"footnotes":""},"class_list":["post-4597","page","type-page","status-publish","hentry"],"jetpack_sharing_enabled":true,"jetpack_shortlink":"https:\/\/wp.me\/P6S2gY-1c9","_links":{"self":[{"href":"https:\/\/wp.ufpel.edu.br\/ib\/wp-json\/wp\/v2\/pages\/4597","targetHints":{"allow":["GET"]}}],"collection":[{"href":"https:\/\/wp.ufpel.edu.br\/ib\/wp-json\/wp\/v2\/pages"}],"about":[{"href":"https:\/\/wp.ufpel.edu.br\/ib\/wp-json\/wp\/v2\/types\/page"}],"author":[{"embeddable":true,"href":"https:\/\/wp.ufpel.edu.br\/ib\/wp-json\/wp\/v2\/users\/488"}],"replies":[{"embeddable":true,"href":"https:\/\/wp.ufpel.edu.br\/ib\/wp-json\/wp\/v2\/comments?post=4597"}],"version-history":[{"count":1,"href":"https:\/\/wp.ufpel.edu.br\/ib\/wp-json\/wp\/v2\/pages\/4597\/revisions"}],"predecessor-version":[{"id":4599,"href":"https:\/\/wp.ufpel.edu.br\/ib\/wp-json\/wp\/v2\/pages\/4597\/revisions\/4599"}],"up":[{"embeddable":true,"href":"https:\/\/wp.ufpel.edu.br\/ib\/wp-json\/wp\/v2\/pages\/516"}],"wp:attachment":[{"href":"https:\/\/wp.ufpel.edu.br\/ib\/wp-json\/wp\/v2\/media?parent=4597"}],"curies":[{"name":"wp","href":"https:\/\/api.w.org\/{rel}","templated":true}]}}