{"id":4591,"date":"2023-10-05T14:51:59","date_gmt":"2023-10-05T17:51:59","guid":{"rendered":"https:\/\/wp.ufpel.edu.br\/ib\/?page_id=4591"},"modified":"2024-05-15T11:19:51","modified_gmt":"2024-05-15T14:19:51","slug":"laboratorio-de-fisiologia-molecular","status":"publish","type":"page","link":"https:\/\/wp.ufpel.edu.br\/ib\/laboratorios-didaticos\/laboratorio-de-fisiologia-molecular\/","title":{"rendered":"Laborat\u00f3rio de Fisiologia Molecular"},"content":{"rendered":"<p><a href=\"https:\/\/wp.ufpel.edu.br\/nulab\/files\/2016\/11\/P1010420.jpg\" target=\"_blank\" rel=\"noopener noreferrer\"><img class=\"alignnone wp-image-3252 size-thumbnail\" src=\"https:\/\/wp.ufpel.edu.br\/nulab\/files\/2016\/11\/P1010420-212x159.jpg\" sizes=\"(max-width: 200px) 100vw, 200px\" srcset=\"https:\/\/wp.ufpel.edu.br\/nulab\/files\/2016\/11\/P1010420-212x159.jpg 212w, https:\/\/wp.ufpel.edu.br\/nulab\/files\/2016\/11\/P1010420-424x318.jpg 424w, https:\/\/wp.ufpel.edu.br\/nulab\/files\/2016\/11\/P1010420-768x576.jpg 768w\" alt=\"p1010420\" width=\"200\" height=\"150\" \/><\/a>\u00a0<a href=\"https:\/\/wp.ufpel.edu.br\/nulab\/files\/2016\/11\/P1010421.jpg\" target=\"_blank\" rel=\"noopener noreferrer\"><img class=\"alignnone wp-image-3253 size-thumbnail\" src=\"https:\/\/wp.ufpel.edu.br\/nulab\/files\/2016\/11\/P1010421-212x159.jpg\" sizes=\"(max-width: 200px) 100vw, 200px\" srcset=\"https:\/\/wp.ufpel.edu.br\/nulab\/files\/2016\/11\/P1010421-212x159.jpg 212w, https:\/\/wp.ufpel.edu.br\/nulab\/files\/2016\/11\/P1010421-424x318.jpg 424w, https:\/\/wp.ufpel.edu.br\/nulab\/files\/2016\/11\/P1010421-768x576.jpg 768w\" alt=\"p1010421\" width=\"200\" height=\"150\" \/><\/a><\/p>\n<p><strong>Unidade:<\/strong>\u00a0Instituto de Biologia (IB)<br \/>\n<strong>Curso:<\/strong>\u00a0Ci\u00eancias Biol\u00f3gicas, Medicina, Odontologia, Medicina Veterin\u00e1ria<br \/>\n<strong>Website:\u00a0<\/strong>ibfm26@gmail.com<br \/>\n<strong>C\u00f3digo NULAB:<\/strong>\u00a090517<\/p>\n<p><strong>Descri\u00e7\u00e3o<\/strong><br \/>\nO laborat\u00f3rio de Fisiologia Molecular atende atividades de pesquisa relacionadas ao estudo de marcadores moleculares \u00a0que participam dos processos fisiopatol\u00f3gicos das doen\u00e7as cr\u00f4nicas complexas.<\/p>\n<p><strong>Campus:<\/strong>\u00a0Cap\u00e3o do Le\u00e3o<br \/>\n<strong>Pr\u00e9dio\/Bloco:<\/strong>\u00a026<br \/>\n<strong>Sala:\u00a0<\/strong>08<\/p>\n<p><strong>Contato<\/strong><br \/>\n<strong>Nome:<\/strong> Profa. <span style=\"color: var(--cor-texto); font-family: var(--fonte-corpo);\">Jucimara Baldissarelli\u00a0<\/span><\/p>\n<p><strong>E-mail<\/strong>: jucimarabaldissarelli@gmail.com<\/p>\n<p><strong>Nome:<\/strong> Profa. Bruna Ferrary Deniz<\/p>\n<p><strong>E-mail<\/strong>: bruninhaferrary@hotmail.com<\/p>\n<blockquote>\n<div id=\"x_replybody1\">\n<div dir=\"auto\">\n<blockquote>\n<div dir=\"ltr\">\n<p>&nbsp;<\/p>\n<\/div>\n<\/blockquote>\n<\/div>\n<\/div>\n<\/blockquote>\n<p><strong>Equipamentos<br \/>\n<\/strong>Balan\u00e7a Anal\u00edtica<br \/>\nCentr\u00edfugas Refrigeradas CT 5000R<br \/>\nCubas de Eletroforese<br \/>\nFontes<br \/>\nFreezer<br \/>\nGeladeira<br \/>\nMicrocentr\u00edfuga Refrigerada CT 10000R<br \/>\nMicroondas<br \/>\nTermociclador<\/p>\n<p><a href=\"https:\/\/drive.google.com\/file\/d\/1EgnFCsi8HuQmGKqHpIzkwwGT4jPBdj3K\/view?usp=sharing\" target=\"_blank\" rel=\"noopener\">Regimento<\/a> &#8211;<\/p>\n<p><a href=\"https:\/\/drive.google.com\/file\/d\/1godk2Ld5U3ywTMoVGsu0j_5L-bnRrr4Y\/view?usp=sharing\" target=\"_blank\" rel=\"noopener\">Plano de gerenciamento de res\u00edduos<\/a> &#8211;<\/p>\n","protected":false},"excerpt":{"rendered":"<p>\u00a0 Unidade:\u00a0Instituto de Biologia (IB) Curso:\u00a0Ci\u00eancias Biol\u00f3gicas, Medicina, Odontologia, Medicina Veterin\u00e1ria Website:\u00a0ibfm26@gmail.com C\u00f3digo NULAB:\u00a090517 Descri\u00e7\u00e3o O laborat\u00f3rio de Fisiologia Molecular atende atividades de pesquisa relacionadas ao estudo de marcadores moleculares \u00a0que participam dos processos fisiopatol\u00f3gicos das doen\u00e7as cr\u00f4nicas complexas. Campus:\u00a0Cap\u00e3o do Le\u00e3o Pr\u00e9dio\/Bloco:\u00a026 Sala:\u00a008 Contato Nome: Profa. Jucimara Baldissarelli\u00a0 E-mail: jucimarabaldissarelli@gmail.com Nome: Profa. Bruna Ferrary [&hellip;]<\/p>\n","protected":false},"author":488,"featured_media":0,"parent":516,"menu_order":0,"comment_status":"closed","ping_status":"closed","template":"","meta":{"jetpack_post_was_ever_published":false,"footnotes":""},"class_list":["post-4591","page","type-page","status-publish","hentry"],"jetpack_sharing_enabled":true,"jetpack_shortlink":"https:\/\/wp.me\/P6S2gY-1c3","_links":{"self":[{"href":"https:\/\/wp.ufpel.edu.br\/ib\/wp-json\/wp\/v2\/pages\/4591","targetHints":{"allow":["GET"]}}],"collection":[{"href":"https:\/\/wp.ufpel.edu.br\/ib\/wp-json\/wp\/v2\/pages"}],"about":[{"href":"https:\/\/wp.ufpel.edu.br\/ib\/wp-json\/wp\/v2\/types\/page"}],"author":[{"embeddable":true,"href":"https:\/\/wp.ufpel.edu.br\/ib\/wp-json\/wp\/v2\/users\/488"}],"replies":[{"embeddable":true,"href":"https:\/\/wp.ufpel.edu.br\/ib\/wp-json\/wp\/v2\/comments?post=4591"}],"version-history":[{"count":4,"href":"https:\/\/wp.ufpel.edu.br\/ib\/wp-json\/wp\/v2\/pages\/4591\/revisions"}],"predecessor-version":[{"id":5044,"href":"https:\/\/wp.ufpel.edu.br\/ib\/wp-json\/wp\/v2\/pages\/4591\/revisions\/5044"}],"up":[{"embeddable":true,"href":"https:\/\/wp.ufpel.edu.br\/ib\/wp-json\/wp\/v2\/pages\/516"}],"wp:attachment":[{"href":"https:\/\/wp.ufpel.edu.br\/ib\/wp-json\/wp\/v2\/media?parent=4591"}],"curies":[{"name":"wp","href":"https:\/\/api.w.org\/{rel}","templated":true}]}}