{"id":4588,"date":"2023-10-05T14:51:19","date_gmt":"2023-10-05T17:51:19","guid":{"rendered":"https:\/\/wp.ufpel.edu.br\/ib\/?page_id=4588"},"modified":"2023-10-05T14:51:23","modified_gmt":"2023-10-05T17:51:23","slug":"laboratorio-de-fisiologia-aplicada-a-aquicultura-lafaaq-2","status":"publish","type":"page","link":"https:\/\/wp.ufpel.edu.br\/ib\/laboratorios-didaticos\/laboratorio-de-fisiologia-aplicada-a-aquicultura-lafaaq-2\/","title":{"rendered":"Laborat\u00f3rio de Fisiologia Aplicada a Aquicultura (LAFAAq)"},"content":{"rendered":"<p><a href=\"https:\/\/wp.ufpel.edu.br\/nulab\/files\/2016\/11\/P1010516.jpg\" target=\"_blank\" rel=\"noopener noreferrer\"><img class=\"alignnone wp-image-3326 size-thumbnail\" src=\"https:\/\/wp.ufpel.edu.br\/nulab\/files\/2016\/11\/P1010516-212x159.jpg\" sizes=\"(max-width: 200px) 100vw, 200px\" srcset=\"https:\/\/wp.ufpel.edu.br\/nulab\/files\/2016\/11\/P1010516-212x159.jpg 212w, https:\/\/wp.ufpel.edu.br\/nulab\/files\/2016\/11\/P1010516-424x318.jpg 424w, https:\/\/wp.ufpel.edu.br\/nulab\/files\/2016\/11\/P1010516-768x576.jpg 768w\" alt=\"p1010516\" width=\"200\" height=\"150\" \/><\/a>\u00a0<a href=\"https:\/\/wp.ufpel.edu.br\/nulab\/files\/2016\/11\/P1010517.jpg\" target=\"_blank\" rel=\"noopener noreferrer\"><img class=\"alignnone wp-image-3328 size-thumbnail\" src=\"https:\/\/wp.ufpel.edu.br\/nulab\/files\/2016\/11\/P1010517-212x159.jpg\" sizes=\"(max-width: 200px) 100vw, 200px\" srcset=\"https:\/\/wp.ufpel.edu.br\/nulab\/files\/2016\/11\/P1010517-212x159.jpg 212w, https:\/\/wp.ufpel.edu.br\/nulab\/files\/2016\/11\/P1010517-424x318.jpg 424w, https:\/\/wp.ufpel.edu.br\/nulab\/files\/2016\/11\/P1010517-768x576.jpg 768w\" alt=\"p1010517\" width=\"200\" height=\"150\" \/><\/a><\/p>\n<p><strong>Unidade:<\/strong>\u00a0Instituto de Biologia (IB)<br \/>\n<strong>Curso:<\/strong>\u00a0Ci\u00eancias Biol\u00f3gicas- Bacharelado; Ci\u00eancias Biol\u00f3gicas- Licenciatura; P\u00f3s Gradua\u00e7\u00e3o em Parasitologia\/IB\/UFPel; P\u00f3s-Gradua\u00e7\u00e3o em Biologia Animal\/IB\/UFPel; P\u00f3s-gradua\u00e7\u00e3o em Aquicultura\/ IO\/FURG<br \/>\n<strong>Website:<\/strong><br \/>\n<strong>C\u00f3digo NULAB:<\/strong>\u00a090515<\/p>\n<p><strong>Descri\u00e7\u00e3o<\/strong><br \/>\nO Laborat\u00f3rio de Fisiologia Aplicada a Aquicultura (LAFAAq), desenvolve projetos de pesquisa, ensino e extens\u00e3o voltados ao desenvolvimento da aquicultura regional, dando \u00eanfase em processos fisiol\u00f3gicos que subsidiam o manejo de organismos aqu\u00e1ticos em cativeiro. Tem linhas de pesquisa na reprodu\u00e7\u00e3o induzida de esp\u00e9cies nativas, fisiologia do estresse e ecofisiologia de organismos aqu\u00e1ticos. Tamb\u00e9m d\u00e1 suporte a aulas te\u00f3rico-pr\u00e1ticas aos cursos acad\u00eamicos que s\u00e3o atendidos. O Laborat\u00f3rio conta com unidade avan\u00e7ada na Barragem do Chasqueiro, para os ensaios de reprodu\u00e7\u00e3o e larvicultura de peixes.<\/p>\n<p><strong>Campus:<\/strong>\u00a0Cap\u00e3o do Le\u00e3o<br \/>\n<strong>Pr\u00e9dio\/Bloco:<\/strong>\u00a017<br \/>\n<strong>Sala:<\/strong><\/p>\n<p><strong>Contato<\/strong><br \/>\n<strong>Nome:<\/strong>\u00a0Prof. Ricardo Berteaux Robaldo<br \/>\n<strong>E-mail<\/strong>:\u00a0ricardorobaldoufpel@gmail.com<\/p>\n<p><strong>Equipamentos<br \/>\n<\/strong>Osm\u00f4metro (press\u00e3o de vapor)<br \/>\nEspectrofot\u00f4metro (UV-Vis\u00edvel)<br \/>\nSistemas de recircula\u00e7\u00e3o para cria\u00e7\u00e3o intensiva de peixes<br \/>\nIncubadoras para peixes<\/p>\n","protected":false},"excerpt":{"rendered":"<p>\u00a0 Unidade:\u00a0Instituto de Biologia (IB) Curso:\u00a0Ci\u00eancias Biol\u00f3gicas- Bacharelado; Ci\u00eancias Biol\u00f3gicas- Licenciatura; P\u00f3s Gradua\u00e7\u00e3o em Parasitologia\/IB\/UFPel; P\u00f3s-Gradua\u00e7\u00e3o em Biologia Animal\/IB\/UFPel; P\u00f3s-gradua\u00e7\u00e3o em Aquicultura\/ IO\/FURG Website: C\u00f3digo NULAB:\u00a090515 Descri\u00e7\u00e3o O Laborat\u00f3rio de Fisiologia Aplicada a Aquicultura (LAFAAq), desenvolve projetos de pesquisa, ensino e extens\u00e3o voltados ao desenvolvimento da aquicultura regional, dando \u00eanfase em processos fisiol\u00f3gicos que subsidiam [&hellip;]<\/p>\n","protected":false},"author":488,"featured_media":0,"parent":516,"menu_order":0,"comment_status":"closed","ping_status":"closed","template":"","meta":{"jetpack_post_was_ever_published":false,"footnotes":""},"class_list":["post-4588","page","type-page","status-publish","hentry"],"jetpack_sharing_enabled":true,"jetpack_shortlink":"https:\/\/wp.me\/P6S2gY-1c0","_links":{"self":[{"href":"https:\/\/wp.ufpel.edu.br\/ib\/wp-json\/wp\/v2\/pages\/4588","targetHints":{"allow":["GET"]}}],"collection":[{"href":"https:\/\/wp.ufpel.edu.br\/ib\/wp-json\/wp\/v2\/pages"}],"about":[{"href":"https:\/\/wp.ufpel.edu.br\/ib\/wp-json\/wp\/v2\/types\/page"}],"author":[{"embeddable":true,"href":"https:\/\/wp.ufpel.edu.br\/ib\/wp-json\/wp\/v2\/users\/488"}],"replies":[{"embeddable":true,"href":"https:\/\/wp.ufpel.edu.br\/ib\/wp-json\/wp\/v2\/comments?post=4588"}],"version-history":[{"count":1,"href":"https:\/\/wp.ufpel.edu.br\/ib\/wp-json\/wp\/v2\/pages\/4588\/revisions"}],"predecessor-version":[{"id":4590,"href":"https:\/\/wp.ufpel.edu.br\/ib\/wp-json\/wp\/v2\/pages\/4588\/revisions\/4590"}],"up":[{"embeddable":true,"href":"https:\/\/wp.ufpel.edu.br\/ib\/wp-json\/wp\/v2\/pages\/516"}],"wp:attachment":[{"href":"https:\/\/wp.ufpel.edu.br\/ib\/wp-json\/wp\/v2\/media?parent=4588"}],"curies":[{"name":"wp","href":"https:\/\/api.w.org\/{rel}","templated":true}]}}