{"id":4582,"date":"2023-10-05T14:49:55","date_gmt":"2023-10-05T17:49:55","guid":{"rendered":"https:\/\/wp.ufpel.edu.br\/ib\/?page_id=4582"},"modified":"2023-10-20T10:46:33","modified_gmt":"2023-10-20T13:46:33","slug":"laboratorio-de-ensino-i","status":"publish","type":"page","link":"https:\/\/wp.ufpel.edu.br\/ib\/laboratorios-didaticos\/laboratorio-de-ensino-i\/","title":{"rendered":"Laborat\u00f3rio de Ensino I"},"content":{"rendered":"<p><a href=\"https:\/\/wp.ufpel.edu.br\/nulab\/files\/2016\/12\/P1010422.jpg\" target=\"_blank\" rel=\"noopener noreferrer\"><img class=\"aligncenter wp-image-3554 size-thumbnail\" src=\"https:\/\/wp.ufpel.edu.br\/nulab\/files\/2016\/12\/P1010422-212x159.jpg\" sizes=\"(max-width: 200px) 100vw, 200px\" srcset=\"https:\/\/wp.ufpel.edu.br\/nulab\/files\/2016\/12\/P1010422-212x159.jpg 212w, https:\/\/wp.ufpel.edu.br\/nulab\/files\/2016\/12\/P1010422-424x318.jpg 424w, https:\/\/wp.ufpel.edu.br\/nulab\/files\/2016\/12\/P1010422-768x576.jpg 768w\" alt=\"p1010422\" width=\"200\" height=\"150\" \/><\/a><\/p>\n<p><strong>Unidade:<\/strong>\u00a0Instituto de Biologia (IB)<br \/>\n<strong>Curso:<\/strong>\u00a0Ci\u00eancias Biol\u00f3gicas Bacharelado e Licenciatura, Medicina, Odontologia, Nutri\u00e7\u00e3o, Veterin\u00e1ria, Zootecnia.<br \/>\n<strong>Website:<\/strong><br \/>\n<strong>C\u00f3digo NULAB:<\/strong>\u00a090086<\/p>\n<p><strong>Descri\u00e7\u00e3o<br \/>\n<\/strong><\/p>\n<p>Os laborat\u00f3rios de ensino do Departamento de Fisiologia e Farmacologia s\u00e3o utilizados para a realiza\u00e7\u00e3o de atividades pr\u00e1ticas complementares ao estudo te\u00f3rico de processos fisiol\u00f3gicos. Tais laborat\u00f3rios atendem alunos de diferentes cursos de gradua\u00e7\u00e3o, a saber: Ci\u00eancias Biol\u00f3gicas\/Licenciatura; Ci\u00eancias Biol\u00f3gicas\/ Bacharelado; Medicina; Odontologia; Nutri\u00e7\u00e3o; Veterin\u00e1ria e Zootecnia.<\/p>\n<p><strong>Localiza\u00e7\u00e3o<\/strong><br \/>\n<strong>Campus:<\/strong>\u00a0Cap\u00e3o do Le\u00e3o<br \/>\n<strong>Pr\u00e9dio\/Bloco:<\/strong>\u00a026<br \/>\n<strong>Sala:<\/strong>\u00a01<\/p>\n<p><strong>Contato<\/strong><br \/>\n<strong>Nome:<\/strong>\u00a0Prof. Gilson Mendon\u00e7a<br \/>\n<strong>Telefone<\/strong>: 32757337<\/p>\n<p><strong>Equipamentos<br \/>\n<\/strong>Centr\u00edfuga de micro-hemat\u00f3crito<br \/>\nCentr\u00edfuga<br \/>\nDestilador de \u00e1gua<br \/>\nMicrocentr\u00edfuga<\/p>\n<p><a href=\"https:\/\/wp.ufpel.edu.br\/nulab\/files\/2016\/12\/Regimento_interno_lab_de_ensino_DFF_2019.pdf\">Regimento_interno_lab_de_ensino_DFF_2019<\/a><\/p>\n<p><a href=\"https:\/\/drive.google.com\/file\/d\/18PiOhVjD9k8dAl4TDnFx4fpbkAtnFhch\/view?usp=sharing\" target=\"_blank\" rel=\"noopener\">Plano de gerenciamento de res\u00edduos<\/a> &#8211;<\/p>\n","protected":false},"excerpt":{"rendered":"<p>Unidade:\u00a0Instituto de Biologia (IB) Curso:\u00a0Ci\u00eancias Biol\u00f3gicas Bacharelado e Licenciatura, Medicina, Odontologia, Nutri\u00e7\u00e3o, Veterin\u00e1ria, Zootecnia. Website: C\u00f3digo NULAB:\u00a090086 Descri\u00e7\u00e3o Os laborat\u00f3rios de ensino do Departamento de Fisiologia e Farmacologia s\u00e3o utilizados para a realiza\u00e7\u00e3o de atividades pr\u00e1ticas complementares ao estudo te\u00f3rico de processos fisiol\u00f3gicos. Tais laborat\u00f3rios atendem alunos de diferentes cursos de gradua\u00e7\u00e3o, a saber: Ci\u00eancias [&hellip;]<\/p>\n","protected":false},"author":488,"featured_media":0,"parent":516,"menu_order":0,"comment_status":"closed","ping_status":"closed","template":"","meta":{"jetpack_post_was_ever_published":false,"footnotes":""},"class_list":["post-4582","page","type-page","status-publish","hentry"],"jetpack_sharing_enabled":true,"jetpack_shortlink":"https:\/\/wp.me\/P6S2gY-1bU","_links":{"self":[{"href":"https:\/\/wp.ufpel.edu.br\/ib\/wp-json\/wp\/v2\/pages\/4582","targetHints":{"allow":["GET"]}}],"collection":[{"href":"https:\/\/wp.ufpel.edu.br\/ib\/wp-json\/wp\/v2\/pages"}],"about":[{"href":"https:\/\/wp.ufpel.edu.br\/ib\/wp-json\/wp\/v2\/types\/page"}],"author":[{"embeddable":true,"href":"https:\/\/wp.ufpel.edu.br\/ib\/wp-json\/wp\/v2\/users\/488"}],"replies":[{"embeddable":true,"href":"https:\/\/wp.ufpel.edu.br\/ib\/wp-json\/wp\/v2\/comments?post=4582"}],"version-history":[{"count":3,"href":"https:\/\/wp.ufpel.edu.br\/ib\/wp-json\/wp\/v2\/pages\/4582\/revisions"}],"predecessor-version":[{"id":4724,"href":"https:\/\/wp.ufpel.edu.br\/ib\/wp-json\/wp\/v2\/pages\/4582\/revisions\/4724"}],"up":[{"embeddable":true,"href":"https:\/\/wp.ufpel.edu.br\/ib\/wp-json\/wp\/v2\/pages\/516"}],"wp:attachment":[{"href":"https:\/\/wp.ufpel.edu.br\/ib\/wp-json\/wp\/v2\/media?parent=4582"}],"curies":[{"name":"wp","href":"https:\/\/api.w.org\/{rel}","templated":true}]}}