{"id":4567,"date":"2023-10-05T14:46:11","date_gmt":"2023-10-05T17:46:11","guid":{"rendered":"https:\/\/wp.ufpel.edu.br\/ib\/?page_id=4567"},"modified":"2023-10-20T09:34:52","modified_gmt":"2023-10-20T12:34:52","slug":"laboratorio-de-evolucao-e-genetica-de-insetos-legin","status":"publish","type":"page","link":"https:\/\/wp.ufpel.edu.br\/ib\/laboratorios-didaticos\/laboratorio-de-evolucao-e-genetica-de-insetos-legin\/","title":{"rendered":"Laborat\u00f3rio de Evolu\u00e7\u00e3o e Gen\u00e9tica de Insetos (LEGIN)"},"content":{"rendered":"<p><strong>Unidade:<\/strong>\u00a0Instituto de Biologia (IB)<br \/>\n<strong>Curso:<\/strong>\u00a0Ci\u00eancias Biol\u00f3gicas Licenciatura, Ci\u00eancias Biol\u00f3gicas Bacharelado, Mestrado Acad\u00eamico em Biologia Animal, Mestrado Acad\u00eamico em Entomologia e outros em menor frequ\u00eancia<br \/>\n<strong>Website:<\/strong>\u00a0https:\/\/wp.ufpel.edu.br\/legin\/<br \/>\n<strong>C\u00f3digo NULAB:<\/strong>\u00a090541<\/p>\n<p><strong>Descri\u00e7\u00e3o<br \/>\n<\/strong><\/p>\n<p>O laborat\u00f3rio atende principalmente a pesquisa, envolvendo estudantes de diferentes cursos de Gradua\u00e7\u00e3o e P\u00f3s-Gradua\u00e7\u00e3o nas \u00e1reas das Ci\u00eancias Biol\u00f3gicas, da UFPel e de outras universidades.<\/p>\n<p>Os principais estudos realizados no laborat\u00f3rio s\u00e3o sobre a ecologia e a evolu\u00e7\u00e3o de esp\u00e9cies de Diptera (Insecta). As linhas de pesquisa desenvolvidas no laborat\u00f3rio s\u00e3o:<\/p>\n<p>\u2013 Estudos de diversidade de d\u00edpteros neotropicais<\/p>\n<p>\u2013 Estudos da biologia de esp\u00e9cies invasoras<\/p>\n<p>\u2013 Taxonomia e sistem\u00e1tica de Diptera<\/p>\n<p>Al\u00e9m de pesquisa, o laborat\u00f3rio \u00e9 usado para o preparo das aulas pr\u00e1ticas de Zoologia e Gen\u00e9tica, para o atendimento aos projetos de monitoria destas mesmas \u00e1reas, e para a organiza\u00e7\u00e3o e prepara\u00e7\u00e3o de material para projetos de extens\u00e3o.<\/p>\n<p><strong>Localiza\u00e7\u00e3o<\/strong><br \/>\n<strong>Campus:<\/strong>\u00a0Cap\u00e3o do Le\u00e3o<br \/>\n<strong>Pr\u00e9dio\/Bloco:<\/strong>\u00a023<br \/>\n<strong>Sala:<\/strong>\u00a0\u2013<\/p>\n<p><strong>Contato<\/strong><br \/>\n<strong>Nome:<\/strong>\u00a0Monica Laner Blauth\/ Marco Silva Gottschalk\/ Marco Antonio\u00a0Tonus Marinho<br \/>\n<strong>E-mail<\/strong>:\u00a0monica.blauth@ufpel.edu.br \/ marco.gottschalk@ufpel.edu.br \/ marco.marinho@ufpel.edu.br<\/p>\n<p><strong>Equipamentos<br \/>\n<\/strong><\/p>\n<p><span lang=\"pt-BR\">Agitador magn\u00e9tico<\/span><\/p>\n<p><span lang=\"pt-BR\">Agitador orbital<\/span><\/p>\n<p><span lang=\"pt-BR\">Balan\u00e7a anal\u00edtica de precis\u00e3o de cent\u00e9simos de grama<\/span><\/p>\n<p><span lang=\"pt-BR\">Banho-maria at\u00e9 100\u00baC<\/span><\/p>\n<p><span lang=\"pt-BR\">Banho-maria at\u00e9 55\u00baC<\/span><\/p>\n<p><span lang=\"pt-BR\">Capela de fluxo laminar<\/span><\/p>\n<p><span lang=\"pt-BR\">Centr\u00edfuga para tubos falcon<\/span><\/p>\n<p><span lang=\"pt-BR\">Desumidificador<\/span><\/p>\n<p><span lang=\"pt-BR\">Estereomicrosc\u00f3pio Discovery V20 acoplado com capturador de imagens e computador<\/span><\/p>\n<p><span lang=\"pt-BR\">Estereomicrosc\u00f3pio Olympus SZ40 com lumin\u00e1ria de LED circular (03)<\/span><\/p>\n<p><span lang=\"pt-BR\">Estufa de secagem<\/span><\/p>\n<p><span lang=\"pt-BR\">Fog\u00e3o el\u00e9trico 1 boca<\/span><\/p>\n<p><span lang=\"pt-BR\">Freezer vertical (02)<\/span><\/p>\n<p><span lang=\"pt-BR\">Geladeiras (02)<\/span><\/p>\n<p><span lang=\"pt-BR\">Lupa de mesa com ilumina\u00e7\u00e3o de LED (02)<\/span><\/p>\n<p><span lang=\"pt-BR\">Microondas<\/span><\/p>\n<p><span lang=\"pt-BR\">Microsc\u00f3pio Olympus BX41<\/span><\/p>\n<p><span lang=\"pt-BR\">Microsc\u00f3pio Olympus BX51<\/span><\/p>\n<p><span lang=\"pt-BR\">pHmetro de bancada<\/span><\/p>\n<p><span lang=\"pt-BR\">V\u00f3rtex\u00a0<\/span><\/p>\n<p><a href=\"https:\/\/drive.google.com\/file\/d\/1iMDZ76CXSUVCom_-OjXkNHLTiP7hpquy\/view?usp=sharing\" target=\"_blank\" rel=\"noopener\">Regimento<\/a> &#8211;<\/p>\n<p>Plano gest\u00e3o de res\u00edduos &#8211;<\/p>\n","protected":false},"excerpt":{"rendered":"<p>Unidade:\u00a0Instituto de Biologia (IB) Curso:\u00a0Ci\u00eancias Biol\u00f3gicas Licenciatura, Ci\u00eancias Biol\u00f3gicas Bacharelado, Mestrado Acad\u00eamico em Biologia Animal, Mestrado Acad\u00eamico em Entomologia e outros em menor frequ\u00eancia Website:\u00a0https:\/\/wp.ufpel.edu.br\/legin\/ C\u00f3digo NULAB:\u00a090541 Descri\u00e7\u00e3o O laborat\u00f3rio atende principalmente a pesquisa, envolvendo estudantes de diferentes cursos de Gradua\u00e7\u00e3o e P\u00f3s-Gradua\u00e7\u00e3o nas \u00e1reas das Ci\u00eancias Biol\u00f3gicas, da UFPel e de outras universidades. Os [&hellip;]<\/p>\n","protected":false},"author":488,"featured_media":0,"parent":516,"menu_order":0,"comment_status":"closed","ping_status":"closed","template":"","meta":{"jetpack_post_was_ever_published":false,"footnotes":""},"class_list":["post-4567","page","type-page","status-publish","hentry"],"jetpack_sharing_enabled":true,"jetpack_shortlink":"https:\/\/wp.me\/P6S2gY-1bF","_links":{"self":[{"href":"https:\/\/wp.ufpel.edu.br\/ib\/wp-json\/wp\/v2\/pages\/4567","targetHints":{"allow":["GET"]}}],"collection":[{"href":"https:\/\/wp.ufpel.edu.br\/ib\/wp-json\/wp\/v2\/pages"}],"about":[{"href":"https:\/\/wp.ufpel.edu.br\/ib\/wp-json\/wp\/v2\/types\/page"}],"author":[{"embeddable":true,"href":"https:\/\/wp.ufpel.edu.br\/ib\/wp-json\/wp\/v2\/users\/488"}],"replies":[{"embeddable":true,"href":"https:\/\/wp.ufpel.edu.br\/ib\/wp-json\/wp\/v2\/comments?post=4567"}],"version-history":[{"count":3,"href":"https:\/\/wp.ufpel.edu.br\/ib\/wp-json\/wp\/v2\/pages\/4567\/revisions"}],"predecessor-version":[{"id":4704,"href":"https:\/\/wp.ufpel.edu.br\/ib\/wp-json\/wp\/v2\/pages\/4567\/revisions\/4704"}],"up":[{"embeddable":true,"href":"https:\/\/wp.ufpel.edu.br\/ib\/wp-json\/wp\/v2\/pages\/516"}],"wp:attachment":[{"href":"https:\/\/wp.ufpel.edu.br\/ib\/wp-json\/wp\/v2\/media?parent=4567"}],"curies":[{"name":"wp","href":"https:\/\/api.w.org\/{rel}","templated":true}]}}