{"id":4564,"date":"2023-10-05T14:45:03","date_gmt":"2023-10-05T17:45:03","guid":{"rendered":"https:\/\/wp.ufpel.edu.br\/ib\/?page_id=4564"},"modified":"2023-10-05T14:45:41","modified_gmt":"2023-10-05T17:45:41","slug":"laboratorio-de-ecologia-de-mamiferos-e-aves-lema","status":"publish","type":"page","link":"https:\/\/wp.ufpel.edu.br\/ib\/laboratorios-didaticos\/laboratorio-de-ecologia-de-mamiferos-e-aves-lema\/","title":{"rendered":"Laborat\u00f3rio de Ecologia de Mam\u00edferos e Aves (LEMA)"},"content":{"rendered":"<p><a href=\"https:\/\/wp.ufpel.edu.br\/nulab\/files\/2016\/11\/P1010485.jpg\" target=\"_blank\" rel=\"noopener noreferrer\"><img class=\"alignnone wp-image-3346 size-thumbnail\" src=\"https:\/\/wp.ufpel.edu.br\/nulab\/files\/2016\/11\/P1010485-212x159.jpg\" sizes=\"(max-width: 200px) 100vw, 200px\" srcset=\"https:\/\/wp.ufpel.edu.br\/nulab\/files\/2016\/11\/P1010485-212x159.jpg 212w, https:\/\/wp.ufpel.edu.br\/nulab\/files\/2016\/11\/P1010485-424x318.jpg 424w, https:\/\/wp.ufpel.edu.br\/nulab\/files\/2016\/11\/P1010485-768x576.jpg 768w\" alt=\"p1010485\" width=\"200\" height=\"150\" \/><\/a>\u00a0<a href=\"https:\/\/wp.ufpel.edu.br\/nulab\/files\/2016\/11\/P1010486.jpg\" target=\"_blank\" rel=\"noopener noreferrer\"><img class=\"alignnone wp-image-3347 size-thumbnail\" src=\"https:\/\/wp.ufpel.edu.br\/nulab\/files\/2016\/11\/P1010486-212x159.jpg\" sizes=\"(max-width: 200px) 100vw, 200px\" srcset=\"https:\/\/wp.ufpel.edu.br\/nulab\/files\/2016\/11\/P1010486-212x159.jpg 212w, https:\/\/wp.ufpel.edu.br\/nulab\/files\/2016\/11\/P1010486-424x318.jpg 424w, https:\/\/wp.ufpel.edu.br\/nulab\/files\/2016\/11\/P1010486-768x576.jpg 768w\" alt=\"p1010486\" width=\"200\" height=\"150\" \/><\/a><\/p>\n<p><strong>Unidade:<\/strong>\u00a0Instituto de Biologia (IB)<br \/>\n<strong>Curso:<\/strong>\u00a0Ci\u00eancias Biol\u00f3gicas<br \/>\n<strong>Website:<\/strong>\u00a0\u2013<br \/>\n<strong>C\u00f3digo NULAB:<\/strong>\u00a090520<\/p>\n<p><strong>Descri\u00e7\u00e3o<br \/>\n<\/strong>\u2013<\/p>\n<p><strong>Localiza\u00e7\u00e3o<\/strong><br \/>\n<strong>Campus:<\/strong>\u00a0Cap\u00e3o do Le\u00e3o<br \/>\n<strong>Pr\u00e9dio\/Bloco:<\/strong>\u00a023<br \/>\n<strong>Sala:<\/strong>\u00a013<\/p>\n<p><strong>Contato<\/strong><br \/>\n<strong>Nome:<\/strong>\u00a0Prof\u00aa.\u00a0Ana Maria Rui\/ Rafael Antunes Dias<br \/>\n<strong>E-mail<\/strong>:\u00a0ana.rui@ufpel.edu.br\/rafael.dias@ufpel.edu.br<\/p>\n<p><strong>Equipamentos<br \/>\n<\/strong>Cole\u00e7\u00e3o Cient\u00edfica de Ordem Chiroptera (Quir\u00f3ptera)<br \/>\nBalan\u00e7a<br \/>\nFreezer<br \/>\nMicroscopia<br \/>\nPaqu\u00edmetros<\/p>\n","protected":false},"excerpt":{"rendered":"<p>\u00a0 Unidade:\u00a0Instituto de Biologia (IB) Curso:\u00a0Ci\u00eancias Biol\u00f3gicas Website:\u00a0\u2013 C\u00f3digo NULAB:\u00a090520 Descri\u00e7\u00e3o \u2013 Localiza\u00e7\u00e3o Campus:\u00a0Cap\u00e3o do Le\u00e3o Pr\u00e9dio\/Bloco:\u00a023 Sala:\u00a013 Contato Nome:\u00a0Prof\u00aa.\u00a0Ana Maria Rui\/ Rafael Antunes Dias E-mail:\u00a0ana.rui@ufpel.edu.br\/rafael.dias@ufpel.edu.br Equipamentos Cole\u00e7\u00e3o Cient\u00edfica de Ordem Chiroptera (Quir\u00f3ptera) Balan\u00e7a Freezer Microscopia Paqu\u00edmetros<\/p>\n","protected":false},"author":488,"featured_media":0,"parent":516,"menu_order":0,"comment_status":"closed","ping_status":"closed","template":"","meta":{"jetpack_post_was_ever_published":false,"footnotes":""},"class_list":["post-4564","page","type-page","status-publish","hentry"],"jetpack_sharing_enabled":true,"jetpack_shortlink":"https:\/\/wp.me\/P6S2gY-1bC","_links":{"self":[{"href":"https:\/\/wp.ufpel.edu.br\/ib\/wp-json\/wp\/v2\/pages\/4564","targetHints":{"allow":["GET"]}}],"collection":[{"href":"https:\/\/wp.ufpel.edu.br\/ib\/wp-json\/wp\/v2\/pages"}],"about":[{"href":"https:\/\/wp.ufpel.edu.br\/ib\/wp-json\/wp\/v2\/types\/page"}],"author":[{"embeddable":true,"href":"https:\/\/wp.ufpel.edu.br\/ib\/wp-json\/wp\/v2\/users\/488"}],"replies":[{"embeddable":true,"href":"https:\/\/wp.ufpel.edu.br\/ib\/wp-json\/wp\/v2\/comments?post=4564"}],"version-history":[{"count":1,"href":"https:\/\/wp.ufpel.edu.br\/ib\/wp-json\/wp\/v2\/pages\/4564\/revisions"}],"predecessor-version":[{"id":4566,"href":"https:\/\/wp.ufpel.edu.br\/ib\/wp-json\/wp\/v2\/pages\/4564\/revisions\/4566"}],"up":[{"embeddable":true,"href":"https:\/\/wp.ufpel.edu.br\/ib\/wp-json\/wp\/v2\/pages\/516"}],"wp:attachment":[{"href":"https:\/\/wp.ufpel.edu.br\/ib\/wp-json\/wp\/v2\/media?parent=4564"}],"curies":[{"name":"wp","href":"https:\/\/api.w.org\/{rel}","templated":true}]}}