{"id":4561,"date":"2023-10-05T14:44:16","date_gmt":"2023-10-05T17:44:16","guid":{"rendered":"https:\/\/wp.ufpel.edu.br\/ib\/?page_id=4561"},"modified":"2026-02-12T19:13:25","modified_gmt":"2026-02-12T22:13:25","slug":"laboratorio-de-genetica-labgen","status":"publish","type":"page","link":"https:\/\/wp.ufpel.edu.br\/ib\/laboratorios-didaticos\/laboratorio-de-genetica-labgen\/","title":{"rendered":"Laborat\u00f3rio de Gen\u00e9tica (LABGEN)"},"content":{"rendered":"<p><a href=\"https:\/\/wp.ufpel.edu.br\/nulab\/files\/2016\/11\/P1010469.jpg\" target=\"_blank\" rel=\"noopener noreferrer\"><img class=\"alignnone wp-image-3339 size-thumbnail\" src=\"https:\/\/wp.ufpel.edu.br\/nulab\/files\/2016\/11\/P1010469-212x159.jpg\" sizes=\"(max-width: 200px) 100vw, 200px\" srcset=\"https:\/\/wp.ufpel.edu.br\/nulab\/files\/2016\/11\/P1010469-212x159.jpg 212w, https:\/\/wp.ufpel.edu.br\/nulab\/files\/2016\/11\/P1010469-424x318.jpg 424w, https:\/\/wp.ufpel.edu.br\/nulab\/files\/2016\/11\/P1010469-768x576.jpg 768w\" alt=\"p1010469\" width=\"200\" height=\"150\" \/><\/a>\u00a0<a href=\"https:\/\/wp.ufpel.edu.br\/nulab\/files\/2016\/11\/P1010472.jpg\" target=\"_blank\" rel=\"noopener noreferrer\"><img class=\"alignnone wp-image-3340 size-thumbnail\" src=\"https:\/\/wp.ufpel.edu.br\/nulab\/files\/2016\/11\/P1010472-212x159.jpg\" sizes=\"(max-width: 200px) 100vw, 200px\" srcset=\"https:\/\/wp.ufpel.edu.br\/nulab\/files\/2016\/11\/P1010472-212x159.jpg 212w, https:\/\/wp.ufpel.edu.br\/nulab\/files\/2016\/11\/P1010472-424x318.jpg 424w, https:\/\/wp.ufpel.edu.br\/nulab\/files\/2016\/11\/P1010472-768x576.jpg 768w\" alt=\"p1010472\" width=\"200\" height=\"150\" \/><\/a><\/p>\n<p><strong>Unidade:<\/strong>\u00a0Instituto de Biologia (IB)<br \/>\n<strong>Curso:<\/strong>\u00a0Ci\u00eancias Biol\u00f3gicas, Agronomia, Nutri\u00e7\u00e3o e Medicina Veterin\u00e1ria.<br \/>\n<strong>Website:<\/strong>\u00a0\u2013<br \/>\n<strong>C\u00f3digo NULAB:<\/strong>\u00a090518<\/p>\n<p><strong>Descri\u00e7\u00e3o<br \/>\n<\/strong>\u2013<\/p>\n<p>As linhas de pesquisa do laborat\u00f3rio s\u00e3o a an\u00e1lise de geno, fito e citotoxicidade de produtos naturais e ambientais.<\/p>\n<p>Na \u00e1rea de Ensino de Ci\u00eancias atuamos na forma\u00e7\u00e3o continuada de professores com \u00eanfase ao ensino de biologia e gen\u00e9tica.<\/p>\n<p>Na \u00e1rea de Extens\u00e3o atuamos na divulga\u00e7\u00e3o e populariza\u00e7\u00e3o da ci\u00eancia.<\/p>\n<p><strong>Localiza\u00e7\u00e3o<\/strong><\/p>\n<p><strong>Campus:<\/strong>\u00a0Cap\u00e3o do Le\u00e3o<\/p>\n<p><strong>Pr\u00e9dio\/Bloco:<\/strong>\u00a023<br \/>\n<strong>Sala:<\/strong>\u00a025<\/p>\n<p><strong>Contato<\/strong><br \/>\n<strong>Nome:<\/strong>\u00a0Prof.\u00aa. Vera Lucia Bobrowski<\/p>\n<p>Prof.a. Beatriz Helena Gomes Rocha<br \/>\n<strong>E-mail<\/strong>:\u00a0<a href=\"mailto:vera.bobrowski@gmail.com\" target=\"_blank\" rel=\"noopener noreferrer\" data-auth=\"NotApplicable\">vera.bobrowski@gmail.com<\/a><\/p>\n<p><a href=\"mailto:biahgr@gmail.com\" target=\"_blank\" rel=\"noopener noreferrer\" data-auth=\"NotApplicable\">biahgr@gmail.com<\/a><\/p>\n<p><strong>Equipamentos<br \/>\n<\/strong><\/p>\n<p>C\u00e2mara de Crescimento com Controle de Temperatura e Luz<\/p>\n<p>Fluxo Laminar Horizontal<\/p>\n<p>Estereomicrosc\u00f3pio<br \/>\nMicrosc\u00f3pio com Contraste de Fase<\/p>\n<p>Microsc\u00f3pio \u00d3ptico<\/p>\n<p class=\"x_x_x_MsoNormal\">Shaker com controle de temperatura<\/p>\n<div class=\"limpa\"><strong><a href=\"https:\/\/drive.google.com\/file\/d\/1JC17UgE8fs7kOwfQQJbWRSIL2cp6Z4VF\/view?usp=sharing\" target=\"_blank\" rel=\"noopener\">NORMATIVA<\/a><\/strong> &#8211;<\/div>\n<div><a href=\"https:\/\/docs.ufpel.edu.br\/index.php\/s\/uKzc7CNFSqqWMjF\" target=\"_blank\" rel=\"noopener\"><strong>REGIMENTO<\/strong><\/a> &#8211;<\/div>\n<div><\/div>\n<div><\/div>\n<div id=\"sign\">Publicado\u00a0<span class=\"single_pub_data\">em\u00a0<a href=\"https:\/\/wp.ufpel.edu.br\/nulab\/2016\/11\/28\/\">28\/11\/2016<\/a><\/span><span class=\"single_pub_categorias\">, nas categorias\u00a0<a title=\"Ver todos os posts em IB\" href=\"https:\/\/wp.ufpel.edu.br\/nulab\/category\/laboratorios\/ib\/\">IB<\/a>,\u00a0<a title=\"Ver todos os posts em Laborat\u00f3rios\" href=\"https:\/\/wp.ufpel.edu.br\/nulab\/category\/laboratorios\/\">Laborat\u00f3rios<\/a>.<\/span><br \/>\n<span class=\"single_pub_tags\">Marcado com as tags\u00a0<a title=\"Ver todos os posts com a tag Agronomia\" href=\"https:\/\/wp.ufpel.edu.br\/nulab\/tag\/agronomia\/\">Agronomia<\/a>,\u00a0<a title=\"Ver todos os posts com a tag C\u00e2mara de Crescimento com Controle de Temperatura e Luz\" href=\"https:\/\/wp.ufpel.edu.br\/nulab\/tag\/camara-de-crescimento-com-controle-de-temperatura-e-luz\/\">C\u00e2mara de Crescimento com Controle de Temperatura e Luz<\/a>,\u00a0<a title=\"Ver todos os posts com a tag Cap\u00e3o do Le\u00e3o\" href=\"https:\/\/wp.ufpel.edu.br\/nulab\/tag\/capao-do-leao\/\">Cap\u00e3o do Le\u00e3o<\/a>,\u00a0<a title=\"Ver todos os posts com a tag Ci\u00eancias Biol\u00f3gicas\" href=\"https:\/\/wp.ufpel.edu.br\/nulab\/tag\/ciencias-biologicas\/\">Ci\u00eancias Biol\u00f3gicas<\/a>,\u00a0<a title=\"Ver todos os posts com a tag Est\u00e9reomicrosc\u00f3pio\" href=\"https:\/\/wp.ufpel.edu.br\/nulab\/tag\/estereomicroscopio\/\">Est\u00e9reomicrosc\u00f3pio<\/a>,\u00a0<a title=\"Ver todos os posts com a tag Fluxo Laminar Horizontal\" href=\"https:\/\/wp.ufpel.edu.br\/nulab\/tag\/fluxo-laminar-horizontal\/\">Fluxo Laminar Horizontal<\/a>,\u00a0<a title=\"Ver todos os posts com a tag Gen\u00e9tica\" href=\"https:\/\/wp.ufpel.edu.br\/nulab\/tag\/genetica\/\">Gen\u00e9tica<\/a>,\u00a0<a title=\"Ver todos os posts com a tag LABGEN\" href=\"https:\/\/wp.ufpel.edu.br\/nulab\/tag\/labgen\/\">LABGEN<\/a>,\u00a0<a title=\"Ver todos os posts com a tag Microsc\u00f3pio com Contraste de Fase\" href=\"https:\/\/wp.ufpel.edu.br\/nulab\/tag\/microscopio-com-contraste-de-fase\/\">Microsc\u00f3pio com Contraste de Fase<\/a>,\u00a0<a title=\"Ver todos os posts com a tag Microsc\u00f3pio \u00d3ptico\" href=\"https:\/\/wp.ufpel.edu.br\/nulab\/tag\/microscopio-optico\/\">Microsc\u00f3pio \u00d3ptico<\/a>,\u00a0<a title=\"Ver todos os posts com a tag Nutri\u00e7\u00e3o e Medicina Veterin\u00e1ria\" href=\"https:\/\/wp.ufpel.edu.br\/nulab\/tag\/nutricao-e-medicina-veterinaria\/\">Nutri\u00e7\u00e3o e Medicina Veterin\u00e1ria<\/a>.<\/span><\/div>\n","protected":false},"excerpt":{"rendered":"<p>\u00a0 Unidade:\u00a0Instituto de Biologia (IB) Curso:\u00a0Ci\u00eancias Biol\u00f3gicas, Agronomia, Nutri\u00e7\u00e3o e Medicina Veterin\u00e1ria. Website:\u00a0\u2013 C\u00f3digo NULAB:\u00a090518 Descri\u00e7\u00e3o \u2013 As linhas de pesquisa do laborat\u00f3rio s\u00e3o a an\u00e1lise de geno, fito e citotoxicidade de produtos naturais e ambientais. Na \u00e1rea de Ensino de Ci\u00eancias atuamos na forma\u00e7\u00e3o continuada de professores com \u00eanfase ao ensino de biologia e [&hellip;]<\/p>\n","protected":false},"author":488,"featured_media":0,"parent":516,"menu_order":0,"comment_status":"closed","ping_status":"closed","template":"","meta":{"jetpack_post_was_ever_published":false,"footnotes":""},"class_list":["post-4561","page","type-page","status-publish","hentry"],"jetpack_sharing_enabled":true,"jetpack_shortlink":"https:\/\/wp.me\/P6S2gY-1bz","_links":{"self":[{"href":"https:\/\/wp.ufpel.edu.br\/ib\/wp-json\/wp\/v2\/pages\/4561","targetHints":{"allow":["GET"]}}],"collection":[{"href":"https:\/\/wp.ufpel.edu.br\/ib\/wp-json\/wp\/v2\/pages"}],"about":[{"href":"https:\/\/wp.ufpel.edu.br\/ib\/wp-json\/wp\/v2\/types\/page"}],"author":[{"embeddable":true,"href":"https:\/\/wp.ufpel.edu.br\/ib\/wp-json\/wp\/v2\/users\/488"}],"replies":[{"embeddable":true,"href":"https:\/\/wp.ufpel.edu.br\/ib\/wp-json\/wp\/v2\/comments?post=4561"}],"version-history":[{"count":3,"href":"https:\/\/wp.ufpel.edu.br\/ib\/wp-json\/wp\/v2\/pages\/4561\/revisions"}],"predecessor-version":[{"id":6005,"href":"https:\/\/wp.ufpel.edu.br\/ib\/wp-json\/wp\/v2\/pages\/4561\/revisions\/6005"}],"up":[{"embeddable":true,"href":"https:\/\/wp.ufpel.edu.br\/ib\/wp-json\/wp\/v2\/pages\/516"}],"wp:attachment":[{"href":"https:\/\/wp.ufpel.edu.br\/ib\/wp-json\/wp\/v2\/media?parent=4561"}],"curies":[{"name":"wp","href":"https:\/\/api.w.org\/{rel}","templated":true}]}}