{"id":456,"date":"2015-08-20T10:33:02","date_gmt":"2015-08-20T13:33:02","guid":{"rendered":"https:\/\/wp.ufpel.edu.br\/ib\/?page_id=456"},"modified":"2018-11-06T16:55:18","modified_gmt":"2018-11-06T18:55:18","slug":"salas-de-aula","status":"publish","type":"page","link":"https:\/\/wp.ufpel.edu.br\/ib\/salas-de-aula\/","title":{"rendered":"Salas de aula"},"content":{"rendered":"<p><strong><em>Campus Cap\u00e3o do Le\u00e3o<\/em><\/strong><\/p>\n<p><strong>Pr\u00e9dio 17<\/strong><\/p>\n<p>Sala 02 &#8211; Sala de aula com capacidade para 50 alunos &#8211;\u00a0<a href=\"https:\/\/www.google.com\/calendar\/embed?src=iuhtas7cmokp1b7jofm50glubs%40group.calendar.google.com&amp;ctz=America\/Sao_Paulo\" target=\"_blank\" rel=\"noopener\">Hor\u00e1rios<\/a><\/p>\n<p>Sala 03 &#8211; Sala de aula com capacidade para 50 alunos &#8211;\u00a0<a href=\"https:\/\/www.google.com\/calendar\/embed?src=p8040ntfql8nss434da8uskkuo%40group.calendar.google.com&amp;ctz=America\/Sao_Paulo\" target=\"_blank\" rel=\"noopener\">Hor\u00e1rios<\/a><\/p>\n<p><strong>Pr\u00e9dio 20<\/strong><\/p>\n<p>Laborat\u00f3rio de Aula Pr\u00e1tica do DEZG &#8211; Sala de aula com capacidade para 25 alunos &#8211;\u00a0<a href=\"https:\/\/calendar.google.com\/calendar\/embed?src=smcno3iimm68b6i5fpl1fk61u8%40group.calendar.google.com&amp;ctz=America%2FSao_Paulo\" target=\"_blank\" rel=\"noopener\">Hor\u00e1rios<\/a><\/p>\n<p><strong>Pr\u00e9dio 21<\/strong><\/p>\n<p>Sala 05 &#8211; Sala de aula com capacidade para 60 alunos &#8211;\u00a0<a href=\"https:\/\/www.google.com\/calendar\/embed?src=dgl8vj9u839c2pnpi65egr7bn4%40group.calendar.google.com&amp;ctz=America\/Sao_Paulo\" target=\"_blank\" rel=\"noopener\">Hor\u00e1rios<\/a><\/p>\n<p>Sala 05b (Multim\u00eddia) &#8211; Sala de aula com capacidade para 50 alunos &#8211;\u00a0<a href=\"https:\/\/www.google.com\/calendar\/embed?src=oruv8dbddlvtqh3jknl0nb7hn0%40group.calendar.google.com&amp;ctz=America\/Sao_Paulo\" target=\"_blank\" rel=\"noopener\">Hor\u00e1rios<\/a><\/p>\n<p><strong>Pr\u00e9dio 22<\/strong><\/p>\n<p>Sala 06 &#8211; Sala de aula com capacidade para 60 alunos &#8211;\u00a0<a href=\"https:\/\/www.google.com\/calendar\/embed?src=fhkooeuf099pmirroim76bcdps%40group.calendar.google.com&amp;ctz=America\/Sao_Paulo\" target=\"_blank\" rel=\"noopener\">Hor\u00e1rios<\/a><\/p>\n<p><strong>Pr\u00e9dio 23<\/strong><\/p>\n<p>Sala 08 &#8211; Sala de aula com capacidade para 30 alunos &#8211;\u00a0<a href=\"https:\/\/calendar.google.com\/calendar\/embed?src=agendadezgib%40gmail.com&amp;ctz=America%2FSao_Paulo\" target=\"_blank\" rel=\"noopener\">Hor\u00e1rios<\/a><\/p>\n<p><strong>Pr\u00e9dio 24<\/strong><\/p>\n<p>Sala 05 &#8211; Sala de aula com capacidade para 50 alunos &#8211;\u00a0<a href=\"https:\/\/www.google.com\/calendar\/embed?src=ss6paum903q5fgfut62kjlk3dk%40group.calendar.google.com&amp;ctz=America\/Sao_Paulo\" target=\"_blank\" rel=\"noopener\">Hor\u00e1rios<\/a><\/p>\n<p><strong>Pr\u00e9dio 25<\/strong><\/p>\n<p>Sala 09 &#8211; Sala de aula com capacidade para 60 alunos &#8211;\u00a0<a href=\"https:\/\/www.google.com\/calendar\/embed?src=b5sfj9at6s4opojn0rvik6238s%40group.calendar.google.com&amp;ctz=America\/Sao_Paulo\" target=\"_blank\" rel=\"noopener\">Hor\u00e1rios<\/a><\/p>\n<p>Sala 10 &#8211; Sala de aula com capacidade para 60 alunos &#8211;\u00a0<a href=\"https:\/\/www.google.com\/calendar\/embed?src=c4iuj0rb4cue9ac01cobggf5kc%40group.calendar.google.com&amp;ctz=America\/Sao_Paulo\" target=\"_blank\" rel=\"noopener\">Hor\u00e1rios<\/a><\/p>\n<p><strong>Pr\u00e9dio 26<\/strong><\/p>\n<p>Sala 01 &#8211; Sala de aula com capacidade para 50 alunos &#8211;\u00a0<a href=\"https:\/\/www.google.com\/calendar\/embed?src=h95clujt4n67j0cbktkovaekm4%40group.calendar.google.com&amp;ctz=America\/Sao_Paulo\" target=\"_blank\" rel=\"noopener\">Hor\u00e1rios<\/a><\/p>\n<p>&nbsp;<\/p>\n<p><em><strong>Campus Sa\u00fade (Fragada)<\/strong><\/em><\/p>\n<p>Sala 01 &#8211; Sala de aula com capacidade para 75\u00a0alunos &#8211; <a href=\"https:\/\/calendar.google.com\/calendar\/embed?src=4jpmuisl13r0d8b0dtjin90nl0%40group.calendar.google.com&amp;ctz=America\/Sao_Paulo\" target=\"_blank\" rel=\"noopener\">Hor\u00e1rios<\/a><\/p>\n<p>Sala 02\u00a0&#8211; Sala de aula com capacidade para 60 alunos &#8211; <a href=\"https:\/\/calendar.google.com\/calendar\/embed?src=5fq333rlrn7rfs150p3gjlc4ak%40group.calendar.google.com&amp;ctz=America\/Sao_Paulo\" target=\"_blank\" rel=\"noopener\">Hor\u00e1rios<\/a><\/p>\n<p>Sala 03\u00a0&#8211; Sala de aula com capacidade para 70 alunos &#8211; <a href=\"https:\/\/calendar.google.com\/calendar\/embed?src=3jvfvhstbbgddtqcrcbii1vkf0%40group.calendar.google.com&amp;ctz=America\/Sao_Paulo\" target=\"_blank\" rel=\"noopener\">Hor\u00e1rios<\/a><\/p>\n","protected":false},"excerpt":{"rendered":"<p>Campus Cap\u00e3o do Le\u00e3o Pr\u00e9dio 17 Sala 02 &#8211; Sala de aula com capacidade para 50 alunos &#8211;\u00a0Hor\u00e1rios Sala 03 &#8211; Sala de aula com capacidade para 50 alunos &#8211;\u00a0Hor\u00e1rios Pr\u00e9dio 20 Laborat\u00f3rio de Aula Pr\u00e1tica do DEZG &#8211; Sala de aula com capacidade para 25 alunos &#8211;\u00a0Hor\u00e1rios Pr\u00e9dio 21 Sala 05 &#8211; Sala de [&hellip;]<\/p>\n","protected":false},"author":488,"featured_media":0,"parent":0,"menu_order":0,"comment_status":"closed","ping_status":"closed","template":"","meta":{"jetpack_post_was_ever_published":false,"footnotes":""},"class_list":["post-456","page","type-page","status-publish","hentry"],"jetpack_sharing_enabled":true,"jetpack_shortlink":"https:\/\/wp.me\/P6S2gY-7m","_links":{"self":[{"href":"https:\/\/wp.ufpel.edu.br\/ib\/wp-json\/wp\/v2\/pages\/456","targetHints":{"allow":["GET"]}}],"collection":[{"href":"https:\/\/wp.ufpel.edu.br\/ib\/wp-json\/wp\/v2\/pages"}],"about":[{"href":"https:\/\/wp.ufpel.edu.br\/ib\/wp-json\/wp\/v2\/types\/page"}],"author":[{"embeddable":true,"href":"https:\/\/wp.ufpel.edu.br\/ib\/wp-json\/wp\/v2\/users\/488"}],"replies":[{"embeddable":true,"href":"https:\/\/wp.ufpel.edu.br\/ib\/wp-json\/wp\/v2\/comments?post=456"}],"version-history":[{"count":30,"href":"https:\/\/wp.ufpel.edu.br\/ib\/wp-json\/wp\/v2\/pages\/456\/revisions"}],"predecessor-version":[{"id":1145,"href":"https:\/\/wp.ufpel.edu.br\/ib\/wp-json\/wp\/v2\/pages\/456\/revisions\/1145"}],"wp:attachment":[{"href":"https:\/\/wp.ufpel.edu.br\/ib\/wp-json\/wp\/v2\/media?parent=456"}],"curies":[{"name":"wp","href":"https:\/\/api.w.org\/{rel}","templated":true}]}}