{"id":4558,"date":"2023-10-05T14:43:16","date_gmt":"2023-10-05T17:43:16","guid":{"rendered":"https:\/\/wp.ufpel.edu.br\/ib\/?page_id=4558"},"modified":"2026-04-02T14:54:10","modified_gmt":"2026-04-02T17:54:10","slug":"laboratorio-de-diversidade-genetica-e-evolucao-diverge-2","status":"publish","type":"page","link":"https:\/\/wp.ufpel.edu.br\/ib\/laboratorios-didaticos\/laboratorio-de-diversidade-genetica-e-evolucao-diverge-2\/","title":{"rendered":"Laborat\u00f3rio de Diversidade Gen\u00e9tica e Evolu\u00e7\u00e3o (DIVERGE)"},"content":{"rendered":"<p><a href=\"https:\/\/wp.ufpel.edu.br\/nulab\/files\/2016\/11\/P1010461.jpg\" target=\"_blank\" rel=\"noopener noreferrer\"><img class=\"alignnone wp-image-3330 size-thumbnail\" src=\"https:\/\/wp.ufpel.edu.br\/nulab\/files\/2016\/11\/P1010461-212x159.jpg\" sizes=\"(max-width: 200px) 100vw, 200px\" srcset=\"https:\/\/wp.ufpel.edu.br\/nulab\/files\/2016\/11\/P1010461-212x159.jpg 212w, https:\/\/wp.ufpel.edu.br\/nulab\/files\/2016\/11\/P1010461-424x318.jpg 424w, https:\/\/wp.ufpel.edu.br\/nulab\/files\/2016\/11\/P1010461-768x576.jpg 768w\" alt=\"p1010461\" width=\"200\" height=\"150\" \/><\/a>\u00a0<a href=\"https:\/\/wp.ufpel.edu.br\/nulab\/files\/2016\/11\/P1010464.jpg\" target=\"_blank\" rel=\"noopener noreferrer\"><img class=\"alignnone wp-image-3331 size-thumbnail\" src=\"https:\/\/wp.ufpel.edu.br\/nulab\/files\/2016\/11\/P1010464-212x159.jpg\" sizes=\"(max-width: 200px) 100vw, 200px\" srcset=\"https:\/\/wp.ufpel.edu.br\/nulab\/files\/2016\/11\/P1010464-212x159.jpg 212w, https:\/\/wp.ufpel.edu.br\/nulab\/files\/2016\/11\/P1010464-424x318.jpg 424w, https:\/\/wp.ufpel.edu.br\/nulab\/files\/2016\/11\/P1010464-768x576.jpg 768w\" alt=\"p1010464\" width=\"200\" height=\"150\" \/><\/a><\/p>\n<p><strong>Unidade:<\/strong>\u00a0Instituto de Biologia (IB)<br \/>\n<strong>Curso:<\/strong>\u00a0Ci\u00eancias Biol\u00f3gicas (Licenciatura e Bacharelado), PPG em Biologia Animal, PPG em Entomologia, e outros PPGs da UFPel e de outras institui\u00e7\u00f5es.<br \/>\n<strong>Website:<\/strong>\u00a0wp.ufpel.edu.br\/diverge\/<br \/>\n<strong>C\u00f3digo NULAB:<\/strong>\u00a090514<\/p>\n<p><strong>Descri\u00e7\u00e3o<br \/>\n<\/strong><\/p>\n<p>No laborat\u00f3rio s\u00e3o realizadas principalmente atividades de pesquisa desenvolvida por alunos de gradua\u00e7\u00e3o e p\u00f3s gradua\u00e7\u00e3o, abrangendo projetos de trabalho de conclus\u00e3o de curso, inicia\u00e7\u00e3o cient\u00edfica, mestrado e doutorado. Os projetos envolvem quest\u00f5es relacionadas ao estudo da diversidade gen\u00e9tica, ecol\u00f3gica e evolu\u00e7\u00e3o de esp\u00e9cies animais do Neotr\u00f3pico.<\/p>\n<p>Al\u00e9m da pesquisa, no laborat\u00f3rio s\u00e3o desenvolvidas atividades de ensino relacionadas \u00e0 monitoria e preparo de aulas pr\u00e1ticas das disciplinas atendidas pelo Departamento de Ecologia, Zoologia e Gen\u00e9tica do Instituto de Biologia; assim como preparo de atividades relacionadas a projetos de extens\u00e3o.<\/p>\n<p><strong>Localiza\u00e7\u00e3o<\/strong><br \/>\n<strong>Campus:<\/strong>\u00a0Cap\u00e3o do Le\u00e3o<br \/>\n<strong>Pr\u00e9dio\/Bloco:<\/strong>\u00a023<br \/>\n<strong>Sala:<\/strong>\u00a020<\/p>\n<p><strong>Contato<\/strong><br \/>\n<strong>Nome:<\/strong>\u00a0Profa. Juliana Cordeiro\u00a0 |\u00a0 Prof. F\u00e1bio Ricardo Pablos de Souza<br \/>\n<strong>E-mail<\/strong>:\u00a0<a href=\"mailto:juliana.cordeiro@ufpel.edu.br\">juliana.cordeiro@ufpel.edu.br<\/a>\u00a0 |\u00a0\u00a0<a href=\"mailto:fabiopablos@hotmail.com\">fabiopablos@hotmail.com<\/a><\/p>\n<p><strong>Equipamentos<br \/>\n<\/strong><\/p>\n<ul>\n<li>autoclave<\/li>\n<li>banho maria<\/li>\n<li>capela com fluxo<\/li>\n<li>destilador<\/li>\n<li>estereomicrosc\u00f3pio<\/li>\n<li>estufa bacteriol\u00f3gica<\/li>\n<li>estufa de esteriliza\u00e7\u00e3o<\/li>\n<li>fonte de eletroforese + cubas<\/li>\n<li>freezer<\/li>\n<li>geladeira<\/li>\n<li>microcentrifuga<\/li>\n<li>microondas<\/li>\n<li>termociclador<\/li>\n<li>transiluminador<\/li>\n<li>v\u00f3rtex<\/li>\n<\/ul>\n<div class=\"limpa\"><a href=\"https:\/\/docs.ufpel.edu.br\/index.php\/s\/Pfzqw0zGHUpEO7j\" target=\"_blank\" rel=\"noopener\"><strong>REGIMENTO 2020 &#8211;\u00a0<\/strong><\/a><\/div>\n<div><\/div>\n<div id=\"sign\">Publicado\u00a0<span class=\"single_pub_data\">em\u00a0<a href=\"https:\/\/wp.ufpel.edu.br\/nulab\/2016\/11\/16\/\">16\/11\/2016<\/a><\/span><span class=\"single_pub_categorias\">, nas categorias\u00a0<a title=\"Ver todos os posts em IB\" href=\"https:\/\/wp.ufpel.edu.br\/nulab\/category\/laboratorios\/ib\/\">IB<\/a>,\u00a0<a title=\"Ver todos os posts em Laborat\u00f3rios\" href=\"https:\/\/wp.ufpel.edu.br\/nulab\/category\/laboratorios\/\">Laborat\u00f3rios<\/a>,\u00a0<a title=\"Ver todos os posts em PRONTOS\" href=\"https:\/\/wp.ufpel.edu.br\/nulab\/category\/prontos\/\">PRONTOS<\/a>.<\/span><br \/>\n<span class=\"single_pub_tags\">Marcado com as tags\u00a0<a title=\"Ver todos os posts com a tag Agitador\" href=\"https:\/\/wp.ufpel.edu.br\/nulab\/tag\/agitador\/\">Agitador<\/a>,\u00a0<a title=\"Ver todos os posts com a tag Autoclave\" href=\"https:\/\/wp.ufpel.edu.br\/nulab\/tag\/autoclave\/\">Autoclave<\/a>,\u00a0<a title=\"Ver todos os posts com a tag Balan\u00e7a\" href=\"https:\/\/wp.ufpel.edu.br\/nulab\/tag\/balanca\/\">Balan\u00e7a<\/a>,\u00a0<a title=\"Ver todos os posts com a tag Banho Maria\" href=\"https:\/\/wp.ufpel.edu.br\/nulab\/tag\/banho-maria\/\">Banho Maria<\/a>,\u00a0<a title=\"Ver todos os posts com a tag Centrifuga\" href=\"https:\/\/wp.ufpel.edu.br\/nulab\/tag\/centrifuga\/\">Centrifuga<\/a>,\u00a0<a title=\"Ver todos os posts com a tag Ci\u00eancias Biol\u00f3gicas\" href=\"https:\/\/wp.ufpel.edu.br\/nulab\/tag\/ciencias-biologicas\/\">Ci\u00eancias Biol\u00f3gicas<\/a>,\u00a0<a title=\"Ver todos os posts com a tag Destilador\" href=\"https:\/\/wp.ufpel.edu.br\/nulab\/tag\/destilador\/\">Destilador<\/a>,\u00a0<a title=\"Ver todos os posts com a tag DIVERGE\" href=\"https:\/\/wp.ufpel.edu.br\/nulab\/tag\/diverge\/\">DIVERGE<\/a>,\u00a0<a title=\"Ver todos os posts com a tag Diversidade Gen\u00e9tica e Evolu\u00e7\u00e3o\" href=\"https:\/\/wp.ufpel.edu.br\/nulab\/tag\/diversidade-genetica-e-evolucao\/\">Diversidade Gen\u00e9tica e Evolu\u00e7\u00e3o<\/a>,\u00a0<a title=\"Ver todos os posts com a tag Estufa Bacteriol\u00f3gica Transiluminador\" href=\"https:\/\/wp.ufpel.edu.br\/nulab\/tag\/estufa-bacteriologica-transiluminador\/\">Estufa Bacteriol\u00f3gica Transiluminador<\/a>,\u00a0<a title=\"Ver todos os posts com a tag Estufas de Esteriliza\u00e7\u00e3o\" href=\"https:\/\/wp.ufpel.edu.br\/nulab\/tag\/estufas-de-esterilizacao\/\">Estufas de Esteriliza\u00e7\u00e3o<\/a>,\u00a0<a title=\"Ver todos os posts com a tag Fonte e Cubas de Eletroforese\" href=\"https:\/\/wp.ufpel.edu.br\/nulab\/tag\/fonte-e-cubas-de-eletroforese\/\">Fonte e Cubas de Eletroforese<\/a>,\u00a0<a title=\"Ver todos os posts com a tag IB\" href=\"https:\/\/wp.ufpel.edu.br\/nulab\/tag\/ib\/\">IB<\/a>,\u00a0<a title=\"Ver todos os posts com a tag Instituto de Biologia\" href=\"https:\/\/wp.ufpel.edu.br\/nulab\/tag\/instituto-de-biologia\/\">Instituto de Biologia<\/a>,\u00a0<a title=\"Ver todos os posts com a tag Termociclador\" href=\"https:\/\/wp.ufpel.edu.br\/nulab\/tag\/termociclador\/\">Termociclador<\/a>.<\/span><\/div>\n<div>\n<p><a href=\"https:\/\/docs.ufpel.edu.br\/index.php\/s\/JbQQs5qQVsZojy8\" target=\"_blank\" rel=\"noopener\">Plano gerencial de res\u00edduos 2026\u00a0<\/a><\/p>\n<p>&nbsp;<\/p>\n<\/div>\n","protected":false},"excerpt":{"rendered":"<p>\u00a0 Unidade:\u00a0Instituto de Biologia (IB) Curso:\u00a0Ci\u00eancias Biol\u00f3gicas (Licenciatura e Bacharelado), PPG em Biologia Animal, PPG em Entomologia, e outros PPGs da UFPel e de outras institui\u00e7\u00f5es. Website:\u00a0wp.ufpel.edu.br\/diverge\/ C\u00f3digo NULAB:\u00a090514 Descri\u00e7\u00e3o No laborat\u00f3rio s\u00e3o realizadas principalmente atividades de pesquisa desenvolvida por alunos de gradua\u00e7\u00e3o e p\u00f3s gradua\u00e7\u00e3o, abrangendo projetos de trabalho de conclus\u00e3o de curso, inicia\u00e7\u00e3o [&hellip;]<\/p>\n","protected":false},"author":488,"featured_media":0,"parent":516,"menu_order":0,"comment_status":"closed","ping_status":"closed","template":"","meta":{"jetpack_post_was_ever_published":false,"footnotes":""},"class_list":["post-4558","page","type-page","status-publish","hentry"],"jetpack_sharing_enabled":true,"jetpack_shortlink":"https:\/\/wp.me\/P6S2gY-1bw","_links":{"self":[{"href":"https:\/\/wp.ufpel.edu.br\/ib\/wp-json\/wp\/v2\/pages\/4558","targetHints":{"allow":["GET"]}}],"collection":[{"href":"https:\/\/wp.ufpel.edu.br\/ib\/wp-json\/wp\/v2\/pages"}],"about":[{"href":"https:\/\/wp.ufpel.edu.br\/ib\/wp-json\/wp\/v2\/types\/page"}],"author":[{"embeddable":true,"href":"https:\/\/wp.ufpel.edu.br\/ib\/wp-json\/wp\/v2\/users\/488"}],"replies":[{"embeddable":true,"href":"https:\/\/wp.ufpel.edu.br\/ib\/wp-json\/wp\/v2\/comments?post=4558"}],"version-history":[{"count":3,"href":"https:\/\/wp.ufpel.edu.br\/ib\/wp-json\/wp\/v2\/pages\/4558\/revisions"}],"predecessor-version":[{"id":6055,"href":"https:\/\/wp.ufpel.edu.br\/ib\/wp-json\/wp\/v2\/pages\/4558\/revisions\/6055"}],"up":[{"embeddable":true,"href":"https:\/\/wp.ufpel.edu.br\/ib\/wp-json\/wp\/v2\/pages\/516"}],"wp:attachment":[{"href":"https:\/\/wp.ufpel.edu.br\/ib\/wp-json\/wp\/v2\/media?parent=4558"}],"curies":[{"name":"wp","href":"https:\/\/api.w.org\/{rel}","templated":true}]}}