{"id":442,"date":"2015-08-15T23:28:03","date_gmt":"2015-08-16T02:28:03","guid":{"rendered":"https:\/\/wp.ufpel.edu.br\/ib\/?page_id=442"},"modified":"2016-02-16T09:24:58","modified_gmt":"2016-02-16T11:24:58","slug":"wanderley-bandeira-de-araujo","status":"publish","type":"page","link":"https:\/\/wp.ufpel.edu.br\/ib\/wanderley-bandeira-de-araujo\/","title":{"rendered":"Wanderley Bandeira de Ara\u00fajo"},"content":{"rendered":"<p><strong>Wanderley Bandeira de Ara\u00fajo-<\/strong>\u00a0T\u00e9cnico de Laborat\u00f3rio<\/p>\n<p><strong>Pr\u00e9dio:<\/strong>\u00a024 (Campus Cap\u00e3o do Le\u00e3o)<\/p>\n<p><strong>Sala:<\/strong>\u00a001<\/p>\n<p><strong>Telefone:<\/strong><strong>\u00a0<\/strong>(53)\u00a03275-7339<\/p>\n<p><strong>E-mail:<\/strong><strong>\u00a0<\/strong>wandecobrasil@gmail.com<\/p>\n<p><a href=\"https:\/\/wp.ufpel.edu.br\/ib\/wanderley-bandeira-de-araujo\/\"><strong>Lattes<\/strong><\/a><\/p>\n<p>&nbsp;<\/p>\n<p><strong>Fun\u00e7\u00e3o que desempenha:<\/strong><br \/>\n&#8211;\u00a0\u00a0Toda parte de anatomia animal. Desde formaliza\u00e7\u00f5es de cad\u00e1ver, prepara\u00e7\u00f5es de pe\u00e7as anat\u00f4micas, limpeza e montagem de esqueletos. Preparo confec\u00e7\u00e3o de pe\u00e7as para estudos anat\u00f4micos.<\/p>\n<p>&nbsp;<\/p>\n","protected":false},"excerpt":{"rendered":"<p>Wanderley Bandeira de Ara\u00fajo-\u00a0T\u00e9cnico de Laborat\u00f3rio Pr\u00e9dio:\u00a024 (Campus Cap\u00e3o do Le\u00e3o) Sala:\u00a001 Telefone:\u00a0(53)\u00a03275-7339 E-mail:\u00a0wandecobrasil@gmail.com Lattes &nbsp; Fun\u00e7\u00e3o que desempenha: &#8211;\u00a0\u00a0Toda parte de anatomia animal. Desde formaliza\u00e7\u00f5es de cad\u00e1ver, prepara\u00e7\u00f5es de pe\u00e7as anat\u00f4micas, limpeza e montagem de esqueletos. Preparo confec\u00e7\u00e3o de pe\u00e7as para estudos anat\u00f4micos. &nbsp;<\/p>\n","protected":false},"author":488,"featured_media":0,"parent":0,"menu_order":0,"comment_status":"closed","ping_status":"closed","template":"","meta":{"jetpack_post_was_ever_published":false,"footnotes":""},"class_list":["post-442","page","type-page","status-publish","hentry"],"jetpack_sharing_enabled":true,"jetpack_shortlink":"https:\/\/wp.me\/P6S2gY-78","_links":{"self":[{"href":"https:\/\/wp.ufpel.edu.br\/ib\/wp-json\/wp\/v2\/pages\/442","targetHints":{"allow":["GET"]}}],"collection":[{"href":"https:\/\/wp.ufpel.edu.br\/ib\/wp-json\/wp\/v2\/pages"}],"about":[{"href":"https:\/\/wp.ufpel.edu.br\/ib\/wp-json\/wp\/v2\/types\/page"}],"author":[{"embeddable":true,"href":"https:\/\/wp.ufpel.edu.br\/ib\/wp-json\/wp\/v2\/users\/488"}],"replies":[{"embeddable":true,"href":"https:\/\/wp.ufpel.edu.br\/ib\/wp-json\/wp\/v2\/comments?post=442"}],"version-history":[{"count":3,"href":"https:\/\/wp.ufpel.edu.br\/ib\/wp-json\/wp\/v2\/pages\/442\/revisions"}],"predecessor-version":[{"id":883,"href":"https:\/\/wp.ufpel.edu.br\/ib\/wp-json\/wp\/v2\/pages\/442\/revisions\/883"}],"wp:attachment":[{"href":"https:\/\/wp.ufpel.edu.br\/ib\/wp-json\/wp\/v2\/media?parent=442"}],"curies":[{"name":"wp","href":"https:\/\/api.w.org\/{rel}","templated":true}]}}