{"id":366,"date":"2015-08-15T23:04:23","date_gmt":"2015-08-16T02:04:23","guid":{"rendered":"https:\/\/wp.ufpel.edu.br\/ib\/?page_id=366"},"modified":"2016-02-07T01:54:52","modified_gmt":"2016-02-07T03:54:52","slug":"vera-lucia-bobrowski","status":"publish","type":"page","link":"https:\/\/wp.ufpel.edu.br\/ib\/vera-lucia-bobrowski\/","title":{"rendered":"Vera L\u00facia Bobrowski"},"content":{"rendered":"<p><strong>\u00a0Vera L\u00facia Bobrowski &#8211;<\/strong>\u00a0Professor\u00a0Associado<\/p>\n<p><strong>Pr\u00e9dio:<\/strong>\u00a023 (<em>Campus<\/em> Cap\u00e3o do Le\u00e3o)<\/p>\n<p><strong>Sala:\u00a0<\/strong>Identifica\u00e7\u00e3o na porta<\/p>\n<p><strong>Telefone:<\/strong><strong>\u00a0<\/strong>(53)\u00a0\u00a03275-7340<\/p>\n<p><strong>E-mail:<\/strong>\u00a0vera.bobrowski@gmail.com<\/p>\n<p><a href=\"http:\/\/lattes.cnpq.br\/9555221124800026\"><strong>Lattes<\/strong><\/a><\/p>\n<p>&nbsp;<\/p>\n<p><strong>Disciplinas:<\/strong><\/p>\n<p><em>Gradua\u00e7\u00e3o<\/em><\/p>\n<p>&#8211; Gen\u00e9tica Geral<\/p>\n<p>&#8211; Gen\u00e9tica de popula\u00e7\u00f5es<\/p>\n<p>&#8211; Evolu\u00e7\u00e3o<\/p>\n<p>&#8211; Trabalho de Conclus\u00e3o de Curso II<\/p>\n<p>&#8211; Gen\u00e9tica Agronomia<\/p>\n<p>&#8211; Mutag\u00eaneses<\/p>\n<p>&#8211; Gen\u00e9tica Vegetal<\/p>\n<p><em>P\u00f3s-gradua\u00e7\u00e3o<\/em><\/p>\n<p>&#8211; Princ\u00edpios e Aplica\u00e7\u00f5es da\u00a0Eletroforese<\/p>\n<p>&nbsp;<\/p>\n<p><strong>Linhas de pesquisa:<\/strong><\/p>\n<p>&#8211; Indu\u00e7\u00e3o e avalia\u00e7\u00e3o de altera\u00e7\u00f5es gen\u00e9ticas em plantas;<\/p>\n<p>&#8211; An\u00e1lise de genotoxicidade de procutos naturais<\/p>\n<p>&#8211; Forma\u00e7\u00e3o continuada de professores com \u00eanfase no ensino de Ci\u00eancias e Biologia<\/p>\n<p>&nbsp;<\/p>\n","protected":false},"excerpt":{"rendered":"<p>\u00a0Vera L\u00facia Bobrowski &#8211;\u00a0Professor\u00a0Associado Pr\u00e9dio:\u00a023 (Campus Cap\u00e3o do Le\u00e3o) Sala:\u00a0Identifica\u00e7\u00e3o na porta Telefone:\u00a0(53)\u00a0\u00a03275-7340 E-mail:\u00a0vera.bobrowski@gmail.com Lattes &nbsp; Disciplinas: Gradua\u00e7\u00e3o &#8211; Gen\u00e9tica Geral &#8211; Gen\u00e9tica de popula\u00e7\u00f5es &#8211; Evolu\u00e7\u00e3o &#8211; Trabalho de Conclus\u00e3o de Curso II &#8211; Gen\u00e9tica Agronomia &#8211; Mutag\u00eaneses &#8211; Gen\u00e9tica Vegetal P\u00f3s-gradua\u00e7\u00e3o &#8211; Princ\u00edpios e Aplica\u00e7\u00f5es da\u00a0Eletroforese &nbsp; Linhas de pesquisa: &#8211; Indu\u00e7\u00e3o e [&hellip;]<\/p>\n","protected":false},"author":488,"featured_media":0,"parent":0,"menu_order":0,"comment_status":"closed","ping_status":"closed","template":"","meta":{"jetpack_post_was_ever_published":false,"footnotes":""},"class_list":["post-366","page","type-page","status-publish","hentry"],"jetpack_sharing_enabled":true,"jetpack_shortlink":"https:\/\/wp.me\/P6S2gY-5U","_links":{"self":[{"href":"https:\/\/wp.ufpel.edu.br\/ib\/wp-json\/wp\/v2\/pages\/366","targetHints":{"allow":["GET"]}}],"collection":[{"href":"https:\/\/wp.ufpel.edu.br\/ib\/wp-json\/wp\/v2\/pages"}],"about":[{"href":"https:\/\/wp.ufpel.edu.br\/ib\/wp-json\/wp\/v2\/types\/page"}],"author":[{"embeddable":true,"href":"https:\/\/wp.ufpel.edu.br\/ib\/wp-json\/wp\/v2\/users\/488"}],"replies":[{"embeddable":true,"href":"https:\/\/wp.ufpel.edu.br\/ib\/wp-json\/wp\/v2\/comments?post=366"}],"version-history":[{"count":4,"href":"https:\/\/wp.ufpel.edu.br\/ib\/wp-json\/wp\/v2\/pages\/366\/revisions"}],"predecessor-version":[{"id":821,"href":"https:\/\/wp.ufpel.edu.br\/ib\/wp-json\/wp\/v2\/pages\/366\/revisions\/821"}],"wp:attachment":[{"href":"https:\/\/wp.ufpel.edu.br\/ib\/wp-json\/wp\/v2\/media?parent=366"}],"curies":[{"name":"wp","href":"https:\/\/api.w.org\/{rel}","templated":true}]}}