{"id":3599,"date":"2022-06-30T15:08:56","date_gmt":"2022-06-30T18:08:56","guid":{"rendered":"https:\/\/wp.ufpel.edu.br\/ib\/?page_id=3599"},"modified":"2022-06-30T16:00:37","modified_gmt":"2022-06-30T19:00:37","slug":"logomarca-do-ib-vetorizada","status":"publish","type":"page","link":"https:\/\/wp.ufpel.edu.br\/ib\/historico\/logomarca-do-ib-vetorizada\/","title":{"rendered":"Logomarca do IB vetorizada"},"content":{"rendered":"<p style=\"text-align: center;\"><a href=\"https:\/\/wp.ufpel.edu.br\/ib\/files\/2022\/06\/Instituto-de-Biologia-vetorizado.png\"><img class=\"alignnone size-medium wp-image-3598\" src=\"https:\/\/wp.ufpel.edu.br\/ib\/files\/2022\/06\/Instituto-de-Biologia-vetorizado-388x400.png\" alt=\"\" width=\"388\" height=\"400\" srcset=\"https:\/\/wp.ufpel.edu.br\/ib\/files\/2022\/06\/Instituto-de-Biologia-vetorizado-388x400.png 388w, https:\/\/wp.ufpel.edu.br\/ib\/files\/2022\/06\/Instituto-de-Biologia-vetorizado-993x1024.png 993w, https:\/\/wp.ufpel.edu.br\/ib\/files\/2022\/06\/Instituto-de-Biologia-vetorizado-768x792.png 768w, https:\/\/wp.ufpel.edu.br\/ib\/files\/2022\/06\/Instituto-de-Biologia-vetorizado-1490x1536.png 1490w, https:\/\/wp.ufpel.edu.br\/ib\/files\/2022\/06\/Instituto-de-Biologia-vetorizado-1986x2048.png 1986w\" sizes=\"(max-width: 388px) 100vw, 388px\" \/><\/a><\/p>\n<p>Logomarca vetorizada feita pelo acad\u00eamico Jo\u00e3o Augusto Castor.<\/p>\n<p><strong>Logos sem vetoriza\u00e7\u00e3o<\/strong><\/p>\n<p style=\"text-align: center;\"><a href=\"https:\/\/wp.ufpel.edu.br\/ib\/files\/2015\/05\/IB_logo.png\"><img class=\"alignnone size-medium wp-image-90\" src=\"https:\/\/wp.ufpel.edu.br\/ib\/files\/2015\/05\/IB_logo-307x318.png\" alt=\"\" width=\"307\" height=\"318\" srcset=\"https:\/\/wp.ufpel.edu.br\/ib\/files\/2015\/05\/IB_logo-307x318.png 307w, https:\/\/wp.ufpel.edu.br\/ib\/files\/2015\/05\/IB_logo-154x159.png 154w, https:\/\/wp.ufpel.edu.br\/ib\/files\/2015\/05\/IB_logo.png 350w\" sizes=\"(max-width: 307px) 100vw, 307px\" \/><\/a><\/p>\n<p style=\"text-align: center;\"><a href=\"https:\/\/wp.ufpel.edu.br\/ib\/files\/2015\/05\/cropped-IB_logo_menor1.jpg\"><img class=\"alignnone size-medium wp-image-476\" src=\"https:\/\/wp.ufpel.edu.br\/ib\/files\/2015\/05\/cropped-IB_logo_menor1-318x318.jpg\" alt=\"\" width=\"318\" height=\"318\" srcset=\"https:\/\/wp.ufpel.edu.br\/ib\/files\/2015\/05\/cropped-IB_logo_menor1-318x318.jpg 318w, https:\/\/wp.ufpel.edu.br\/ib\/files\/2015\/05\/cropped-IB_logo_menor1-159x159.jpg 159w, https:\/\/wp.ufpel.edu.br\/ib\/files\/2015\/05\/cropped-IB_logo_menor1-50x50.jpg 50w, https:\/\/wp.ufpel.edu.br\/ib\/files\/2015\/05\/cropped-IB_logo_menor1-270x270.jpg 270w, https:\/\/wp.ufpel.edu.br\/ib\/files\/2015\/05\/cropped-IB_logo_menor1-192x192.jpg 192w, https:\/\/wp.ufpel.edu.br\/ib\/files\/2015\/05\/cropped-IB_logo_menor1-180x180.jpg 180w, https:\/\/wp.ufpel.edu.br\/ib\/files\/2015\/05\/cropped-IB_logo_menor1-32x32.jpg 32w, https:\/\/wp.ufpel.edu.br\/ib\/files\/2015\/05\/cropped-IB_logo_menor1.jpg 512w\" sizes=\"(max-width: 318px) 100vw, 318px\" \/><\/a><\/p>\n<p style=\"text-align: center;\"><a href=\"https:\/\/wp.ufpel.edu.br\/ib\/files\/2015\/05\/cropped-IB_logo_menor1.jpg\"><img class=\"alignnone size-medium wp-image-476\" src=\"https:\/\/wp.ufpel.edu.br\/ib\/files\/2015\/05\/cropped-IB_logo_menor1-318x318.jpg\" alt=\"\" width=\"318\" height=\"318\" srcset=\"https:\/\/wp.ufpel.edu.br\/ib\/files\/2015\/05\/cropped-IB_logo_menor1-318x318.jpg 318w, https:\/\/wp.ufpel.edu.br\/ib\/files\/2015\/05\/cropped-IB_logo_menor1-159x159.jpg 159w, https:\/\/wp.ufpel.edu.br\/ib\/files\/2015\/05\/cropped-IB_logo_menor1-50x50.jpg 50w, https:\/\/wp.ufpel.edu.br\/ib\/files\/2015\/05\/cropped-IB_logo_menor1-270x270.jpg 270w, https:\/\/wp.ufpel.edu.br\/ib\/files\/2015\/05\/cropped-IB_logo_menor1-192x192.jpg 192w, https:\/\/wp.ufpel.edu.br\/ib\/files\/2015\/05\/cropped-IB_logo_menor1-180x180.jpg 180w, https:\/\/wp.ufpel.edu.br\/ib\/files\/2015\/05\/cropped-IB_logo_menor1-32x32.jpg 32w, https:\/\/wp.ufpel.edu.br\/ib\/files\/2015\/05\/cropped-IB_logo_menor1.jpg 512w\" sizes=\"(max-width: 318px) 100vw, 318px\" \/><\/a><\/p>\n<p style=\"text-align: center;\"><a href=\"https:\/\/wp.ufpel.edu.br\/ib\/files\/2015\/05\/IB_logo.png\"><img class=\"alignnone size-medium wp-image-90\" src=\"https:\/\/wp.ufpel.edu.br\/ib\/files\/2015\/05\/IB_logo-307x318.png\" alt=\"\" width=\"307\" height=\"318\" srcset=\"https:\/\/wp.ufpel.edu.br\/ib\/files\/2015\/05\/IB_logo-307x318.png 307w, https:\/\/wp.ufpel.edu.br\/ib\/files\/2015\/05\/IB_logo-154x159.png 154w, https:\/\/wp.ufpel.edu.br\/ib\/files\/2015\/05\/IB_logo.png 350w\" sizes=\"(max-width: 307px) 100vw, 307px\" \/><\/a><\/p>\n","protected":false},"excerpt":{"rendered":"<p>Logomarca vetorizada feita pelo acad\u00eamico Jo\u00e3o Augusto Castor. Logos sem vetoriza\u00e7\u00e3o<\/p>\n","protected":false},"author":488,"featured_media":0,"parent":5,"menu_order":0,"comment_status":"closed","ping_status":"closed","template":"","meta":{"jetpack_post_was_ever_published":false,"footnotes":""},"class_list":["post-3599","page","type-page","status-publish","hentry"],"jetpack_sharing_enabled":true,"jetpack_shortlink":"https:\/\/wp.me\/P6S2gY-W3","_links":{"self":[{"href":"https:\/\/wp.ufpel.edu.br\/ib\/wp-json\/wp\/v2\/pages\/3599","targetHints":{"allow":["GET"]}}],"collection":[{"href":"https:\/\/wp.ufpel.edu.br\/ib\/wp-json\/wp\/v2\/pages"}],"about":[{"href":"https:\/\/wp.ufpel.edu.br\/ib\/wp-json\/wp\/v2\/types\/page"}],"author":[{"embeddable":true,"href":"https:\/\/wp.ufpel.edu.br\/ib\/wp-json\/wp\/v2\/users\/488"}],"replies":[{"embeddable":true,"href":"https:\/\/wp.ufpel.edu.br\/ib\/wp-json\/wp\/v2\/comments?post=3599"}],"version-history":[{"count":4,"href":"https:\/\/wp.ufpel.edu.br\/ib\/wp-json\/wp\/v2\/pages\/3599\/revisions"}],"predecessor-version":[{"id":3610,"href":"https:\/\/wp.ufpel.edu.br\/ib\/wp-json\/wp\/v2\/pages\/3599\/revisions\/3610"}],"up":[{"embeddable":true,"href":"https:\/\/wp.ufpel.edu.br\/ib\/wp-json\/wp\/v2\/pages\/5"}],"wp:attachment":[{"href":"https:\/\/wp.ufpel.edu.br\/ib\/wp-json\/wp\/v2\/media?parent=3599"}],"curies":[{"name":"wp","href":"https:\/\/api.w.org\/{rel}","templated":true}]}}