{"id":344,"date":"2015-08-15T22:53:55","date_gmt":"2015-08-16T01:53:55","guid":{"rendered":"https:\/\/wp.ufpel.edu.br\/ib\/?page_id=344"},"modified":"2016-02-07T02:23:00","modified_gmt":"2016-02-07T04:23:00","slug":"ricardo-berteaux-robaldo","status":"publish","type":"page","link":"https:\/\/wp.ufpel.edu.br\/ib\/ricardo-berteaux-robaldo\/","title":{"rendered":"Ricardo Berteaux Robaldo"},"content":{"rendered":"<p><strong>Ricardo Berteaux Robaldo\u00a0&#8211;<\/strong>\u00a0Professor\u00a0Adjunto<\/p>\n<p><strong>Pr\u00e9dio:<\/strong>\u00a017 (<em>Campus<\/em> Cap\u00e3o do Le\u00e3o)<\/p>\n<p><strong>Sala:\u00a0<\/strong>Identifica\u00e7\u00e3o na porta<\/p>\n<p><strong>Telefone:<\/strong><strong>\u00a0<\/strong>(53)\u00a03275-7586<\/p>\n<p><strong>E-mail:<\/strong><strong>\u00a0<\/strong>ricardorobaldoufpel@gmail.com<\/p>\n<p><a href=\"http:\/\/lattes.cnpq.br\/6359004654161204\"><strong>Lattes<\/strong><\/a><\/p>\n<p>&nbsp;<\/p>\n<p><strong>Disciplinas:<\/strong><\/p>\n<p><em>Gradua\u00e7\u00e3o<\/em><\/p>\n<p>&#8211; Fisiologia I<\/p>\n<p>&#8211; Fisiologia II<\/p>\n<p>&#8211; Fisiologia Animal Comparada I \u2013\u00a0Curso de Ci\u00eancias Biol\u00f3gicas<\/p>\n<p>&#8211; Fisiologia Animal Comparada II \u2013\u00a0Curso de Ci\u00eancias Biol\u00f3gicas<\/p>\n<p>&#8211; T\u00e9cnicas de coleta de hospedeiros,biopsia e necropsia em Ictioparasitologia<\/p>\n<p>&#8211; Fisiologia dos Animais Dom\u00e9sticos I<\/p>\n<p>&#8211; Fisiologia dos Animais Dom\u00e9sticos II<\/p>\n<p>\u2013 Psicofisiologia<\/p>\n<p><em>P\u00f3s-Gradua\u00e7\u00e3o<\/em><\/p>\n<p>&#8211; Fisiologia Aplicada a\u00a0Aquicultura &#8211;\u00a0 Disciplina PPG Aquicultura (FURG)<\/p>\n<p>&nbsp;<\/p>\n<p><strong>Linhas de pesquisa:<\/strong><\/p>\n<p>&#8211; Fisiologia Aplicada a Aquicultura<\/p>\n","protected":false},"excerpt":{"rendered":"<p>Ricardo Berteaux Robaldo\u00a0&#8211;\u00a0Professor\u00a0Adjunto Pr\u00e9dio:\u00a017 (Campus Cap\u00e3o do Le\u00e3o) Sala:\u00a0Identifica\u00e7\u00e3o na porta Telefone:\u00a0(53)\u00a03275-7586 E-mail:\u00a0ricardorobaldoufpel@gmail.com Lattes &nbsp; Disciplinas: Gradua\u00e7\u00e3o &#8211; Fisiologia I &#8211; Fisiologia II &#8211; Fisiologia Animal Comparada I \u2013\u00a0Curso de Ci\u00eancias Biol\u00f3gicas &#8211; Fisiologia Animal Comparada II \u2013\u00a0Curso de Ci\u00eancias Biol\u00f3gicas &#8211; T\u00e9cnicas de coleta de hospedeiros,biopsia e necropsia em Ictioparasitologia &#8211; Fisiologia dos Animais [&hellip;]<\/p>\n","protected":false},"author":488,"featured_media":0,"parent":0,"menu_order":0,"comment_status":"closed","ping_status":"closed","template":"","meta":{"jetpack_post_was_ever_published":false,"footnotes":""},"class_list":["post-344","page","type-page","status-publish","hentry"],"jetpack_sharing_enabled":true,"jetpack_shortlink":"https:\/\/wp.me\/P6S2gY-5y","_links":{"self":[{"href":"https:\/\/wp.ufpel.edu.br\/ib\/wp-json\/wp\/v2\/pages\/344","targetHints":{"allow":["GET"]}}],"collection":[{"href":"https:\/\/wp.ufpel.edu.br\/ib\/wp-json\/wp\/v2\/pages"}],"about":[{"href":"https:\/\/wp.ufpel.edu.br\/ib\/wp-json\/wp\/v2\/types\/page"}],"author":[{"embeddable":true,"href":"https:\/\/wp.ufpel.edu.br\/ib\/wp-json\/wp\/v2\/users\/488"}],"replies":[{"embeddable":true,"href":"https:\/\/wp.ufpel.edu.br\/ib\/wp-json\/wp\/v2\/comments?post=344"}],"version-history":[{"count":11,"href":"https:\/\/wp.ufpel.edu.br\/ib\/wp-json\/wp\/v2\/pages\/344\/revisions"}],"predecessor-version":[{"id":833,"href":"https:\/\/wp.ufpel.edu.br\/ib\/wp-json\/wp\/v2\/pages\/344\/revisions\/833"}],"wp:attachment":[{"href":"https:\/\/wp.ufpel.edu.br\/ib\/wp-json\/wp\/v2\/media?parent=344"}],"curies":[{"name":"wp","href":"https:\/\/api.w.org\/{rel}","templated":true}]}}