{"id":342,"date":"2015-08-15T22:53:43","date_gmt":"2015-08-16T01:53:43","guid":{"rendered":"https:\/\/wp.ufpel.edu.br\/ib\/?page_id=342"},"modified":"2019-02-11T09:05:50","modified_gmt":"2019-02-11T11:05:50","slug":"renato-azevedo-de-azevedo","status":"publish","type":"page","link":"https:\/\/wp.ufpel.edu.br\/ib\/renato-azevedo-de-azevedo\/","title":{"rendered":"Renato Azevedo de Azevedo"},"content":{"rendered":"<p><strong>\u00a0Renato Azevedo de Azevedo\u00a0&#8211;<\/strong> Professor\u00a0Adjunto<\/p>\n<p><strong>Pr\u00e9dio:\u00a0<\/strong>Departamento de Morfologia,\u00a0<em>Campus\u00a0<\/em>da Faculdade de Medicina<\/p>\n<p><strong>Sala:<\/strong>\u00a0Identifica\u00e7\u00e3o na porta<\/p>\n<p><strong>Telefone:<\/strong><strong>\u00a0<\/strong><\/p>\n<p><strong>E-mail<\/strong>:\u00a0<strong> <a href=\"mailto:aziaufpel@gmail.com\">aziaufpel@gmail.com<\/a><\/strong><\/p>\n<p><a href=\"http:\/\/lattes.cnpq.br\/0616440649871640\" target=\"_blank\" rel=\"noopener\"><strong>Lattes<\/strong><\/a><\/p>\n<p>&nbsp;<\/p>\n<p><strong>Disciplinas:<\/strong><\/p>\n<p><em>Gradua\u00e7\u00e3o<\/em><\/p>\n<p>&#8211; Anatomia Geral &#8211; Curso de Dan\u00e7a<\/p>\n<p>&#8211; Anatomia Geral &#8211; Curso de Odontologia<\/p>\n<p>&#8211; Morfologia B\u00e1sica &#8211; Curso de Ci\u00eancias Biol\u00f3gicas<\/p>\n<p>&#8211; Anatomia Geral &#8211; Curso de Nutri\u00e7\u00e3o<\/p>\n<p>&#8211; Anatomia da Cabe\u00e7a e Pesco\u00e7o &#8211; Curso de Odontologia<\/p>\n<p>&nbsp;<\/p>\n<p><strong>Linhas de pesquisa:<\/strong><\/p>\n<p>&#8211; \u00c1rea de Dent\u00edstica (escultura dental)<\/p>\n","protected":false},"excerpt":{"rendered":"<p>\u00a0Renato Azevedo de Azevedo\u00a0&#8211; Professor\u00a0Adjunto Pr\u00e9dio:\u00a0Departamento de Morfologia,\u00a0Campus\u00a0da Faculdade de Medicina Sala:\u00a0Identifica\u00e7\u00e3o na porta Telefone:\u00a0 E-mail:\u00a0 aziaufpel@gmail.com Lattes &nbsp; Disciplinas: Gradua\u00e7\u00e3o &#8211; Anatomia Geral &#8211; Curso de Dan\u00e7a &#8211; Anatomia Geral &#8211; Curso de Odontologia &#8211; Morfologia B\u00e1sica &#8211; Curso de Ci\u00eancias Biol\u00f3gicas &#8211; Anatomia Geral &#8211; Curso de Nutri\u00e7\u00e3o &#8211; Anatomia da Cabe\u00e7a e [&hellip;]<\/p>\n","protected":false},"author":488,"featured_media":0,"parent":0,"menu_order":0,"comment_status":"closed","ping_status":"closed","template":"","meta":{"jetpack_post_was_ever_published":false,"footnotes":""},"class_list":["post-342","page","type-page","status-publish","hentry"],"jetpack_sharing_enabled":true,"jetpack_shortlink":"https:\/\/wp.me\/P6S2gY-5w","_links":{"self":[{"href":"https:\/\/wp.ufpel.edu.br\/ib\/wp-json\/wp\/v2\/pages\/342","targetHints":{"allow":["GET"]}}],"collection":[{"href":"https:\/\/wp.ufpel.edu.br\/ib\/wp-json\/wp\/v2\/pages"}],"about":[{"href":"https:\/\/wp.ufpel.edu.br\/ib\/wp-json\/wp\/v2\/types\/page"}],"author":[{"embeddable":true,"href":"https:\/\/wp.ufpel.edu.br\/ib\/wp-json\/wp\/v2\/users\/488"}],"replies":[{"embeddable":true,"href":"https:\/\/wp.ufpel.edu.br\/ib\/wp-json\/wp\/v2\/comments?post=342"}],"version-history":[{"count":5,"href":"https:\/\/wp.ufpel.edu.br\/ib\/wp-json\/wp\/v2\/pages\/342\/revisions"}],"predecessor-version":[{"id":1221,"href":"https:\/\/wp.ufpel.edu.br\/ib\/wp-json\/wp\/v2\/pages\/342\/revisions\/1221"}],"wp:attachment":[{"href":"https:\/\/wp.ufpel.edu.br\/ib\/wp-json\/wp\/v2\/media?parent=342"}],"curies":[{"name":"wp","href":"https:\/\/api.w.org\/{rel}","templated":true}]}}