{"id":340,"date":"2015-08-15T22:53:32","date_gmt":"2015-08-16T01:53:32","guid":{"rendered":"https:\/\/wp.ufpel.edu.br\/ib\/?page_id=340"},"modified":"2016-02-07T01:59:19","modified_gmt":"2016-02-07T03:59:19","slug":"raquel-ludtke","status":"publish","type":"page","link":"https:\/\/wp.ufpel.edu.br\/ib\/raquel-ludtke\/","title":{"rendered":"Raquel L\u00fcdtke"},"content":{"rendered":"<p><strong>\u00a0Raquel L\u00fcdtke &#8211;<\/strong>\u00a0Professor Adjunto<\/p>\n<p><strong>Pr\u00e9dio:<\/strong>\u00a022 (Campus Cap\u00e3o do Le\u00e3o)<\/p>\n<p><strong>Sala:\u00a0<\/strong>Identifica\u00e7\u00e3o na porta<\/p>\n<p><strong>Telefone:<\/strong><strong>\u00a0<\/strong>(53)\u00a03275-7342<\/p>\n<p><strong>E-mail:<\/strong><strong>\u00a0<\/strong>raquelludtke28@gmail.com<\/p>\n<p><a href=\"http:\/\/buscatextual.cnpq.br\/buscatextual\/visualizacv.do?id=K4778454J1\" target=\"_blank\"><strong>Lattes<\/strong><\/a><\/p>\n<p>&nbsp;<\/p>\n<p><strong>Disciplinas:<\/strong><\/p>\n<p><em>Gradua\u00e7\u00e3o<\/em><\/p>\n<p>&#8211; Morfologia e Sistem\u00e1tica Vegetal &#8211; Curso de Agronomia<\/p>\n<p>&#8211; Biologia Floral e Dispers\u00e3o em Angiospermas<\/p>\n<p>&#8211; Morfologia e Sistem\u00e1tica de Faner\u00f3gamas<\/p>\n<p>&#8211; Morfologia de Faner\u00f3gramas &#8211; Curso de Ci\u00eancias Biol\u00f3gicas<\/p>\n<p>&#8211; Sistem\u00e1tica de Faner\u00f3gamas &#8211; Curso de Ci\u00eancias Biol\u00f3gicas<\/p>\n<p>&nbsp;<\/p>\n<p><strong>Linhas de pesquisa:<\/strong><\/p>\n<p>&#8211; Taxonomia\u00a0de Faner\u00f3gamas<\/p>\n<p>&#8211; Flor\u00edstica de vegeta\u00e7\u00e3o campestre<\/p>\n<p>&#8211; Flor\u00edstica de macr\u00f3fitas aqu\u00e1ticas<\/p>\n","protected":false},"excerpt":{"rendered":"<p>\u00a0Raquel L\u00fcdtke &#8211;\u00a0Professor Adjunto Pr\u00e9dio:\u00a022 (Campus Cap\u00e3o do Le\u00e3o) Sala:\u00a0Identifica\u00e7\u00e3o na porta Telefone:\u00a0(53)\u00a03275-7342 E-mail:\u00a0raquelludtke28@gmail.com Lattes &nbsp; Disciplinas: Gradua\u00e7\u00e3o &#8211; Morfologia e Sistem\u00e1tica Vegetal &#8211; Curso de Agronomia &#8211; Biologia Floral e Dispers\u00e3o em Angiospermas &#8211; Morfologia e Sistem\u00e1tica de Faner\u00f3gamas &#8211; Morfologia de Faner\u00f3gramas &#8211; Curso de Ci\u00eancias Biol\u00f3gicas &#8211; Sistem\u00e1tica de Faner\u00f3gamas &#8211; Curso [&hellip;]<\/p>\n","protected":false},"author":488,"featured_media":0,"parent":0,"menu_order":0,"comment_status":"closed","ping_status":"closed","template":"","meta":{"jetpack_post_was_ever_published":false,"footnotes":""},"class_list":["post-340","page","type-page","status-publish","hentry"],"jetpack_sharing_enabled":true,"jetpack_shortlink":"https:\/\/wp.me\/P6S2gY-5u","_links":{"self":[{"href":"https:\/\/wp.ufpel.edu.br\/ib\/wp-json\/wp\/v2\/pages\/340","targetHints":{"allow":["GET"]}}],"collection":[{"href":"https:\/\/wp.ufpel.edu.br\/ib\/wp-json\/wp\/v2\/pages"}],"about":[{"href":"https:\/\/wp.ufpel.edu.br\/ib\/wp-json\/wp\/v2\/types\/page"}],"author":[{"embeddable":true,"href":"https:\/\/wp.ufpel.edu.br\/ib\/wp-json\/wp\/v2\/users\/488"}],"replies":[{"embeddable":true,"href":"https:\/\/wp.ufpel.edu.br\/ib\/wp-json\/wp\/v2\/comments?post=340"}],"version-history":[{"count":7,"href":"https:\/\/wp.ufpel.edu.br\/ib\/wp-json\/wp\/v2\/pages\/340\/revisions"}],"predecessor-version":[{"id":824,"href":"https:\/\/wp.ufpel.edu.br\/ib\/wp-json\/wp\/v2\/pages\/340\/revisions\/824"}],"wp:attachment":[{"href":"https:\/\/wp.ufpel.edu.br\/ib\/wp-json\/wp\/v2\/media?parent=340"}],"curies":[{"name":"wp","href":"https:\/\/api.w.org\/{rel}","templated":true}]}}